{"id":13218,"date":"2015-06-20T16:11:19","date_gmt":"2015-06-20T15:11:19","guid":{"rendered":"https:\/\/www.sundaybrush.com\/het-verhaal\/"},"modified":"2022-11-27T15:10:17","modified_gmt":"2022-11-27T14:10:17","slug":"uber-uns","status":"publish","type":"page","link":"https:\/\/www.sundaybrush.com\/de\/uber-uns\/","title":{"rendered":"\u00dcber uns"},"content":{"rendered":"<section class=\"l-section wpb_row height_medium\"><div class=\"l-section-h i-cf\"><div class=\"g-cols vc_row type_default valign_top\"><div class=\"vc_col-sm-8 wpb_column vc_column_container\"><div class=\"vc_column-inner\"><div class=\"wpb_wrapper\">[vc_custom_heading text=&#8221;\u00dcber uns&#8221; font_container=&#8221;tag:h1|text_align:left&#8221; use_theme_fonts=&#8221;yes&#8221; css=&#8221;%7B%22default%22%3A%7B%22color%22%3A%22_header_top_text_hover%22%7D%7D&#8221;]<div class=\"wpb_text_column\" ><div class=\"wpb_wrapper\"><h3>Die Geschichte hinter Sunday Brush<\/h3>\n<p>Nicole und ihr Mann sind in ihrem Leben immer schon viel gereist und haben viele besondere Orte auf der Welt besucht. Sie haben gemeinsam in den Niederlanden, der Schweiz, S\u00fcdafrika, Sambia, den USA, Singapur und Malaysia gearbeitet. Im Jahr 2010 aber wurde im Gesicht ihres Mannes Hautkrebs diagnostiziert. Ab diesem Zeitpunkt waren sie w\u00e4hrend ihrer Reisen und Outdoor-Aktivit\u00e4ten sehr vorsichtig\u00a0mit der Sonnenexposition.<\/p>\n<p>Weil es so wichtig war, sich vor der Strahlung der Sonne zu sch\u00fctzen, haben sie verschiedene Marken und verschiedene Produkte ausprobiert. Alle Sonnenschutzprodukte hatten jedoch die gleichen Nachteile. Alle Produkte, die er ausprobierte, waren fettig und klebrig, gaben ihm Probleme wie Akne und reizten seine empfindliche Haut. Auch das Waschen der H\u00e4nde nach dem Auftragen, war oft eine Herausforderung, da sie irgendwo unterwegs waren.<\/p>\n<h3>Sonnenschutz in Puderform<\/h3>\n<p>Nicole entschlo\u00df sich das perfekte Produkt zu finden und entdeckte nach langer Suche einen Sonnenschutz in Pulverform. Nach einer genauen Untersuchung der Inhaltsstoffe und der M\u00f6glichkeiten entschied sich Nicole zusammen mit einem renommierten Hersteller, ihr eigenes nat\u00fcrliches Sonnenschutzpulver zu entwickeln.<br \/>\nDas Ergebnis ist Sunday Brush,\u00a0ein 100% nat\u00fcrliches Sonnenschutzmittel\u00a0auf der Basis von Mineralpuder.<\/p>\n<h3>F\u00fcr empfindliche Haut geeignet<\/h3>\n<p>Sunday Brush hat einen\u00a0hohen Lichtschutzfaktor\u00a0von\u00a0LSF 50\u00a0und beugt somit auch die Hautalterung vor. Alle Produkte sind, gem\u00e4\u00df der EU-Kosmetikverordnungen,\u00a0dermatologisch gepr\u00fcft; sie sind\u00a0sehr wasserbest\u00e4ndig\u00a0und beim Testen wurden keinerlei Reaktionen mit der Haut gefunden. Sunday Brush ist daher auch f\u00fcr\u00a0sehr empfindliche und leicht reizbare Haut\u00a0geeignet.<\/p>\n<p>Ein wunderbarer Nebeneffekt ist, dass es sehr leicht anwendbar ist und dar\u00fcber hinaus\u00a0die Haut sch\u00f6n gl\u00e4ttet.<\/p>\n<\/div><\/div><\/div><\/div><\/div><div class=\"vc_col-sm-4 wpb_column vc_column_container\"><div class=\"vc_column-inner\"><div class=\"wpb_wrapper\"><div class=\"w-separator size_medium\"><\/div><div class=\"w-image align_center\"><div class=\"w-image-h\"><img loading=\"lazy\" decoding=\"async\" width=\"600\" height=\"600\" src=\"https:\/\/www.sundaybrush.com\/wp-content\/uploads\/2019\/03\/Sunday-Brush-founders.jpg\" class=\"attachment-full size-full\" alt=\"Sunday-Brush-founders\" srcset=\"https:\/\/www.sundaybrush.com\/wp-content\/uploads\/2019\/03\/Sunday-Brush-founders.jpg 600w, https:\/\/www.sundaybrush.com\/wp-content\/uploads\/2019\/03\/Sunday-Brush-founders-300x300.jpg 300w, https:\/\/www.sundaybrush.com\/wp-content\/uploads\/2019\/03\/Sunday-Brush-founders-550x550.jpg 550w, https:\/\/www.sundaybrush.com\/wp-content\/uploads\/2019\/03\/Sunday-Brush-founders-150x150.jpg 150w\" sizes=\"auto, (max-width: 600px) 100vw, 600px\" \/><\/div><\/div><\/div><\/div><\/div><\/div><\/div><\/section>\n","protected":false},"excerpt":{"rendered":"[vc_custom_heading text=\"\u00dcber uns\" font_container=\"tag:h1|text_align:left\" use_theme_fonts=\"yes\" css=\"%7B%22default%22%3A%7B%22color%22%3A%22_header_top_text_hover%22%7D%7D\"]Die Geschichte hinter Sunday Brush Nicole und ihr Mann sind in ihrem Leben immer schon viel gereist und haben viele besondere Orte auf der Welt besucht. Sie haben gemeinsam in den Niederlanden, der Schweiz, S\u00fcdafrika, Sambia, den USA, Singapur und Malaysia gearbeitet. Im Jahr 2010 aber wurde im Gesicht ihres...","protected":false},"author":1,"featured_media":0,"parent":0,"menu_order":0,"comment_status":"closed","ping_status":"closed","template":"","meta":{"_acf_changed":false,"footnotes":""},"class_list":["post-13218","page","type-page","status-publish","hentry"],"acf":[],"yoast_head":"<!-- This site is optimized with the Yoast SEO Premium plugin v27.3 (Yoast SEO v27.4) - https:\/\/yoast.com\/product\/yoast-seo-premium-wordpress\/ -->\n<title>\u00dcber uns | Aus der Not heraus entwickelt<\/title>\n<meta name=\"description\" content=\"Sunday Brush wurde aus der Not heraus f\u00fcr ein gutes und einfaches Sonnenschutzprodukt entwickelt, der f\u00fcr sehr empfindliche Haut geeignet ist.\" \/>\n<meta name=\"robots\" content=\"index, follow, max-snippet:-1, max-image-preview:large, max-video-preview:-1\" \/>\n<link rel=\"canonical\" href=\"https:\/\/www.sundaybrush.com\/de\/uber-uns\/\" \/>\n<meta property=\"og:locale\" content=\"de_DE\" \/>\n<meta property=\"og:type\" content=\"article\" \/>\n<meta property=\"og:title\" content=\"\u00dcber uns\" \/>\n<meta property=\"og:description\" content=\"Sunday Brush wurde aus der Not heraus f\u00fcr ein gutes und einfaches Sonnenschutzprodukt entwickelt, der f\u00fcr sehr empfindliche Haut geeignet ist.\" \/>\n<meta property=\"og:url\" content=\"https:\/\/www.sundaybrush.com\/de\/uber-uns\/\" \/>\n<meta property=\"og:site_name\" content=\"Sunday Brush\" \/>\n<meta property=\"article:modified_time\" content=\"2022-11-27T14:10:17+00:00\" \/>\n<meta property=\"og:image\" content=\"https:\/\/www.sundaybrush.com\/wp-content\/uploads\/2025\/06\/Sunday-Brush-European-Natural-Beauty-Award.png\" \/>\n\t<meta property=\"og:image:width\" content=\"1024\" \/>\n\t<meta property=\"og:image:height\" content=\"1024\" \/>\n\t<meta property=\"og:image:type\" content=\"image\/png\" \/>\n<meta name=\"twitter:card\" content=\"summary_large_image\" \/>\n<meta name=\"twitter:label1\" content=\"Gesch\u00e4tzte Lesezeit\" \/>\n\t<meta name=\"twitter:data1\" content=\"2\u00a0Minuten\" \/>\n<script type=\"application\/ld+json\" class=\"yoast-schema-graph\">{\"@context\":\"https:\\\/\\\/schema.org\",\"@graph\":[{\"@type\":\"WebPage\",\"@id\":\"https:\\\/\\\/www.sundaybrush.com\\\/de\\\/uber-uns\\\/\",\"url\":\"https:\\\/\\\/www.sundaybrush.com\\\/de\\\/uber-uns\\\/\",\"name\":\"\u00dcber uns | Aus der Not heraus entwickelt\",\"isPartOf\":{\"@id\":\"https:\\\/\\\/www.sundaybrush.com\\\/de\\\/#website\"},\"datePublished\":\"2015-06-20T15:11:19+00:00\",\"dateModified\":\"2022-11-27T14:10:17+00:00\",\"description\":\"Sunday Brush wurde aus der Not heraus f\u00fcr ein gutes und einfaches Sonnenschutzprodukt entwickelt, der f\u00fcr sehr empfindliche Haut geeignet ist.\",\"breadcrumb\":{\"@id\":\"https:\\\/\\\/www.sundaybrush.com\\\/de\\\/uber-uns\\\/#breadcrumb\"},\"inLanguage\":\"de\",\"potentialAction\":[{\"@type\":\"ReadAction\",\"target\":[\"https:\\\/\\\/www.sundaybrush.com\\\/de\\\/uber-uns\\\/\"]}]},{\"@type\":\"BreadcrumbList\",\"@id\":\"https:\\\/\\\/www.sundaybrush.com\\\/de\\\/uber-uns\\\/#breadcrumb\",\"itemListElement\":[{\"@type\":\"ListItem\",\"position\":1,\"name\":\"Home\",\"item\":\"https:\\\/\\\/www.sundaybrush.com\\\/de\\\/\"},{\"@type\":\"ListItem\",\"position\":2,\"name\":\"\u00dcber uns\"}]},{\"@type\":\"WebSite\",\"@id\":\"https:\\\/\\\/www.sundaybrush.com\\\/de\\\/#website\",\"url\":\"https:\\\/\\\/www.sundaybrush.com\\\/de\\\/\",\"name\":\"Sunday Brush\",\"description\":\"Ihr t\u00e4glischer UV schutz\",\"publisher\":{\"@id\":\"https:\\\/\\\/www.sundaybrush.com\\\/de\\\/#organization\"},\"potentialAction\":[{\"@type\":\"SearchAction\",\"target\":{\"@type\":\"EntryPoint\",\"urlTemplate\":\"https:\\\/\\\/www.sundaybrush.com\\\/de\\\/?s={search_term_string}\"},\"query-input\":{\"@type\":\"PropertyValueSpecification\",\"valueRequired\":true,\"valueName\":\"search_term_string\"}}],\"inLanguage\":\"de\"},{\"@type\":\"Organization\",\"@id\":\"https:\\\/\\\/www.sundaybrush.com\\\/de\\\/#organization\",\"name\":\"Sunday Brush\",\"alternateName\":\"Sundaybrush\",\"url\":\"https:\\\/\\\/www.sundaybrush.com\\\/de\\\/\",\"logo\":{\"@type\":\"ImageObject\",\"inLanguage\":\"de\",\"@id\":\"https:\\\/\\\/www.sundaybrush.com\\\/de\\\/#\\\/schema\\\/logo\\\/image\\\/\",\"url\":\"https:\\\/\\\/www.sundaybrush.com\\\/wp-content\\\/uploads\\\/2021\\\/02\\\/Logo-Sunday-Brush-transparant.png\",\"contentUrl\":\"https:\\\/\\\/www.sundaybrush.com\\\/wp-content\\\/uploads\\\/2021\\\/02\\\/Logo-Sunday-Brush-transparant.png\",\"width\":1709,\"height\":227,\"caption\":\"Sunday Brush\"},\"image\":{\"@id\":\"https:\\\/\\\/www.sundaybrush.com\\\/de\\\/#\\\/schema\\\/logo\\\/image\\\/\"},\"sameAs\":[\"https:\\\/\\\/www.instagram.com\\\/sundaybrush\\\/\",\"https:\\\/\\\/www.linkedin.com\\\/company\\\/sunday-brush\",\"https:\\\/\\\/www.youtube.com\\\/channel\\\/UCidSRkO6tDIgl3SU60b9coQ\"],\"description\":\"Sunday Brush is a registered trademark of Nxt Cosmetics BV.\",\"email\":\"info@sundaybrush.com\",\"telephone\":\"003185-0043121\",\"legalName\":\"Nxt Cosmetics BV\",\"numberOfEmployees\":{\"@type\":\"QuantitativeValue\",\"minValue\":\"1\",\"maxValue\":\"10\"}}]}<\/script>\n<!-- \/ Yoast SEO Premium plugin. -->","yoast_head_json":{"title":"\u00dcber uns | Aus der Not heraus entwickelt","description":"Sunday Brush wurde aus der Not heraus f\u00fcr ein gutes und einfaches Sonnenschutzprodukt entwickelt, der f\u00fcr sehr empfindliche Haut geeignet ist.","robots":{"index":"index","follow":"follow","max-snippet":"max-snippet:-1","max-image-preview":"max-image-preview:large","max-video-preview":"max-video-preview:-1"},"canonical":"https:\/\/www.sundaybrush.com\/de\/uber-uns\/","og_locale":"de_DE","og_type":"article","og_title":"\u00dcber uns","og_description":"Sunday Brush wurde aus der Not heraus f\u00fcr ein gutes und einfaches Sonnenschutzprodukt entwickelt, der f\u00fcr sehr empfindliche Haut geeignet ist.","og_url":"https:\/\/www.sundaybrush.com\/de\/uber-uns\/","og_site_name":"Sunday Brush","article_modified_time":"2022-11-27T14:10:17+00:00","og_image":[{"width":1024,"height":1024,"url":"https:\/\/www.sundaybrush.com\/wp-content\/uploads\/2025\/06\/Sunday-Brush-European-Natural-Beauty-Award.png","type":"image\/png"}],"twitter_card":"summary_large_image","twitter_misc":{"Gesch\u00e4tzte Lesezeit":"2\u00a0Minuten"},"schema":{"@context":"https:\/\/schema.org","@graph":[{"@type":"WebPage","@id":"https:\/\/www.sundaybrush.com\/de\/uber-uns\/","url":"https:\/\/www.sundaybrush.com\/de\/uber-uns\/","name":"\u00dcber uns | Aus der Not heraus entwickelt","isPartOf":{"@id":"https:\/\/www.sundaybrush.com\/de\/#website"},"datePublished":"2015-06-20T15:11:19+00:00","dateModified":"2022-11-27T14:10:17+00:00","description":"Sunday Brush wurde aus der Not heraus f\u00fcr ein gutes und einfaches Sonnenschutzprodukt entwickelt, der f\u00fcr sehr empfindliche Haut geeignet ist.","breadcrumb":{"@id":"https:\/\/www.sundaybrush.com\/de\/uber-uns\/#breadcrumb"},"inLanguage":"de","potentialAction":[{"@type":"ReadAction","target":["https:\/\/www.sundaybrush.com\/de\/uber-uns\/"]}]},{"@type":"BreadcrumbList","@id":"https:\/\/www.sundaybrush.com\/de\/uber-uns\/#breadcrumb","itemListElement":[{"@type":"ListItem","position":1,"name":"Home","item":"https:\/\/www.sundaybrush.com\/de\/"},{"@type":"ListItem","position":2,"name":"\u00dcber uns"}]},{"@type":"WebSite","@id":"https:\/\/www.sundaybrush.com\/de\/#website","url":"https:\/\/www.sundaybrush.com\/de\/","name":"Sunday Brush","description":"Ihr t\u00e4glischer UV schutz","publisher":{"@id":"https:\/\/www.sundaybrush.com\/de\/#organization"},"potentialAction":[{"@type":"SearchAction","target":{"@type":"EntryPoint","urlTemplate":"https:\/\/www.sundaybrush.com\/de\/?s={search_term_string}"},"query-input":{"@type":"PropertyValueSpecification","valueRequired":true,"valueName":"search_term_string"}}],"inLanguage":"de"},{"@type":"Organization","@id":"https:\/\/www.sundaybrush.com\/de\/#organization","name":"Sunday Brush","alternateName":"Sundaybrush","url":"https:\/\/www.sundaybrush.com\/de\/","logo":{"@type":"ImageObject","inLanguage":"de","@id":"https:\/\/www.sundaybrush.com\/de\/#\/schema\/logo\/image\/","url":"https:\/\/www.sundaybrush.com\/wp-content\/uploads\/2021\/02\/Logo-Sunday-Brush-transparant.png","contentUrl":"https:\/\/www.sundaybrush.com\/wp-content\/uploads\/2021\/02\/Logo-Sunday-Brush-transparant.png","width":1709,"height":227,"caption":"Sunday Brush"},"image":{"@id":"https:\/\/www.sundaybrush.com\/de\/#\/schema\/logo\/image\/"},"sameAs":["https:\/\/www.instagram.com\/sundaybrush\/","https:\/\/www.linkedin.com\/company\/sunday-brush","https:\/\/www.youtube.com\/channel\/UCidSRkO6tDIgl3SU60b9coQ"],"description":"Sunday Brush is a registered trademark of Nxt Cosmetics BV.","email":"info@sundaybrush.com","telephone":"003185-0043121","legalName":"Nxt Cosmetics BV","numberOfEmployees":{"@type":"QuantitativeValue","minValue":"1","maxValue":"10"}}]}},"_links":{"self":[{"href":"https:\/\/www.sundaybrush.com\/de\/wp-json\/wp\/v2\/pages\/13218","targetHints":{"allow":["GET"]}}],"collection":[{"href":"https:\/\/www.sundaybrush.com\/de\/wp-json\/wp\/v2\/pages"}],"about":[{"href":"https:\/\/www.sundaybrush.com\/de\/wp-json\/wp\/v2\/types\/page"}],"author":[{"embeddable":true,"href":"https:\/\/www.sundaybrush.com\/de\/wp-json\/wp\/v2\/users\/1"}],"replies":[{"embeddable":true,"href":"https:\/\/www.sundaybrush.com\/de\/wp-json\/wp\/v2\/comments?post=13218"}],"version-history":[{"count":1,"href":"https:\/\/www.sundaybrush.com\/de\/wp-json\/wp\/v2\/pages\/13218\/revisions"}],"predecessor-version":[{"id":37045,"href":"https:\/\/www.sundaybrush.com\/de\/wp-json\/wp\/v2\/pages\/13218\/revisions\/37045"}],"wp:attachment":[{"href":"https:\/\/www.sundaybrush.com\/de\/wp-json\/wp\/v2\/media?parent=13218"}],"curies":[{"name":"wp","href":"https:\/\/api.w.org\/{rel}","templated":true}]}}