{"id":13229,"date":"2018-07-09T20:35:54","date_gmt":"2018-07-09T19:35:54","guid":{"rendered":"https:\/\/www.sundaybrush.com\/zonbescherming\/"},"modified":"2022-12-29T10:10:31","modified_gmt":"2022-12-29T09:10:31","slug":"sonnenschutz","status":"publish","type":"page","link":"https:\/\/www.sundaybrush.com\/de\/sonnenschutz\/","title":{"rendered":"Sonnenschutz"},"content":{"rendered":"<section class=\"l-section wpb_row us_custom_11eb6f7a height_medium\"><div class=\"l-section-h i-cf\"><div class=\"g-cols vc_row type_default valign_top\"><div class=\"vc_col-sm-2 wpb_column vc_column_container\"><div class=\"vc_column-inner\"><div class=\"wpb_wrapper\"><\/div><\/div><\/div><div class=\"vc_col-sm-8 wpb_column vc_column_container\"><div class=\"vc_column-inner\"><div class=\"wpb_wrapper\">[vc_custom_heading text=&#8221;Sonnenschutz&#8221; font_container=&#8221;tag:h1|text_align:left&#8221; google_fonts=&#8221;font_family:Open%20Sans%3A300%2C300italic%2Cregular%2Citalic%2C600%2C600italic%2C700%2C700italic%2C800%2C800italic|font_style:400%20regular%3A400%3Anormal&#8221; css=&#8221;%7B%22default%22%3A%7B%22color%22%3A%22_header_top_text_hover%22%7D%7D&#8221;]<div class=\"wpb_text_column us_custom_72bbfe5a\" ><div class=\"wpb_wrapper\"><p>Sonnenschutz wird im t\u00e4glichen Leben immer wichtiger. Die Zahl der Hautkrebsf\u00e4lle ist erschreckend hoch. Jedes Jahr kommen weitere Hautkrebsf\u00e4lle hinzu, und die Zahl steigt weiter an. Dies macht Hautkrebs zu der am schnellsten zunehmenden Krebsart in den Niederlanden.<\/p>\n<p>In der Praxis scheint es, da\u00df Menschen sich im Alltag nicht mit einem Sonnenschutzmittel einreiben, au\u00dfer wenn sie an den Strand gehen oder sich direkt in die Sonne legen. Sonnenschutzmittel werden bei allt\u00e4glichen Outdoor-Aktivit\u00e4ten so gut wie nie verwendet. Viele Leute m\u00f6gen keine Creme auf dem Gesicht, weil sich das zu klebrig oder fettig anf\u00fchlt.<\/p>\n<h2><span style=\"color: #236192;\">T\u00e4glicher UV-Schutz ist wichtig<\/span><\/h2>\n<p>Der t\u00e4gliche Schutz des Gesichts gegen Sonnenbrand ist, bei Aktivit\u00e4ten drau\u00dfen, immer wichtig. Hautsch\u00e4den treten nicht nur an einem sonnigen Tag am Strand auf, sondern sie k\u00f6nnen auch bei den t\u00e4glichen Aktivit\u00e4ten au\u00dferhalb oder rund ums Haus auftreten.<\/p>\n<p>Aber warum ist es so wichtig, sich jeden Tag vor der Sonne zu sch\u00fctzen, auch wenn die Sonne nicht scheint?<\/p>\n<p>Lesen Sie in den folgenden Artikeln unter anderem Antworten auf die oben gestellte Frage, warum es so wichtig ist, sich im Alltag vor der Sonne zu sch\u00fctzen.<\/p>\n<\/div><\/div><\/div><\/div><\/div><div class=\"vc_col-sm-2 wpb_column vc_column_container\"><div class=\"vc_column-inner\"><div class=\"wpb_wrapper\"><\/div><\/div><\/div><\/div><\/div><\/section><section class=\"l-section wpb_row us_custom_bf3f5f7d height_medium\"><div class=\"l-section-h i-cf\"><div class=\"g-cols vc_row type_default valign_top\"><div class=\"vc_col-sm-6 wpb_column vc_column_container\"><div class=\"vc_column-inner us_custom_831bdb39\"><div class=\"wpb_wrapper\"><div class=\"w-ibanner animation_phorcys ratio_2x1 easing_ease\"><div class=\"w-ibanner-h\"><div class=\"w-ibanner-image\" style=\"background-image: url(https:\/\/www.sundaybrush.com\/wp-content\/uploads\/2019\/02\/Blogfoto-Sunday-Brush-SPF-wat-is-SPF.png)\"><\/div><div class=\"w-ibanner-content\"><div class=\"w-ibanner-content-h\"><h2 class=\"w-ibanner-title\">Was ist LSF?<\/h2><div class=\"w-ibanner-desc\"><\/div><\/div><\/div><\/div><a title=\"Was ist SPF oder LSF?\" href=\"https:\/\/www.sundaybrush.com\/de\/sonnenschutz\/was-ist-lsf\/\" aria-label=\"Was ist LSF?\"><\/a><\/div><\/div><\/div><\/div><div class=\"vc_col-sm-6 wpb_column vc_column_container\"><div class=\"vc_column-inner us_custom_a4f75856\"><div class=\"wpb_wrapper\"><div class=\"w-ibanner animation_phorcys ratio_2x1 easing_ease\"><div class=\"w-ibanner-h\"><div class=\"w-ibanner-image\" style=\"background-image: url(https:\/\/www.sundaybrush.com\/wp-content\/uploads\/2018\/03\/Blogfoto-Sunday-Brush-UV-straling-.jpg)\"><\/div><div class=\"w-ibanner-content\"><div class=\"w-ibanner-content-h\"><h2 class=\"w-ibanner-title\">Was ist UV-Strahlung?<\/h2><div class=\"w-ibanner-desc\"><\/div><\/div><\/div><\/div><a title=\"Was ist UV-Strahlung?\" href=\"https:\/\/www.sundaybrush.com\/de\/sonnenschutz\/uv-strahlung\/\" aria-label=\"Was ist UV-Strahlung?\"><\/a><\/div><\/div><\/div><\/div><\/div><\/div><\/section><section class=\"l-section wpb_row us_custom_bf3f5f7d height_medium\"><div class=\"l-section-h i-cf\"><div class=\"g-cols vc_row type_default valign_top\"><div class=\"vc_col-sm-6 wpb_column vc_column_container\"><div class=\"vc_column-inner us_custom_831bdb39\"><div class=\"wpb_wrapper\"><div class=\"w-ibanner animation_phorcys ratio_2x1 easing_ease\"><div class=\"w-ibanner-h\"><div class=\"w-ibanner-image\" style=\"background-image: url(https:\/\/www.sundaybrush.com\/wp-content\/uploads\/2022\/12\/DE-Mineralische-Sonnenschutz-vs-Chemische-Sonnenschutz-1024x724.png)\"><\/div><div class=\"w-ibanner-content\"><div class=\"w-ibanner-content-h\"><h2 class=\"w-ibanner-title\">Wie wirkt ein Sonnenschutzmittel?<\/h2><div class=\"w-ibanner-desc\"><\/div><\/div><\/div><\/div><a title=\"Wie wirkt ein Sonnenschutzmittel?\" href=\"https:\/\/www.sundaybrush.com\/de\/sonnenschutz\/die-wirkung-des-sonnenschutzes\/\" aria-label=\"Wie wirkt ein Sonnenschutzmittel?\"><\/a><\/div><\/div><\/div><\/div><div class=\"vc_col-sm-6 wpb_column vc_column_container\"><div class=\"vc_column-inner us_custom_a4f75856\"><div class=\"wpb_wrapper\"><div class=\"w-ibanner animation_phorcys ratio_2x1 easing_ease\"><div class=\"w-ibanner-h\"><div class=\"w-ibanner-image\" style=\"background-image: url(https:\/\/www.sundaybrush.com\/wp-content\/uploads\/2022\/02\/Bescherming-tegen-UVA-Sunday-Brush.png)\"><\/div><div class=\"w-ibanner-content\"><div class=\"w-ibanner-content-h\"><h2 class=\"w-ibanner-title\">Schutz gegen UVA-Strahlen<\/h2><div class=\"w-ibanner-desc\"><\/div><\/div><\/div><\/div><a title=\"Schutz gegen UVA-Strahlen\" href=\"https:\/\/www.sundaybrush.com\/de\/sonnenschutz\/schutz-gegen-uva-strahlen\/\" aria-label=\"Schutz gegen UVA-Strahlen\"><\/a><\/div><\/div><\/div><\/div><\/div><\/div><\/section>\n","protected":false},"excerpt":{"rendered":"[vc_custom_heading text=\"Sonnenschutz\" font_container=\"tag:h1|text_align:left\" google_fonts=\"font_family:Open%20Sans%3A300%2C300italic%2Cregular%2Citalic%2C600%2C600italic%2C700%2C700italic%2C800%2C800italic|font_style:400%20regular%3A400%3Anormal\" css=\"%7B%22default%22%3A%7B%22color%22%3A%22_header_top_text_hover%22%7D%7D\"]Sonnenschutz wird im t\u00e4glichen Leben immer wichtiger. Die Zahl der Hautkrebsf\u00e4lle ist erschreckend hoch. Jedes Jahr kommen weitere Hautkrebsf\u00e4lle hinzu, und die Zahl steigt weiter an. Dies macht Hautkrebs zu der am schnellsten zunehmenden Krebsart in den Niederlanden. In der Praxis scheint es, da\u00df Menschen sich im Alltag nicht mit einem...","protected":false},"author":6,"featured_media":0,"parent":0,"menu_order":0,"comment_status":"closed","ping_status":"closed","template":"","meta":{"_acf_changed":false,"footnotes":""},"class_list":["post-13229","page","type-page","status-publish","hentry"],"acf":[],"yoast_head":"<!-- This site is optimized with the Yoast SEO Premium plugin v27.3 (Yoast SEO v27.5) - https:\/\/yoast.com\/product\/yoast-seo-premium-wordpress\/ -->\n<title>T\u00e4glicher Sonnenschutz | Sunday Brush LSF 50<\/title>\n<meta name=\"description\" content=\"Sonnenschutz wird im t\u00e4glichen Leben immer wichtiger. Die Zahl der Hautkrebsf\u00e4lle ist erschreckend hoch und die Zahl steigt weiter an.\" \/>\n<meta name=\"robots\" content=\"index, follow, max-snippet:-1, max-image-preview:large, max-video-preview:-1\" \/>\n<link rel=\"canonical\" href=\"https:\/\/www.sundaybrush.com\/de\/sonnenschutz\/\" \/>\n<meta property=\"og:locale\" content=\"de_DE\" \/>\n<meta property=\"og:type\" content=\"article\" \/>\n<meta property=\"og:title\" content=\"Sonnenschutz\" \/>\n<meta property=\"og:description\" content=\"Sonnenschutz wird im t\u00e4glichen Leben immer wichtiger. Die Zahl der Hautkrebsf\u00e4lle ist erschreckend hoch und die Zahl steigt weiter an.\" \/>\n<meta property=\"og:url\" content=\"https:\/\/www.sundaybrush.com\/de\/sonnenschutz\/\" \/>\n<meta property=\"og:site_name\" content=\"Sunday Brush\" \/>\n<meta property=\"article:modified_time\" content=\"2022-12-29T09:10:31+00:00\" \/>\n<meta property=\"og:image\" content=\"https:\/\/www.sundaybrush.com\/wp-content\/uploads\/2025\/06\/Sunday-Brush-European-Natural-Beauty-Award.png\" \/>\n\t<meta property=\"og:image:width\" content=\"1024\" \/>\n\t<meta property=\"og:image:height\" content=\"1024\" \/>\n\t<meta property=\"og:image:type\" content=\"image\/png\" \/>\n<meta name=\"twitter:card\" content=\"summary_large_image\" \/>\n<meta name=\"twitter:label1\" content=\"Gesch\u00e4tzte Lesezeit\" \/>\n\t<meta name=\"twitter:data1\" content=\"2\u00a0Minuten\" \/>\n<script type=\"application\/ld+json\" class=\"yoast-schema-graph\">{\"@context\":\"https:\\\/\\\/schema.org\",\"@graph\":[{\"@type\":\"WebPage\",\"@id\":\"https:\\\/\\\/www.sundaybrush.com\\\/de\\\/sonnenschutz\\\/\",\"url\":\"https:\\\/\\\/www.sundaybrush.com\\\/de\\\/sonnenschutz\\\/\",\"name\":\"T\u00e4glicher Sonnenschutz | Sunday Brush LSF 50\",\"isPartOf\":{\"@id\":\"https:\\\/\\\/www.sundaybrush.com\\\/de\\\/#website\"},\"datePublished\":\"2018-07-09T19:35:54+00:00\",\"dateModified\":\"2022-12-29T09:10:31+00:00\",\"description\":\"Sonnenschutz wird im t\u00e4glichen Leben immer wichtiger. Die Zahl der Hautkrebsf\u00e4lle ist erschreckend hoch und die Zahl steigt weiter an.\",\"breadcrumb\":{\"@id\":\"https:\\\/\\\/www.sundaybrush.com\\\/de\\\/sonnenschutz\\\/#breadcrumb\"},\"inLanguage\":\"de\",\"potentialAction\":[{\"@type\":\"ReadAction\",\"target\":[\"https:\\\/\\\/www.sundaybrush.com\\\/de\\\/sonnenschutz\\\/\"]}]},{\"@type\":\"BreadcrumbList\",\"@id\":\"https:\\\/\\\/www.sundaybrush.com\\\/de\\\/sonnenschutz\\\/#breadcrumb\",\"itemListElement\":[{\"@type\":\"ListItem\",\"position\":1,\"name\":\"Home\",\"item\":\"https:\\\/\\\/www.sundaybrush.com\\\/de\\\/\"},{\"@type\":\"ListItem\",\"position\":2,\"name\":\"Sonnenschutz\"}]},{\"@type\":\"WebSite\",\"@id\":\"https:\\\/\\\/www.sundaybrush.com\\\/de\\\/#website\",\"url\":\"https:\\\/\\\/www.sundaybrush.com\\\/de\\\/\",\"name\":\"Sunday Brush\",\"description\":\"Ihr t\u00e4glischer UV schutz\",\"publisher\":{\"@id\":\"https:\\\/\\\/www.sundaybrush.com\\\/de\\\/#organization\"},\"potentialAction\":[{\"@type\":\"SearchAction\",\"target\":{\"@type\":\"EntryPoint\",\"urlTemplate\":\"https:\\\/\\\/www.sundaybrush.com\\\/de\\\/?s={search_term_string}\"},\"query-input\":{\"@type\":\"PropertyValueSpecification\",\"valueRequired\":true,\"valueName\":\"search_term_string\"}}],\"inLanguage\":\"de\"},{\"@type\":\"Organization\",\"@id\":\"https:\\\/\\\/www.sundaybrush.com\\\/de\\\/#organization\",\"name\":\"Sunday Brush\",\"alternateName\":\"Sundaybrush\",\"url\":\"https:\\\/\\\/www.sundaybrush.com\\\/de\\\/\",\"logo\":{\"@type\":\"ImageObject\",\"inLanguage\":\"de\",\"@id\":\"https:\\\/\\\/www.sundaybrush.com\\\/de\\\/#\\\/schema\\\/logo\\\/image\\\/\",\"url\":\"https:\\\/\\\/www.sundaybrush.com\\\/wp-content\\\/uploads\\\/2021\\\/02\\\/Logo-Sunday-Brush-transparant.png\",\"contentUrl\":\"https:\\\/\\\/www.sundaybrush.com\\\/wp-content\\\/uploads\\\/2021\\\/02\\\/Logo-Sunday-Brush-transparant.png\",\"width\":1709,\"height\":227,\"caption\":\"Sunday Brush\"},\"image\":{\"@id\":\"https:\\\/\\\/www.sundaybrush.com\\\/de\\\/#\\\/schema\\\/logo\\\/image\\\/\"},\"sameAs\":[\"https:\\\/\\\/www.instagram.com\\\/sundaybrush\\\/\",\"https:\\\/\\\/www.linkedin.com\\\/company\\\/sunday-brush\",\"https:\\\/\\\/www.youtube.com\\\/channel\\\/UCidSRkO6tDIgl3SU60b9coQ\"],\"description\":\"Sunday Brush is a registered trademark of Nxt Cosmetics BV.\",\"email\":\"info@sundaybrush.com\",\"telephone\":\"003185-0043121\",\"legalName\":\"Nxt Cosmetics BV\",\"numberOfEmployees\":{\"@type\":\"QuantitativeValue\",\"minValue\":\"1\",\"maxValue\":\"10\"}}]}<\/script>\n<!-- \/ Yoast SEO Premium plugin. -->","yoast_head_json":{"title":"T\u00e4glicher Sonnenschutz | Sunday Brush LSF 50","description":"Sonnenschutz wird im t\u00e4glichen Leben immer wichtiger. Die Zahl der Hautkrebsf\u00e4lle ist erschreckend hoch und die Zahl steigt weiter an.","robots":{"index":"index","follow":"follow","max-snippet":"max-snippet:-1","max-image-preview":"max-image-preview:large","max-video-preview":"max-video-preview:-1"},"canonical":"https:\/\/www.sundaybrush.com\/de\/sonnenschutz\/","og_locale":"de_DE","og_type":"article","og_title":"Sonnenschutz","og_description":"Sonnenschutz wird im t\u00e4glichen Leben immer wichtiger. Die Zahl der Hautkrebsf\u00e4lle ist erschreckend hoch und die Zahl steigt weiter an.","og_url":"https:\/\/www.sundaybrush.com\/de\/sonnenschutz\/","og_site_name":"Sunday Brush","article_modified_time":"2022-12-29T09:10:31+00:00","og_image":[{"width":1024,"height":1024,"url":"https:\/\/www.sundaybrush.com\/wp-content\/uploads\/2025\/06\/Sunday-Brush-European-Natural-Beauty-Award.png","type":"image\/png"}],"twitter_card":"summary_large_image","twitter_misc":{"Gesch\u00e4tzte Lesezeit":"2\u00a0Minuten"},"schema":{"@context":"https:\/\/schema.org","@graph":[{"@type":"WebPage","@id":"https:\/\/www.sundaybrush.com\/de\/sonnenschutz\/","url":"https:\/\/www.sundaybrush.com\/de\/sonnenschutz\/","name":"T\u00e4glicher Sonnenschutz | Sunday Brush LSF 50","isPartOf":{"@id":"https:\/\/www.sundaybrush.com\/de\/#website"},"datePublished":"2018-07-09T19:35:54+00:00","dateModified":"2022-12-29T09:10:31+00:00","description":"Sonnenschutz wird im t\u00e4glichen Leben immer wichtiger. Die Zahl der Hautkrebsf\u00e4lle ist erschreckend hoch und die Zahl steigt weiter an.","breadcrumb":{"@id":"https:\/\/www.sundaybrush.com\/de\/sonnenschutz\/#breadcrumb"},"inLanguage":"de","potentialAction":[{"@type":"ReadAction","target":["https:\/\/www.sundaybrush.com\/de\/sonnenschutz\/"]}]},{"@type":"BreadcrumbList","@id":"https:\/\/www.sundaybrush.com\/de\/sonnenschutz\/#breadcrumb","itemListElement":[{"@type":"ListItem","position":1,"name":"Home","item":"https:\/\/www.sundaybrush.com\/de\/"},{"@type":"ListItem","position":2,"name":"Sonnenschutz"}]},{"@type":"WebSite","@id":"https:\/\/www.sundaybrush.com\/de\/#website","url":"https:\/\/www.sundaybrush.com\/de\/","name":"Sunday Brush","description":"Ihr t\u00e4glischer UV schutz","publisher":{"@id":"https:\/\/www.sundaybrush.com\/de\/#organization"},"potentialAction":[{"@type":"SearchAction","target":{"@type":"EntryPoint","urlTemplate":"https:\/\/www.sundaybrush.com\/de\/?s={search_term_string}"},"query-input":{"@type":"PropertyValueSpecification","valueRequired":true,"valueName":"search_term_string"}}],"inLanguage":"de"},{"@type":"Organization","@id":"https:\/\/www.sundaybrush.com\/de\/#organization","name":"Sunday Brush","alternateName":"Sundaybrush","url":"https:\/\/www.sundaybrush.com\/de\/","logo":{"@type":"ImageObject","inLanguage":"de","@id":"https:\/\/www.sundaybrush.com\/de\/#\/schema\/logo\/image\/","url":"https:\/\/www.sundaybrush.com\/wp-content\/uploads\/2021\/02\/Logo-Sunday-Brush-transparant.png","contentUrl":"https:\/\/www.sundaybrush.com\/wp-content\/uploads\/2021\/02\/Logo-Sunday-Brush-transparant.png","width":1709,"height":227,"caption":"Sunday Brush"},"image":{"@id":"https:\/\/www.sundaybrush.com\/de\/#\/schema\/logo\/image\/"},"sameAs":["https:\/\/www.instagram.com\/sundaybrush\/","https:\/\/www.linkedin.com\/company\/sunday-brush","https:\/\/www.youtube.com\/channel\/UCidSRkO6tDIgl3SU60b9coQ"],"description":"Sunday Brush is a registered trademark of Nxt Cosmetics BV.","email":"info@sundaybrush.com","telephone":"003185-0043121","legalName":"Nxt Cosmetics BV","numberOfEmployees":{"@type":"QuantitativeValue","minValue":"1","maxValue":"10"}}]}},"_links":{"self":[{"href":"https:\/\/www.sundaybrush.com\/de\/wp-json\/wp\/v2\/pages\/13229","targetHints":{"allow":["GET"]}}],"collection":[{"href":"https:\/\/www.sundaybrush.com\/de\/wp-json\/wp\/v2\/pages"}],"about":[{"href":"https:\/\/www.sundaybrush.com\/de\/wp-json\/wp\/v2\/types\/page"}],"author":[{"embeddable":true,"href":"https:\/\/www.sundaybrush.com\/de\/wp-json\/wp\/v2\/users\/6"}],"replies":[{"embeddable":true,"href":"https:\/\/www.sundaybrush.com\/de\/wp-json\/wp\/v2\/comments?post=13229"}],"version-history":[{"count":4,"href":"https:\/\/www.sundaybrush.com\/de\/wp-json\/wp\/v2\/pages\/13229\/revisions"}],"predecessor-version":[{"id":37529,"href":"https:\/\/www.sundaybrush.com\/de\/wp-json\/wp\/v2\/pages\/13229\/revisions\/37529"}],"wp:attachment":[{"href":"https:\/\/www.sundaybrush.com\/de\/wp-json\/wp\/v2\/media?parent=13229"}],"curies":[{"name":"wp","href":"https:\/\/api.w.org\/{rel}","templated":true}]}}