{"id":13332,"date":"2019-05-13T18:10:34","date_gmt":"2019-05-13T17:10:34","guid":{"rendered":"https:\/\/www.sundaybrush.com\/professionals\/"},"modified":"2023-01-24T05:10:50","modified_gmt":"2023-01-24T04:10:50","slug":"beauty-profis","status":"publish","type":"page","link":"https:\/\/www.sundaybrush.com\/de\/beauty-profis\/","title":{"rendered":"Beauty-Profis"},"content":{"rendered":"<section class=\"l-section wpb_row height_medium\"><div class=\"l-section-h i-cf\"><div class=\"g-cols vc_row type_default valign_top\"><div class=\"vc_col-sm-8 wpb_column vc_column_container\"><div class=\"vc_column-inner\"><div class=\"wpb_wrapper\">[vc_custom_heading text=&#8221;F\u00fcr Beauti-profis: Kosmetikerinnen und Kosmetiker &#8221; use_theme_fonts=&#8221;yes&#8221; css=&#8221;%7B%22default%22%3A%7B%22color%22%3A%22_header_top_text_hover%22%7D%7D&#8221;]<div class=\"wpb_text_column us_custom_ec1e580b\" ><div class=\"wpb_wrapper\"><p><span data-sheets-value=\"{&quot;1&quot;:2,&quot;2&quot;:&quot;Sind Sie eine Fachperson und m\u00f6chten Sie Sunday Brush in Ihrem Salon oder Ihrer Praxis verkaufen?&quot;}\" data-sheets-userformat=\"{&quot;2&quot;:13057,&quot;3&quot;:{&quot;1&quot;:0},&quot;11&quot;:4,&quot;12&quot;:0,&quot;15&quot;:&quot;Open Sans&quot;,&quot;16&quot;:12}\">Beauty-profis <\/span><\/p>\n<p><span data-sheets-value=\"{&quot;1&quot;:2,&quot;2&quot;:&quot;Sind Sie eine Fachperson und m\u00f6chten Sie Sunday Brush in Ihrem Salon oder Ihrer Praxis verkaufen?&quot;}\" data-sheets-userformat=\"{&quot;2&quot;:13057,&quot;3&quot;:{&quot;1&quot;:0},&quot;11&quot;:4,&quot;12&quot;:0,&quot;15&quot;:&quot;Open Sans&quot;,&quot;16&quot;:12}\">Sind Sie eine Sch\u00f6nheitsexpertin und m\u00f6chten Sie <a href=\"https:\/\/www.sundaybrush.com\/de\/produkt\/mineralisches-sonnenschutz-puder\/\">Sunday Brush<\/a> in Ihrem Salon oder Ihrer Praxis verkaufen?<\/span><\/p>\n<p><span data-sheets-value=\"{&quot;1&quot;:2,&quot;2&quot;:&quot;Dann nehmen Sie mit uns Kontakt auf!&quot;}\" data-sheets-userformat=\"{&quot;2&quot;:13057,&quot;3&quot;:{&quot;1&quot;:0},&quot;11&quot;:4,&quot;12&quot;:0,&quot;15&quot;:&quot;Open Sans&quot;,&quot;16&quot;:12}\">Dann nehmen Sie mit uns Kontakt auf!<\/span><\/p>\n<p><span data-sheets-value=\"{&quot;1&quot;:2,&quot;2&quot;:&quot;Sie k\u00f6nnen uns eine E-Mail an info@sundaybrush.com senden oder uns unter +31 6 5896 9588 telefonisch erreichen&quot;}\" data-sheets-userformat=\"{&quot;2&quot;:13057,&quot;3&quot;:{&quot;1&quot;:0},&quot;11&quot;:4,&quot;12&quot;:0,&quot;15&quot;:&quot;Open Sans&quot;,&quot;16&quot;:12}\">Sie k\u00f6nnen uns eine E-Mail an <span style=\"text-decoration: underline;\"><a href=\"mailto:info@sundaybrush.com\">info@sundaybrush.com<\/a><\/span> senden oder uns unter +31 85 004 31 21 telefonisch erreichen.<\/span><\/p>\n<p><span data-sheets-value=\"{&quot;1&quot;:2,&quot;2&quot;:&quot;Oder stellen Sie Ihre Frage \u00fcber das unten stehende Kontaktformular.&quot;}\" data-sheets-userformat=\"{&quot;2&quot;:13057,&quot;3&quot;:{&quot;1&quot;:0},&quot;11&quot;:4,&quot;12&quot;:0,&quot;15&quot;:&quot;Open Sans&quot;,&quot;16&quot;:12}\">Oder stellen Sie Ihre Frage \u00fcber das unten stehende Kontaktformular.<\/span><\/p>\n<\/div><\/div><\/div><\/div><\/div><div class=\"vc_col-sm-4 wpb_column vc_column_container\"><div class=\"vc_column-inner\"><div class=\"wpb_wrapper\"><div class=\"w-image align_left\"><div class=\"w-image-h\"><img loading=\"lazy\" decoding=\"async\" width=\"300\" height=\"300\" src=\"https:\/\/www.sundaybrush.com\/wp-content\/uploads\/2022\/02\/Beautyprofessional-Sunday-Brush-300x300.jpg\" class=\"attachment-medium size-medium\" alt=\"Beautyprofessional - Sunday Brush\" srcset=\"https:\/\/www.sundaybrush.com\/wp-content\/uploads\/2022\/02\/Beautyprofessional-Sunday-Brush-300x300.jpg 300w, https:\/\/www.sundaybrush.com\/wp-content\/uploads\/2022\/02\/Beautyprofessional-Sunday-Brush-550x550.jpg 550w, https:\/\/www.sundaybrush.com\/wp-content\/uploads\/2022\/02\/Beautyprofessional-Sunday-Brush-150x150.jpg 150w, https:\/\/www.sundaybrush.com\/wp-content\/uploads\/2022\/02\/Beautyprofessional-Sunday-Brush.jpg 600w\" sizes=\"auto, (max-width: 300px) 100vw, 300px\" \/><\/div><\/div><\/div><\/div><\/div><\/div><\/div><\/section><section class=\"l-section wpb_row height_small\"><div class=\"l-section-h i-cf\"><div class=\"g-cols vc_row type_default valign_top\"><div class=\"vc_col-sm-12 wpb_column vc_column_container\"><div class=\"vc_column-inner\"><div class=\"wpb_wrapper\">\n<div class=\"wpcf7 no-js\" id=\"wpcf7-f13267-o1\" lang=\"\" dir=\"ltr\" data-wpcf7-id=\"13267\">\n<div class=\"screen-reader-response\"><p role=\"status\" aria-live=\"polite\" aria-atomic=\"true\"><\/p> <ul><\/ul><\/div>\n<form action=\"\/de\/wp-json\/wp\/v2\/pages\/13332#wpcf7-f13267-o1\" method=\"post\" class=\"wpcf7-form init\" aria-label=\"Kontaktformular\" novalidate=\"novalidate\" data-status=\"init\">\n<fieldset class=\"hidden-fields-container\"><input type=\"hidden\" name=\"_wpcf7\" value=\"13267\" \/><input type=\"hidden\" name=\"_wpcf7_version\" value=\"6.1.5\" \/><input type=\"hidden\" name=\"_wpcf7_locale\" value=\"\" \/><input type=\"hidden\" name=\"_wpcf7_unit_tag\" value=\"wpcf7-f13267-o1\" \/><input type=\"hidden\" name=\"_wpcf7_container_post\" value=\"0\" \/><input type=\"hidden\" name=\"_wpcf7_posted_data_hash\" value=\"\" \/><input type=\"hidden\" name=\"_wpcf7_recaptcha_response\" value=\"\" \/>\n<\/fieldset>\n<div class=\"contact-form\">\n\t<div class=\"vc_col-sm-6\">\n\t\t<p><span class=\"wpcf7-form-control-wrap\" data-name=\"your-name\"><input size=\"40\" maxlength=\"400\" class=\"wpcf7-form-control wpcf7-text wpcf7-validates-as-required\" aria-required=\"true\" aria-invalid=\"false\" placeholder=\"Name\" value=\"\" type=\"text\" name=\"your-name\" \/><\/span>\n\t\t<\/p>\n\t\t<p><span class=\"wpcf7-form-control-wrap\" data-name=\"your-email\"><input size=\"40\" maxlength=\"400\" class=\"wpcf7-form-control wpcf7-email wpcf7-validates-as-required wpcf7-text wpcf7-validates-as-email\" aria-required=\"true\" aria-invalid=\"false\" placeholder=\"Email\" value=\"\" type=\"email\" name=\"your-email\" \/><\/span>\n\t\t<\/p>\n\t\t<p><span class=\"wpcf7-form-control-wrap\" data-name=\"your-subject\"><input size=\"40\" maxlength=\"400\" class=\"wpcf7-form-control wpcf7-text\" aria-invalid=\"false\" placeholder=\"Betreff\" value=\"\" type=\"text\" name=\"your-subject\" \/><\/span>\n\t\t<\/p>\n\t<\/div>\n\t<div class=\"vc_col-sm-6\">\n\t\t<p><span class=\"wpcf7-form-control-wrap\" data-name=\"your-message\"><textarea cols=\"40\" rows=\"10\" maxlength=\"2000\" class=\"wpcf7-form-control wpcf7-textarea\" aria-invalid=\"false\" placeholder=\"Fragen\" name=\"your-message\"><\/textarea><\/span>\n\t\t<\/p>\n\t<\/div>\n\t<div class=\"vc_col-sm-12\" style=\"text-align:center;\">\n\t\t<p><input class=\"wpcf7-form-control wpcf7-submit has-spinner\" type=\"submit\" value=\"Senden\" \/>\n\t\t<\/p>\n\t<\/div>\n<\/div><div class=\"wpcf7-response-output\" aria-hidden=\"true\"><\/div>\n<\/form>\n<\/div>\n<\/div><\/div><\/div><\/div><\/div><\/section><div class=\"vc_col-sm-12 wpb_column vc_column_container\"><div class=\"vc_column-inner\"><div class=\"wpb_wrapper\"><\/div><\/div><\/div>\n","protected":false},"excerpt":{"rendered":"[vc_custom_heading text=\"F\u00fcr Beauti-profis: Kosmetikerinnen und Kosmetiker \" use_theme_fonts=\"yes\" css=\"%7B%22default%22%3A%7B%22color%22%3A%22_header_top_text_hover%22%7D%7D\"]Beauty-profis Sind Sie eine Sch\u00f6nheitsexpertin und m\u00f6chten Sie Sunday Brush in Ihrem Salon oder Ihrer Praxis verkaufen? Dann nehmen Sie mit uns Kontakt auf! Sie k\u00f6nnen uns eine E-Mail an info@sundaybrush.com senden oder uns unter +31 85 004 31 21 telefonisch erreichen. Oder stellen Sie Ihre Frage...","protected":false},"author":11,"featured_media":0,"parent":0,"menu_order":0,"comment_status":"closed","ping_status":"closed","template":"","meta":{"_acf_changed":false,"footnotes":""},"class_list":["post-13332","page","type-page","status-publish","hentry"],"acf":[],"yoast_head":"<!-- This site is optimized with the Yoast SEO Premium plugin v27.3 (Yoast SEO v27.4) - https:\/\/yoast.com\/product\/yoast-seo-premium-wordpress\/ -->\n<title>Beauty-Profis | Sunday Brush LSF 50<\/title>\n<meta name=\"description\" content=\"Beauty profis: Haben Sie einen Salon oder ein Hautinstitut und m\u00f6chten Sie Sunday Brush in Ihrem Salon verkaufen? Kontaktieren Sie uns!\" \/>\n<meta name=\"robots\" content=\"index, follow, max-snippet:-1, max-image-preview:large, max-video-preview:-1\" \/>\n<link rel=\"canonical\" href=\"https:\/\/www.sundaybrush.com\/de\/beauty-profis\/\" \/>\n<meta property=\"og:locale\" content=\"de_DE\" \/>\n<meta property=\"og:type\" content=\"article\" \/>\n<meta property=\"og:title\" content=\"Beauty-Profis\" \/>\n<meta property=\"og:description\" content=\"Beauty profis: Haben Sie einen Salon oder ein Hautinstitut und m\u00f6chten Sie Sunday Brush in Ihrem Salon verkaufen? Kontaktieren Sie uns!\" \/>\n<meta property=\"og:url\" content=\"https:\/\/www.sundaybrush.com\/de\/beauty-profis\/\" \/>\n<meta property=\"og:site_name\" content=\"Sunday Brush\" \/>\n<meta property=\"article:modified_time\" content=\"2023-01-24T04:10:50+00:00\" \/>\n<meta property=\"og:image\" content=\"https:\/\/www.sundaybrush.com\/wp-content\/uploads\/2025\/06\/Sunday-Brush-European-Natural-Beauty-Award.png\" \/>\n\t<meta property=\"og:image:width\" content=\"1024\" \/>\n\t<meta property=\"og:image:height\" content=\"1024\" \/>\n\t<meta property=\"og:image:type\" content=\"image\/png\" \/>\n<meta name=\"twitter:card\" content=\"summary_large_image\" \/>\n<meta name=\"twitter:label1\" content=\"Gesch\u00e4tzte Lesezeit\" \/>\n\t<meta name=\"twitter:data1\" content=\"1\u00a0Minute\" \/>\n<script type=\"application\/ld+json\" class=\"yoast-schema-graph\">{\"@context\":\"https:\\\/\\\/schema.org\",\"@graph\":[{\"@type\":\"WebPage\",\"@id\":\"https:\\\/\\\/www.sundaybrush.com\\\/de\\\/beauty-profis\\\/\",\"url\":\"https:\\\/\\\/www.sundaybrush.com\\\/de\\\/beauty-profis\\\/\",\"name\":\"Beauty-Profis | Sunday Brush LSF 50\",\"isPartOf\":{\"@id\":\"https:\\\/\\\/www.sundaybrush.com\\\/de\\\/#website\"},\"datePublished\":\"2019-05-13T17:10:34+00:00\",\"dateModified\":\"2023-01-24T04:10:50+00:00\",\"description\":\"Beauty profis: Haben Sie einen Salon oder ein Hautinstitut und m\u00f6chten Sie Sunday Brush in Ihrem Salon verkaufen? Kontaktieren Sie uns!\",\"breadcrumb\":{\"@id\":\"https:\\\/\\\/www.sundaybrush.com\\\/de\\\/beauty-profis\\\/#breadcrumb\"},\"inLanguage\":\"de\",\"potentialAction\":[{\"@type\":\"ReadAction\",\"target\":[\"https:\\\/\\\/www.sundaybrush.com\\\/de\\\/beauty-profis\\\/\"]}]},{\"@type\":\"BreadcrumbList\",\"@id\":\"https:\\\/\\\/www.sundaybrush.com\\\/de\\\/beauty-profis\\\/#breadcrumb\",\"itemListElement\":[{\"@type\":\"ListItem\",\"position\":1,\"name\":\"Home\",\"item\":\"https:\\\/\\\/www.sundaybrush.com\\\/de\\\/\"},{\"@type\":\"ListItem\",\"position\":2,\"name\":\"Beauty-Profis\"}]},{\"@type\":\"WebSite\",\"@id\":\"https:\\\/\\\/www.sundaybrush.com\\\/de\\\/#website\",\"url\":\"https:\\\/\\\/www.sundaybrush.com\\\/de\\\/\",\"name\":\"Sunday Brush\",\"description\":\"Ihr t\u00e4glischer UV schutz\",\"publisher\":{\"@id\":\"https:\\\/\\\/www.sundaybrush.com\\\/de\\\/#organization\"},\"potentialAction\":[{\"@type\":\"SearchAction\",\"target\":{\"@type\":\"EntryPoint\",\"urlTemplate\":\"https:\\\/\\\/www.sundaybrush.com\\\/de\\\/?s={search_term_string}\"},\"query-input\":{\"@type\":\"PropertyValueSpecification\",\"valueRequired\":true,\"valueName\":\"search_term_string\"}}],\"inLanguage\":\"de\"},{\"@type\":\"Organization\",\"@id\":\"https:\\\/\\\/www.sundaybrush.com\\\/de\\\/#organization\",\"name\":\"Sunday Brush\",\"alternateName\":\"Sundaybrush\",\"url\":\"https:\\\/\\\/www.sundaybrush.com\\\/de\\\/\",\"logo\":{\"@type\":\"ImageObject\",\"inLanguage\":\"de\",\"@id\":\"https:\\\/\\\/www.sundaybrush.com\\\/de\\\/#\\\/schema\\\/logo\\\/image\\\/\",\"url\":\"https:\\\/\\\/www.sundaybrush.com\\\/wp-content\\\/uploads\\\/2021\\\/02\\\/Logo-Sunday-Brush-transparant.png\",\"contentUrl\":\"https:\\\/\\\/www.sundaybrush.com\\\/wp-content\\\/uploads\\\/2021\\\/02\\\/Logo-Sunday-Brush-transparant.png\",\"width\":1709,\"height\":227,\"caption\":\"Sunday Brush\"},\"image\":{\"@id\":\"https:\\\/\\\/www.sundaybrush.com\\\/de\\\/#\\\/schema\\\/logo\\\/image\\\/\"},\"sameAs\":[\"https:\\\/\\\/www.instagram.com\\\/sundaybrush\\\/\",\"https:\\\/\\\/www.linkedin.com\\\/company\\\/sunday-brush\",\"https:\\\/\\\/www.youtube.com\\\/channel\\\/UCidSRkO6tDIgl3SU60b9coQ\"],\"description\":\"Sunday Brush is a registered trademark of Nxt Cosmetics BV.\",\"email\":\"info@sundaybrush.com\",\"telephone\":\"003185-0043121\",\"legalName\":\"Nxt Cosmetics BV\",\"numberOfEmployees\":{\"@type\":\"QuantitativeValue\",\"minValue\":\"1\",\"maxValue\":\"10\"}}]}<\/script>\n<!-- \/ Yoast SEO Premium plugin. -->","yoast_head_json":{"title":"Beauty-Profis | Sunday Brush LSF 50","description":"Beauty profis: Haben Sie einen Salon oder ein Hautinstitut und m\u00f6chten Sie Sunday Brush in Ihrem Salon verkaufen? Kontaktieren Sie uns!","robots":{"index":"index","follow":"follow","max-snippet":"max-snippet:-1","max-image-preview":"max-image-preview:large","max-video-preview":"max-video-preview:-1"},"canonical":"https:\/\/www.sundaybrush.com\/de\/beauty-profis\/","og_locale":"de_DE","og_type":"article","og_title":"Beauty-Profis","og_description":"Beauty profis: Haben Sie einen Salon oder ein Hautinstitut und m\u00f6chten Sie Sunday Brush in Ihrem Salon verkaufen? Kontaktieren Sie uns!","og_url":"https:\/\/www.sundaybrush.com\/de\/beauty-profis\/","og_site_name":"Sunday Brush","article_modified_time":"2023-01-24T04:10:50+00:00","og_image":[{"width":1024,"height":1024,"url":"https:\/\/www.sundaybrush.com\/wp-content\/uploads\/2025\/06\/Sunday-Brush-European-Natural-Beauty-Award.png","type":"image\/png"}],"twitter_card":"summary_large_image","twitter_misc":{"Gesch\u00e4tzte Lesezeit":"1\u00a0Minute"},"schema":{"@context":"https:\/\/schema.org","@graph":[{"@type":"WebPage","@id":"https:\/\/www.sundaybrush.com\/de\/beauty-profis\/","url":"https:\/\/www.sundaybrush.com\/de\/beauty-profis\/","name":"Beauty-Profis | Sunday Brush LSF 50","isPartOf":{"@id":"https:\/\/www.sundaybrush.com\/de\/#website"},"datePublished":"2019-05-13T17:10:34+00:00","dateModified":"2023-01-24T04:10:50+00:00","description":"Beauty profis: Haben Sie einen Salon oder ein Hautinstitut und m\u00f6chten Sie Sunday Brush in Ihrem Salon verkaufen? Kontaktieren Sie uns!","breadcrumb":{"@id":"https:\/\/www.sundaybrush.com\/de\/beauty-profis\/#breadcrumb"},"inLanguage":"de","potentialAction":[{"@type":"ReadAction","target":["https:\/\/www.sundaybrush.com\/de\/beauty-profis\/"]}]},{"@type":"BreadcrumbList","@id":"https:\/\/www.sundaybrush.com\/de\/beauty-profis\/#breadcrumb","itemListElement":[{"@type":"ListItem","position":1,"name":"Home","item":"https:\/\/www.sundaybrush.com\/de\/"},{"@type":"ListItem","position":2,"name":"Beauty-Profis"}]},{"@type":"WebSite","@id":"https:\/\/www.sundaybrush.com\/de\/#website","url":"https:\/\/www.sundaybrush.com\/de\/","name":"Sunday Brush","description":"Ihr t\u00e4glischer UV schutz","publisher":{"@id":"https:\/\/www.sundaybrush.com\/de\/#organization"},"potentialAction":[{"@type":"SearchAction","target":{"@type":"EntryPoint","urlTemplate":"https:\/\/www.sundaybrush.com\/de\/?s={search_term_string}"},"query-input":{"@type":"PropertyValueSpecification","valueRequired":true,"valueName":"search_term_string"}}],"inLanguage":"de"},{"@type":"Organization","@id":"https:\/\/www.sundaybrush.com\/de\/#organization","name":"Sunday Brush","alternateName":"Sundaybrush","url":"https:\/\/www.sundaybrush.com\/de\/","logo":{"@type":"ImageObject","inLanguage":"de","@id":"https:\/\/www.sundaybrush.com\/de\/#\/schema\/logo\/image\/","url":"https:\/\/www.sundaybrush.com\/wp-content\/uploads\/2021\/02\/Logo-Sunday-Brush-transparant.png","contentUrl":"https:\/\/www.sundaybrush.com\/wp-content\/uploads\/2021\/02\/Logo-Sunday-Brush-transparant.png","width":1709,"height":227,"caption":"Sunday Brush"},"image":{"@id":"https:\/\/www.sundaybrush.com\/de\/#\/schema\/logo\/image\/"},"sameAs":["https:\/\/www.instagram.com\/sundaybrush\/","https:\/\/www.linkedin.com\/company\/sunday-brush","https:\/\/www.youtube.com\/channel\/UCidSRkO6tDIgl3SU60b9coQ"],"description":"Sunday Brush is a registered trademark of Nxt Cosmetics BV.","email":"info@sundaybrush.com","telephone":"003185-0043121","legalName":"Nxt Cosmetics BV","numberOfEmployees":{"@type":"QuantitativeValue","minValue":"1","maxValue":"10"}}]}},"_links":{"self":[{"href":"https:\/\/www.sundaybrush.com\/de\/wp-json\/wp\/v2\/pages\/13332","targetHints":{"allow":["GET"]}}],"collection":[{"href":"https:\/\/www.sundaybrush.com\/de\/wp-json\/wp\/v2\/pages"}],"about":[{"href":"https:\/\/www.sundaybrush.com\/de\/wp-json\/wp\/v2\/types\/page"}],"author":[{"embeddable":true,"href":"https:\/\/www.sundaybrush.com\/de\/wp-json\/wp\/v2\/users\/11"}],"replies":[{"embeddable":true,"href":"https:\/\/www.sundaybrush.com\/de\/wp-json\/wp\/v2\/comments?post=13332"}],"version-history":[{"count":5,"href":"https:\/\/www.sundaybrush.com\/de\/wp-json\/wp\/v2\/pages\/13332\/revisions"}],"predecessor-version":[{"id":40282,"href":"https:\/\/www.sundaybrush.com\/de\/wp-json\/wp\/v2\/pages\/13332\/revisions\/40282"}],"wp:attachment":[{"href":"https:\/\/www.sundaybrush.com\/de\/wp-json\/wp\/v2\/media?parent=13332"}],"curies":[{"name":"wp","href":"https:\/\/api.w.org\/{rel}","templated":true}]}}