{"id":13416,"date":"2019-05-06T15:23:48","date_gmt":"2019-05-06T14:23:48","guid":{"rendered":"https:\/\/www.sundaybrush.com\/help-me-kiezen\/"},"modified":"2024-02-14T08:08:30","modified_gmt":"2024-02-14T07:08:30","slug":"hilfe-mit-auswahl","status":"publish","type":"page","link":"https:\/\/www.sundaybrush.com\/de\/hilfe-mit-auswahl\/","title":{"rendered":"Helfen Sie mir bei der Auswahl"},"content":{"rendered":"<section class=\"l-section wpb_row height_medium\"><div class=\"l-section-h i-cf\"><div class=\"g-cols vc_row type_default valign_top\"><div class=\"vc_col-sm-2 wpb_column vc_column_container\"><div class=\"vc_column-inner\"><div class=\"wpb_wrapper\"><\/div><\/div><\/div><div class=\"vc_col-sm-8 wpb_column vc_column_container\"><div class=\"vc_column-inner\"><div class=\"wpb_wrapper\"><div class=\"wpb_text_column\" ><div class=\"wpb_wrapper\"><h1>Helfen Sie mir bei der Auswahl<\/h1>\n<p>Sunday Brush ist in 4 nat\u00fcrlichen Hautt\u00f6nen erh\u00e4ltlich: Light, Medium, Tan und Dark.<\/p>\n<p>Um herauszufinden, welcher Farbton am besten zu Ihrer Haut passt, haben wir die folgende \u00dcbersicht zusammengestellt. Auf diese Weise k\u00f6nnen Sie leicht erkennen, welcher Sunday Brush-Hautton am besten zu Ihnen passt, und eine Auswahl treffen.<\/p>\n<\/div><\/div><\/div><\/div><\/div><div class=\"vc_col-sm-2 wpb_column vc_column_container\"><div class=\"vc_column-inner\"><div class=\"wpb_wrapper\"><\/div><\/div><\/div><\/div><\/div><\/section><section class=\"l-section wpb_row height_small\"><div class=\"l-section-h i-cf\"><div class=\"g-cols vc_row type_default valign_top gap-20\"><style>.g-cols.gap-20{margin:0 calc(-1.5rem - 20)}.gap-20 > .vc_column_container {padding:20}<\/style><div class=\"vc_col-sm-3 wpb_column vc_column_container with_overlay\"><div class=\"vc_column-inner us_custom_64b499d8\"><div class=\"vc_column-overlay\" style=\"background:#f5f5f5\"><\/div><div class=\"wpb_wrapper\"><div class=\"w-image align_none\"><div class=\"w-image-h\"><img loading=\"lazy\" decoding=\"async\" width=\"870\" height=\"870\" src=\"https:\/\/www.sundaybrush.com\/wp-content\/uploads\/2019\/05\/SundayBrush_Fair.jpg\" class=\"attachment-large size-large\" alt=\"Model Farbton Fair\" srcset=\"https:\/\/www.sundaybrush.com\/wp-content\/uploads\/2019\/05\/SundayBrush_Fair.jpg 870w, https:\/\/www.sundaybrush.com\/wp-content\/uploads\/2019\/05\/SundayBrush_Fair-300x300.jpg 300w, https:\/\/www.sundaybrush.com\/wp-content\/uploads\/2019\/05\/SundayBrush_Fair-550x550.jpg 550w, https:\/\/www.sundaybrush.com\/wp-content\/uploads\/2019\/05\/SundayBrush_Fair-150x150.jpg 150w\" sizes=\"auto, (max-width: 870px) 100vw, 870px\" \/><\/div><\/div><div class=\"w-separator size_small\"><\/div><div class=\"wpb_text_column\" ><div class=\"wpb_wrapper\"><h2 style=\"text-align: center;\">Light<\/h2>\n<p><strong>Light<\/strong>\u00a0ist die Farbe, die die meisten Menschen mit\u00a0<strong>sehr heller wei\u00dfer Haut<\/strong>\u00a0w\u00e4hlen, auch mit Sommersprossen.<\/p>\n<p>Dieser Hauttyp verbrennt sehr schnell und wird nicht braun. Oft haben diese Menschen rotes oder hellblondes Haar und helle Augen.<\/p>\n<p><em>Wenn Sie Zweifel an Ihrem Hautton haben, kontaktieren Sie uns bitte und wir beraten Sie\u00a0<a href=\"https:\/\/www.sundaybrush.com\/de\/kontakt\/\">pers\u00f6nlich<\/a>.<\/em><\/p>\n<\/div><\/div><div class=\"w-btn-wrapper width_auto align_center\"><a class=\"w-btn us-btn-style_1\" title=\"Sunday Brush \u2013 SPF 50\" href=\"https:\/\/www.sundaybrush.com\/de\/produkt\/mineralisches-sonnenschutz-puder\/?attribute_farbe=Light\"><span class=\"w-btn-label\">Licht ist meine Farbe<\/span><\/a><\/div><\/div><\/div><\/div><div class=\"vc_col-sm-3 wpb_column vc_column_container\"><div class=\"vc_column-inner us_custom_f232668a\"><div class=\"wpb_wrapper\"><div class=\"w-image align_none\"><div class=\"w-image-h\"><img loading=\"lazy\" decoding=\"async\" width=\"500\" height=\"500\" src=\"https:\/\/www.sundaybrush.com\/wp-content\/uploads\/2023\/06\/Medium.jpg\" class=\"attachment-large size-large\" alt=\"Help me kiezen: huidtint Medium\" srcset=\"https:\/\/www.sundaybrush.com\/wp-content\/uploads\/2023\/06\/Medium.jpg 500w, https:\/\/www.sundaybrush.com\/wp-content\/uploads\/2023\/06\/Medium-300x300.jpg 300w, https:\/\/www.sundaybrush.com\/wp-content\/uploads\/2023\/06\/Medium-150x150.jpg 150w\" sizes=\"auto, (max-width: 500px) 100vw, 500px\" \/><\/div><\/div><div class=\"w-separator size_small\"><\/div><div class=\"wpb_text_column\" ><div class=\"wpb_wrapper\"><h2 style=\"text-align: center;\">Medium<\/h2>\n<p><strong>Medium<\/strong>\u00a0ist die Farbe, die die meisten Menschen f\u00fcr helle Haut mit einem\u00a0<strong>gelben Unterton<\/strong>\u00a0w\u00e4hlen.<\/p>\n<p>Dieser Hauttyp verbrennt schnell, wird aber etwas hellbraun. Diese Menschen haben oft (dunkel) blondes Haar und graue, gr\u00fcne oder blaue Augen.<\/p>\n<p><em>Wenn Sie Zweifel an Ihrem Hautton haben, kontaktieren Sie uns bitte und wir beraten Sie\u00a0<a href=\"https:\/\/www.sundaybrush.com\/de\/kontakt\/\">pers\u00f6nlich<\/a>.<\/em><\/p>\n<\/div><\/div><div class=\"w-btn-wrapper width_auto align_center\"><a class=\"w-btn us-btn-style_1\" title=\"Sunday Brush \u2013 SPF 50\" href=\"https:\/\/www.sundaybrush.com\/de\/produkt\/mineralisches-sonnenschutz-puder\/?attribute_farbe=Medium\"><span class=\"w-btn-label\">Medium ist meine Farbe<\/span><\/a><\/div><\/div><\/div><\/div><div class=\"vc_col-sm-3 wpb_column vc_column_container with_overlay\"><div class=\"vc_column-inner us_custom_a3d12201\"><div class=\"vc_column-overlay\" style=\"background:#f5f5f5\"><\/div><div class=\"wpb_wrapper\"><div class=\"w-image align_none\"><div class=\"w-image-h\"><img loading=\"lazy\" decoding=\"async\" width=\"500\" height=\"500\" src=\"https:\/\/www.sundaybrush.com\/wp-content\/uploads\/2023\/06\/Tan.jpg\" class=\"attachment-large size-large\" alt=\"Help me kiezen: huidtint Tan\" srcset=\"https:\/\/www.sundaybrush.com\/wp-content\/uploads\/2023\/06\/Tan.jpg 500w, https:\/\/www.sundaybrush.com\/wp-content\/uploads\/2023\/06\/Tan-300x300.jpg 300w, https:\/\/www.sundaybrush.com\/wp-content\/uploads\/2023\/06\/Tan-150x150.jpg 150w\" sizes=\"auto, (max-width: 500px) 100vw, 500px\" \/><\/div><\/div><div class=\"w-separator size_small\"><\/div><div class=\"wpb_text_column\" ><div class=\"wpb_wrapper\"><h2 style=\"text-align: center;\">Tan<\/h2>\n<p><strong>Tan<\/strong>\u00a0ist die Farbe, die die meisten Menschen mit einem\u00a0<strong>roten Unterton<\/strong>\u00a0w\u00e4hlen.<\/p>\n<p>Dieser Hauttyp verbrennt weniger schnell und br\u00e4unt leicht. Diese Personen haben oft dunkelblondes oder braunes Haar und ziemlich dunkle Augen.<\/p>\n<p><em>Wenn Sie Zweifel an Ihrem Hautton haben, kontaktieren Sie uns bitte und wir beraten Sie\u00a0<a href=\"https:\/\/www.sundaybrush.com\/de\/kontakt\/\">pers\u00f6nlich<\/a>.<\/em><\/p>\n<\/div><\/div><div class=\"w-btn-wrapper width_auto align_center\"><a class=\"w-btn us-btn-style_1\" title=\"Sunday Brush \u2013 SPF 50\" href=\"https:\/\/www.sundaybrush.com\/de\/produkt\/mineralisches-sonnenschutz-puder\/?attribute_farbe=Tan\"><span class=\"w-btn-label\">Tan ist meine Farbe<\/span><\/a><\/div><\/div><\/div><\/div><div class=\"vc_col-sm-3 wpb_column vc_column_container\"><div class=\"vc_column-inner us_custom_56af03a5\"><div class=\"wpb_wrapper\"><div class=\"w-image align_none\"><div class=\"w-image-h\"><img loading=\"lazy\" decoding=\"async\" width=\"500\" height=\"500\" src=\"https:\/\/www.sundaybrush.com\/wp-content\/uploads\/2022\/02\/Sunday-Brush-dark-model.jpeg\" class=\"attachment-large size-large\" alt=\"Sunday Brush-dark model\" srcset=\"https:\/\/www.sundaybrush.com\/wp-content\/uploads\/2022\/02\/Sunday-Brush-dark-model.jpeg 500w, https:\/\/www.sundaybrush.com\/wp-content\/uploads\/2022\/02\/Sunday-Brush-dark-model-300x300.jpeg 300w, https:\/\/www.sundaybrush.com\/wp-content\/uploads\/2022\/02\/Sunday-Brush-dark-model-150x150.jpeg 150w\" sizes=\"auto, (max-width: 500px) 100vw, 500px\" \/><\/div><\/div><div class=\"w-separator size_small\"><\/div><div class=\"wpb_text_column\" ><div class=\"wpb_wrapper\"><h2 style=\"text-align: center;\">Dark<\/h2>\n<p class=\"_04xlpA direction-ltr align-start para-style-body\"><strong><span class=\"JsGRdQ\">Dark<\/span><\/strong>\u00a0<span class=\"JsGRdQ\">ist die Farbe, die die meisten Menschen mit\u00a0<strong>brauner<\/strong>\u00a0oder\u00a0<strong>dunkelbrauner Haut<\/strong>\u00a0w\u00e4hlen.<\/span><\/p>\n<p class=\"_04xlpA direction-ltr align-start para-style-body\"><span class=\"JsGRdQ\">Diese Haut brennt und br\u00e4unt selten leicht. Oft haben diese Menschen von Natur aus dunkelbraune oder schwarze Haare und dunkelbraune Augen.<\/span><\/p>\n<p><em>Wenn Sie Zweifel an Ihrem Hautton haben, kontaktieren Sie uns bitte und wir beraten Sie\u00a0<a href=\"https:\/\/www.sundaybrush.com\/de\/kontakt\/\">pers\u00f6nlich<\/a>.<\/em><\/p>\n<\/div><\/div><div class=\"w-btn-wrapper width_auto align_center\"><a class=\"w-btn us-btn-style_1\" title=\"Sunday Brush \u2013 SPF 50\" href=\"https:\/\/www.sundaybrush.com\/de\/produkt\/mineralisches-sonnenschutz-puder\/?attribute_farbe=Dark\"><span class=\"w-btn-label\">Dark ist meine Farbe<\/span><\/a><\/div><\/div><\/div><\/div><\/div><\/div><\/section><section class=\"l-section wpb_row height_medium\"><div class=\"l-section-h i-cf\"><div class=\"g-cols vc_row type_default valign_top\"><div class=\"vc_col-sm-12 wpb_column vc_column_container\"><div class=\"vc_column-inner\"><div class=\"wpb_wrapper\"><div class=\"w-actionbox us_custom_eb849559 color_light controls_bottom\"><div class=\"w-actionbox-text\"><h2>Ben\u00f6tigen Sie (telefonische) Hilfe bei der Auswahl?<\/h2><p style=\"text-align: center;\">Das ist m\u00f6glich! Wir helfen Ihnen gerne weiter.<br \/>\nSie erreichen uns \u00fcber die WhatsApp: <a href=\"https:\/\/wa.me\/31658969588\">+31 (0)6 58 96 95 88<\/a>\u00a0oder erreichen uns unter: <a href=\"tel:+31850043121\">+31 (0)85 004 31 21<\/a><\/p>\n<\/div><div class=\"w-actionbox-controls\"><a class=\"w-btn us-btn-style_1\" title=\"Kontakt\" href=\"https:\/\/www.sundaybrush.com\/de\/kontakt\/\"><span class=\"w-btn-label\">Kontakt<\/span><\/a><\/div><\/div><\/div><\/div><\/div><\/div><\/div><\/section>\n","protected":false},"excerpt":{"rendered":"Helfen Sie mir bei der Auswahl Sunday Brush ist in 4 nat\u00fcrlichen Hautt\u00f6nen erh\u00e4ltlich: Light, Medium, Tan und Dark. Um herauszufinden, welcher Farbton am besten zu Ihrer Haut passt, haben wir die folgende \u00dcbersicht zusammengestellt. Auf diese Weise k\u00f6nnen Sie leicht erkennen, welcher Sunday Brush-Hautton am besten zu Ihnen passt, und eine Auswahl treffen. Light...","protected":false},"author":11,"featured_media":0,"parent":0,"menu_order":0,"comment_status":"closed","ping_status":"closed","template":"","meta":{"_acf_changed":false,"footnotes":""},"class_list":["post-13416","page","type-page","status-publish","hentry"],"acf":[],"yoast_head":"<!-- This site is optimized with the Yoast SEO Premium plugin v27.3 (Yoast SEO v27.4) - https:\/\/yoast.com\/product\/yoast-seo-premium-wordpress\/ -->\n<title>Helfen Sie mir bei der Auswahl den richtigen Farbton w\u00e4hlen | \ud83d\udd06 Sunday Brush<\/title>\n<meta name=\"description\" content=\"Hilf mir bei der Auswahl, Sunday Brush hat 4 Hautt\u00f6ne, die sich deiner Haut am besten n\u00e4hern. Wir helfen Ihnen bei der Auswahl des richtigen Hautfarbtons.\" \/>\n<meta name=\"robots\" content=\"index, follow, max-snippet:-1, max-image-preview:large, max-video-preview:-1\" \/>\n<link rel=\"canonical\" href=\"https:\/\/www.sundaybrush.com\/de\/hilfe-mit-auswahl\/\" \/>\n<meta property=\"og:locale\" content=\"de_DE\" \/>\n<meta property=\"og:type\" content=\"article\" \/>\n<meta property=\"og:title\" content=\"Helfen Sie mir bei der Auswahl\" \/>\n<meta property=\"og:description\" content=\"Hilf mir bei der Auswahl, Sunday Brush hat 4 Hautt\u00f6ne, die sich deiner Haut am besten n\u00e4hern. Wir helfen Ihnen bei der Auswahl des richtigen Hautfarbtons.\" \/>\n<meta property=\"og:url\" content=\"https:\/\/www.sundaybrush.com\/de\/hilfe-mit-auswahl\/\" \/>\n<meta property=\"og:site_name\" content=\"Sunday Brush\" \/>\n<meta property=\"article:modified_time\" content=\"2024-02-14T07:08:30+00:00\" \/>\n<meta property=\"og:image\" content=\"https:\/\/www.sundaybrush.com\/wp-content\/uploads\/2025\/06\/Sunday-Brush-European-Natural-Beauty-Award.png\" \/>\n\t<meta property=\"og:image:width\" content=\"1024\" \/>\n\t<meta property=\"og:image:height\" content=\"1024\" \/>\n\t<meta property=\"og:image:type\" content=\"image\/png\" \/>\n<meta name=\"twitter:card\" content=\"summary_large_image\" \/>\n<meta name=\"twitter:label1\" content=\"Gesch\u00e4tzte Lesezeit\" \/>\n\t<meta name=\"twitter:data1\" content=\"2\u00a0Minuten\" \/>\n<script type=\"application\/ld+json\" class=\"yoast-schema-graph\">{\"@context\":\"https:\\\/\\\/schema.org\",\"@graph\":[{\"@type\":\"WebPage\",\"@id\":\"https:\\\/\\\/www.sundaybrush.com\\\/de\\\/hilfe-mit-auswahl\\\/\",\"url\":\"https:\\\/\\\/www.sundaybrush.com\\\/de\\\/hilfe-mit-auswahl\\\/\",\"name\":\"Helfen Sie mir bei der Auswahl den richtigen Farbton w\u00e4hlen | \ud83d\udd06 Sunday Brush\",\"isPartOf\":{\"@id\":\"https:\\\/\\\/www.sundaybrush.com\\\/de\\\/#website\"},\"datePublished\":\"2019-05-06T14:23:48+00:00\",\"dateModified\":\"2024-02-14T07:08:30+00:00\",\"description\":\"Hilf mir bei der Auswahl, Sunday Brush hat 4 Hautt\u00f6ne, die sich deiner Haut am besten n\u00e4hern. Wir helfen Ihnen bei der Auswahl des richtigen Hautfarbtons.\",\"breadcrumb\":{\"@id\":\"https:\\\/\\\/www.sundaybrush.com\\\/de\\\/hilfe-mit-auswahl\\\/#breadcrumb\"},\"inLanguage\":\"de\",\"potentialAction\":[{\"@type\":\"ReadAction\",\"target\":[\"https:\\\/\\\/www.sundaybrush.com\\\/de\\\/hilfe-mit-auswahl\\\/\"]}]},{\"@type\":\"BreadcrumbList\",\"@id\":\"https:\\\/\\\/www.sundaybrush.com\\\/de\\\/hilfe-mit-auswahl\\\/#breadcrumb\",\"itemListElement\":[{\"@type\":\"ListItem\",\"position\":1,\"name\":\"Home\",\"item\":\"https:\\\/\\\/www.sundaybrush.com\\\/de\\\/\"},{\"@type\":\"ListItem\",\"position\":2,\"name\":\"Helfen Sie mir bei der Auswahl\"}]},{\"@type\":\"WebSite\",\"@id\":\"https:\\\/\\\/www.sundaybrush.com\\\/de\\\/#website\",\"url\":\"https:\\\/\\\/www.sundaybrush.com\\\/de\\\/\",\"name\":\"Sunday Brush\",\"description\":\"Ihr t\u00e4glischer UV schutz\",\"publisher\":{\"@id\":\"https:\\\/\\\/www.sundaybrush.com\\\/de\\\/#organization\"},\"potentialAction\":[{\"@type\":\"SearchAction\",\"target\":{\"@type\":\"EntryPoint\",\"urlTemplate\":\"https:\\\/\\\/www.sundaybrush.com\\\/de\\\/?s={search_term_string}\"},\"query-input\":{\"@type\":\"PropertyValueSpecification\",\"valueRequired\":true,\"valueName\":\"search_term_string\"}}],\"inLanguage\":\"de\"},{\"@type\":\"Organization\",\"@id\":\"https:\\\/\\\/www.sundaybrush.com\\\/de\\\/#organization\",\"name\":\"Sunday Brush\",\"alternateName\":\"Sundaybrush\",\"url\":\"https:\\\/\\\/www.sundaybrush.com\\\/de\\\/\",\"logo\":{\"@type\":\"ImageObject\",\"inLanguage\":\"de\",\"@id\":\"https:\\\/\\\/www.sundaybrush.com\\\/de\\\/#\\\/schema\\\/logo\\\/image\\\/\",\"url\":\"https:\\\/\\\/www.sundaybrush.com\\\/wp-content\\\/uploads\\\/2021\\\/02\\\/Logo-Sunday-Brush-transparant.png\",\"contentUrl\":\"https:\\\/\\\/www.sundaybrush.com\\\/wp-content\\\/uploads\\\/2021\\\/02\\\/Logo-Sunday-Brush-transparant.png\",\"width\":1709,\"height\":227,\"caption\":\"Sunday Brush\"},\"image\":{\"@id\":\"https:\\\/\\\/www.sundaybrush.com\\\/de\\\/#\\\/schema\\\/logo\\\/image\\\/\"},\"sameAs\":[\"https:\\\/\\\/www.instagram.com\\\/sundaybrush\\\/\",\"https:\\\/\\\/www.linkedin.com\\\/company\\\/sunday-brush\",\"https:\\\/\\\/www.youtube.com\\\/channel\\\/UCidSRkO6tDIgl3SU60b9coQ\"],\"description\":\"Sunday Brush is a registered trademark of Nxt Cosmetics BV.\",\"email\":\"info@sundaybrush.com\",\"telephone\":\"003185-0043121\",\"legalName\":\"Nxt Cosmetics BV\",\"numberOfEmployees\":{\"@type\":\"QuantitativeValue\",\"minValue\":\"1\",\"maxValue\":\"10\"}}]}<\/script>\n<!-- \/ Yoast SEO Premium plugin. -->","yoast_head_json":{"title":"Helfen Sie mir bei der Auswahl den richtigen Farbton w\u00e4hlen | \ud83d\udd06 Sunday Brush","description":"Hilf mir bei der Auswahl, Sunday Brush hat 4 Hautt\u00f6ne, die sich deiner Haut am besten n\u00e4hern. Wir helfen Ihnen bei der Auswahl des richtigen Hautfarbtons.","robots":{"index":"index","follow":"follow","max-snippet":"max-snippet:-1","max-image-preview":"max-image-preview:large","max-video-preview":"max-video-preview:-1"},"canonical":"https:\/\/www.sundaybrush.com\/de\/hilfe-mit-auswahl\/","og_locale":"de_DE","og_type":"article","og_title":"Helfen Sie mir bei der Auswahl","og_description":"Hilf mir bei der Auswahl, Sunday Brush hat 4 Hautt\u00f6ne, die sich deiner Haut am besten n\u00e4hern. Wir helfen Ihnen bei der Auswahl des richtigen Hautfarbtons.","og_url":"https:\/\/www.sundaybrush.com\/de\/hilfe-mit-auswahl\/","og_site_name":"Sunday Brush","article_modified_time":"2024-02-14T07:08:30+00:00","og_image":[{"width":1024,"height":1024,"url":"https:\/\/www.sundaybrush.com\/wp-content\/uploads\/2025\/06\/Sunday-Brush-European-Natural-Beauty-Award.png","type":"image\/png"}],"twitter_card":"summary_large_image","twitter_misc":{"Gesch\u00e4tzte Lesezeit":"2\u00a0Minuten"},"schema":{"@context":"https:\/\/schema.org","@graph":[{"@type":"WebPage","@id":"https:\/\/www.sundaybrush.com\/de\/hilfe-mit-auswahl\/","url":"https:\/\/www.sundaybrush.com\/de\/hilfe-mit-auswahl\/","name":"Helfen Sie mir bei der Auswahl den richtigen Farbton w\u00e4hlen | \ud83d\udd06 Sunday Brush","isPartOf":{"@id":"https:\/\/www.sundaybrush.com\/de\/#website"},"datePublished":"2019-05-06T14:23:48+00:00","dateModified":"2024-02-14T07:08:30+00:00","description":"Hilf mir bei der Auswahl, Sunday Brush hat 4 Hautt\u00f6ne, die sich deiner Haut am besten n\u00e4hern. Wir helfen Ihnen bei der Auswahl des richtigen Hautfarbtons.","breadcrumb":{"@id":"https:\/\/www.sundaybrush.com\/de\/hilfe-mit-auswahl\/#breadcrumb"},"inLanguage":"de","potentialAction":[{"@type":"ReadAction","target":["https:\/\/www.sundaybrush.com\/de\/hilfe-mit-auswahl\/"]}]},{"@type":"BreadcrumbList","@id":"https:\/\/www.sundaybrush.com\/de\/hilfe-mit-auswahl\/#breadcrumb","itemListElement":[{"@type":"ListItem","position":1,"name":"Home","item":"https:\/\/www.sundaybrush.com\/de\/"},{"@type":"ListItem","position":2,"name":"Helfen Sie mir bei der Auswahl"}]},{"@type":"WebSite","@id":"https:\/\/www.sundaybrush.com\/de\/#website","url":"https:\/\/www.sundaybrush.com\/de\/","name":"Sunday Brush","description":"Ihr t\u00e4glischer UV schutz","publisher":{"@id":"https:\/\/www.sundaybrush.com\/de\/#organization"},"potentialAction":[{"@type":"SearchAction","target":{"@type":"EntryPoint","urlTemplate":"https:\/\/www.sundaybrush.com\/de\/?s={search_term_string}"},"query-input":{"@type":"PropertyValueSpecification","valueRequired":true,"valueName":"search_term_string"}}],"inLanguage":"de"},{"@type":"Organization","@id":"https:\/\/www.sundaybrush.com\/de\/#organization","name":"Sunday Brush","alternateName":"Sundaybrush","url":"https:\/\/www.sundaybrush.com\/de\/","logo":{"@type":"ImageObject","inLanguage":"de","@id":"https:\/\/www.sundaybrush.com\/de\/#\/schema\/logo\/image\/","url":"https:\/\/www.sundaybrush.com\/wp-content\/uploads\/2021\/02\/Logo-Sunday-Brush-transparant.png","contentUrl":"https:\/\/www.sundaybrush.com\/wp-content\/uploads\/2021\/02\/Logo-Sunday-Brush-transparant.png","width":1709,"height":227,"caption":"Sunday Brush"},"image":{"@id":"https:\/\/www.sundaybrush.com\/de\/#\/schema\/logo\/image\/"},"sameAs":["https:\/\/www.instagram.com\/sundaybrush\/","https:\/\/www.linkedin.com\/company\/sunday-brush","https:\/\/www.youtube.com\/channel\/UCidSRkO6tDIgl3SU60b9coQ"],"description":"Sunday Brush is a registered trademark of Nxt Cosmetics BV.","email":"info@sundaybrush.com","telephone":"003185-0043121","legalName":"Nxt Cosmetics BV","numberOfEmployees":{"@type":"QuantitativeValue","minValue":"1","maxValue":"10"}}]}},"_links":{"self":[{"href":"https:\/\/www.sundaybrush.com\/de\/wp-json\/wp\/v2\/pages\/13416","targetHints":{"allow":["GET"]}}],"collection":[{"href":"https:\/\/www.sundaybrush.com\/de\/wp-json\/wp\/v2\/pages"}],"about":[{"href":"https:\/\/www.sundaybrush.com\/de\/wp-json\/wp\/v2\/types\/page"}],"author":[{"embeddable":true,"href":"https:\/\/www.sundaybrush.com\/de\/wp-json\/wp\/v2\/users\/11"}],"replies":[{"embeddable":true,"href":"https:\/\/www.sundaybrush.com\/de\/wp-json\/wp\/v2\/comments?post=13416"}],"version-history":[{"count":2,"href":"https:\/\/www.sundaybrush.com\/de\/wp-json\/wp\/v2\/pages\/13416\/revisions"}],"predecessor-version":[{"id":44373,"href":"https:\/\/www.sundaybrush.com\/de\/wp-json\/wp\/v2\/pages\/13416\/revisions\/44373"}],"wp:attachment":[{"href":"https:\/\/www.sundaybrush.com\/de\/wp-json\/wp\/v2\/media?parent=13416"}],"curies":[{"name":"wp","href":"https:\/\/api.w.org\/{rel}","templated":true}]}}