{"id":50352,"date":"2024-06-26T08:53:52","date_gmt":"2024-06-26T06:53:52","guid":{"rendered":"https:\/\/www.sundaybrush.com\/?post_type=product&#038;p=50352"},"modified":"2026-03-02T14:55:02","modified_gmt":"2026-03-02T13:55:02","slug":"perfect-cleansing-balm","status":"publish","type":"product","link":"https:\/\/www.sundaybrush.com\/de\/produkt\/perfect-cleansing-balm\/","title":{"rendered":"Perfect Cleansing Balm"},"content":{"rendered":"","protected":false},"excerpt":{"rendered":"<p>Reinigen \u2013 Hydratisieren \u2013 N\u00e4hren<\/p>\n<p>Der Perfect Cleansing Balm reinigt die Haut m\u00fchelos und ist auch f\u00fcr empfindliche Haut geeignet. Der luxuri\u00f6se Reinigungsbalsam wurde speziell entwickelt, um die Haut am Ende des Tages einfach und effektiv zu reinigen.<\/p>\n<h3>Cica und Vitamine E<\/h3>\n<p>Die speziell entwickelte Formel enth\u00e4lt Cica und Vitamin E.<br \/>\nVitamin E wirkt feuchtigkeitsspendend, ohne die Haut auszutrocknen.<\/p>\n<p>Cica besitzt heilende und beruhigende Eigenschaften \u2013 es lindert Hautirritationen, reduziert R\u00f6tungen und beschleunigt die Regeneration. Au\u00dferdem f\u00f6rdert es die Kollagenproduktion, wodurch die Haut jung und gesund aussieht.<\/p>\n<h3>2-in-1 Nachtbalsam<\/h3>\n<p>Ein zus\u00e4tzlicher Vorteil: Auf gereinigter Haut kann der Balsam auch als Nachtpflege verwendet werden, um die Haut \u00fcber Nacht zu hydratisieren und zu pflegen.<\/p>\n<h3>Die Vorteile<\/h3>\n<ul>\n<li>Entfernt SPF und Make-up<\/li>\n<li>Sanft zur empfindlichen Haut<\/li>\n<li>Reinigt, spendet Feuchtigkeit und pflegt<\/li>\n<\/ul>\n","protected":false},"featured_media":51542,"menu_order":0,"comment_status":"open","ping_status":"closed","template":"","meta":{"_acf_changed":false},"product_brand":[],"product_cat":[447],"product_tag":[453],"class_list":{"0":"post-50352","1":"product","2":"type-product","3":"status-publish","4":"has-post-thumbnail","6":"product_cat-perfect-cleansing-balm-de","7":"product_tag-perfect-cleansing-balm-de","9":"first","10":"instock","11":"taxable","12":"shipping-taxable","13":"purchasable","14":"product-type-simple"},"acf":[],"yoast_head":"<!-- This site is optimized with the Yoast SEO Premium plugin v27.3 (Yoast SEO v27.4) - https:\/\/yoast.com\/product\/yoast-seo-premium-wordpress\/ -->\n<title>Perfect Cleansing Balm | Sunday Brush<\/title>\n<meta name=\"description\" content=\"Der Perfect Cleansing Balm entfernt Make-up sanft und ist ideal f\u00fcr empfindliche Haut. Mit Cica und Vitamin E f\u00fcr Feuchtigkeit und Pflege nach der Reinigung\" \/>\n<meta name=\"robots\" content=\"index, follow, max-snippet:-1, max-image-preview:large, max-video-preview:-1\" \/>\n<link rel=\"canonical\" href=\"https:\/\/www.sundaybrush.com\/de\/produkt\/perfect-cleansing-balm\/\" \/>\n<meta property=\"og:locale\" content=\"de_DE\" \/>\n<meta property=\"og:type\" content=\"article\" \/>\n<meta property=\"og:title\" content=\"Perfect Cleansing Balm\" \/>\n<meta property=\"og:description\" content=\"Der Perfect Cleansing Balm entfernt Make-up sanft und ist ideal f\u00fcr empfindliche Haut. Mit Cica und Vitamin E f\u00fcr Feuchtigkeit und Pflege nach der Reinigung\" \/>\n<meta property=\"og:url\" content=\"https:\/\/www.sundaybrush.com\/de\/produkt\/perfect-cleansing-balm\/\" \/>\n<meta property=\"og:site_name\" content=\"Sunday Brush\" \/>\n<meta property=\"article:modified_time\" content=\"2026-03-02T13:55:02+00:00\" \/>\n<meta property=\"og:image\" content=\"https:\/\/www.sundaybrush.com\/wp-content\/uploads\/2024\/06\/Perfect-Cleansing-Balm-EN-website-Sunday-Brush.png\" \/>\n\t<meta property=\"og:image:width\" content=\"600\" \/>\n\t<meta property=\"og:image:height\" content=\"600\" \/>\n\t<meta property=\"og:image:type\" content=\"image\/png\" \/>\n<meta name=\"twitter:card\" content=\"summary_large_image\" \/>\n<meta name=\"twitter:label1\" content=\"Gesch\u00e4tzte Lesezeit\" \/>\n\t<meta name=\"twitter:data1\" content=\"1\u00a0Minute\" \/>\n<script type=\"application\/ld+json\" class=\"yoast-schema-graph\">{\"@context\":\"https:\\\/\\\/schema.org\",\"@graph\":[{\"@type\":\"WebPage\",\"@id\":\"https:\\\/\\\/www.sundaybrush.com\\\/de\\\/produkt\\\/perfect-cleansing-balm\\\/\",\"url\":\"https:\\\/\\\/www.sundaybrush.com\\\/de\\\/produkt\\\/perfect-cleansing-balm\\\/\",\"name\":\"Perfect Cleansing Balm | Sunday Brush\",\"isPartOf\":{\"@id\":\"https:\\\/\\\/www.sundaybrush.com\\\/de\\\/#website\"},\"primaryImageOfPage\":{\"@id\":\"https:\\\/\\\/www.sundaybrush.com\\\/de\\\/produkt\\\/perfect-cleansing-balm\\\/#primaryimage\"},\"image\":{\"@id\":\"https:\\\/\\\/www.sundaybrush.com\\\/de\\\/produkt\\\/perfect-cleansing-balm\\\/#primaryimage\"},\"thumbnailUrl\":\"https:\\\/\\\/www.sundaybrush.com\\\/wp-content\\\/uploads\\\/2024\\\/06\\\/Perfect-Cleansing-Balm-2.jpg\",\"datePublished\":\"2024-06-26T06:53:52+00:00\",\"dateModified\":\"2026-03-02T13:55:02+00:00\",\"description\":\"Der Perfect Cleansing Balm entfernt Make-up sanft und ist ideal f\u00fcr empfindliche Haut. Mit Cica und Vitamin E f\u00fcr Feuchtigkeit und Pflege nach der Reinigung\",\"breadcrumb\":{\"@id\":\"https:\\\/\\\/www.sundaybrush.com\\\/de\\\/produkt\\\/perfect-cleansing-balm\\\/#breadcrumb\"},\"inLanguage\":\"de\",\"potentialAction\":[{\"@type\":\"ReadAction\",\"target\":[\"https:\\\/\\\/www.sundaybrush.com\\\/de\\\/produkt\\\/perfect-cleansing-balm\\\/\"]}]},{\"@type\":\"ImageObject\",\"inLanguage\":\"de\",\"@id\":\"https:\\\/\\\/www.sundaybrush.com\\\/de\\\/produkt\\\/perfect-cleansing-balm\\\/#primaryimage\",\"url\":\"https:\\\/\\\/www.sundaybrush.com\\\/wp-content\\\/uploads\\\/2024\\\/06\\\/Perfect-Cleansing-Balm-2.jpg\",\"contentUrl\":\"https:\\\/\\\/www.sundaybrush.com\\\/wp-content\\\/uploads\\\/2024\\\/06\\\/Perfect-Cleansing-Balm-2.jpg\",\"width\":600,\"height\":600,\"caption\":\"perfect-cleansing-balm\"},{\"@type\":\"BreadcrumbList\",\"@id\":\"https:\\\/\\\/www.sundaybrush.com\\\/de\\\/produkt\\\/perfect-cleansing-balm\\\/#breadcrumb\",\"itemListElement\":[{\"@type\":\"ListItem\",\"position\":1,\"name\":\"Home\",\"item\":\"https:\\\/\\\/www.sundaybrush.com\\\/de\\\/\"},{\"@type\":\"ListItem\",\"position\":2,\"name\":\"Shop\",\"item\":\"https:\\\/\\\/www.sundaybrush.com\\\/de\\\/shop\\\/\"},{\"@type\":\"ListItem\",\"position\":3,\"name\":\"Perfect Cleansing Balm\"}]},{\"@type\":\"WebSite\",\"@id\":\"https:\\\/\\\/www.sundaybrush.com\\\/de\\\/#website\",\"url\":\"https:\\\/\\\/www.sundaybrush.com\\\/de\\\/\",\"name\":\"Sunday Brush\",\"description\":\"Ihr t\u00e4glischer UV schutz\",\"publisher\":{\"@id\":\"https:\\\/\\\/www.sundaybrush.com\\\/de\\\/#organization\"},\"potentialAction\":[{\"@type\":\"SearchAction\",\"target\":{\"@type\":\"EntryPoint\",\"urlTemplate\":\"https:\\\/\\\/www.sundaybrush.com\\\/de\\\/?s={search_term_string}\"},\"query-input\":{\"@type\":\"PropertyValueSpecification\",\"valueRequired\":true,\"valueName\":\"search_term_string\"}}],\"inLanguage\":\"de\"},{\"@type\":\"Organization\",\"@id\":\"https:\\\/\\\/www.sundaybrush.com\\\/de\\\/#organization\",\"name\":\"Sunday Brush\",\"alternateName\":\"Sundaybrush\",\"url\":\"https:\\\/\\\/www.sundaybrush.com\\\/de\\\/\",\"logo\":{\"@type\":\"ImageObject\",\"inLanguage\":\"de\",\"@id\":\"https:\\\/\\\/www.sundaybrush.com\\\/de\\\/#\\\/schema\\\/logo\\\/image\\\/\",\"url\":\"https:\\\/\\\/www.sundaybrush.com\\\/wp-content\\\/uploads\\\/2021\\\/02\\\/Logo-Sunday-Brush-transparant.png\",\"contentUrl\":\"https:\\\/\\\/www.sundaybrush.com\\\/wp-content\\\/uploads\\\/2021\\\/02\\\/Logo-Sunday-Brush-transparant.png\",\"width\":1709,\"height\":227,\"caption\":\"Sunday Brush\"},\"image\":{\"@id\":\"https:\\\/\\\/www.sundaybrush.com\\\/de\\\/#\\\/schema\\\/logo\\\/image\\\/\"},\"sameAs\":[\"https:\\\/\\\/www.instagram.com\\\/sundaybrush\\\/\",\"https:\\\/\\\/www.linkedin.com\\\/company\\\/sunday-brush\",\"https:\\\/\\\/www.youtube.com\\\/channel\\\/UCidSRkO6tDIgl3SU60b9coQ\"],\"description\":\"Sunday Brush is a registered trademark of Nxt Cosmetics BV.\",\"email\":\"info@sundaybrush.com\",\"telephone\":\"003185-0043121\",\"legalName\":\"Nxt Cosmetics BV\",\"numberOfEmployees\":{\"@type\":\"QuantitativeValue\",\"minValue\":\"1\",\"maxValue\":\"10\"}}]}<\/script>\n<!-- \/ Yoast SEO Premium plugin. -->","yoast_head_json":{"title":"Perfect Cleansing Balm | Sunday Brush","description":"Der Perfect Cleansing Balm entfernt Make-up sanft und ist ideal f\u00fcr empfindliche Haut. Mit Cica und Vitamin E f\u00fcr Feuchtigkeit und Pflege nach der Reinigung","robots":{"index":"index","follow":"follow","max-snippet":"max-snippet:-1","max-image-preview":"max-image-preview:large","max-video-preview":"max-video-preview:-1"},"canonical":"https:\/\/www.sundaybrush.com\/de\/produkt\/perfect-cleansing-balm\/","og_locale":"de_DE","og_type":"article","og_title":"Perfect Cleansing Balm","og_description":"Der Perfect Cleansing Balm entfernt Make-up sanft und ist ideal f\u00fcr empfindliche Haut. Mit Cica und Vitamin E f\u00fcr Feuchtigkeit und Pflege nach der Reinigung","og_url":"https:\/\/www.sundaybrush.com\/de\/produkt\/perfect-cleansing-balm\/","og_site_name":"Sunday Brush","article_modified_time":"2026-03-02T13:55:02+00:00","og_image":[{"width":600,"height":600,"url":"https:\/\/www.sundaybrush.com\/wp-content\/uploads\/2024\/06\/Perfect-Cleansing-Balm-EN-website-Sunday-Brush.png","type":"image\/png"}],"twitter_card":"summary_large_image","twitter_misc":{"Gesch\u00e4tzte Lesezeit":"1\u00a0Minute"},"schema":{"@context":"https:\/\/schema.org","@graph":[{"@type":"WebPage","@id":"https:\/\/www.sundaybrush.com\/de\/produkt\/perfect-cleansing-balm\/","url":"https:\/\/www.sundaybrush.com\/de\/produkt\/perfect-cleansing-balm\/","name":"Perfect Cleansing Balm | Sunday Brush","isPartOf":{"@id":"https:\/\/www.sundaybrush.com\/de\/#website"},"primaryImageOfPage":{"@id":"https:\/\/www.sundaybrush.com\/de\/produkt\/perfect-cleansing-balm\/#primaryimage"},"image":{"@id":"https:\/\/www.sundaybrush.com\/de\/produkt\/perfect-cleansing-balm\/#primaryimage"},"thumbnailUrl":"https:\/\/www.sundaybrush.com\/wp-content\/uploads\/2024\/06\/Perfect-Cleansing-Balm-2.jpg","datePublished":"2024-06-26T06:53:52+00:00","dateModified":"2026-03-02T13:55:02+00:00","description":"Der Perfect Cleansing Balm entfernt Make-up sanft und ist ideal f\u00fcr empfindliche Haut. Mit Cica und Vitamin E f\u00fcr Feuchtigkeit und Pflege nach der Reinigung","breadcrumb":{"@id":"https:\/\/www.sundaybrush.com\/de\/produkt\/perfect-cleansing-balm\/#breadcrumb"},"inLanguage":"de","potentialAction":[{"@type":"ReadAction","target":["https:\/\/www.sundaybrush.com\/de\/produkt\/perfect-cleansing-balm\/"]}]},{"@type":"ImageObject","inLanguage":"de","@id":"https:\/\/www.sundaybrush.com\/de\/produkt\/perfect-cleansing-balm\/#primaryimage","url":"https:\/\/www.sundaybrush.com\/wp-content\/uploads\/2024\/06\/Perfect-Cleansing-Balm-2.jpg","contentUrl":"https:\/\/www.sundaybrush.com\/wp-content\/uploads\/2024\/06\/Perfect-Cleansing-Balm-2.jpg","width":600,"height":600,"caption":"perfect-cleansing-balm"},{"@type":"BreadcrumbList","@id":"https:\/\/www.sundaybrush.com\/de\/produkt\/perfect-cleansing-balm\/#breadcrumb","itemListElement":[{"@type":"ListItem","position":1,"name":"Home","item":"https:\/\/www.sundaybrush.com\/de\/"},{"@type":"ListItem","position":2,"name":"Shop","item":"https:\/\/www.sundaybrush.com\/de\/shop\/"},{"@type":"ListItem","position":3,"name":"Perfect Cleansing Balm"}]},{"@type":"WebSite","@id":"https:\/\/www.sundaybrush.com\/de\/#website","url":"https:\/\/www.sundaybrush.com\/de\/","name":"Sunday Brush","description":"Ihr t\u00e4glischer UV schutz","publisher":{"@id":"https:\/\/www.sundaybrush.com\/de\/#organization"},"potentialAction":[{"@type":"SearchAction","target":{"@type":"EntryPoint","urlTemplate":"https:\/\/www.sundaybrush.com\/de\/?s={search_term_string}"},"query-input":{"@type":"PropertyValueSpecification","valueRequired":true,"valueName":"search_term_string"}}],"inLanguage":"de"},{"@type":"Organization","@id":"https:\/\/www.sundaybrush.com\/de\/#organization","name":"Sunday Brush","alternateName":"Sundaybrush","url":"https:\/\/www.sundaybrush.com\/de\/","logo":{"@type":"ImageObject","inLanguage":"de","@id":"https:\/\/www.sundaybrush.com\/de\/#\/schema\/logo\/image\/","url":"https:\/\/www.sundaybrush.com\/wp-content\/uploads\/2021\/02\/Logo-Sunday-Brush-transparant.png","contentUrl":"https:\/\/www.sundaybrush.com\/wp-content\/uploads\/2021\/02\/Logo-Sunday-Brush-transparant.png","width":1709,"height":227,"caption":"Sunday Brush"},"image":{"@id":"https:\/\/www.sundaybrush.com\/de\/#\/schema\/logo\/image\/"},"sameAs":["https:\/\/www.instagram.com\/sundaybrush\/","https:\/\/www.linkedin.com\/company\/sunday-brush","https:\/\/www.youtube.com\/channel\/UCidSRkO6tDIgl3SU60b9coQ"],"description":"Sunday Brush is a registered trademark of Nxt Cosmetics BV.","email":"info@sundaybrush.com","telephone":"003185-0043121","legalName":"Nxt Cosmetics BV","numberOfEmployees":{"@type":"QuantitativeValue","minValue":"1","maxValue":"10"}}]}},"_links":{"self":[{"href":"https:\/\/www.sundaybrush.com\/de\/wp-json\/wp\/v2\/product\/50352","targetHints":{"allow":["GET"]}}],"collection":[{"href":"https:\/\/www.sundaybrush.com\/de\/wp-json\/wp\/v2\/product"}],"about":[{"href":"https:\/\/www.sundaybrush.com\/de\/wp-json\/wp\/v2\/types\/product"}],"replies":[{"embeddable":true,"href":"https:\/\/www.sundaybrush.com\/de\/wp-json\/wp\/v2\/comments?post=50352"}],"wp:featuredmedia":[{"embeddable":true,"href":"https:\/\/www.sundaybrush.com\/de\/wp-json\/wp\/v2\/media\/51542"}],"wp:attachment":[{"href":"https:\/\/www.sundaybrush.com\/de\/wp-json\/wp\/v2\/media?parent=50352"}],"wp:term":[{"taxonomy":"product_brand","embeddable":true,"href":"https:\/\/www.sundaybrush.com\/de\/wp-json\/wp\/v2\/product_brand?post=50352"},{"taxonomy":"product_cat","embeddable":true,"href":"https:\/\/www.sundaybrush.com\/de\/wp-json\/wp\/v2\/product_cat?post=50352"},{"taxonomy":"product_tag","embeddable":true,"href":"https:\/\/www.sundaybrush.com\/de\/wp-json\/wp\/v2\/product_tag?post=50352"}],"curies":[{"name":"wp","href":"https:\/\/api.w.org\/{rel}","templated":true}]}}