{"id":40049,"date":"2023-01-09T08:19:41","date_gmt":"2023-01-09T07:19:41","guid":{"rendered":"https:\/\/www.sundaybrush.com\/contacto\/"},"modified":"2024-01-03T16:12:25","modified_gmt":"2024-01-03T15:12:25","slug":"contacto","status":"publish","type":"page","link":"https:\/\/www.sundaybrush.com\/es\/contacto\/","title":{"rendered":"Datos de contacto"},"content":{"rendered":"<section class=\"l-section wpb_row height_medium\"><div class=\"l-section-h i-cf\"><div class=\"g-cols vc_row type_default valign_top\"><div class=\"vc_col-sm-8 wpb_column vc_column_container\"><div class=\"vc_column-inner\"><div class=\"wpb_wrapper\"><div class=\"w-separator size_medium\"><\/div>[vc_custom_heading source=&#8221;post_title&#8221; font_container=&#8221;tag:h1|text_align:left&#8221; use_theme_fonts=&#8221;yes&#8221; css=&#8221;%7B%22default%22%3A%7B%22color%22%3A%22%23236192%22%7D%7D&#8221;]<div class=\"wpb_text_column us_custom_5351f278\" ><div class=\"wpb_wrapper\"><p style=\"text-align: left;\">Si tiene alguna pregunta que no est\u00e9 en nuestra lista de preguntas frecuentes, utilice nuestro formulario de contacto o p\u00f3ngase en contacto con nosotros de una de las siguientes maneras.<\/p>\n<p style=\"text-align: left;\">Nos encantar\u00eda conocer su opini\u00f3n.<\/p>\n<\/div><\/div><div class=\"wpb_text_column\" ><div class=\"wpb_wrapper\"><div><span style=\"color: #535353;\"><span style=\"color: #236192;\">Horario de atenci\u00f3n al p\u00fablico:<\/span><br \/>\nDe Lunes a viernes de 9:00h a 16:00h<br \/>\n<\/span><\/div>\n<div><\/div>\n<div>Durante nuestro horario de atenci\u00f3n al p\u00fablico, puede ponerse en contacto con nosotros por correo electr\u00f3nico, tel\u00e9fono, WhatsApp y redes sociales.<\/div>\n<\/div><\/div><\/div><\/div><\/div><div class=\"vc_col-sm-4 wpb_column vc_column_container\"><div class=\"vc_column-inner\"><div class=\"wpb_wrapper\"><div class=\"w-image align_center\"><div class=\"w-image-h\"><img loading=\"lazy\" decoding=\"async\" width=\"300\" height=\"300\" src=\"https:\/\/www.sundaybrush.com\/wp-content\/uploads\/2021\/02\/Sunday-Brush-contact-300x300.png\" class=\"attachment-medium size-medium\" alt=\"\" srcset=\"https:\/\/www.sundaybrush.com\/wp-content\/uploads\/2021\/02\/Sunday-Brush-contact-300x300.png 300w, https:\/\/www.sundaybrush.com\/wp-content\/uploads\/2021\/02\/Sunday-Brush-contact-550x550.png 550w, https:\/\/www.sundaybrush.com\/wp-content\/uploads\/2021\/02\/Sunday-Brush-contact-150x150.png 150w, https:\/\/www.sundaybrush.com\/wp-content\/uploads\/2021\/02\/Sunday-Brush-contact.png 600w\" sizes=\"auto, (max-width: 300px) 100vw, 300px\" \/><\/div><\/div><\/div><\/div><\/div><\/div><\/div><\/section><section class=\"l-section wpb_row us_custom_e43ad429 height_small\"><div class=\"l-section-h i-cf\"><div class=\"g-cols vc_row type_default valign_top\"><div class=\"vc_col-sm-12 wpb_column vc_column_container\"><div class=\"vc_column-inner\"><div class=\"wpb_wrapper\"><div class=\"g-cols wpb_row  us_custom_f33d4f54 type_default valign_top vc_inner\"><div class=\"vc_col-sm-3 wpb_column vc_column_container\"><div class=\"vc_column-inner\"><div class=\"wpb_wrapper\"><div class=\"wpb_text_column\" ><div class=\"wpb_wrapper\"><div><\/div>\n<div class=\"whatsapp-numbers primary-text\" style=\"text-align: center;\"><span style=\"color: #236192;\">WhatsApp<\/span><\/div>\n<p class=\"text-color-default\" style=\"text-align: center;\"><span style=\"color: #535353;\"><a style=\"color: #535353;\" href=\"https:\/\/wa.me\/31658969588\">+31 65 89 69 588<\/a><\/span><\/p>\n<\/div><\/div><\/div><\/div><\/div><div class=\"vc_col-sm-3 wpb_column vc_column_container\"><div class=\"vc_column-inner\"><div class=\"wpb_wrapper\"><div class=\"wpb_text_column\" ><div class=\"wpb_wrapper\"><div><\/div>\n<div class=\"phone-numbers primary-text\" style=\"text-align: center;\"><span style=\"color: #236192;\">Tel\u00e9fono de contacto<\/span><\/div>\n<p class=\"text-color-default\" style=\"text-align: center;\"><span style=\"color: #535353;\"><a href=\"tel:+31850043121\">+31 (0)85 004 31 21<\/a><br \/>\n(Holand\u00e9s e Ingl\u00e9s)<\/span><\/p>\n<\/div><\/div><\/div><\/div><\/div><div class=\"vc_col-sm-3 wpb_column vc_column_container\"><div class=\"vc_column-inner\"><div class=\"wpb_wrapper\"><div class=\"wpb_text_column\" ><div class=\"wpb_wrapper\"><div><\/div>\n<div class=\"email-address primary-text\" style=\"text-align: center;\"><span style=\"color: #236192;\">Correo electr\u00f3nico<\/span><\/div>\n<p style=\"text-align: center;\"><span style=\"color: #535353;\"><a style=\"color: #535353;\" href=\"mailto:service@sundaybrush.com\">service@sundaybrush.com<\/a><\/span><\/p>\n<\/div><\/div><\/div><\/div><\/div><div class=\"vc_col-sm-3 wpb_column vc_column_container\"><div class=\"vc_column-inner\"><div class=\"wpb_wrapper\"><div class=\"wpb_text_column\" ><div class=\"wpb_wrapper\"><div><\/div>\n<div class=\"office-address primary-text\" style=\"text-align: center;\"><span style=\"color: #236192;\">Direcci\u00f3n postal<\/span><\/div>\n<p style=\"text-align: center;\"><span style=\"color: #535353;\">Dolomietenlaan 10, 5801PR, Venray<br \/>\nPa\u00edses Bajos<br \/>\n<\/span><\/p>\n<\/div><\/div><\/div><\/div><\/div><\/div><\/div><\/div><\/div><\/div><\/div><\/section><section class=\"l-section wpb_row height_medium\"><div class=\"l-section-h i-cf\"><div class=\"g-cols vc_row type_default valign_top\"><div class=\"vc_col-sm-12 wpb_column vc_column_container\"><div class=\"vc_column-inner\"><div class=\"wpb_wrapper\"><div class=\"wpb_text_column\" ><div class=\"wpb_wrapper\"><h2 style=\"text-align: left;\"><span style=\"color: #236192;\">Formulario de contacto<\/span><\/h2>\n<p style=\"text-align: left;\"><span style=\"color: #535353;\">\u00bfPrefiere ponerse en contacto con nosotros por correo electr\u00f3nico? Rellene el siguiente formulario y nos pondremos en contacto con usted.<\/span><\/p>\n<\/div><\/div>\n<div class=\"wpcf7 no-js\" id=\"wpcf7-f40125-o1\" lang=\"\" dir=\"ltr\" data-wpcf7-id=\"40125\">\n<div class=\"screen-reader-response\"><p role=\"status\" aria-live=\"polite\" aria-atomic=\"true\"><\/p> <ul><\/ul><\/div>\n<form action=\"\/es\/wp-json\/wp\/v2\/pages\/40049#wpcf7-f40125-o1\" method=\"post\" class=\"wpcf7-form init\" aria-label=\"Formulario de contacto\" novalidate=\"novalidate\" data-status=\"init\">\n<fieldset class=\"hidden-fields-container\"><input type=\"hidden\" name=\"_wpcf7\" value=\"40125\" \/><input type=\"hidden\" name=\"_wpcf7_version\" value=\"6.1.5\" \/><input type=\"hidden\" name=\"_wpcf7_locale\" value=\"\" \/><input type=\"hidden\" name=\"_wpcf7_unit_tag\" value=\"wpcf7-f40125-o1\" \/><input type=\"hidden\" name=\"_wpcf7_container_post\" value=\"0\" \/><input type=\"hidden\" name=\"_wpcf7_posted_data_hash\" value=\"\" \/><input type=\"hidden\" name=\"_wpcf7_recaptcha_response\" value=\"\" \/>\n<\/fieldset>\n<div class=\"contact-form\">\n\t<div class=\"vc_col-sm-6\">\n\t\t<p><span class=\"wpcf7-form-control-wrap\" data-name=\"your-name\"><input size=\"40\" maxlength=\"400\" class=\"wpcf7-form-control wpcf7-text wpcf7-validates-as-required\" aria-required=\"true\" aria-invalid=\"false\" placeholder=\"Nombre\" value=\"\" type=\"text\" name=\"your-name\" \/><\/span>\n\t\t<\/p>\n\t\t<p><span class=\"wpcf7-form-control-wrap\" data-name=\"your-email\"><input size=\"40\" maxlength=\"400\" class=\"wpcf7-form-control wpcf7-email wpcf7-validates-as-required wpcf7-text wpcf7-validates-as-email\" aria-required=\"true\" aria-invalid=\"false\" placeholder=\"Correo electr\u00f3nico\" value=\"\" type=\"email\" name=\"your-email\" \/><\/span>\n\t\t<\/p>\n\t\t<p><span class=\"wpcf7-form-control-wrap\" data-name=\"your-subject\"><input size=\"40\" maxlength=\"400\" class=\"wpcf7-form-control wpcf7-text\" aria-invalid=\"false\" placeholder=\"Sujeto\" value=\"\" type=\"text\" name=\"your-subject\" \/><\/span>\n\t\t<\/p>\n\t<\/div>\n\t<div class=\"vc_col-sm-6\">\n\t\t<p><span class=\"wpcf7-form-control-wrap\" data-name=\"your-message\"><textarea cols=\"40\" rows=\"10\" maxlength=\"2000\" class=\"wpcf7-form-control wpcf7-textarea\" aria-invalid=\"false\" placeholder=\"Mensaje\" name=\"your-message\"><\/textarea><\/span>\n\t\t<\/p>\n\t<\/div>\n\t<div class=\"vc_col-sm-12\" style=\"text-align:center;\">\n\t\t<p><input class=\"wpcf7-form-control wpcf7-submit has-spinner\" type=\"submit\" value=\"Enviar\" \/>\n\t\t<\/p>\n\t<\/div>\n<\/div><div class=\"wpcf7-response-output\" aria-hidden=\"true\"><\/div>\n<\/form>\n<\/div>\n<\/div><\/div><\/div><\/div><\/div><\/section>\n","protected":false},"excerpt":{"rendered":"[vc_custom_heading source=\"post_title\" font_container=\"tag:h1|text_align:left\" use_theme_fonts=\"yes\" css=\"%7B%22default%22%3A%7B%22color%22%3A%22%23236192%22%7D%7D\"]Si tiene alguna pregunta que no est\u00e9 en nuestra lista de preguntas frecuentes, utilice nuestro formulario de contacto o p\u00f3ngase en contacto con nosotros de una de las siguientes maneras. Nos encantar\u00eda conocer su opini\u00f3n. Horario de atenci\u00f3n al p\u00fablico: De Lunes a viernes de 9:00h a 16:00h Durante nuestro horario...","protected":false},"author":1,"featured_media":0,"parent":0,"menu_order":0,"comment_status":"closed","ping_status":"closed","template":"","meta":{"_acf_changed":false,"footnotes":""},"class_list":["post-40049","page","type-page","status-publish","hentry"],"acf":[],"yoast_head":"<!-- This site is optimized with the Yoast SEO Premium plugin v27.3 (Yoast SEO v27.4) - https:\/\/yoast.com\/product\/yoast-seo-premium-wordpress\/ -->\n<title>Datos de contacto Sunday Brush | Nos encantar\u00eda conocer su opini\u00f3n.<\/title>\n<meta name=\"description\" content=\"Si tiene alguna pregunta que no est\u00e9 en nuestra lista de preguntas frecuentes, utilice nuestro formulario de contacto o p\u00f3ngase en contacto con nosotros de una de las siguientes maneras.\" \/>\n<meta name=\"robots\" content=\"index, follow, max-snippet:-1, max-image-preview:large, max-video-preview:-1\" \/>\n<link rel=\"canonical\" href=\"https:\/\/www.sundaybrush.com\/es\/contacto\/\" \/>\n<meta property=\"og:locale\" content=\"es_ES\" \/>\n<meta property=\"og:type\" content=\"article\" \/>\n<meta property=\"og:title\" content=\"Datos de contacto\" \/>\n<meta property=\"og:description\" content=\"Si tiene alguna pregunta que no est\u00e9 en nuestra lista de preguntas frecuentes, utilice nuestro formulario de contacto o p\u00f3ngase en contacto con nosotros de una de las siguientes maneras.\" \/>\n<meta property=\"og:url\" content=\"https:\/\/www.sundaybrush.com\/es\/contacto\/\" \/>\n<meta property=\"og:site_name\" content=\"Sunday Brush\" \/>\n<meta property=\"article:modified_time\" content=\"2024-01-03T15:12:25+00:00\" \/>\n<meta property=\"og:image\" content=\"https:\/\/www.sundaybrush.com\/wp-content\/uploads\/2025\/06\/Sunday-Brush-European-Natural-Beauty-Award.png\" \/>\n\t<meta property=\"og:image:width\" content=\"1024\" \/>\n\t<meta property=\"og:image:height\" content=\"1024\" \/>\n\t<meta property=\"og:image:type\" content=\"image\/png\" \/>\n<meta name=\"twitter:card\" content=\"summary_large_image\" \/>\n<meta name=\"twitter:label1\" content=\"Tiempo de lectura\" \/>\n\t<meta name=\"twitter:data1\" content=\"1 minuto\" \/>\n<script type=\"application\/ld+json\" class=\"yoast-schema-graph\">{\"@context\":\"https:\\\/\\\/schema.org\",\"@graph\":[{\"@type\":\"WebPage\",\"@id\":\"https:\\\/\\\/www.sundaybrush.com\\\/es\\\/contacto\\\/\",\"url\":\"https:\\\/\\\/www.sundaybrush.com\\\/es\\\/contacto\\\/\",\"name\":\"Datos de contacto Sunday Brush | Nos encantar\u00eda conocer su opini\u00f3n.\",\"isPartOf\":{\"@id\":\"https:\\\/\\\/www.sundaybrush.com\\\/es\\\/#website\"},\"datePublished\":\"2023-01-09T07:19:41+00:00\",\"dateModified\":\"2024-01-03T15:12:25+00:00\",\"description\":\"Si tiene alguna pregunta que no est\u00e9 en nuestra lista de preguntas frecuentes, utilice nuestro formulario de contacto o p\u00f3ngase en contacto con nosotros de una de las siguientes maneras.\",\"breadcrumb\":{\"@id\":\"https:\\\/\\\/www.sundaybrush.com\\\/es\\\/contacto\\\/#breadcrumb\"},\"inLanguage\":\"es\",\"potentialAction\":[{\"@type\":\"ReadAction\",\"target\":[\"https:\\\/\\\/www.sundaybrush.com\\\/es\\\/contacto\\\/\"]}]},{\"@type\":\"BreadcrumbList\",\"@id\":\"https:\\\/\\\/www.sundaybrush.com\\\/es\\\/contacto\\\/#breadcrumb\",\"itemListElement\":[{\"@type\":\"ListItem\",\"position\":1,\"name\":\"Home\",\"item\":\"https:\\\/\\\/www.sundaybrush.com\\\/es\\\/\"},{\"@type\":\"ListItem\",\"position\":2,\"name\":\"Datos de contacto\"}]},{\"@type\":\"WebSite\",\"@id\":\"https:\\\/\\\/www.sundaybrush.com\\\/es\\\/#website\",\"url\":\"https:\\\/\\\/www.sundaybrush.com\\\/es\\\/\",\"name\":\"Sunday Brush\",\"description\":\"Jouw dagelijkse UV bescherming\",\"publisher\":{\"@id\":\"https:\\\/\\\/www.sundaybrush.com\\\/es\\\/#organization\"},\"potentialAction\":[{\"@type\":\"SearchAction\",\"target\":{\"@type\":\"EntryPoint\",\"urlTemplate\":\"https:\\\/\\\/www.sundaybrush.com\\\/es\\\/?s={search_term_string}\"},\"query-input\":{\"@type\":\"PropertyValueSpecification\",\"valueRequired\":true,\"valueName\":\"search_term_string\"}}],\"inLanguage\":\"es\"},{\"@type\":\"Organization\",\"@id\":\"https:\\\/\\\/www.sundaybrush.com\\\/es\\\/#organization\",\"name\":\"Sunday Brush\",\"alternateName\":\"Sundaybrush\",\"url\":\"https:\\\/\\\/www.sundaybrush.com\\\/es\\\/\",\"logo\":{\"@type\":\"ImageObject\",\"inLanguage\":\"es\",\"@id\":\"https:\\\/\\\/www.sundaybrush.com\\\/es\\\/#\\\/schema\\\/logo\\\/image\\\/\",\"url\":\"https:\\\/\\\/www.sundaybrush.com\\\/wp-content\\\/uploads\\\/2021\\\/02\\\/Logo-Sunday-Brush-transparant.png\",\"contentUrl\":\"https:\\\/\\\/www.sundaybrush.com\\\/wp-content\\\/uploads\\\/2021\\\/02\\\/Logo-Sunday-Brush-transparant.png\",\"width\":1709,\"height\":227,\"caption\":\"Sunday Brush\"},\"image\":{\"@id\":\"https:\\\/\\\/www.sundaybrush.com\\\/es\\\/#\\\/schema\\\/logo\\\/image\\\/\"},\"sameAs\":[\"https:\\\/\\\/www.instagram.com\\\/sundaybrush\\\/\",\"https:\\\/\\\/www.linkedin.com\\\/company\\\/sunday-brush\",\"https:\\\/\\\/www.youtube.com\\\/channel\\\/UCidSRkO6tDIgl3SU60b9coQ\"],\"description\":\"Sunday Brush is a registered trademark of Nxt Cosmetics BV.\",\"email\":\"info@sundaybrush.com\",\"telephone\":\"003185-0043121\",\"legalName\":\"Nxt Cosmetics BV\",\"numberOfEmployees\":{\"@type\":\"QuantitativeValue\",\"minValue\":\"1\",\"maxValue\":\"10\"}}]}<\/script>\n<!-- \/ Yoast SEO Premium plugin. -->","yoast_head_json":{"title":"Datos de contacto Sunday Brush | Nos encantar\u00eda conocer su opini\u00f3n.","description":"Si tiene alguna pregunta que no est\u00e9 en nuestra lista de preguntas frecuentes, utilice nuestro formulario de contacto o p\u00f3ngase en contacto con nosotros de una de las siguientes maneras.","robots":{"index":"index","follow":"follow","max-snippet":"max-snippet:-1","max-image-preview":"max-image-preview:large","max-video-preview":"max-video-preview:-1"},"canonical":"https:\/\/www.sundaybrush.com\/es\/contacto\/","og_locale":"es_ES","og_type":"article","og_title":"Datos de contacto","og_description":"Si tiene alguna pregunta que no est\u00e9 en nuestra lista de preguntas frecuentes, utilice nuestro formulario de contacto o p\u00f3ngase en contacto con nosotros de una de las siguientes maneras.","og_url":"https:\/\/www.sundaybrush.com\/es\/contacto\/","og_site_name":"Sunday Brush","article_modified_time":"2024-01-03T15:12:25+00:00","og_image":[{"width":1024,"height":1024,"url":"https:\/\/www.sundaybrush.com\/wp-content\/uploads\/2025\/06\/Sunday-Brush-European-Natural-Beauty-Award.png","type":"image\/png"}],"twitter_card":"summary_large_image","twitter_misc":{"Tiempo de lectura":"1 minuto"},"schema":{"@context":"https:\/\/schema.org","@graph":[{"@type":"WebPage","@id":"https:\/\/www.sundaybrush.com\/es\/contacto\/","url":"https:\/\/www.sundaybrush.com\/es\/contacto\/","name":"Datos de contacto Sunday Brush | Nos encantar\u00eda conocer su opini\u00f3n.","isPartOf":{"@id":"https:\/\/www.sundaybrush.com\/es\/#website"},"datePublished":"2023-01-09T07:19:41+00:00","dateModified":"2024-01-03T15:12:25+00:00","description":"Si tiene alguna pregunta que no est\u00e9 en nuestra lista de preguntas frecuentes, utilice nuestro formulario de contacto o p\u00f3ngase en contacto con nosotros de una de las siguientes maneras.","breadcrumb":{"@id":"https:\/\/www.sundaybrush.com\/es\/contacto\/#breadcrumb"},"inLanguage":"es","potentialAction":[{"@type":"ReadAction","target":["https:\/\/www.sundaybrush.com\/es\/contacto\/"]}]},{"@type":"BreadcrumbList","@id":"https:\/\/www.sundaybrush.com\/es\/contacto\/#breadcrumb","itemListElement":[{"@type":"ListItem","position":1,"name":"Home","item":"https:\/\/www.sundaybrush.com\/es\/"},{"@type":"ListItem","position":2,"name":"Datos de contacto"}]},{"@type":"WebSite","@id":"https:\/\/www.sundaybrush.com\/es\/#website","url":"https:\/\/www.sundaybrush.com\/es\/","name":"Sunday Brush","description":"Jouw dagelijkse UV bescherming","publisher":{"@id":"https:\/\/www.sundaybrush.com\/es\/#organization"},"potentialAction":[{"@type":"SearchAction","target":{"@type":"EntryPoint","urlTemplate":"https:\/\/www.sundaybrush.com\/es\/?s={search_term_string}"},"query-input":{"@type":"PropertyValueSpecification","valueRequired":true,"valueName":"search_term_string"}}],"inLanguage":"es"},{"@type":"Organization","@id":"https:\/\/www.sundaybrush.com\/es\/#organization","name":"Sunday Brush","alternateName":"Sundaybrush","url":"https:\/\/www.sundaybrush.com\/es\/","logo":{"@type":"ImageObject","inLanguage":"es","@id":"https:\/\/www.sundaybrush.com\/es\/#\/schema\/logo\/image\/","url":"https:\/\/www.sundaybrush.com\/wp-content\/uploads\/2021\/02\/Logo-Sunday-Brush-transparant.png","contentUrl":"https:\/\/www.sundaybrush.com\/wp-content\/uploads\/2021\/02\/Logo-Sunday-Brush-transparant.png","width":1709,"height":227,"caption":"Sunday Brush"},"image":{"@id":"https:\/\/www.sundaybrush.com\/es\/#\/schema\/logo\/image\/"},"sameAs":["https:\/\/www.instagram.com\/sundaybrush\/","https:\/\/www.linkedin.com\/company\/sunday-brush","https:\/\/www.youtube.com\/channel\/UCidSRkO6tDIgl3SU60b9coQ"],"description":"Sunday Brush is a registered trademark of Nxt Cosmetics BV.","email":"info@sundaybrush.com","telephone":"003185-0043121","legalName":"Nxt Cosmetics BV","numberOfEmployees":{"@type":"QuantitativeValue","minValue":"1","maxValue":"10"}}]}},"_links":{"self":[{"href":"https:\/\/www.sundaybrush.com\/es\/wp-json\/wp\/v2\/pages\/40049","targetHints":{"allow":["GET"]}}],"collection":[{"href":"https:\/\/www.sundaybrush.com\/es\/wp-json\/wp\/v2\/pages"}],"about":[{"href":"https:\/\/www.sundaybrush.com\/es\/wp-json\/wp\/v2\/types\/page"}],"author":[{"embeddable":true,"href":"https:\/\/www.sundaybrush.com\/es\/wp-json\/wp\/v2\/users\/1"}],"replies":[{"embeddable":true,"href":"https:\/\/www.sundaybrush.com\/es\/wp-json\/wp\/v2\/comments?post=40049"}],"version-history":[{"count":4,"href":"https:\/\/www.sundaybrush.com\/es\/wp-json\/wp\/v2\/pages\/40049\/revisions"}],"predecessor-version":[{"id":44233,"href":"https:\/\/www.sundaybrush.com\/es\/wp-json\/wp\/v2\/pages\/40049\/revisions\/44233"}],"wp:attachment":[{"href":"https:\/\/www.sundaybrush.com\/es\/wp-json\/wp\/v2\/media?parent=40049"}],"curies":[{"name":"wp","href":"https:\/\/api.w.org\/{rel}","templated":true}]}}