{"id":40074,"date":"2023-01-10T04:20:58","date_gmt":"2023-01-10T03:20:58","guid":{"rendered":"https:\/\/www.sundaybrush.com\/elija-su-tono\/"},"modified":"2023-06-24T11:57:01","modified_gmt":"2023-06-24T09:57:01","slug":"elija-su-tono","status":"publish","type":"page","link":"https:\/\/www.sundaybrush.com\/es\/elija-su-tono\/","title":{"rendered":"Elija su tono"},"content":{"rendered":"<section class=\"l-section wpb_row height_medium\"><div class=\"l-section-h i-cf\"><div class=\"g-cols vc_row type_default valign_top\"><div class=\"vc_col-sm-2 wpb_column vc_column_container\"><div class=\"vc_column-inner\"><div class=\"wpb_wrapper\"><\/div><\/div><\/div><div class=\"vc_col-sm-8 wpb_column vc_column_container\"><div class=\"vc_column-inner\"><div class=\"wpb_wrapper\"><div class=\"wpb_text_column\" ><div class=\"wpb_wrapper\"><h1 style=\"text-align: left;\">Ay\u00fademe a elegir<\/h1>\n<p>Sunday Brush est\u00e1 disponible en cuatro tonos naturales: Light, Medium Tan y Dark.<\/p>\n<p>A continuaci\u00f3n encontrar\u00e1 una descripci\u00f3n general que le ayudar\u00e1 a determinar el tono perfecto para su piel. As\u00ed le resultar\u00e1 m\u00e1s f\u00e1cil encontrar qu\u00e9 tono Sunday Brush le va mejor a su piel.<\/p>\n<\/div><\/div><\/div><\/div><\/div><div class=\"vc_col-sm-2 wpb_column vc_column_container\"><div class=\"vc_column-inner\"><div class=\"wpb_wrapper\"><\/div><\/div><\/div><\/div><\/div><\/section><section class=\"l-section wpb_row height_small\"><div class=\"l-section-h i-cf\"><div class=\"g-cols vc_row type_default valign_top gap-20\"><style>.g-cols.gap-20{margin:0 calc(-1.5rem - 20)}.gap-20 > .vc_column_container {padding:20}<\/style><div class=\"vc_col-sm-3 wpb_column vc_column_container with_overlay\"><div class=\"vc_column-inner us_custom_64b499d8\"><div class=\"vc_column-overlay\" style=\"background:#f5f5f5\"><\/div><div class=\"wpb_wrapper\"><div class=\"w-image align_none\"><div class=\"w-image-h\"><img loading=\"lazy\" decoding=\"async\" width=\"870\" height=\"870\" src=\"https:\/\/www.sundaybrush.com\/wp-content\/uploads\/2019\/05\/SundayBrush_Fair.jpg\" class=\"attachment-large size-large\" alt=\"\" srcset=\"https:\/\/www.sundaybrush.com\/wp-content\/uploads\/2019\/05\/SundayBrush_Fair.jpg 870w, https:\/\/www.sundaybrush.com\/wp-content\/uploads\/2019\/05\/SundayBrush_Fair-300x300.jpg 300w, https:\/\/www.sundaybrush.com\/wp-content\/uploads\/2019\/05\/SundayBrush_Fair-550x550.jpg 550w, https:\/\/www.sundaybrush.com\/wp-content\/uploads\/2019\/05\/SundayBrush_Fair-150x150.jpg 150w\" sizes=\"auto, (max-width: 870px) 100vw, 870px\" \/><\/div><\/div><div class=\"w-separator size_small\"><\/div><div class=\"wpb_text_column\" ><div class=\"wpb_wrapper\"><h2 style=\"text-align: center;\">Light<\/h2>\n<p>Light es el tono ideal para las personas con la piel muy blanca, rosada y\/o pecosa.<\/p>\n<p>Este tipo de piel tiende a quemarse con facilidad y nunca se broncea. Las personas con un tono de piel claro suelen tener el pelo pelirrojo o rubio claro y los ojos claros (azules, grises o verdes).<\/p>\n<p><em>Si no est\u00e1 seguro de qu\u00e9 tono elegir, p\u00f3ngase en contacto con nosotros y le <a href=\"https:\/\/www.sundaybrush.com\/es\/contacto\/\"><span style=\"text-decoration: underline;\">asesoraremos personalmente.<\/span><\/a><\/em><\/p>\n<\/div><\/div><div class=\"w-btn-wrapper width_auto align_center\"><a class=\"w-btn us-btn-style_1\" title=\"Sunday Brush \u2013 SPF 50\" href=\"https:\/\/www.sundaybrush.com\/es\/producto\/proteccion-solar-en-polvo\/?attribute_tint=Light\"><span class=\"w-btn-label\">Light es mi color<\/span><\/a><\/div><\/div><\/div><\/div><div class=\"vc_col-sm-3 wpb_column vc_column_container\"><div class=\"vc_column-inner us_custom_f232668a\"><div class=\"wpb_wrapper\"><div class=\"w-image align_none\"><div class=\"w-image-h\"><img loading=\"lazy\" decoding=\"async\" width=\"500\" height=\"500\" src=\"https:\/\/www.sundaybrush.com\/wp-content\/uploads\/2023\/06\/Medium.jpg\" class=\"attachment-large size-large\" alt=\"Help me kiezen: huidtint Medium\" srcset=\"https:\/\/www.sundaybrush.com\/wp-content\/uploads\/2023\/06\/Medium.jpg 500w, https:\/\/www.sundaybrush.com\/wp-content\/uploads\/2023\/06\/Medium-300x300.jpg 300w, https:\/\/www.sundaybrush.com\/wp-content\/uploads\/2023\/06\/Medium-150x150.jpg 150w\" sizes=\"auto, (max-width: 500px) 100vw, 500px\" \/><\/div><\/div><div class=\"w-separator size_small\"><\/div><div class=\"wpb_text_column\" ><div class=\"wpb_wrapper\"><h2 style=\"text-align: center;\">Medium<\/h2>\n<p>Medium es el tono ideal para las personas con subtonos c\u00e1lidos y pigmentos amarillentos.<\/p>\n<p>Este tipo de piel se quema con facilidad, pero tambi\u00e9n puede broncearse m\u00ednimamente. Las personas con este tono de piel suelen tener el pelo rubio y los ojos grises, verdes o azules.<\/p>\n<p><em>Si no est\u00e1 seguro de qu\u00e9 tono elegir, p\u00f3ngase en contacto con nosotros y le <a href=\"https:\/\/www.sundaybrush.com\/es\/contacto\/\"><span style=\"text-decoration: underline;\">asesoraremos personalmente.<\/span><\/a><\/em><\/p>\n<\/div><\/div><div class=\"w-btn-wrapper width_auto align_center\"><a class=\"w-btn us-btn-style_1\" title=\"Sunday Brush \u2013 SPF 50\" href=\"https:\/\/www.sundaybrush.com\/es\/producto\/proteccion-solar-en-polvo\/?attribute_tint=Medium\"><span class=\"w-btn-label\">Medium es mi color<\/span><\/a><\/div><\/div><\/div><\/div><div class=\"vc_col-sm-3 wpb_column vc_column_container with_overlay\"><div class=\"vc_column-inner us_custom_a3d12201\"><div class=\"vc_column-overlay\" style=\"background:#f5f5f5\"><\/div><div class=\"wpb_wrapper\"><div class=\"w-image align_none\"><div class=\"w-image-h\"><img loading=\"lazy\" decoding=\"async\" width=\"500\" height=\"500\" src=\"https:\/\/www.sundaybrush.com\/wp-content\/uploads\/2023\/06\/Tan.jpg\" class=\"attachment-large size-large\" alt=\"Help me kiezen: huidtint Tan\" srcset=\"https:\/\/www.sundaybrush.com\/wp-content\/uploads\/2023\/06\/Tan.jpg 500w, https:\/\/www.sundaybrush.com\/wp-content\/uploads\/2023\/06\/Tan-300x300.jpg 300w, https:\/\/www.sundaybrush.com\/wp-content\/uploads\/2023\/06\/Tan-150x150.jpg 150w\" sizes=\"auto, (max-width: 500px) 100vw, 500px\" \/><\/div><\/div><div class=\"w-separator size_small\"><\/div><div class=\"wpb_text_column\" ><div class=\"wpb_wrapper\"><h2 style=\"text-align: center;\">Tan<\/h2>\n<p>Tan es el tono ideal para las personas con la piel ligeramente bronceada y con matices rojizos y fr\u00edos.<\/p>\n<p>Este tipo de piel no se quema con tanta rapidez y se broncea f\u00e1cilmente. Las personas con este tono de piel suelen tener el pelo rubio oscuro o moreno y los ojos bastante oscuros.<\/p>\n<p><em>Si no est\u00e1 seguro de qu\u00e9 tono elegir, p\u00f3ngase en contacto con nosotros y le <a href=\"https:\/\/www.sundaybrush.com\/es\/contacto\/\"><span style=\"text-decoration: underline;\">asesoraremos personalmente.<\/span><\/a><\/em><\/p>\n<\/div><\/div><div class=\"w-btn-wrapper width_auto align_center\"><a class=\"w-btn us-btn-style_1\" title=\"Sunday Brush \u2013 SPF 50\" href=\"https:\/\/www.sundaybrush.com\/es\/producto\/proteccion-solar-en-polvo\/?attribute_tint=Tan\"><span class=\"w-btn-label\">Tan es mi color<\/span><\/a><\/div><\/div><\/div><\/div><div class=\"vc_col-sm-3 wpb_column vc_column_container\"><div class=\"vc_column-inner us_custom_56af03a5\"><div class=\"wpb_wrapper\"><div class=\"w-image align_none\"><div class=\"w-image-h\"><img loading=\"lazy\" decoding=\"async\" width=\"500\" height=\"500\" src=\"https:\/\/www.sundaybrush.com\/wp-content\/uploads\/2022\/02\/Sunday-Brush-dark-model.jpeg\" class=\"attachment-large size-large\" alt=\"\" srcset=\"https:\/\/www.sundaybrush.com\/wp-content\/uploads\/2022\/02\/Sunday-Brush-dark-model.jpeg 500w, https:\/\/www.sundaybrush.com\/wp-content\/uploads\/2022\/02\/Sunday-Brush-dark-model-300x300.jpeg 300w, https:\/\/www.sundaybrush.com\/wp-content\/uploads\/2022\/02\/Sunday-Brush-dark-model-150x150.jpeg 150w\" sizes=\"auto, (max-width: 500px) 100vw, 500px\" \/><\/div><\/div><div class=\"w-separator size_small\"><\/div><div class=\"wpb_text_column\" ><div class=\"wpb_wrapper\"><h2 style=\"text-align: center;\">Dark<\/h2>\n<p class=\"_04xlpA direction-ltr align-start para-style-body\">Dark es el tono ideal para las personas con la piel morena u oscura.<\/p>\n<p class=\"_04xlpA direction-ltr align-start para-style-body\">Este tipo de piel rara vez se quema y se broncea con facilidad. A menudo, estas personas tienen el pelo de un tono casta\u00f1o oscuro o negro y los ojos de color marr\u00f3n oscuro.<\/p>\n<p><em>Si no est\u00e1 seguro de qu\u00e9 tono elegir, p\u00f3ngase en contacto con nosotros y le <a href=\"https:\/\/www.sundaybrush.com\/es\/contacto\/\"><span style=\"text-decoration: underline;\">asesoraremos personalmente.<\/span><\/a><\/em><\/p>\n<\/div><\/div><div class=\"w-btn-wrapper width_auto align_center\"><a class=\"w-btn us-btn-style_1\" title=\"Sunday Brush \u2013 SPF 50\" href=\"https:\/\/www.sundaybrush.com\/es\/producto\/proteccion-solar-en-polvo\/?attribute_tint=Dark\"><span class=\"w-btn-label\">Dark es mi color<\/span><\/a><\/div><\/div><\/div><\/div><\/div><\/div><\/section><section class=\"l-section wpb_row height_medium\"><div class=\"l-section-h i-cf\"><div class=\"g-cols vc_row type_default valign_top\"><div class=\"vc_col-sm-12 wpb_column vc_column_container\"><div class=\"vc_column-inner\"><div class=\"wpb_wrapper\"><div class=\"w-actionbox us_custom_eb849559 color_light controls_bottom\"><div class=\"w-actionbox-text\"><h2>\u00bfNecesita ayuda?<\/h2><p>Estaremos encantados de ayudarle. Puede ponerse en contacto con nosotros a trav\u00e9s de WhatsApp en el <a href=\"https:\/\/wa.me\/31658969588\">+31 (0)6 58 96 95 88<\/a> o llam\u00e1ndonos al <a href=\"tel:+31850043121\">+31 (0)85 004 31 21<\/a><\/p>\n<\/div><div class=\"w-actionbox-controls\"><a class=\"w-btn us-btn-style_1\" title=\"Contacto\" href=\"https:\/\/www.sundaybrush.com\/es\/contacto\/\"><span class=\"w-btn-label\">Contacto<\/span><\/a><\/div><\/div><\/div><\/div><\/div><\/div><\/div><\/section>\n","protected":false},"excerpt":{"rendered":"Ay\u00fademe a elegir Sunday Brush est\u00e1 disponible en cuatro tonos naturales: Light, Medium Tan y Dark. A continuaci\u00f3n encontrar\u00e1 una descripci\u00f3n general que le ayudar\u00e1 a determinar el tono perfecto para su piel. As\u00ed le resultar\u00e1 m\u00e1s f\u00e1cil encontrar qu\u00e9 tono Sunday Brush le va mejor a su piel. Light Light es el tono ideal...","protected":false},"author":11,"featured_media":0,"parent":0,"menu_order":0,"comment_status":"closed","ping_status":"closed","template":"","meta":{"_acf_changed":false,"footnotes":""},"class_list":["post-40074","page","type-page","status-publish","hentry"],"acf":[],"yoast_head":"<!-- This site is optimized with the Yoast SEO Premium plugin v27.3 (Yoast SEO v27.5) - https:\/\/yoast.com\/product\/yoast-seo-premium-wordpress\/ -->\n<title>Ay\u00fadame a elegir el tono de piel correcto | Sunday Brush<\/title>\n<meta name=\"description\" content=\"Ay\u00fademe a elegir: Sunday Brush est\u00e1 disponible en cuatro tonos naturales.\" \/>\n<meta name=\"robots\" content=\"index, follow, max-snippet:-1, max-image-preview:large, max-video-preview:-1\" \/>\n<link rel=\"canonical\" href=\"https:\/\/www.sundaybrush.com\/es\/elija-su-tono\/\" \/>\n<meta property=\"og:locale\" content=\"es_ES\" \/>\n<meta property=\"og:type\" content=\"article\" \/>\n<meta property=\"og:title\" content=\"Elija su tono\" \/>\n<meta property=\"og:description\" content=\"Ay\u00fademe a elegir: Sunday Brush est\u00e1 disponible en cuatro tonos naturales.\" \/>\n<meta property=\"og:url\" content=\"https:\/\/www.sundaybrush.com\/es\/elija-su-tono\/\" \/>\n<meta property=\"og:site_name\" content=\"Sunday Brush\" \/>\n<meta property=\"article:modified_time\" content=\"2023-06-24T09:57:01+00:00\" \/>\n<meta property=\"og:image\" content=\"https:\/\/www.sundaybrush.com\/wp-content\/uploads\/2025\/06\/Sunday-Brush-European-Natural-Beauty-Award.png\" \/>\n\t<meta property=\"og:image:width\" content=\"1024\" \/>\n\t<meta property=\"og:image:height\" content=\"1024\" \/>\n\t<meta property=\"og:image:type\" content=\"image\/png\" \/>\n<meta name=\"twitter:card\" content=\"summary_large_image\" \/>\n<meta name=\"twitter:label1\" content=\"Tiempo de lectura\" \/>\n\t<meta name=\"twitter:data1\" content=\"3 minutos\" \/>\n<script type=\"application\/ld+json\" class=\"yoast-schema-graph\">{\"@context\":\"https:\\\/\\\/schema.org\",\"@graph\":[{\"@type\":\"WebPage\",\"@id\":\"https:\\\/\\\/www.sundaybrush.com\\\/es\\\/elija-su-tono\\\/\",\"url\":\"https:\\\/\\\/www.sundaybrush.com\\\/es\\\/elija-su-tono\\\/\",\"name\":\"Ay\u00fadame a elegir el tono de piel correcto | Sunday Brush\",\"isPartOf\":{\"@id\":\"https:\\\/\\\/www.sundaybrush.com\\\/es\\\/#website\"},\"datePublished\":\"2023-01-10T03:20:58+00:00\",\"dateModified\":\"2023-06-24T09:57:01+00:00\",\"description\":\"Ay\u00fademe a elegir: Sunday Brush est\u00e1 disponible en cuatro tonos naturales.\",\"breadcrumb\":{\"@id\":\"https:\\\/\\\/www.sundaybrush.com\\\/es\\\/elija-su-tono\\\/#breadcrumb\"},\"inLanguage\":\"es\",\"potentialAction\":[{\"@type\":\"ReadAction\",\"target\":[\"https:\\\/\\\/www.sundaybrush.com\\\/es\\\/elija-su-tono\\\/\"]}]},{\"@type\":\"BreadcrumbList\",\"@id\":\"https:\\\/\\\/www.sundaybrush.com\\\/es\\\/elija-su-tono\\\/#breadcrumb\",\"itemListElement\":[{\"@type\":\"ListItem\",\"position\":1,\"name\":\"Home\",\"item\":\"https:\\\/\\\/www.sundaybrush.com\\\/es\\\/\"},{\"@type\":\"ListItem\",\"position\":2,\"name\":\"Elija su tono\"}]},{\"@type\":\"WebSite\",\"@id\":\"https:\\\/\\\/www.sundaybrush.com\\\/es\\\/#website\",\"url\":\"https:\\\/\\\/www.sundaybrush.com\\\/es\\\/\",\"name\":\"Sunday Brush\",\"description\":\"Jouw dagelijkse UV bescherming\",\"publisher\":{\"@id\":\"https:\\\/\\\/www.sundaybrush.com\\\/es\\\/#organization\"},\"potentialAction\":[{\"@type\":\"SearchAction\",\"target\":{\"@type\":\"EntryPoint\",\"urlTemplate\":\"https:\\\/\\\/www.sundaybrush.com\\\/es\\\/?s={search_term_string}\"},\"query-input\":{\"@type\":\"PropertyValueSpecification\",\"valueRequired\":true,\"valueName\":\"search_term_string\"}}],\"inLanguage\":\"es\"},{\"@type\":\"Organization\",\"@id\":\"https:\\\/\\\/www.sundaybrush.com\\\/es\\\/#organization\",\"name\":\"Sunday Brush\",\"alternateName\":\"Sundaybrush\",\"url\":\"https:\\\/\\\/www.sundaybrush.com\\\/es\\\/\",\"logo\":{\"@type\":\"ImageObject\",\"inLanguage\":\"es\",\"@id\":\"https:\\\/\\\/www.sundaybrush.com\\\/es\\\/#\\\/schema\\\/logo\\\/image\\\/\",\"url\":\"https:\\\/\\\/www.sundaybrush.com\\\/wp-content\\\/uploads\\\/2021\\\/02\\\/Logo-Sunday-Brush-transparant.png\",\"contentUrl\":\"https:\\\/\\\/www.sundaybrush.com\\\/wp-content\\\/uploads\\\/2021\\\/02\\\/Logo-Sunday-Brush-transparant.png\",\"width\":1709,\"height\":227,\"caption\":\"Sunday Brush\"},\"image\":{\"@id\":\"https:\\\/\\\/www.sundaybrush.com\\\/es\\\/#\\\/schema\\\/logo\\\/image\\\/\"},\"sameAs\":[\"https:\\\/\\\/www.instagram.com\\\/sundaybrush\\\/\",\"https:\\\/\\\/www.linkedin.com\\\/company\\\/sunday-brush\",\"https:\\\/\\\/www.youtube.com\\\/channel\\\/UCidSRkO6tDIgl3SU60b9coQ\"],\"description\":\"Sunday Brush is a registered trademark of Nxt Cosmetics BV.\",\"email\":\"info@sundaybrush.com\",\"telephone\":\"003185-0043121\",\"legalName\":\"Nxt Cosmetics BV\",\"numberOfEmployees\":{\"@type\":\"QuantitativeValue\",\"minValue\":\"1\",\"maxValue\":\"10\"}}]}<\/script>\n<!-- \/ Yoast SEO Premium plugin. -->","yoast_head_json":{"title":"Ay\u00fadame a elegir el tono de piel correcto | Sunday Brush","description":"Ay\u00fademe a elegir: Sunday Brush est\u00e1 disponible en cuatro tonos naturales.","robots":{"index":"index","follow":"follow","max-snippet":"max-snippet:-1","max-image-preview":"max-image-preview:large","max-video-preview":"max-video-preview:-1"},"canonical":"https:\/\/www.sundaybrush.com\/es\/elija-su-tono\/","og_locale":"es_ES","og_type":"article","og_title":"Elija su tono","og_description":"Ay\u00fademe a elegir: Sunday Brush est\u00e1 disponible en cuatro tonos naturales.","og_url":"https:\/\/www.sundaybrush.com\/es\/elija-su-tono\/","og_site_name":"Sunday Brush","article_modified_time":"2023-06-24T09:57:01+00:00","og_image":[{"width":1024,"height":1024,"url":"https:\/\/www.sundaybrush.com\/wp-content\/uploads\/2025\/06\/Sunday-Brush-European-Natural-Beauty-Award.png","type":"image\/png"}],"twitter_card":"summary_large_image","twitter_misc":{"Tiempo de lectura":"3 minutos"},"schema":{"@context":"https:\/\/schema.org","@graph":[{"@type":"WebPage","@id":"https:\/\/www.sundaybrush.com\/es\/elija-su-tono\/","url":"https:\/\/www.sundaybrush.com\/es\/elija-su-tono\/","name":"Ay\u00fadame a elegir el tono de piel correcto | Sunday Brush","isPartOf":{"@id":"https:\/\/www.sundaybrush.com\/es\/#website"},"datePublished":"2023-01-10T03:20:58+00:00","dateModified":"2023-06-24T09:57:01+00:00","description":"Ay\u00fademe a elegir: Sunday Brush est\u00e1 disponible en cuatro tonos naturales.","breadcrumb":{"@id":"https:\/\/www.sundaybrush.com\/es\/elija-su-tono\/#breadcrumb"},"inLanguage":"es","potentialAction":[{"@type":"ReadAction","target":["https:\/\/www.sundaybrush.com\/es\/elija-su-tono\/"]}]},{"@type":"BreadcrumbList","@id":"https:\/\/www.sundaybrush.com\/es\/elija-su-tono\/#breadcrumb","itemListElement":[{"@type":"ListItem","position":1,"name":"Home","item":"https:\/\/www.sundaybrush.com\/es\/"},{"@type":"ListItem","position":2,"name":"Elija su tono"}]},{"@type":"WebSite","@id":"https:\/\/www.sundaybrush.com\/es\/#website","url":"https:\/\/www.sundaybrush.com\/es\/","name":"Sunday Brush","description":"Jouw dagelijkse UV bescherming","publisher":{"@id":"https:\/\/www.sundaybrush.com\/es\/#organization"},"potentialAction":[{"@type":"SearchAction","target":{"@type":"EntryPoint","urlTemplate":"https:\/\/www.sundaybrush.com\/es\/?s={search_term_string}"},"query-input":{"@type":"PropertyValueSpecification","valueRequired":true,"valueName":"search_term_string"}}],"inLanguage":"es"},{"@type":"Organization","@id":"https:\/\/www.sundaybrush.com\/es\/#organization","name":"Sunday Brush","alternateName":"Sundaybrush","url":"https:\/\/www.sundaybrush.com\/es\/","logo":{"@type":"ImageObject","inLanguage":"es","@id":"https:\/\/www.sundaybrush.com\/es\/#\/schema\/logo\/image\/","url":"https:\/\/www.sundaybrush.com\/wp-content\/uploads\/2021\/02\/Logo-Sunday-Brush-transparant.png","contentUrl":"https:\/\/www.sundaybrush.com\/wp-content\/uploads\/2021\/02\/Logo-Sunday-Brush-transparant.png","width":1709,"height":227,"caption":"Sunday Brush"},"image":{"@id":"https:\/\/www.sundaybrush.com\/es\/#\/schema\/logo\/image\/"},"sameAs":["https:\/\/www.instagram.com\/sundaybrush\/","https:\/\/www.linkedin.com\/company\/sunday-brush","https:\/\/www.youtube.com\/channel\/UCidSRkO6tDIgl3SU60b9coQ"],"description":"Sunday Brush is a registered trademark of Nxt Cosmetics BV.","email":"info@sundaybrush.com","telephone":"003185-0043121","legalName":"Nxt Cosmetics BV","numberOfEmployees":{"@type":"QuantitativeValue","minValue":"1","maxValue":"10"}}]}},"_links":{"self":[{"href":"https:\/\/www.sundaybrush.com\/es\/wp-json\/wp\/v2\/pages\/40074","targetHints":{"allow":["GET"]}}],"collection":[{"href":"https:\/\/www.sundaybrush.com\/es\/wp-json\/wp\/v2\/pages"}],"about":[{"href":"https:\/\/www.sundaybrush.com\/es\/wp-json\/wp\/v2\/types\/page"}],"author":[{"embeddable":true,"href":"https:\/\/www.sundaybrush.com\/es\/wp-json\/wp\/v2\/users\/11"}],"replies":[{"embeddable":true,"href":"https:\/\/www.sundaybrush.com\/es\/wp-json\/wp\/v2\/comments?post=40074"}],"version-history":[{"count":2,"href":"https:\/\/www.sundaybrush.com\/es\/wp-json\/wp\/v2\/pages\/40074\/revisions"}],"predecessor-version":[{"id":43119,"href":"https:\/\/www.sundaybrush.com\/es\/wp-json\/wp\/v2\/pages\/40074\/revisions\/43119"}],"wp:attachment":[{"href":"https:\/\/www.sundaybrush.com\/es\/wp-json\/wp\/v2\/media?parent=40074"}],"curies":[{"name":"wp","href":"https:\/\/api.w.org\/{rel}","templated":true}]}}