{"id":40097,"date":"2023-01-10T06:28:27","date_gmt":"2023-01-10T05:28:27","guid":{"rendered":"https:\/\/www.sundaybrush.com\/sobre-nosotros\/"},"modified":"2023-01-10T06:28:29","modified_gmt":"2023-01-10T05:28:29","slug":"sobre-nosotros","status":"publish","type":"page","link":"https:\/\/www.sundaybrush.com\/es\/sobre-nosotros\/","title":{"rendered":"Sobre nosotros"},"content":{"rendered":"<section class=\"l-section wpb_row height_medium\"><div class=\"l-section-h i-cf\"><div class=\"g-cols vc_row type_default valign_top\"><div class=\"vc_col-sm-8 wpb_column vc_column_container\"><div class=\"vc_column-inner\"><div class=\"wpb_wrapper\"><div class=\"wpb_text_column\" ><div class=\"wpb_wrapper\"><h2>Sobre nosotros, nuestra misi\u00f3n y filosof\u00eda<\/h2>\n<h3>La historia de Sunday Brush<\/h3>\n<p>Hace m\u00e1s de diez a\u00f1os, a mi marido le diagnosticaron c\u00e1ncer de piel tras detectarle una lesi\u00f3n en la cara. A partir de ese momento, nos volvimos muy cautelosos con la exposici\u00f3n al sol y nos aplic\u00e1bamos protector solar a diario. Por desgracia, todos los productos que prob\u00e1bamos eran grasientos, pegajosos y causaban irritaci\u00f3n en la piel.<\/p>\n<p>Probamos innumerables marcas con la esperanza de encontrar la mejor, una b\u00fasqueda que finalmente nos condujo al protector solar en polvo. Despu\u00e9s de una larga investigaci\u00f3n, decid\u00ed asociarme con un fabricante de cosm\u00e9ticos de renombre y desarrollar mi propio protector solar en polvo. El resultado de esa colaboraci\u00f3n fue Sunday Brush.<\/p>\n<h3>La filosof\u00eda de Sunday Brush<\/h3>\n<p>Para prevenir los da\u00f1os cut\u00e1neos, el envejecimiento prematuro y el c\u00e1ncer de piel es importante proteger la piel de la exposici\u00f3n diaria a los rayos UV. La prevenci\u00f3n es una parte importante de nuestra filosof\u00eda personal y empresarial.<\/p>\n<p>Creemos que la protecci\u00f3n solar debe ser f\u00e1cil de aplicar y estar libre de irritantes y al\u00e9rgenos. Todos estamos expuestos a la radiaci\u00f3n UV todos los d\u00edas, independientemente de qui\u00e9nes seamos o d\u00f3nde vivamos.<\/p>\n<p>Sunday Brush es adecuado para todo tipo de pieles, incluidas las muy sensibles y propensas a la irritaci\u00f3n. Nuestro protector solar en polvo est\u00e1 elaborado con ingredientes 100% naturales y producido en las mejores condiciones, respetando a las personas y al planeta. Nos aseguramos de que nuestros envases sean lo m\u00e1s respetuosos posible con el medio ambiente. De hecho, Sunday Brush se env\u00eda en su propia caja, sin usar embalajes adicionales.<\/p>\n<p>Sunday Brush se vende en Europa, Brasil y Jap\u00f3n, donde la protecci\u00f3n solar diaria es una necesidad imperiosa.<\/p>\n<p>Saludos cordiales,<\/p>\n<p><em>Nicole Vermeer<\/em><br \/>\n<em>Founder of Sunday Brush<\/em><\/p>\n<\/div><\/div><\/div><\/div><\/div><div class=\"vc_col-sm-4 wpb_column vc_column_container\"><div class=\"vc_column-inner\"><div class=\"wpb_wrapper\"><div class=\"w-separator size_medium\"><\/div><div class=\"w-image align_center\"><div class=\"w-image-h\"><img loading=\"lazy\" decoding=\"async\" width=\"600\" height=\"600\" src=\"https:\/\/www.sundaybrush.com\/wp-content\/uploads\/2019\/03\/Sunday-Brush-founders.jpg\" class=\"attachment-full size-full\" alt=\"\" srcset=\"https:\/\/www.sundaybrush.com\/wp-content\/uploads\/2019\/03\/Sunday-Brush-founders.jpg 600w, https:\/\/www.sundaybrush.com\/wp-content\/uploads\/2019\/03\/Sunday-Brush-founders-300x300.jpg 300w, https:\/\/www.sundaybrush.com\/wp-content\/uploads\/2019\/03\/Sunday-Brush-founders-550x550.jpg 550w, https:\/\/www.sundaybrush.com\/wp-content\/uploads\/2019\/03\/Sunday-Brush-founders-150x150.jpg 150w\" sizes=\"auto, (max-width: 600px) 100vw, 600px\" \/><\/div><\/div><\/div><\/div><\/div><\/div><\/div><\/section>\n","protected":false},"excerpt":{"rendered":"Sobre nosotros, nuestra misi\u00f3n y filosof\u00eda La historia de Sunday Brush Hace m\u00e1s de diez a\u00f1os, a mi marido le diagnosticaron c\u00e1ncer de piel tras detectarle una lesi\u00f3n en la cara. A partir de ese momento, nos volvimos muy cautelosos con la exposici\u00f3n al sol y nos aplic\u00e1bamos protector solar a diario. Por desgracia, todos...","protected":false},"author":1,"featured_media":0,"parent":0,"menu_order":0,"comment_status":"closed","ping_status":"closed","template":"","meta":{"_acf_changed":false,"footnotes":""},"class_list":["post-40097","page","type-page","status-publish","hentry"],"acf":[],"yoast_head":"<!-- This site is optimized with the Yoast SEO Premium plugin v27.3 (Yoast SEO v27.4) - https:\/\/yoast.com\/product\/yoast-seo-premium-wordpress\/ -->\n<title>Sobre nosotros | Sunday Brush desarrollado por necesidad<\/title>\n<meta name=\"description\" content=\"Sobre nosotros: Sunday Brush se desarroll\u00f3 por necesidad como una forma f\u00e1cil de protecci\u00f3n solar adecuada para pieles sensibles.\" \/>\n<meta name=\"robots\" content=\"index, follow, max-snippet:-1, max-image-preview:large, max-video-preview:-1\" \/>\n<link rel=\"canonical\" href=\"https:\/\/www.sundaybrush.com\/es\/sobre-nosotros\/\" \/>\n<meta property=\"og:locale\" content=\"es_ES\" \/>\n<meta property=\"og:type\" content=\"article\" \/>\n<meta property=\"og:title\" content=\"Sobre nosotros\" \/>\n<meta property=\"og:description\" content=\"Sobre nosotros: Sunday Brush se desarroll\u00f3 por necesidad como una forma f\u00e1cil de protecci\u00f3n solar adecuada para pieles sensibles.\" \/>\n<meta property=\"og:url\" content=\"https:\/\/www.sundaybrush.com\/es\/sobre-nosotros\/\" \/>\n<meta property=\"og:site_name\" content=\"Sunday Brush\" \/>\n<meta property=\"article:modified_time\" content=\"2023-01-10T05:28:29+00:00\" \/>\n<meta property=\"og:image\" content=\"https:\/\/www.sundaybrush.com\/wp-content\/uploads\/2025\/06\/Sunday-Brush-European-Natural-Beauty-Award.png\" \/>\n\t<meta property=\"og:image:width\" content=\"1024\" \/>\n\t<meta property=\"og:image:height\" content=\"1024\" \/>\n\t<meta property=\"og:image:type\" content=\"image\/png\" \/>\n<meta name=\"twitter:card\" content=\"summary_large_image\" \/>\n<meta name=\"twitter:label1\" content=\"Tiempo de lectura\" \/>\n\t<meta name=\"twitter:data1\" content=\"2 minutos\" \/>\n<script type=\"application\/ld+json\" class=\"yoast-schema-graph\">{\"@context\":\"https:\\\/\\\/schema.org\",\"@graph\":[{\"@type\":\"WebPage\",\"@id\":\"https:\\\/\\\/www.sundaybrush.com\\\/es\\\/sobre-nosotros\\\/\",\"url\":\"https:\\\/\\\/www.sundaybrush.com\\\/es\\\/sobre-nosotros\\\/\",\"name\":\"Sobre nosotros | Sunday Brush desarrollado por necesidad\",\"isPartOf\":{\"@id\":\"https:\\\/\\\/www.sundaybrush.com\\\/es\\\/#website\"},\"datePublished\":\"2023-01-10T05:28:27+00:00\",\"dateModified\":\"2023-01-10T05:28:29+00:00\",\"description\":\"Sobre nosotros: Sunday Brush se desarroll\u00f3 por necesidad como una forma f\u00e1cil de protecci\u00f3n solar adecuada para pieles sensibles.\",\"breadcrumb\":{\"@id\":\"https:\\\/\\\/www.sundaybrush.com\\\/es\\\/sobre-nosotros\\\/#breadcrumb\"},\"inLanguage\":\"es\",\"potentialAction\":[{\"@type\":\"ReadAction\",\"target\":[\"https:\\\/\\\/www.sundaybrush.com\\\/es\\\/sobre-nosotros\\\/\"]}]},{\"@type\":\"BreadcrumbList\",\"@id\":\"https:\\\/\\\/www.sundaybrush.com\\\/es\\\/sobre-nosotros\\\/#breadcrumb\",\"itemListElement\":[{\"@type\":\"ListItem\",\"position\":1,\"name\":\"Home\",\"item\":\"https:\\\/\\\/www.sundaybrush.com\\\/es\\\/\"},{\"@type\":\"ListItem\",\"position\":2,\"name\":\"Sobre nosotros\"}]},{\"@type\":\"WebSite\",\"@id\":\"https:\\\/\\\/www.sundaybrush.com\\\/es\\\/#website\",\"url\":\"https:\\\/\\\/www.sundaybrush.com\\\/es\\\/\",\"name\":\"Sunday Brush\",\"description\":\"Jouw dagelijkse UV bescherming\",\"publisher\":{\"@id\":\"https:\\\/\\\/www.sundaybrush.com\\\/es\\\/#organization\"},\"potentialAction\":[{\"@type\":\"SearchAction\",\"target\":{\"@type\":\"EntryPoint\",\"urlTemplate\":\"https:\\\/\\\/www.sundaybrush.com\\\/es\\\/?s={search_term_string}\"},\"query-input\":{\"@type\":\"PropertyValueSpecification\",\"valueRequired\":true,\"valueName\":\"search_term_string\"}}],\"inLanguage\":\"es\"},{\"@type\":\"Organization\",\"@id\":\"https:\\\/\\\/www.sundaybrush.com\\\/es\\\/#organization\",\"name\":\"Sunday Brush\",\"alternateName\":\"Sundaybrush\",\"url\":\"https:\\\/\\\/www.sundaybrush.com\\\/es\\\/\",\"logo\":{\"@type\":\"ImageObject\",\"inLanguage\":\"es\",\"@id\":\"https:\\\/\\\/www.sundaybrush.com\\\/es\\\/#\\\/schema\\\/logo\\\/image\\\/\",\"url\":\"https:\\\/\\\/www.sundaybrush.com\\\/wp-content\\\/uploads\\\/2021\\\/02\\\/Logo-Sunday-Brush-transparant.png\",\"contentUrl\":\"https:\\\/\\\/www.sundaybrush.com\\\/wp-content\\\/uploads\\\/2021\\\/02\\\/Logo-Sunday-Brush-transparant.png\",\"width\":1709,\"height\":227,\"caption\":\"Sunday Brush\"},\"image\":{\"@id\":\"https:\\\/\\\/www.sundaybrush.com\\\/es\\\/#\\\/schema\\\/logo\\\/image\\\/\"},\"sameAs\":[\"https:\\\/\\\/www.instagram.com\\\/sundaybrush\\\/\",\"https:\\\/\\\/www.linkedin.com\\\/company\\\/sunday-brush\",\"https:\\\/\\\/www.youtube.com\\\/channel\\\/UCidSRkO6tDIgl3SU60b9coQ\"],\"description\":\"Sunday Brush is a registered trademark of Nxt Cosmetics BV.\",\"email\":\"info@sundaybrush.com\",\"telephone\":\"003185-0043121\",\"legalName\":\"Nxt Cosmetics BV\",\"numberOfEmployees\":{\"@type\":\"QuantitativeValue\",\"minValue\":\"1\",\"maxValue\":\"10\"}}]}<\/script>\n<!-- \/ Yoast SEO Premium plugin. -->","yoast_head_json":{"title":"Sobre nosotros | Sunday Brush desarrollado por necesidad","description":"Sobre nosotros: Sunday Brush se desarroll\u00f3 por necesidad como una forma f\u00e1cil de protecci\u00f3n solar adecuada para pieles sensibles.","robots":{"index":"index","follow":"follow","max-snippet":"max-snippet:-1","max-image-preview":"max-image-preview:large","max-video-preview":"max-video-preview:-1"},"canonical":"https:\/\/www.sundaybrush.com\/es\/sobre-nosotros\/","og_locale":"es_ES","og_type":"article","og_title":"Sobre nosotros","og_description":"Sobre nosotros: Sunday Brush se desarroll\u00f3 por necesidad como una forma f\u00e1cil de protecci\u00f3n solar adecuada para pieles sensibles.","og_url":"https:\/\/www.sundaybrush.com\/es\/sobre-nosotros\/","og_site_name":"Sunday Brush","article_modified_time":"2023-01-10T05:28:29+00:00","og_image":[{"width":1024,"height":1024,"url":"https:\/\/www.sundaybrush.com\/wp-content\/uploads\/2025\/06\/Sunday-Brush-European-Natural-Beauty-Award.png","type":"image\/png"}],"twitter_card":"summary_large_image","twitter_misc":{"Tiempo de lectura":"2 minutos"},"schema":{"@context":"https:\/\/schema.org","@graph":[{"@type":"WebPage","@id":"https:\/\/www.sundaybrush.com\/es\/sobre-nosotros\/","url":"https:\/\/www.sundaybrush.com\/es\/sobre-nosotros\/","name":"Sobre nosotros | Sunday Brush desarrollado por necesidad","isPartOf":{"@id":"https:\/\/www.sundaybrush.com\/es\/#website"},"datePublished":"2023-01-10T05:28:27+00:00","dateModified":"2023-01-10T05:28:29+00:00","description":"Sobre nosotros: Sunday Brush se desarroll\u00f3 por necesidad como una forma f\u00e1cil de protecci\u00f3n solar adecuada para pieles sensibles.","breadcrumb":{"@id":"https:\/\/www.sundaybrush.com\/es\/sobre-nosotros\/#breadcrumb"},"inLanguage":"es","potentialAction":[{"@type":"ReadAction","target":["https:\/\/www.sundaybrush.com\/es\/sobre-nosotros\/"]}]},{"@type":"BreadcrumbList","@id":"https:\/\/www.sundaybrush.com\/es\/sobre-nosotros\/#breadcrumb","itemListElement":[{"@type":"ListItem","position":1,"name":"Home","item":"https:\/\/www.sundaybrush.com\/es\/"},{"@type":"ListItem","position":2,"name":"Sobre nosotros"}]},{"@type":"WebSite","@id":"https:\/\/www.sundaybrush.com\/es\/#website","url":"https:\/\/www.sundaybrush.com\/es\/","name":"Sunday Brush","description":"Jouw dagelijkse UV bescherming","publisher":{"@id":"https:\/\/www.sundaybrush.com\/es\/#organization"},"potentialAction":[{"@type":"SearchAction","target":{"@type":"EntryPoint","urlTemplate":"https:\/\/www.sundaybrush.com\/es\/?s={search_term_string}"},"query-input":{"@type":"PropertyValueSpecification","valueRequired":true,"valueName":"search_term_string"}}],"inLanguage":"es"},{"@type":"Organization","@id":"https:\/\/www.sundaybrush.com\/es\/#organization","name":"Sunday Brush","alternateName":"Sundaybrush","url":"https:\/\/www.sundaybrush.com\/es\/","logo":{"@type":"ImageObject","inLanguage":"es","@id":"https:\/\/www.sundaybrush.com\/es\/#\/schema\/logo\/image\/","url":"https:\/\/www.sundaybrush.com\/wp-content\/uploads\/2021\/02\/Logo-Sunday-Brush-transparant.png","contentUrl":"https:\/\/www.sundaybrush.com\/wp-content\/uploads\/2021\/02\/Logo-Sunday-Brush-transparant.png","width":1709,"height":227,"caption":"Sunday Brush"},"image":{"@id":"https:\/\/www.sundaybrush.com\/es\/#\/schema\/logo\/image\/"},"sameAs":["https:\/\/www.instagram.com\/sundaybrush\/","https:\/\/www.linkedin.com\/company\/sunday-brush","https:\/\/www.youtube.com\/channel\/UCidSRkO6tDIgl3SU60b9coQ"],"description":"Sunday Brush is a registered trademark of Nxt Cosmetics BV.","email":"info@sundaybrush.com","telephone":"003185-0043121","legalName":"Nxt Cosmetics BV","numberOfEmployees":{"@type":"QuantitativeValue","minValue":"1","maxValue":"10"}}]}},"_links":{"self":[{"href":"https:\/\/www.sundaybrush.com\/es\/wp-json\/wp\/v2\/pages\/40097","targetHints":{"allow":["GET"]}}],"collection":[{"href":"https:\/\/www.sundaybrush.com\/es\/wp-json\/wp\/v2\/pages"}],"about":[{"href":"https:\/\/www.sundaybrush.com\/es\/wp-json\/wp\/v2\/types\/page"}],"author":[{"embeddable":true,"href":"https:\/\/www.sundaybrush.com\/es\/wp-json\/wp\/v2\/users\/1"}],"replies":[{"embeddable":true,"href":"https:\/\/www.sundaybrush.com\/es\/wp-json\/wp\/v2\/comments?post=40097"}],"version-history":[{"count":2,"href":"https:\/\/www.sundaybrush.com\/es\/wp-json\/wp\/v2\/pages\/40097\/revisions"}],"predecessor-version":[{"id":40099,"href":"https:\/\/www.sundaybrush.com\/es\/wp-json\/wp\/v2\/pages\/40097\/revisions\/40099"}],"wp:attachment":[{"href":"https:\/\/www.sundaybrush.com\/es\/wp-json\/wp\/v2\/media?parent=40097"}],"curies":[{"name":"wp","href":"https:\/\/api.w.org\/{rel}","templated":true}]}}