{"id":40139,"date":"2023-01-10T09:48:23","date_gmt":"2023-01-10T08:48:23","guid":{"rendered":"https:\/\/www.sundaybrush.com\/protector-solar\/"},"modified":"2023-01-24T07:54:22","modified_gmt":"2023-01-24T06:54:22","slug":"protector-solar","status":"publish","type":"page","link":"https:\/\/www.sundaybrush.com\/es\/protector-solar\/","title":{"rendered":"Protector solar"},"content":{"rendered":"<section class=\"l-section wpb_row height_medium\"><div class=\"l-section-h i-cf\"><div class=\"g-cols vc_row type_default valign_top\"><div class=\"vc_col-sm-2 wpb_column vc_column_container\"><div class=\"vc_column-inner us_custom_bdc887fb\"><div class=\"wpb_wrapper\"><\/div><\/div><\/div><div class=\"vc_col-sm-8 wpb_column vc_column_container\"><div class=\"vc_column-inner\"><div class=\"wpb_wrapper\"><div class=\"wpb_text_column\" ><div class=\"wpb_wrapper\"><h1><span style=\"color: #236192;\">Protector solar<\/span><\/h1>\n<p>La protecci\u00f3n solar es cada vez m\u00e1s importante en nuestra vida cotidiana. Las cifras de c\u00e1ncer de piel son terriblemente altas y el n\u00famero de casos sigue aumentando cada a\u00f1o. Esto convierte a este tipo de c\u00e1ncer en uno de los m\u00e1s r\u00e1pidos en crecimiento.<\/p>\n<p>Muy pocas personas utilizan crema solar durante el d\u00eda, a menos que est\u00e9n en la playa o planeen pasar todo el d\u00eda al sol. Esto se debe a que los protectores solares tradicionales son pegajosos o grasos y dejan un aspecto blanquecino en la piel.<\/p>\n<p>La protecci\u00f3n diaria contra el sol es importante, sobre todo durante las actividades al aire libre ya que los da\u00f1os en la piel no solo se producen durante los d\u00edas soleados en la playa, sino tambi\u00e9n durante las exposiciones al sol del d\u00eda a d\u00eda.<\/p>\n<p>\u00bfPor qu\u00e9 es tan importante protegerse del sol todos los d\u00edas, incluso cuando est\u00e1 nublado?<\/p>\n<p>Lea los siguientes art\u00edculos para saber por qu\u00e9 debe proteger su piel del sol todos los d\u00edas. Visite nuestro blog para leer m\u00e1s art\u00edculos.<\/p>\n<\/div><\/div><\/div><\/div><\/div><div class=\"vc_col-sm-2 wpb_column vc_column_container\"><div class=\"vc_column-inner\"><div class=\"wpb_wrapper\"><\/div><\/div><\/div><\/div><\/div><\/section><section class=\"l-section wpb_row height_medium\"><div class=\"l-section-h i-cf\"><div class=\"g-cols vc_row type_default valign_top\"><div class=\"vc_col-sm-6 wpb_column vc_column_container\"><div class=\"vc_column-inner\"><div class=\"wpb_wrapper\"><div class=\"w-ibanner animation_phorcys ratio_2x1 easing_ease\"><div class=\"w-ibanner-h\"><div class=\"w-ibanner-image\" style=\"background-image: url(https:\/\/www.sundaybrush.com\/wp-content\/uploads\/2022\/02\/SPF-wat-is-de-SPF-factor-Sunday-Brush.png)\"><\/div><div class=\"w-ibanner-content\"><div class=\"w-ibanner-content-h\"><h2 class=\"w-ibanner-title\">\u00bfQu\u00e9 significa SPF?<\/h2><div class=\"w-ibanner-desc\"><\/div><\/div><\/div><\/div><a title=\"\u00bfQu\u00e9 significa SPF?\" href=\"https:\/\/www.sundaybrush.com\/es\/protector-solar\/que-significa-spf\/\" aria-label=\"\u00bfQu\u00e9 significa SPF?\"><\/a><\/div><\/div><\/div><\/div><div class=\"vc_col-sm-6 wpb_column vc_column_container\"><div class=\"vc_column-inner\"><div class=\"wpb_wrapper\"><div class=\"w-ibanner animation_phorcys ratio_2x1 easing_ease\"><div class=\"w-ibanner-h\"><div class=\"w-ibanner-image\" style=\"background-image: url(https:\/\/www.sundaybrush.com\/wp-content\/uploads\/2022\/02\/Wat-is-UV-straling-Sunday-Brush.png)\"><\/div><div class=\"w-ibanner-content\"><div class=\"w-ibanner-content-h\"><h2 class=\"w-ibanner-title\">\u00bfQu\u00e9 es la radiaci\u00f3n UV?<\/h2><div class=\"w-ibanner-desc\"><\/div><\/div><\/div><\/div><a title=\"\u00bfQu\u00e9 es la radiaci\u00f3n UV?\" href=\"https:\/\/www.sundaybrush.com\/es\/protector-solar\/que-es-la-radiacion-uv\/\" aria-label=\"\u00bfQu\u00e9 es la radiaci\u00f3n UV?\"><\/a><\/div><\/div><\/div><\/div><\/div><\/div><\/section><section class=\"l-section wpb_row height_medium\"><div class=\"l-section-h i-cf\"><div class=\"g-cols vc_row type_default valign_top\"><div class=\"vc_col-sm-6 wpb_column vc_column_container\"><div class=\"vc_column-inner\"><div class=\"wpb_wrapper\"><div class=\"w-ibanner animation_phorcys ratio_2x1 easing_ease\"><div class=\"w-ibanner-h\"><div class=\"w-ibanner-image\" style=\"background-image: url(https:\/\/www.sundaybrush.com\/wp-content\/uploads\/2022\/12\/NL-Minerale-zonbescherming-vs-chemische-zonbescherming-1024x724.png)\"><\/div><div class=\"w-ibanner-content\"><div class=\"w-ibanner-content-h\"><h2 class=\"w-ibanner-title\">Protecci\u00f3n solar a base de minerales en lugar de productos qu\u00edmicos<\/h2><div class=\"w-ibanner-desc\"><\/div><\/div><\/div><\/div><a title=\"Protecci\u00f3n solar a base de minerales en lugar de productos qu\u00edmicos\" href=\"https:\/\/www.sundaybrush.com\/es\/protector-solar\/proteccion-solar-a-base-de-minerales-en-lugar-de-productos-quimicos\/\" aria-label=\"Protecci\u00f3n solar a base de minerales en lugar de productos qu\u00edmicos\"><\/a><\/div><\/div><\/div><\/div><div class=\"vc_col-sm-6 wpb_column vc_column_container\"><div class=\"vc_column-inner\"><div class=\"wpb_wrapper\"><div class=\"w-ibanner animation_phorcys ratio_2x1 easing_ease\"><div class=\"w-ibanner-h\"><div class=\"w-ibanner-image\" style=\"background-image: url(https:\/\/www.sundaybrush.com\/wp-content\/uploads\/2022\/02\/Bescherming-tegen-UVA-Sunday-Brush.png)\"><\/div><div class=\"w-ibanner-content\"><div class=\"w-ibanner-content-h\"><h2 class=\"w-ibanner-title\">Protecci\u00f3n UVA<\/h2><div class=\"w-ibanner-desc\"><\/div><\/div><\/div><\/div><a title=\"Protecci\u00f3n UVA\" href=\"https:\/\/www.sundaybrush.com\/es\/protector-solar\/proteccion-uva\/\" aria-label=\"Protecci\u00f3n UVA\"><\/a><\/div><\/div><\/div><\/div><\/div><\/div><\/section>\n","protected":false},"excerpt":{"rendered":"Protector solar La protecci\u00f3n solar es cada vez m\u00e1s importante en nuestra vida cotidiana. Las cifras de c\u00e1ncer de piel son terriblemente altas y el n\u00famero de casos sigue aumentando cada a\u00f1o. Esto convierte a este tipo de c\u00e1ncer en uno de los m\u00e1s r\u00e1pidos en crecimiento. Muy pocas personas utilizan crema solar durante el...","protected":false},"author":6,"featured_media":0,"parent":0,"menu_order":0,"comment_status":"closed","ping_status":"closed","template":"","meta":{"_acf_changed":false,"footnotes":""},"class_list":["post-40139","page","type-page","status-publish","hentry"],"acf":[],"yoast_head":"<!-- This site is optimized with the Yoast SEO Premium plugin v27.3 (Yoast SEO v27.5) - https:\/\/yoast.com\/product\/yoast-seo-premium-wordpress\/ -->\n<title>Protector solar | Sunday Brush SPF 50<\/title>\n<meta name=\"description\" content=\"La protecci\u00f3n solar es cada vez m\u00e1s importante en nuestra vida cotidiana.\" \/>\n<meta name=\"robots\" content=\"index, follow, max-snippet:-1, max-image-preview:large, max-video-preview:-1\" \/>\n<link rel=\"canonical\" href=\"https:\/\/www.sundaybrush.com\/es\/protector-solar\/\" \/>\n<meta property=\"og:locale\" content=\"es_ES\" \/>\n<meta property=\"og:type\" content=\"article\" \/>\n<meta property=\"og:title\" content=\"Protector solar\" \/>\n<meta property=\"og:description\" content=\"La protecci\u00f3n solar es cada vez m\u00e1s importante en nuestra vida cotidiana.\" \/>\n<meta property=\"og:url\" content=\"https:\/\/www.sundaybrush.com\/es\/protector-solar\/\" \/>\n<meta property=\"og:site_name\" content=\"Sunday Brush\" \/>\n<meta property=\"article:modified_time\" content=\"2023-01-24T06:54:22+00:00\" \/>\n<meta property=\"og:image\" content=\"https:\/\/www.sundaybrush.com\/wp-content\/uploads\/2025\/06\/Sunday-Brush-European-Natural-Beauty-Award.png\" \/>\n\t<meta property=\"og:image:width\" content=\"1024\" \/>\n\t<meta property=\"og:image:height\" content=\"1024\" \/>\n\t<meta property=\"og:image:type\" content=\"image\/png\" \/>\n<meta name=\"twitter:card\" content=\"summary_large_image\" \/>\n<meta name=\"twitter:label1\" content=\"Tiempo de lectura\" \/>\n\t<meta name=\"twitter:data1\" content=\"2 minutos\" \/>\n<script type=\"application\/ld+json\" class=\"yoast-schema-graph\">{\"@context\":\"https:\\\/\\\/schema.org\",\"@graph\":[{\"@type\":\"WebPage\",\"@id\":\"https:\\\/\\\/www.sundaybrush.com\\\/es\\\/protector-solar\\\/\",\"url\":\"https:\\\/\\\/www.sundaybrush.com\\\/es\\\/protector-solar\\\/\",\"name\":\"Protector solar | Sunday Brush SPF 50\",\"isPartOf\":{\"@id\":\"https:\\\/\\\/www.sundaybrush.com\\\/es\\\/#website\"},\"datePublished\":\"2023-01-10T08:48:23+00:00\",\"dateModified\":\"2023-01-24T06:54:22+00:00\",\"description\":\"La protecci\u00f3n solar es cada vez m\u00e1s importante en nuestra vida cotidiana.\",\"breadcrumb\":{\"@id\":\"https:\\\/\\\/www.sundaybrush.com\\\/es\\\/protector-solar\\\/#breadcrumb\"},\"inLanguage\":\"es\",\"potentialAction\":[{\"@type\":\"ReadAction\",\"target\":[\"https:\\\/\\\/www.sundaybrush.com\\\/es\\\/protector-solar\\\/\"]}]},{\"@type\":\"BreadcrumbList\",\"@id\":\"https:\\\/\\\/www.sundaybrush.com\\\/es\\\/protector-solar\\\/#breadcrumb\",\"itemListElement\":[{\"@type\":\"ListItem\",\"position\":1,\"name\":\"Home\",\"item\":\"https:\\\/\\\/www.sundaybrush.com\\\/es\\\/\"},{\"@type\":\"ListItem\",\"position\":2,\"name\":\"Protector solar\"}]},{\"@type\":\"WebSite\",\"@id\":\"https:\\\/\\\/www.sundaybrush.com\\\/es\\\/#website\",\"url\":\"https:\\\/\\\/www.sundaybrush.com\\\/es\\\/\",\"name\":\"Sunday Brush\",\"description\":\"Jouw dagelijkse UV bescherming\",\"publisher\":{\"@id\":\"https:\\\/\\\/www.sundaybrush.com\\\/es\\\/#organization\"},\"potentialAction\":[{\"@type\":\"SearchAction\",\"target\":{\"@type\":\"EntryPoint\",\"urlTemplate\":\"https:\\\/\\\/www.sundaybrush.com\\\/es\\\/?s={search_term_string}\"},\"query-input\":{\"@type\":\"PropertyValueSpecification\",\"valueRequired\":true,\"valueName\":\"search_term_string\"}}],\"inLanguage\":\"es\"},{\"@type\":\"Organization\",\"@id\":\"https:\\\/\\\/www.sundaybrush.com\\\/es\\\/#organization\",\"name\":\"Sunday Brush\",\"alternateName\":\"Sundaybrush\",\"url\":\"https:\\\/\\\/www.sundaybrush.com\\\/es\\\/\",\"logo\":{\"@type\":\"ImageObject\",\"inLanguage\":\"es\",\"@id\":\"https:\\\/\\\/www.sundaybrush.com\\\/es\\\/#\\\/schema\\\/logo\\\/image\\\/\",\"url\":\"https:\\\/\\\/www.sundaybrush.com\\\/wp-content\\\/uploads\\\/2021\\\/02\\\/Logo-Sunday-Brush-transparant.png\",\"contentUrl\":\"https:\\\/\\\/www.sundaybrush.com\\\/wp-content\\\/uploads\\\/2021\\\/02\\\/Logo-Sunday-Brush-transparant.png\",\"width\":1709,\"height\":227,\"caption\":\"Sunday Brush\"},\"image\":{\"@id\":\"https:\\\/\\\/www.sundaybrush.com\\\/es\\\/#\\\/schema\\\/logo\\\/image\\\/\"},\"sameAs\":[\"https:\\\/\\\/www.instagram.com\\\/sundaybrush\\\/\",\"https:\\\/\\\/www.linkedin.com\\\/company\\\/sunday-brush\",\"https:\\\/\\\/www.youtube.com\\\/channel\\\/UCidSRkO6tDIgl3SU60b9coQ\"],\"description\":\"Sunday Brush is a registered trademark of Nxt Cosmetics BV.\",\"email\":\"info@sundaybrush.com\",\"telephone\":\"003185-0043121\",\"legalName\":\"Nxt Cosmetics BV\",\"numberOfEmployees\":{\"@type\":\"QuantitativeValue\",\"minValue\":\"1\",\"maxValue\":\"10\"}}]}<\/script>\n<!-- \/ Yoast SEO Premium plugin. -->","yoast_head_json":{"title":"Protector solar | Sunday Brush SPF 50","description":"La protecci\u00f3n solar es cada vez m\u00e1s importante en nuestra vida cotidiana.","robots":{"index":"index","follow":"follow","max-snippet":"max-snippet:-1","max-image-preview":"max-image-preview:large","max-video-preview":"max-video-preview:-1"},"canonical":"https:\/\/www.sundaybrush.com\/es\/protector-solar\/","og_locale":"es_ES","og_type":"article","og_title":"Protector solar","og_description":"La protecci\u00f3n solar es cada vez m\u00e1s importante en nuestra vida cotidiana.","og_url":"https:\/\/www.sundaybrush.com\/es\/protector-solar\/","og_site_name":"Sunday Brush","article_modified_time":"2023-01-24T06:54:22+00:00","og_image":[{"width":1024,"height":1024,"url":"https:\/\/www.sundaybrush.com\/wp-content\/uploads\/2025\/06\/Sunday-Brush-European-Natural-Beauty-Award.png","type":"image\/png"}],"twitter_card":"summary_large_image","twitter_misc":{"Tiempo de lectura":"2 minutos"},"schema":{"@context":"https:\/\/schema.org","@graph":[{"@type":"WebPage","@id":"https:\/\/www.sundaybrush.com\/es\/protector-solar\/","url":"https:\/\/www.sundaybrush.com\/es\/protector-solar\/","name":"Protector solar | Sunday Brush SPF 50","isPartOf":{"@id":"https:\/\/www.sundaybrush.com\/es\/#website"},"datePublished":"2023-01-10T08:48:23+00:00","dateModified":"2023-01-24T06:54:22+00:00","description":"La protecci\u00f3n solar es cada vez m\u00e1s importante en nuestra vida cotidiana.","breadcrumb":{"@id":"https:\/\/www.sundaybrush.com\/es\/protector-solar\/#breadcrumb"},"inLanguage":"es","potentialAction":[{"@type":"ReadAction","target":["https:\/\/www.sundaybrush.com\/es\/protector-solar\/"]}]},{"@type":"BreadcrumbList","@id":"https:\/\/www.sundaybrush.com\/es\/protector-solar\/#breadcrumb","itemListElement":[{"@type":"ListItem","position":1,"name":"Home","item":"https:\/\/www.sundaybrush.com\/es\/"},{"@type":"ListItem","position":2,"name":"Protector solar"}]},{"@type":"WebSite","@id":"https:\/\/www.sundaybrush.com\/es\/#website","url":"https:\/\/www.sundaybrush.com\/es\/","name":"Sunday Brush","description":"Jouw dagelijkse UV bescherming","publisher":{"@id":"https:\/\/www.sundaybrush.com\/es\/#organization"},"potentialAction":[{"@type":"SearchAction","target":{"@type":"EntryPoint","urlTemplate":"https:\/\/www.sundaybrush.com\/es\/?s={search_term_string}"},"query-input":{"@type":"PropertyValueSpecification","valueRequired":true,"valueName":"search_term_string"}}],"inLanguage":"es"},{"@type":"Organization","@id":"https:\/\/www.sundaybrush.com\/es\/#organization","name":"Sunday Brush","alternateName":"Sundaybrush","url":"https:\/\/www.sundaybrush.com\/es\/","logo":{"@type":"ImageObject","inLanguage":"es","@id":"https:\/\/www.sundaybrush.com\/es\/#\/schema\/logo\/image\/","url":"https:\/\/www.sundaybrush.com\/wp-content\/uploads\/2021\/02\/Logo-Sunday-Brush-transparant.png","contentUrl":"https:\/\/www.sundaybrush.com\/wp-content\/uploads\/2021\/02\/Logo-Sunday-Brush-transparant.png","width":1709,"height":227,"caption":"Sunday Brush"},"image":{"@id":"https:\/\/www.sundaybrush.com\/es\/#\/schema\/logo\/image\/"},"sameAs":["https:\/\/www.instagram.com\/sundaybrush\/","https:\/\/www.linkedin.com\/company\/sunday-brush","https:\/\/www.youtube.com\/channel\/UCidSRkO6tDIgl3SU60b9coQ"],"description":"Sunday Brush is a registered trademark of Nxt Cosmetics BV.","email":"info@sundaybrush.com","telephone":"003185-0043121","legalName":"Nxt Cosmetics BV","numberOfEmployees":{"@type":"QuantitativeValue","minValue":"1","maxValue":"10"}}]}},"_links":{"self":[{"href":"https:\/\/www.sundaybrush.com\/es\/wp-json\/wp\/v2\/pages\/40139","targetHints":{"allow":["GET"]}}],"collection":[{"href":"https:\/\/www.sundaybrush.com\/es\/wp-json\/wp\/v2\/pages"}],"about":[{"href":"https:\/\/www.sundaybrush.com\/es\/wp-json\/wp\/v2\/types\/page"}],"author":[{"embeddable":true,"href":"https:\/\/www.sundaybrush.com\/es\/wp-json\/wp\/v2\/users\/6"}],"replies":[{"embeddable":true,"href":"https:\/\/www.sundaybrush.com\/es\/wp-json\/wp\/v2\/comments?post=40139"}],"version-history":[{"count":4,"href":"https:\/\/www.sundaybrush.com\/es\/wp-json\/wp\/v2\/pages\/40139\/revisions"}],"predecessor-version":[{"id":40179,"href":"https:\/\/www.sundaybrush.com\/es\/wp-json\/wp\/v2\/pages\/40139\/revisions\/40179"}],"wp:attachment":[{"href":"https:\/\/www.sundaybrush.com\/es\/wp-json\/wp\/v2\/media?parent=40139"}],"curies":[{"name":"wp","href":"https:\/\/api.w.org\/{rel}","templated":true}]}}