{"id":40056,"date":"2018-02-07T14:40:10","date_gmt":"2018-02-07T12:40:10","guid":{"rendered":"https:\/\/www.sundaybrush.com\/product\/proteccion-solar-en-polvo\/"},"modified":"2026-05-01T13:24:41","modified_gmt":"2026-05-01T11:24:41","slug":"proteccion-solar-en-polvo","status":"publish","type":"product","link":"https:\/\/www.sundaybrush.com\/es\/producto\/proteccion-solar-en-polvo\/","title":{"rendered":"Sunday Brush &#8211; SPF 50"},"content":{"rendered":"","protected":false},"excerpt":{"rendered":"<p>Sunday Brush es un polvo mineral que protege de manera eficaz contra los da\u00f1inos rayos UVA y UVB.<\/p>\n<p>El producto es f\u00e1cil de aplicar con una suave brocha dosificadora. Los minerales naturales de Sunday Brush no penetran en la piel y son adecuados para todo tipo de pieles, incluso es adecuado para pieles sensibles. Act\u00faa de manera inmediata una vez aplicada la dosis.<\/p>\n<p>Los minerales naturales de Sunday Brush no penetran en la piel y son adecuados para todo tipo de pieles, incluidas las sensibles. Act\u00faa inmediatamente despu\u00e9s de su aplicaci\u00f3n. El producto contiene minerales naturales sin aditivos qu\u00edmicos y es \u00fanico en el mundo.<\/p>\n<p><span style=\"text-decoration: underline;\"><a href=\"https:\/\/www.sundaybrush.com\/es\/elija-su-tono\/\" rel=\"noopener\">\u00bfNecesita ayuda para elegir el tono adecuado? Haga clic aqu\u00ed.<\/a><\/span><\/p>\n","protected":false},"featured_media":51876,"menu_order":0,"comment_status":"open","ping_status":"closed","template":"","meta":{"_acf_changed":false},"product_brand":[],"product_cat":[405],"product_tag":[406],"class_list":{"0":"post-40056","1":"product","2":"type-product","3":"status-publish","4":"has-post-thumbnail","6":"product_cat-product-es","7":"product_tag-sunday-brush-es","9":"first","10":"instock","11":"taxable","12":"shipping-taxable","13":"purchasable","14":"product-type-variable"},"acf":[],"yoast_head":"<!-- This site is optimized with the Yoast SEO Premium plugin v27.3 (Yoast SEO v27.5) - https:\/\/yoast.com\/product\/yoast-seo-premium-wordpress\/ -->\n<title>Protecci\u00f3n solar en polvo Sunday Brush SPF 50 - 6 gramos<\/title>\n<meta name=\"description\" content=\"Protecci\u00f3n solar en polvo: Sunday Brush es un polvo mineral que protege de manera eficaz contra los da\u00f1inos rayos UVA y UVB.\" \/>\n<meta name=\"robots\" content=\"index, follow, max-snippet:-1, max-image-preview:large, max-video-preview:-1\" \/>\n<link rel=\"canonical\" href=\"https:\/\/www.sundaybrush.com\/es\/producto\/proteccion-solar-en-polvo\/\" \/>\n<meta property=\"og:locale\" content=\"es_ES\" \/>\n<meta property=\"og:type\" content=\"article\" \/>\n<meta property=\"og:title\" content=\"Sunday Brush - SPF 50\" \/>\n<meta property=\"og:description\" content=\"Protecci\u00f3n solar en polvo: Sunday Brush es un polvo mineral que protege de manera eficaz contra los da\u00f1inos rayos UVA y UVB.\" \/>\n<meta property=\"og:url\" content=\"https:\/\/www.sundaybrush.com\/es\/producto\/proteccion-solar-en-polvo\/\" \/>\n<meta property=\"og:site_name\" content=\"Sunday Brush\" \/>\n<meta property=\"article:modified_time\" content=\"2026-05-01T11:24:41+00:00\" \/>\n<meta property=\"og:image\" content=\"https:\/\/www.sundaybrush.com\/wp-content\/uploads\/2018\/02\/Sunday-Brush-packshot.jpg\" \/>\n\t<meta property=\"og:image:width\" content=\"600\" \/>\n\t<meta property=\"og:image:height\" content=\"600\" \/>\n\t<meta property=\"og:image:type\" content=\"image\/jpeg\" \/>\n<meta name=\"twitter:card\" content=\"summary_large_image\" \/>\n<meta name=\"twitter:label1\" content=\"Tiempo de lectura\" \/>\n\t<meta name=\"twitter:data1\" content=\"1 minuto\" \/>\n<script type=\"application\/ld+json\" class=\"yoast-schema-graph\">{\"@context\":\"https:\\\/\\\/schema.org\",\"@graph\":[{\"@type\":\"WebPage\",\"@id\":\"https:\\\/\\\/www.sundaybrush.com\\\/es\\\/producto\\\/proteccion-solar-en-polvo\\\/\",\"url\":\"https:\\\/\\\/www.sundaybrush.com\\\/es\\\/producto\\\/proteccion-solar-en-polvo\\\/\",\"name\":\"Protecci\u00f3n solar en polvo Sunday Brush SPF 50 - 6 gramos\",\"isPartOf\":{\"@id\":\"https:\\\/\\\/www.sundaybrush.com\\\/es\\\/#website\"},\"primaryImageOfPage\":{\"@id\":\"https:\\\/\\\/www.sundaybrush.com\\\/es\\\/producto\\\/proteccion-solar-en-polvo\\\/#primaryimage\"},\"image\":{\"@id\":\"https:\\\/\\\/www.sundaybrush.com\\\/es\\\/producto\\\/proteccion-solar-en-polvo\\\/#primaryimage\"},\"thumbnailUrl\":\"https:\\\/\\\/www.sundaybrush.com\\\/wp-content\\\/uploads\\\/2018\\\/02\\\/Sunday-Brush-mineraal-zonnepoeder.jpg\",\"datePublished\":\"2018-02-07T12:40:10+00:00\",\"dateModified\":\"2026-05-01T11:24:41+00:00\",\"description\":\"Protecci\u00f3n solar en polvo: Sunday Brush es un polvo mineral que protege de manera eficaz contra los da\u00f1inos rayos UVA y UVB.\",\"breadcrumb\":{\"@id\":\"https:\\\/\\\/www.sundaybrush.com\\\/es\\\/producto\\\/proteccion-solar-en-polvo\\\/#breadcrumb\"},\"inLanguage\":\"es\",\"potentialAction\":[{\"@type\":\"ReadAction\",\"target\":[\"https:\\\/\\\/www.sundaybrush.com\\\/es\\\/producto\\\/proteccion-solar-en-polvo\\\/\"]}]},{\"@type\":\"ImageObject\",\"inLanguage\":\"es\",\"@id\":\"https:\\\/\\\/www.sundaybrush.com\\\/es\\\/producto\\\/proteccion-solar-en-polvo\\\/#primaryimage\",\"url\":\"https:\\\/\\\/www.sundaybrush.com\\\/wp-content\\\/uploads\\\/2018\\\/02\\\/Sunday-Brush-mineraal-zonnepoeder.jpg\",\"contentUrl\":\"https:\\\/\\\/www.sundaybrush.com\\\/wp-content\\\/uploads\\\/2018\\\/02\\\/Sunday-Brush-mineraal-zonnepoeder.jpg\",\"width\":600,\"height\":600,\"caption\":\"sundaybrush-mineraal-zonnepoeder\"},{\"@type\":\"BreadcrumbList\",\"@id\":\"https:\\\/\\\/www.sundaybrush.com\\\/es\\\/producto\\\/proteccion-solar-en-polvo\\\/#breadcrumb\",\"itemListElement\":[{\"@type\":\"ListItem\",\"position\":1,\"name\":\"Home\",\"item\":\"https:\\\/\\\/www.sundaybrush.com\\\/es\\\/\"},{\"@type\":\"ListItem\",\"position\":2,\"name\":\"Tienda\",\"item\":\"https:\\\/\\\/www.sundaybrush.com\\\/es\\\/tienda\\\/\"},{\"@type\":\"ListItem\",\"position\":3,\"name\":\"Sunday Brush &#8211; SPF 50\"}]},{\"@type\":\"WebSite\",\"@id\":\"https:\\\/\\\/www.sundaybrush.com\\\/es\\\/#website\",\"url\":\"https:\\\/\\\/www.sundaybrush.com\\\/es\\\/\",\"name\":\"Sunday Brush\",\"description\":\"Jouw dagelijkse UV bescherming\",\"publisher\":{\"@id\":\"https:\\\/\\\/www.sundaybrush.com\\\/es\\\/#organization\"},\"potentialAction\":[{\"@type\":\"SearchAction\",\"target\":{\"@type\":\"EntryPoint\",\"urlTemplate\":\"https:\\\/\\\/www.sundaybrush.com\\\/es\\\/?s={search_term_string}\"},\"query-input\":{\"@type\":\"PropertyValueSpecification\",\"valueRequired\":true,\"valueName\":\"search_term_string\"}}],\"inLanguage\":\"es\"},{\"@type\":\"Organization\",\"@id\":\"https:\\\/\\\/www.sundaybrush.com\\\/es\\\/#organization\",\"name\":\"Sunday Brush\",\"alternateName\":\"Sundaybrush\",\"url\":\"https:\\\/\\\/www.sundaybrush.com\\\/es\\\/\",\"logo\":{\"@type\":\"ImageObject\",\"inLanguage\":\"es\",\"@id\":\"https:\\\/\\\/www.sundaybrush.com\\\/es\\\/#\\\/schema\\\/logo\\\/image\\\/\",\"url\":\"https:\\\/\\\/www.sundaybrush.com\\\/wp-content\\\/uploads\\\/2021\\\/02\\\/Logo-Sunday-Brush-transparant.png\",\"contentUrl\":\"https:\\\/\\\/www.sundaybrush.com\\\/wp-content\\\/uploads\\\/2021\\\/02\\\/Logo-Sunday-Brush-transparant.png\",\"width\":1709,\"height\":227,\"caption\":\"Sunday Brush\"},\"image\":{\"@id\":\"https:\\\/\\\/www.sundaybrush.com\\\/es\\\/#\\\/schema\\\/logo\\\/image\\\/\"},\"sameAs\":[\"https:\\\/\\\/www.instagram.com\\\/sundaybrush\\\/\",\"https:\\\/\\\/www.linkedin.com\\\/company\\\/sunday-brush\",\"https:\\\/\\\/www.youtube.com\\\/channel\\\/UCidSRkO6tDIgl3SU60b9coQ\"],\"description\":\"Sunday Brush is a registered trademark of Nxt Cosmetics BV.\",\"email\":\"info@sundaybrush.com\",\"telephone\":\"003185-0043121\",\"legalName\":\"Nxt Cosmetics BV\",\"numberOfEmployees\":{\"@type\":\"QuantitativeValue\",\"minValue\":\"1\",\"maxValue\":\"10\"}}]}<\/script>\n<!-- \/ Yoast SEO Premium plugin. -->","yoast_head_json":{"title":"Protecci\u00f3n solar en polvo Sunday Brush SPF 50 - 6 gramos","description":"Protecci\u00f3n solar en polvo: Sunday Brush es un polvo mineral que protege de manera eficaz contra los da\u00f1inos rayos UVA y UVB.","robots":{"index":"index","follow":"follow","max-snippet":"max-snippet:-1","max-image-preview":"max-image-preview:large","max-video-preview":"max-video-preview:-1"},"canonical":"https:\/\/www.sundaybrush.com\/es\/producto\/proteccion-solar-en-polvo\/","og_locale":"es_ES","og_type":"article","og_title":"Sunday Brush - SPF 50","og_description":"Protecci\u00f3n solar en polvo: Sunday Brush es un polvo mineral que protege de manera eficaz contra los da\u00f1inos rayos UVA y UVB.","og_url":"https:\/\/www.sundaybrush.com\/es\/producto\/proteccion-solar-en-polvo\/","og_site_name":"Sunday Brush","article_modified_time":"2026-05-01T11:24:41+00:00","og_image":[{"width":600,"height":600,"url":"https:\/\/www.sundaybrush.com\/wp-content\/uploads\/2018\/02\/Sunday-Brush-packshot.jpg","type":"image\/jpeg"}],"twitter_card":"summary_large_image","twitter_misc":{"Tiempo de lectura":"1 minuto"},"schema":{"@context":"https:\/\/schema.org","@graph":[{"@type":"WebPage","@id":"https:\/\/www.sundaybrush.com\/es\/producto\/proteccion-solar-en-polvo\/","url":"https:\/\/www.sundaybrush.com\/es\/producto\/proteccion-solar-en-polvo\/","name":"Protecci\u00f3n solar en polvo Sunday Brush SPF 50 - 6 gramos","isPartOf":{"@id":"https:\/\/www.sundaybrush.com\/es\/#website"},"primaryImageOfPage":{"@id":"https:\/\/www.sundaybrush.com\/es\/producto\/proteccion-solar-en-polvo\/#primaryimage"},"image":{"@id":"https:\/\/www.sundaybrush.com\/es\/producto\/proteccion-solar-en-polvo\/#primaryimage"},"thumbnailUrl":"https:\/\/www.sundaybrush.com\/wp-content\/uploads\/2018\/02\/Sunday-Brush-mineraal-zonnepoeder.jpg","datePublished":"2018-02-07T12:40:10+00:00","dateModified":"2026-05-01T11:24:41+00:00","description":"Protecci\u00f3n solar en polvo: Sunday Brush es un polvo mineral que protege de manera eficaz contra los da\u00f1inos rayos UVA y UVB.","breadcrumb":{"@id":"https:\/\/www.sundaybrush.com\/es\/producto\/proteccion-solar-en-polvo\/#breadcrumb"},"inLanguage":"es","potentialAction":[{"@type":"ReadAction","target":["https:\/\/www.sundaybrush.com\/es\/producto\/proteccion-solar-en-polvo\/"]}]},{"@type":"ImageObject","inLanguage":"es","@id":"https:\/\/www.sundaybrush.com\/es\/producto\/proteccion-solar-en-polvo\/#primaryimage","url":"https:\/\/www.sundaybrush.com\/wp-content\/uploads\/2018\/02\/Sunday-Brush-mineraal-zonnepoeder.jpg","contentUrl":"https:\/\/www.sundaybrush.com\/wp-content\/uploads\/2018\/02\/Sunday-Brush-mineraal-zonnepoeder.jpg","width":600,"height":600,"caption":"sundaybrush-mineraal-zonnepoeder"},{"@type":"BreadcrumbList","@id":"https:\/\/www.sundaybrush.com\/es\/producto\/proteccion-solar-en-polvo\/#breadcrumb","itemListElement":[{"@type":"ListItem","position":1,"name":"Home","item":"https:\/\/www.sundaybrush.com\/es\/"},{"@type":"ListItem","position":2,"name":"Tienda","item":"https:\/\/www.sundaybrush.com\/es\/tienda\/"},{"@type":"ListItem","position":3,"name":"Sunday Brush &#8211; SPF 50"}]},{"@type":"WebSite","@id":"https:\/\/www.sundaybrush.com\/es\/#website","url":"https:\/\/www.sundaybrush.com\/es\/","name":"Sunday Brush","description":"Jouw dagelijkse UV bescherming","publisher":{"@id":"https:\/\/www.sundaybrush.com\/es\/#organization"},"potentialAction":[{"@type":"SearchAction","target":{"@type":"EntryPoint","urlTemplate":"https:\/\/www.sundaybrush.com\/es\/?s={search_term_string}"},"query-input":{"@type":"PropertyValueSpecification","valueRequired":true,"valueName":"search_term_string"}}],"inLanguage":"es"},{"@type":"Organization","@id":"https:\/\/www.sundaybrush.com\/es\/#organization","name":"Sunday Brush","alternateName":"Sundaybrush","url":"https:\/\/www.sundaybrush.com\/es\/","logo":{"@type":"ImageObject","inLanguage":"es","@id":"https:\/\/www.sundaybrush.com\/es\/#\/schema\/logo\/image\/","url":"https:\/\/www.sundaybrush.com\/wp-content\/uploads\/2021\/02\/Logo-Sunday-Brush-transparant.png","contentUrl":"https:\/\/www.sundaybrush.com\/wp-content\/uploads\/2021\/02\/Logo-Sunday-Brush-transparant.png","width":1709,"height":227,"caption":"Sunday Brush"},"image":{"@id":"https:\/\/www.sundaybrush.com\/es\/#\/schema\/logo\/image\/"},"sameAs":["https:\/\/www.instagram.com\/sundaybrush\/","https:\/\/www.linkedin.com\/company\/sunday-brush","https:\/\/www.youtube.com\/channel\/UCidSRkO6tDIgl3SU60b9coQ"],"description":"Sunday Brush is a registered trademark of Nxt Cosmetics BV.","email":"info@sundaybrush.com","telephone":"003185-0043121","legalName":"Nxt Cosmetics BV","numberOfEmployees":{"@type":"QuantitativeValue","minValue":"1","maxValue":"10"}}]}},"_links":{"self":[{"href":"https:\/\/www.sundaybrush.com\/es\/wp-json\/wp\/v2\/product\/40056","targetHints":{"allow":["GET"]}}],"collection":[{"href":"https:\/\/www.sundaybrush.com\/es\/wp-json\/wp\/v2\/product"}],"about":[{"href":"https:\/\/www.sundaybrush.com\/es\/wp-json\/wp\/v2\/types\/product"}],"replies":[{"embeddable":true,"href":"https:\/\/www.sundaybrush.com\/es\/wp-json\/wp\/v2\/comments?post=40056"}],"wp:featuredmedia":[{"embeddable":true,"href":"https:\/\/www.sundaybrush.com\/es\/wp-json\/wp\/v2\/media\/51876"}],"wp:attachment":[{"href":"https:\/\/www.sundaybrush.com\/es\/wp-json\/wp\/v2\/media?parent=40056"}],"wp:term":[{"taxonomy":"product_brand","embeddable":true,"href":"https:\/\/www.sundaybrush.com\/es\/wp-json\/wp\/v2\/product_brand?post=40056"},{"taxonomy":"product_cat","embeddable":true,"href":"https:\/\/www.sundaybrush.com\/es\/wp-json\/wp\/v2\/product_cat?post=40056"},{"taxonomy":"product_tag","embeddable":true,"href":"https:\/\/www.sundaybrush.com\/es\/wp-json\/wp\/v2\/product_tag?post=40056"}],"curies":[{"name":"wp","href":"https:\/\/api.w.org\/{rel}","templated":true}]}}