{"id":40062,"date":"2019-05-07T09:53:47","date_gmt":"2019-05-07T07:53:47","guid":{"rendered":"https:\/\/www.sundaybrush.com\/product\/sunday-brush-estuche-duo\/"},"modified":"2026-02-01T08:34:03","modified_gmt":"2026-02-01T07:34:03","slug":"sunday-brush-estuche-duo","status":"publish","type":"product","link":"https:\/\/www.sundaybrush.com\/es\/producto\/sunday-brush-estuche-duo\/","title":{"rendered":"Sunday Brush- Estuche d\u00fao"},"content":{"rendered":"","protected":false},"excerpt":{"rendered":"<p>Sunday Brush ahora tambi\u00e9n est\u00e1 disponible en pack de dos.<\/p>\n<p>El estuche D\u00fao contiene dos brochas Sunday Brush en una bonita caja de regalo. Ideal para familias con diferentes tonos de piel o una brocha Sunday Brush para llevar y otra para casa.<\/p>\n<p>El estuche D\u00fao de Sunday Brush contiene el doble de protecci\u00f3n UV, es decir, protege contra los da\u00f1os del sol y evita el envejecimiento de la piel.<\/p>\n<p>Se lo hacemos m\u00e1s f\u00e1cil. Puede elegir productos de diferentes tonos de piel y combinarlos como desee.<\/p>\n<p><span style=\"text-decoration: underline; color: #495057;\"><a style=\"color: #495057; text-decoration: underline;\" href=\"https:\/\/www.sundaybrush.com\/es\/elija-su-tono\/\" rel=\"noopener\">Si necesita ayuda, pulse aqu\u00ed.<\/a><\/span><\/p>\n","protected":false},"featured_media":39232,"menu_order":0,"comment_status":"open","ping_status":"closed","template":"","meta":{"_acf_changed":false},"product_brand":[],"product_cat":[405],"product_tag":[406],"class_list":{"0":"post-40062","1":"product","2":"type-product","3":"status-publish","4":"has-post-thumbnail","6":"product_cat-product-es","7":"product_tag-sunday-brush-es","9":"first","10":"onbackorder","11":"taxable","12":"shipping-taxable","13":"purchasable","14":"product-type-variable"},"acf":[],"yoast_head":"<!-- This site is optimized with the Yoast SEO Premium plugin v27.3 (Yoast SEO v27.5) - https:\/\/yoast.com\/product\/yoast-seo-premium-wordpress\/ -->\n<title>Sunday Brush - SPF 50 - Estuche d\u00fao<\/title>\n<meta name=\"description\" content=\"Sunday Brush es un polvo mineral totalmente natural que protege la piel contra la da\u00f1ina radiaci\u00f3n UV. El estuche D\u00fao contiene dos brochas Sunday Brush en una bonita caja de regalo.\" \/>\n<meta name=\"robots\" content=\"index, follow, max-snippet:-1, max-image-preview:large, max-video-preview:-1\" \/>\n<link rel=\"canonical\" href=\"https:\/\/www.sundaybrush.com\/es\/producto\/sunday-brush-estuche-duo\/\" \/>\n<meta property=\"og:locale\" content=\"es_ES\" \/>\n<meta property=\"og:type\" content=\"article\" \/>\n<meta property=\"og:title\" content=\"Sunday Brush- Estuche d\u00fao\" \/>\n<meta property=\"og:description\" content=\"Sunday Brush es un polvo mineral totalmente natural que protege la piel contra la da\u00f1ina radiaci\u00f3n UV. El estuche D\u00fao contiene dos brochas Sunday Brush en una bonita caja de regalo.\" \/>\n<meta property=\"og:url\" content=\"https:\/\/www.sundaybrush.com\/es\/producto\/sunday-brush-estuche-duo\/\" \/>\n<meta property=\"og:site_name\" content=\"Sunday Brush\" \/>\n<meta property=\"article:modified_time\" content=\"2026-02-01T07:34:03+00:00\" \/>\n<meta property=\"og:image\" content=\"https:\/\/www.sundaybrush.com\/wp-content\/uploads\/2019\/03\/SundayBrush\u00a9DUO_FF.jpg\" \/>\n\t<meta property=\"og:image:width\" content=\"592\" \/>\n\t<meta property=\"og:image:height\" content=\"741\" \/>\n\t<meta property=\"og:image:type\" content=\"image\/jpeg\" \/>\n<meta name=\"twitter:card\" content=\"summary_large_image\" \/>\n<meta name=\"twitter:label1\" content=\"Tiempo de lectura\" \/>\n\t<meta name=\"twitter:data1\" content=\"1 minuto\" \/>\n<script type=\"application\/ld+json\" class=\"yoast-schema-graph\">{\"@context\":\"https:\\\/\\\/schema.org\",\"@graph\":[{\"@type\":\"WebPage\",\"@id\":\"https:\\\/\\\/www.sundaybrush.com\\\/es\\\/producto\\\/sunday-brush-estuche-duo\\\/\",\"url\":\"https:\\\/\\\/www.sundaybrush.com\\\/es\\\/producto\\\/sunday-brush-estuche-duo\\\/\",\"name\":\"Sunday Brush - SPF 50 - Estuche d\u00fao\",\"isPartOf\":{\"@id\":\"https:\\\/\\\/www.sundaybrush.com\\\/es\\\/#website\"},\"primaryImageOfPage\":{\"@id\":\"https:\\\/\\\/www.sundaybrush.com\\\/es\\\/producto\\\/sunday-brush-estuche-duo\\\/#primaryimage\"},\"image\":{\"@id\":\"https:\\\/\\\/www.sundaybrush.com\\\/es\\\/producto\\\/sunday-brush-estuche-duo\\\/#primaryimage\"},\"thumbnailUrl\":\"https:\\\/\\\/www.sundaybrush.com\\\/wp-content\\\/uploads\\\/2019\\\/03\\\/SundayBrush\u00a9DUO_FF.jpg\",\"datePublished\":\"2019-05-07T07:53:47+00:00\",\"dateModified\":\"2026-02-01T07:34:03+00:00\",\"description\":\"Sunday Brush es un polvo mineral totalmente natural que protege la piel contra la da\u00f1ina radiaci\u00f3n UV. El estuche D\u00fao contiene dos brochas Sunday Brush en una bonita caja de regalo.\",\"breadcrumb\":{\"@id\":\"https:\\\/\\\/www.sundaybrush.com\\\/es\\\/producto\\\/sunday-brush-estuche-duo\\\/#breadcrumb\"},\"inLanguage\":\"es\",\"potentialAction\":[{\"@type\":\"ReadAction\",\"target\":[\"https:\\\/\\\/www.sundaybrush.com\\\/es\\\/producto\\\/sunday-brush-estuche-duo\\\/\"]}]},{\"@type\":\"ImageObject\",\"inLanguage\":\"es\",\"@id\":\"https:\\\/\\\/www.sundaybrush.com\\\/es\\\/producto\\\/sunday-brush-estuche-duo\\\/#primaryimage\",\"url\":\"https:\\\/\\\/www.sundaybrush.com\\\/wp-content\\\/uploads\\\/2019\\\/03\\\/SundayBrush\u00a9DUO_FF.jpg\",\"contentUrl\":\"https:\\\/\\\/www.sundaybrush.com\\\/wp-content\\\/uploads\\\/2019\\\/03\\\/SundayBrush\u00a9DUO_FF.jpg\",\"width\":592,\"height\":741,\"caption\":\"Sunday Brush DUO FF\"},{\"@type\":\"BreadcrumbList\",\"@id\":\"https:\\\/\\\/www.sundaybrush.com\\\/es\\\/producto\\\/sunday-brush-estuche-duo\\\/#breadcrumb\",\"itemListElement\":[{\"@type\":\"ListItem\",\"position\":1,\"name\":\"Home\",\"item\":\"https:\\\/\\\/www.sundaybrush.com\\\/es\\\/\"},{\"@type\":\"ListItem\",\"position\":2,\"name\":\"Tienda\",\"item\":\"https:\\\/\\\/www.sundaybrush.com\\\/es\\\/tienda\\\/\"},{\"@type\":\"ListItem\",\"position\":3,\"name\":\"Sunday Brush- Estuche d\u00fao\"}]},{\"@type\":\"WebSite\",\"@id\":\"https:\\\/\\\/www.sundaybrush.com\\\/es\\\/#website\",\"url\":\"https:\\\/\\\/www.sundaybrush.com\\\/es\\\/\",\"name\":\"Sunday Brush\",\"description\":\"Jouw dagelijkse UV bescherming\",\"publisher\":{\"@id\":\"https:\\\/\\\/www.sundaybrush.com\\\/es\\\/#organization\"},\"potentialAction\":[{\"@type\":\"SearchAction\",\"target\":{\"@type\":\"EntryPoint\",\"urlTemplate\":\"https:\\\/\\\/www.sundaybrush.com\\\/es\\\/?s={search_term_string}\"},\"query-input\":{\"@type\":\"PropertyValueSpecification\",\"valueRequired\":true,\"valueName\":\"search_term_string\"}}],\"inLanguage\":\"es\"},{\"@type\":\"Organization\",\"@id\":\"https:\\\/\\\/www.sundaybrush.com\\\/es\\\/#organization\",\"name\":\"Sunday Brush\",\"alternateName\":\"Sundaybrush\",\"url\":\"https:\\\/\\\/www.sundaybrush.com\\\/es\\\/\",\"logo\":{\"@type\":\"ImageObject\",\"inLanguage\":\"es\",\"@id\":\"https:\\\/\\\/www.sundaybrush.com\\\/es\\\/#\\\/schema\\\/logo\\\/image\\\/\",\"url\":\"https:\\\/\\\/www.sundaybrush.com\\\/wp-content\\\/uploads\\\/2021\\\/02\\\/Logo-Sunday-Brush-transparant.png\",\"contentUrl\":\"https:\\\/\\\/www.sundaybrush.com\\\/wp-content\\\/uploads\\\/2021\\\/02\\\/Logo-Sunday-Brush-transparant.png\",\"width\":1709,\"height\":227,\"caption\":\"Sunday Brush\"},\"image\":{\"@id\":\"https:\\\/\\\/www.sundaybrush.com\\\/es\\\/#\\\/schema\\\/logo\\\/image\\\/\"},\"sameAs\":[\"https:\\\/\\\/www.instagram.com\\\/sundaybrush\\\/\",\"https:\\\/\\\/www.linkedin.com\\\/company\\\/sunday-brush\",\"https:\\\/\\\/www.youtube.com\\\/channel\\\/UCidSRkO6tDIgl3SU60b9coQ\"],\"description\":\"Sunday Brush is a registered trademark of Nxt Cosmetics BV.\",\"email\":\"info@sundaybrush.com\",\"telephone\":\"003185-0043121\",\"legalName\":\"Nxt Cosmetics BV\",\"numberOfEmployees\":{\"@type\":\"QuantitativeValue\",\"minValue\":\"1\",\"maxValue\":\"10\"}}]}<\/script>\n<!-- \/ Yoast SEO Premium plugin. -->","yoast_head_json":{"title":"Sunday Brush - SPF 50 - Estuche d\u00fao","description":"Sunday Brush es un polvo mineral totalmente natural que protege la piel contra la da\u00f1ina radiaci\u00f3n UV. El estuche D\u00fao contiene dos brochas Sunday Brush en una bonita caja de regalo.","robots":{"index":"index","follow":"follow","max-snippet":"max-snippet:-1","max-image-preview":"max-image-preview:large","max-video-preview":"max-video-preview:-1"},"canonical":"https:\/\/www.sundaybrush.com\/es\/producto\/sunday-brush-estuche-duo\/","og_locale":"es_ES","og_type":"article","og_title":"Sunday Brush- Estuche d\u00fao","og_description":"Sunday Brush es un polvo mineral totalmente natural que protege la piel contra la da\u00f1ina radiaci\u00f3n UV. El estuche D\u00fao contiene dos brochas Sunday Brush en una bonita caja de regalo.","og_url":"https:\/\/www.sundaybrush.com\/es\/producto\/sunday-brush-estuche-duo\/","og_site_name":"Sunday Brush","article_modified_time":"2026-02-01T07:34:03+00:00","og_image":[{"width":592,"height":741,"url":"https:\/\/www.sundaybrush.com\/wp-content\/uploads\/2019\/03\/SundayBrush\u00a9DUO_FF.jpg","type":"image\/jpeg"}],"twitter_card":"summary_large_image","twitter_misc":{"Tiempo de lectura":"1 minuto"},"schema":{"@context":"https:\/\/schema.org","@graph":[{"@type":"WebPage","@id":"https:\/\/www.sundaybrush.com\/es\/producto\/sunday-brush-estuche-duo\/","url":"https:\/\/www.sundaybrush.com\/es\/producto\/sunday-brush-estuche-duo\/","name":"Sunday Brush - SPF 50 - Estuche d\u00fao","isPartOf":{"@id":"https:\/\/www.sundaybrush.com\/es\/#website"},"primaryImageOfPage":{"@id":"https:\/\/www.sundaybrush.com\/es\/producto\/sunday-brush-estuche-duo\/#primaryimage"},"image":{"@id":"https:\/\/www.sundaybrush.com\/es\/producto\/sunday-brush-estuche-duo\/#primaryimage"},"thumbnailUrl":"https:\/\/www.sundaybrush.com\/wp-content\/uploads\/2019\/03\/SundayBrush\u00a9DUO_FF.jpg","datePublished":"2019-05-07T07:53:47+00:00","dateModified":"2026-02-01T07:34:03+00:00","description":"Sunday Brush es un polvo mineral totalmente natural que protege la piel contra la da\u00f1ina radiaci\u00f3n UV. El estuche D\u00fao contiene dos brochas Sunday Brush en una bonita caja de regalo.","breadcrumb":{"@id":"https:\/\/www.sundaybrush.com\/es\/producto\/sunday-brush-estuche-duo\/#breadcrumb"},"inLanguage":"es","potentialAction":[{"@type":"ReadAction","target":["https:\/\/www.sundaybrush.com\/es\/producto\/sunday-brush-estuche-duo\/"]}]},{"@type":"ImageObject","inLanguage":"es","@id":"https:\/\/www.sundaybrush.com\/es\/producto\/sunday-brush-estuche-duo\/#primaryimage","url":"https:\/\/www.sundaybrush.com\/wp-content\/uploads\/2019\/03\/SundayBrush\u00a9DUO_FF.jpg","contentUrl":"https:\/\/www.sundaybrush.com\/wp-content\/uploads\/2019\/03\/SundayBrush\u00a9DUO_FF.jpg","width":592,"height":741,"caption":"Sunday Brush DUO FF"},{"@type":"BreadcrumbList","@id":"https:\/\/www.sundaybrush.com\/es\/producto\/sunday-brush-estuche-duo\/#breadcrumb","itemListElement":[{"@type":"ListItem","position":1,"name":"Home","item":"https:\/\/www.sundaybrush.com\/es\/"},{"@type":"ListItem","position":2,"name":"Tienda","item":"https:\/\/www.sundaybrush.com\/es\/tienda\/"},{"@type":"ListItem","position":3,"name":"Sunday Brush- Estuche d\u00fao"}]},{"@type":"WebSite","@id":"https:\/\/www.sundaybrush.com\/es\/#website","url":"https:\/\/www.sundaybrush.com\/es\/","name":"Sunday Brush","description":"Jouw dagelijkse UV bescherming","publisher":{"@id":"https:\/\/www.sundaybrush.com\/es\/#organization"},"potentialAction":[{"@type":"SearchAction","target":{"@type":"EntryPoint","urlTemplate":"https:\/\/www.sundaybrush.com\/es\/?s={search_term_string}"},"query-input":{"@type":"PropertyValueSpecification","valueRequired":true,"valueName":"search_term_string"}}],"inLanguage":"es"},{"@type":"Organization","@id":"https:\/\/www.sundaybrush.com\/es\/#organization","name":"Sunday Brush","alternateName":"Sundaybrush","url":"https:\/\/www.sundaybrush.com\/es\/","logo":{"@type":"ImageObject","inLanguage":"es","@id":"https:\/\/www.sundaybrush.com\/es\/#\/schema\/logo\/image\/","url":"https:\/\/www.sundaybrush.com\/wp-content\/uploads\/2021\/02\/Logo-Sunday-Brush-transparant.png","contentUrl":"https:\/\/www.sundaybrush.com\/wp-content\/uploads\/2021\/02\/Logo-Sunday-Brush-transparant.png","width":1709,"height":227,"caption":"Sunday Brush"},"image":{"@id":"https:\/\/www.sundaybrush.com\/es\/#\/schema\/logo\/image\/"},"sameAs":["https:\/\/www.instagram.com\/sundaybrush\/","https:\/\/www.linkedin.com\/company\/sunday-brush","https:\/\/www.youtube.com\/channel\/UCidSRkO6tDIgl3SU60b9coQ"],"description":"Sunday Brush is a registered trademark of Nxt Cosmetics BV.","email":"info@sundaybrush.com","telephone":"003185-0043121","legalName":"Nxt Cosmetics BV","numberOfEmployees":{"@type":"QuantitativeValue","minValue":"1","maxValue":"10"}}]}},"_links":{"self":[{"href":"https:\/\/www.sundaybrush.com\/es\/wp-json\/wp\/v2\/product\/40062","targetHints":{"allow":["GET"]}}],"collection":[{"href":"https:\/\/www.sundaybrush.com\/es\/wp-json\/wp\/v2\/product"}],"about":[{"href":"https:\/\/www.sundaybrush.com\/es\/wp-json\/wp\/v2\/types\/product"}],"replies":[{"embeddable":true,"href":"https:\/\/www.sundaybrush.com\/es\/wp-json\/wp\/v2\/comments?post=40062"}],"wp:featuredmedia":[{"embeddable":true,"href":"https:\/\/www.sundaybrush.com\/es\/wp-json\/wp\/v2\/media\/39232"}],"wp:attachment":[{"href":"https:\/\/www.sundaybrush.com\/es\/wp-json\/wp\/v2\/media?parent=40062"}],"wp:term":[{"taxonomy":"product_brand","embeddable":true,"href":"https:\/\/www.sundaybrush.com\/es\/wp-json\/wp\/v2\/product_brand?post=40062"},{"taxonomy":"product_cat","embeddable":true,"href":"https:\/\/www.sundaybrush.com\/es\/wp-json\/wp\/v2\/product_cat?post=40062"},{"taxonomy":"product_tag","embeddable":true,"href":"https:\/\/www.sundaybrush.com\/es\/wp-json\/wp\/v2\/product_tag?post=40062"}],"curies":[{"name":"wp","href":"https:\/\/api.w.org\/{rel}","templated":true}]}}