{"id":50463,"date":"2024-06-26T08:53:52","date_gmt":"2024-06-26T06:53:52","guid":{"rendered":"https:\/\/www.sundaybrush.com\/product\/perfect-cleansing-balm\/"},"modified":"2026-02-01T08:34:46","modified_gmt":"2026-02-01T07:34:46","slug":"perfect-cleansing-balm","status":"publish","type":"product","link":"https:\/\/www.sundaybrush.com\/es\/producto\/perfect-cleansing-balm\/","title":{"rendered":"Perfect Cleansing Balm"},"content":{"rendered":"","protected":false},"excerpt":{"rendered":"<p>El Perfect Cleansing Balm limpia la piel sin esfuerzo y es apto incluso para pieles sensibles. Este lujoso b\u00e1lsamo limpiador ha sido desarrollado especialmente para limpiar la piel de manera sencilla y eficaz al final del d\u00eda.<\/p>\n<h3>Cica y Vitamina E<\/h3>\n<p>La f\u00f3rmula \u00fanica contiene Cica y Vitamina E. La vitamina E tiene un efecto hidratante sobre la piel, sin resecarla.<\/p>\n<p>Cica posee propiedades curativas y calmantes, como aliviar la piel irritada, reducir el enrojecimiento y acelerar la cicatrizaci\u00f3n. Tambi\u00e9n estimula la producci\u00f3n de col\u00e1geno, ayudando a que la piel luzca joven y saludable.<\/p>\n<h3>B\u00e1lsamo nocturno 2 en 1<\/h3>\n<p>Una ventaja adicional es que el b\u00e1lsamo puede usarse sobre la piel limpia como b\u00e1lsamo nocturno para hidratar y nutrir durante la noche.<\/p>\n<h3>Beneficios<\/h3>\n<ul>\n<li>Elimina protector solar (SPF) y maquillaje<\/li>\n<li>Suave con la piel sensible<\/li>\n<li>Limpia, hidrata y nutre<\/li>\n<\/ul>\n","protected":false},"featured_media":51544,"menu_order":0,"comment_status":"open","ping_status":"closed","template":"","meta":{"_acf_changed":false},"product_brand":[],"product_cat":[448],"product_tag":[463],"class_list":{"0":"post-50463","1":"product","2":"type-product","3":"status-publish","4":"has-post-thumbnail","6":"product_cat-perfect-cleansing-balm-es","7":"product_tag-perfect-cleansing-balm-es","9":"first","10":"instock","11":"taxable","12":"shipping-taxable","13":"purchasable","14":"product-type-simple"},"acf":[],"yoast_head":"<!-- This site is optimized with the Yoast SEO Premium plugin v27.3 (Yoast SEO v27.5) - https:\/\/yoast.com\/product\/yoast-seo-premium-wordpress\/ -->\n<title>Perfect Cleansing Balm | Sunday Brush<\/title>\n<meta name=\"description\" content=\"Perfect Cleansing Balm limpia la piel sin esfuerzo y es apto para pieles sensibles. Contiene Cica y Vitamina E, que hidratan la piel despu\u00e9s de la limpieza.\" \/>\n<meta name=\"robots\" content=\"index, follow, max-snippet:-1, max-image-preview:large, max-video-preview:-1\" \/>\n<link rel=\"canonical\" href=\"https:\/\/www.sundaybrush.com\/es\/producto\/perfect-cleansing-balm\/\" \/>\n<meta property=\"og:locale\" content=\"es_ES\" \/>\n<meta property=\"og:type\" content=\"article\" \/>\n<meta property=\"og:title\" content=\"Perfect Cleansing Balm\" \/>\n<meta property=\"og:description\" content=\"Perfect Cleansing Balm limpia la piel sin esfuerzo y es apto para pieles sensibles. Contiene Cica y Vitamina E, que hidratan la piel despu\u00e9s de la limpieza.\" \/>\n<meta property=\"og:url\" content=\"https:\/\/www.sundaybrush.com\/es\/producto\/perfect-cleansing-balm\/\" \/>\n<meta property=\"og:site_name\" content=\"Sunday Brush\" \/>\n<meta property=\"article:modified_time\" content=\"2026-02-01T07:34:46+00:00\" \/>\n<meta property=\"og:image\" content=\"https:\/\/www.sundaybrush.com\/wp-content\/uploads\/2024\/06\/Perfect-Cleansing-Balm-EN-website-Sunday-Brush.png\" \/>\n\t<meta property=\"og:image:width\" content=\"600\" \/>\n\t<meta property=\"og:image:height\" content=\"600\" \/>\n\t<meta property=\"og:image:type\" content=\"image\/png\" \/>\n<meta name=\"twitter:card\" content=\"summary_large_image\" \/>\n<meta name=\"twitter:label1\" content=\"Tiempo de lectura\" \/>\n\t<meta name=\"twitter:data1\" content=\"1 minuto\" \/>\n<script type=\"application\/ld+json\" class=\"yoast-schema-graph\">{\"@context\":\"https:\\\/\\\/schema.org\",\"@graph\":[{\"@type\":\"WebPage\",\"@id\":\"https:\\\/\\\/www.sundaybrush.com\\\/es\\\/producto\\\/perfect-cleansing-balm\\\/\",\"url\":\"https:\\\/\\\/www.sundaybrush.com\\\/es\\\/producto\\\/perfect-cleansing-balm\\\/\",\"name\":\"Perfect Cleansing Balm | Sunday Brush\",\"isPartOf\":{\"@id\":\"https:\\\/\\\/www.sundaybrush.com\\\/es\\\/#website\"},\"primaryImageOfPage\":{\"@id\":\"https:\\\/\\\/www.sundaybrush.com\\\/es\\\/producto\\\/perfect-cleansing-balm\\\/#primaryimage\"},\"image\":{\"@id\":\"https:\\\/\\\/www.sundaybrush.com\\\/es\\\/producto\\\/perfect-cleansing-balm\\\/#primaryimage\"},\"thumbnailUrl\":\"https:\\\/\\\/www.sundaybrush.com\\\/wp-content\\\/uploads\\\/2024\\\/06\\\/Perfect-Cleansing-Balm-2.jpg\",\"datePublished\":\"2024-06-26T06:53:52+00:00\",\"dateModified\":\"2026-02-01T07:34:46+00:00\",\"description\":\"Perfect Cleansing Balm limpia la piel sin esfuerzo y es apto para pieles sensibles. Contiene Cica y Vitamina E, que hidratan la piel despu\u00e9s de la limpieza.\",\"breadcrumb\":{\"@id\":\"https:\\\/\\\/www.sundaybrush.com\\\/es\\\/producto\\\/perfect-cleansing-balm\\\/#breadcrumb\"},\"inLanguage\":\"es\",\"potentialAction\":[{\"@type\":\"ReadAction\",\"target\":[\"https:\\\/\\\/www.sundaybrush.com\\\/es\\\/producto\\\/perfect-cleansing-balm\\\/\"]}]},{\"@type\":\"ImageObject\",\"inLanguage\":\"es\",\"@id\":\"https:\\\/\\\/www.sundaybrush.com\\\/es\\\/producto\\\/perfect-cleansing-balm\\\/#primaryimage\",\"url\":\"https:\\\/\\\/www.sundaybrush.com\\\/wp-content\\\/uploads\\\/2024\\\/06\\\/Perfect-Cleansing-Balm-2.jpg\",\"contentUrl\":\"https:\\\/\\\/www.sundaybrush.com\\\/wp-content\\\/uploads\\\/2024\\\/06\\\/Perfect-Cleansing-Balm-2.jpg\",\"width\":600,\"height\":600,\"caption\":\"perfect-cleansing-balm\"},{\"@type\":\"BreadcrumbList\",\"@id\":\"https:\\\/\\\/www.sundaybrush.com\\\/es\\\/producto\\\/perfect-cleansing-balm\\\/#breadcrumb\",\"itemListElement\":[{\"@type\":\"ListItem\",\"position\":1,\"name\":\"Home\",\"item\":\"https:\\\/\\\/www.sundaybrush.com\\\/es\\\/\"},{\"@type\":\"ListItem\",\"position\":2,\"name\":\"Tienda\",\"item\":\"https:\\\/\\\/www.sundaybrush.com\\\/es\\\/tienda\\\/\"},{\"@type\":\"ListItem\",\"position\":3,\"name\":\"Perfect Cleansing Balm\"}]},{\"@type\":\"WebSite\",\"@id\":\"https:\\\/\\\/www.sundaybrush.com\\\/es\\\/#website\",\"url\":\"https:\\\/\\\/www.sundaybrush.com\\\/es\\\/\",\"name\":\"Sunday Brush\",\"description\":\"Jouw dagelijkse UV bescherming\",\"publisher\":{\"@id\":\"https:\\\/\\\/www.sundaybrush.com\\\/es\\\/#organization\"},\"potentialAction\":[{\"@type\":\"SearchAction\",\"target\":{\"@type\":\"EntryPoint\",\"urlTemplate\":\"https:\\\/\\\/www.sundaybrush.com\\\/es\\\/?s={search_term_string}\"},\"query-input\":{\"@type\":\"PropertyValueSpecification\",\"valueRequired\":true,\"valueName\":\"search_term_string\"}}],\"inLanguage\":\"es\"},{\"@type\":\"Organization\",\"@id\":\"https:\\\/\\\/www.sundaybrush.com\\\/es\\\/#organization\",\"name\":\"Sunday Brush\",\"alternateName\":\"Sundaybrush\",\"url\":\"https:\\\/\\\/www.sundaybrush.com\\\/es\\\/\",\"logo\":{\"@type\":\"ImageObject\",\"inLanguage\":\"es\",\"@id\":\"https:\\\/\\\/www.sundaybrush.com\\\/es\\\/#\\\/schema\\\/logo\\\/image\\\/\",\"url\":\"https:\\\/\\\/www.sundaybrush.com\\\/wp-content\\\/uploads\\\/2021\\\/02\\\/Logo-Sunday-Brush-transparant.png\",\"contentUrl\":\"https:\\\/\\\/www.sundaybrush.com\\\/wp-content\\\/uploads\\\/2021\\\/02\\\/Logo-Sunday-Brush-transparant.png\",\"width\":1709,\"height\":227,\"caption\":\"Sunday Brush\"},\"image\":{\"@id\":\"https:\\\/\\\/www.sundaybrush.com\\\/es\\\/#\\\/schema\\\/logo\\\/image\\\/\"},\"sameAs\":[\"https:\\\/\\\/www.instagram.com\\\/sundaybrush\\\/\",\"https:\\\/\\\/www.linkedin.com\\\/company\\\/sunday-brush\",\"https:\\\/\\\/www.youtube.com\\\/channel\\\/UCidSRkO6tDIgl3SU60b9coQ\"],\"description\":\"Sunday Brush is a registered trademark of Nxt Cosmetics BV.\",\"email\":\"info@sundaybrush.com\",\"telephone\":\"003185-0043121\",\"legalName\":\"Nxt Cosmetics BV\",\"numberOfEmployees\":{\"@type\":\"QuantitativeValue\",\"minValue\":\"1\",\"maxValue\":\"10\"}}]}<\/script>\n<!-- \/ Yoast SEO Premium plugin. -->","yoast_head_json":{"title":"Perfect Cleansing Balm | Sunday Brush","description":"Perfect Cleansing Balm limpia la piel sin esfuerzo y es apto para pieles sensibles. Contiene Cica y Vitamina E, que hidratan la piel despu\u00e9s de la limpieza.","robots":{"index":"index","follow":"follow","max-snippet":"max-snippet:-1","max-image-preview":"max-image-preview:large","max-video-preview":"max-video-preview:-1"},"canonical":"https:\/\/www.sundaybrush.com\/es\/producto\/perfect-cleansing-balm\/","og_locale":"es_ES","og_type":"article","og_title":"Perfect Cleansing Balm","og_description":"Perfect Cleansing Balm limpia la piel sin esfuerzo y es apto para pieles sensibles. Contiene Cica y Vitamina E, que hidratan la piel despu\u00e9s de la limpieza.","og_url":"https:\/\/www.sundaybrush.com\/es\/producto\/perfect-cleansing-balm\/","og_site_name":"Sunday Brush","article_modified_time":"2026-02-01T07:34:46+00:00","og_image":[{"width":600,"height":600,"url":"https:\/\/www.sundaybrush.com\/wp-content\/uploads\/2024\/06\/Perfect-Cleansing-Balm-EN-website-Sunday-Brush.png","type":"image\/png"}],"twitter_card":"summary_large_image","twitter_misc":{"Tiempo de lectura":"1 minuto"},"schema":{"@context":"https:\/\/schema.org","@graph":[{"@type":"WebPage","@id":"https:\/\/www.sundaybrush.com\/es\/producto\/perfect-cleansing-balm\/","url":"https:\/\/www.sundaybrush.com\/es\/producto\/perfect-cleansing-balm\/","name":"Perfect Cleansing Balm | Sunday Brush","isPartOf":{"@id":"https:\/\/www.sundaybrush.com\/es\/#website"},"primaryImageOfPage":{"@id":"https:\/\/www.sundaybrush.com\/es\/producto\/perfect-cleansing-balm\/#primaryimage"},"image":{"@id":"https:\/\/www.sundaybrush.com\/es\/producto\/perfect-cleansing-balm\/#primaryimage"},"thumbnailUrl":"https:\/\/www.sundaybrush.com\/wp-content\/uploads\/2024\/06\/Perfect-Cleansing-Balm-2.jpg","datePublished":"2024-06-26T06:53:52+00:00","dateModified":"2026-02-01T07:34:46+00:00","description":"Perfect Cleansing Balm limpia la piel sin esfuerzo y es apto para pieles sensibles. Contiene Cica y Vitamina E, que hidratan la piel despu\u00e9s de la limpieza.","breadcrumb":{"@id":"https:\/\/www.sundaybrush.com\/es\/producto\/perfect-cleansing-balm\/#breadcrumb"},"inLanguage":"es","potentialAction":[{"@type":"ReadAction","target":["https:\/\/www.sundaybrush.com\/es\/producto\/perfect-cleansing-balm\/"]}]},{"@type":"ImageObject","inLanguage":"es","@id":"https:\/\/www.sundaybrush.com\/es\/producto\/perfect-cleansing-balm\/#primaryimage","url":"https:\/\/www.sundaybrush.com\/wp-content\/uploads\/2024\/06\/Perfect-Cleansing-Balm-2.jpg","contentUrl":"https:\/\/www.sundaybrush.com\/wp-content\/uploads\/2024\/06\/Perfect-Cleansing-Balm-2.jpg","width":600,"height":600,"caption":"perfect-cleansing-balm"},{"@type":"BreadcrumbList","@id":"https:\/\/www.sundaybrush.com\/es\/producto\/perfect-cleansing-balm\/#breadcrumb","itemListElement":[{"@type":"ListItem","position":1,"name":"Home","item":"https:\/\/www.sundaybrush.com\/es\/"},{"@type":"ListItem","position":2,"name":"Tienda","item":"https:\/\/www.sundaybrush.com\/es\/tienda\/"},{"@type":"ListItem","position":3,"name":"Perfect Cleansing Balm"}]},{"@type":"WebSite","@id":"https:\/\/www.sundaybrush.com\/es\/#website","url":"https:\/\/www.sundaybrush.com\/es\/","name":"Sunday Brush","description":"Jouw dagelijkse UV bescherming","publisher":{"@id":"https:\/\/www.sundaybrush.com\/es\/#organization"},"potentialAction":[{"@type":"SearchAction","target":{"@type":"EntryPoint","urlTemplate":"https:\/\/www.sundaybrush.com\/es\/?s={search_term_string}"},"query-input":{"@type":"PropertyValueSpecification","valueRequired":true,"valueName":"search_term_string"}}],"inLanguage":"es"},{"@type":"Organization","@id":"https:\/\/www.sundaybrush.com\/es\/#organization","name":"Sunday Brush","alternateName":"Sundaybrush","url":"https:\/\/www.sundaybrush.com\/es\/","logo":{"@type":"ImageObject","inLanguage":"es","@id":"https:\/\/www.sundaybrush.com\/es\/#\/schema\/logo\/image\/","url":"https:\/\/www.sundaybrush.com\/wp-content\/uploads\/2021\/02\/Logo-Sunday-Brush-transparant.png","contentUrl":"https:\/\/www.sundaybrush.com\/wp-content\/uploads\/2021\/02\/Logo-Sunday-Brush-transparant.png","width":1709,"height":227,"caption":"Sunday Brush"},"image":{"@id":"https:\/\/www.sundaybrush.com\/es\/#\/schema\/logo\/image\/"},"sameAs":["https:\/\/www.instagram.com\/sundaybrush\/","https:\/\/www.linkedin.com\/company\/sunday-brush","https:\/\/www.youtube.com\/channel\/UCidSRkO6tDIgl3SU60b9coQ"],"description":"Sunday Brush is a registered trademark of Nxt Cosmetics BV.","email":"info@sundaybrush.com","telephone":"003185-0043121","legalName":"Nxt Cosmetics BV","numberOfEmployees":{"@type":"QuantitativeValue","minValue":"1","maxValue":"10"}}]}},"_links":{"self":[{"href":"https:\/\/www.sundaybrush.com\/es\/wp-json\/wp\/v2\/product\/50463","targetHints":{"allow":["GET"]}}],"collection":[{"href":"https:\/\/www.sundaybrush.com\/es\/wp-json\/wp\/v2\/product"}],"about":[{"href":"https:\/\/www.sundaybrush.com\/es\/wp-json\/wp\/v2\/types\/product"}],"replies":[{"embeddable":true,"href":"https:\/\/www.sundaybrush.com\/es\/wp-json\/wp\/v2\/comments?post=50463"}],"wp:featuredmedia":[{"embeddable":true,"href":"https:\/\/www.sundaybrush.com\/es\/wp-json\/wp\/v2\/media\/51544"}],"wp:attachment":[{"href":"https:\/\/www.sundaybrush.com\/es\/wp-json\/wp\/v2\/media?parent=50463"}],"wp:term":[{"taxonomy":"product_brand","embeddable":true,"href":"https:\/\/www.sundaybrush.com\/es\/wp-json\/wp\/v2\/product_brand?post=50463"},{"taxonomy":"product_cat","embeddable":true,"href":"https:\/\/www.sundaybrush.com\/es\/wp-json\/wp\/v2\/product_cat?post=50463"},{"taxonomy":"product_tag","embeddable":true,"href":"https:\/\/www.sundaybrush.com\/es\/wp-json\/wp\/v2\/product_tag?post=50463"}],"curies":[{"name":"wp","href":"https:\/\/api.w.org\/{rel}","templated":true}]}}