{"id":36684,"date":"2022-11-13T09:04:13","date_gmt":"2022-11-13T08:04:13","guid":{"rendered":"https:\/\/www.sundaybrush.com\/commande-et-livraison\/"},"modified":"2025-02-20T11:31:04","modified_gmt":"2025-02-20T10:31:04","slug":"commande-et-livraison","status":"publish","type":"page","link":"https:\/\/www.sundaybrush.com\/fr\/commande-et-livraison\/","title":{"rendered":"Commande et livraison"},"content":{"rendered":"<section class=\"l-section wpb_row height_medium\"><div class=\"l-section-h i-cf\"><div class=\"g-cols vc_row type_default valign_top\"><div class=\"vc_col-sm-8 wpb_column vc_column_container\"><div class=\"vc_column-inner\"><div class=\"wpb_wrapper\"><div class=\"wpb_text_column\" ><div class=\"wpb_wrapper\"><h1>Commande et livraison<\/h1>\n<\/div><\/div><div class=\"wpb_text_column\" ><div class=\"wpb_wrapper\"><h2><span style=\"color: #236192;\">Commande<\/span><\/h2>\n<p>Nous travaillons avec un syst\u00e8me de traitement automatis\u00e9, fourni par notre partenaire logistique.<\/p>\n<p>Une fois votre commande pass\u00e9e, celle-ci ne peut plus \u00eatre chang\u00e9e ou modifi\u00e9e.<br \/>\nL\u2019adresse de livraison n\u2019est plus modifiable, alors v\u00e9rifiez bien les coordonn\u00e9es que vous saisissez.<\/p>\n<\/div><\/div><div class=\"wpb_text_column\" ><div class=\"wpb_wrapper\"><h2><span style=\"color: #236192;\">Livraison<\/span><\/h2>\n<p>Toutes les commandes pass\u00e9es en semaine avant 21 heures seront trait\u00e9es le jour m\u00eame. Tous les produits sont stock\u00e9s dans notre entrep\u00f4t.<\/p>\n<p>Si votre commande a \u00e9t\u00e9 trait\u00e9e, vous recevrez un e-mail de notre part avec votre code de suivi. Ce code vous permettra de suivre facilement votre colis.<\/p>\n<\/div><\/div><div class=\"wpb_text_column\" ><div class=\"wpb_wrapper\"><h2><span style=\"color: #236192;\">Commande et livraison \u00e0 l\u2019\u00e9tranger<\/span><\/h2>\n<p>Vous ne pouvez pas s\u00e9lectionner le pays de votre choix en passant commande sur notre boutique en ligne ? N\u2019h\u00e9sitez pas \u00e0 nous contacter<a href=\"https:\/\/www.sundaybrush.com\/fr\/contact\/\">Contact<\/a>. Nous vous livrerons votre Sunday Brush chez vous, o\u00f9 que ce soit !<\/p>\n<\/div><\/div><\/div><\/div><\/div><div class=\"vc_col-sm-4 wpb_column vc_column_container\"><div class=\"vc_column-inner\"><div class=\"wpb_wrapper\"><div class=\"w-image align_center\"><a title=\"Sunday Brush \u2013 SPF 50\" href=\"https:\/\/www.sundaybrush.com\/fr\/produit\/sunday-brush\/\" aria-label=\"Lien\" class=\"w-image-h\"><img loading=\"lazy\" decoding=\"async\" width=\"600\" height=\"600\" src=\"https:\/\/www.sundaybrush.com\/wp-content\/uploads\/2022\/11\/Sunday-Brush-Livraison-gratuite.jpeg\" class=\"attachment-large size-large\" alt=\"Sunday Brush - Livraison gratuite\" srcset=\"https:\/\/www.sundaybrush.com\/wp-content\/uploads\/2022\/11\/Sunday-Brush-Livraison-gratuite.jpeg 600w, https:\/\/www.sundaybrush.com\/wp-content\/uploads\/2022\/11\/Sunday-Brush-Livraison-gratuite-300x300.jpeg 300w, https:\/\/www.sundaybrush.com\/wp-content\/uploads\/2022\/11\/Sunday-Brush-Livraison-gratuite-550x550.jpeg 550w, https:\/\/www.sundaybrush.com\/wp-content\/uploads\/2022\/11\/Sunday-Brush-Livraison-gratuite-150x150.jpeg 150w\" sizes=\"auto, (max-width: 600px) 100vw, 600px\" \/><\/a><\/div><\/div><\/div><\/div><\/div><\/div><\/section><section class=\"l-section wpb_row height_medium\"><div class=\"l-section-h i-cf\"><div class=\"g-cols vc_row type_default valign_top\"><div class=\"vc_col-sm-12 wpb_column vc_column_container\"><div class=\"vc_column-inner\"><div class=\"wpb_wrapper\"><div class=\"wpb_text_column\" ><div class=\"wpb_wrapper\"><h2>Frais d&#8217;exp\u00e9dition Sunday Brush<\/h2>\n<\/div><\/div><div class=\"wpb_text_column\" ><div class=\"wpb_wrapper\"><table dir=\"ltr\" border=\"1\" cellspacing=\"0\" cellpadding=\"0\" data-sheets-root=\"1\" data-sheets-baot=\"1\">\n<colgroup>\n<col width=\"142\" \/>\n<col width=\"100\" \/>\n<col width=\"156\" \/>\n<col width=\"176\" \/><\/colgroup>\n<tbody>\n<tr>\n<td><strong>Pays<\/strong><\/td>\n<td><strong>Heure de livraison<\/strong><\/td>\n<td><strong>Livreurs de courrier<\/strong><\/td>\n<td><strong>Frais d\u2019exp\u00e9dition<\/strong><\/td>\n<\/tr>\n<tr>\n<td>les Pays-Bas<\/td>\n<td>1-2 jours<\/td>\n<td>PostNL<\/td>\n<td>Gratuite<\/td>\n<\/tr>\n<tr>\n<td>Belgique<\/td>\n<td>1-3 jours<\/td>\n<td>Bpost<\/td>\n<td>Gratuite<\/td>\n<\/tr>\n<tr>\n<td>Allemagne<\/td>\n<td>1-3 jours<\/td>\n<td>DHL<\/td>\n<td>Gratuite<\/td>\n<\/tr>\n<tr>\n<td>Luxembourg<\/td>\n<td>1-3 jours<\/td>\n<td>GLS<\/td>\n<td>\u20ac5,95<\/td>\n<\/tr>\n<tr>\n<td>L&#8217;Autriche<\/td>\n<td>2-4 jours<\/td>\n<td>GLS<\/td>\n<td>\u20ac4,95<\/td>\n<\/tr>\n<tr>\n<td>France<\/td>\n<td>2-4 jours<\/td>\n<td>La Poste<\/td>\n<td>\u20ac2,52<\/td>\n<\/tr>\n<tr>\n<td>l&#8217;Espagne<\/td>\n<td>3-5 jours<\/td>\n<td>Correos<\/td>\n<td>\u20ac4,95<\/td>\n<\/tr>\n<tr>\n<td>Italie<\/td>\n<td>2-3 jours<\/td>\n<td>SDA (Poste Italiane)<\/td>\n<td>\u20ac4,95<\/td>\n<\/tr>\n<tr>\n<td>Royaume-Uni<\/td>\n<td>4-6 jours<\/td>\n<td>FedEx<\/td>\n<td>\u20ac9,50<\/td>\n<\/tr>\n<tr>\n<td>Suisse<\/td>\n<td>4-6 jours<\/td>\n<td>Swiss Post<\/td>\n<td>\u20ac9,50<\/td>\n<\/tr>\n<tr>\n<td>Irlande<\/td>\n<td>4-6 jours<\/td>\n<td>FedEx<\/td>\n<td>\u20ac9,50<\/td>\n<\/tr>\n<\/tbody>\n<\/table>\n<\/div><\/div><\/div><\/div><\/div><\/div><\/div><\/section><section class=\"l-section wpb_row height_medium\"><div class=\"l-section-h i-cf\"><div class=\"g-cols vc_row type_default valign_top\"><div class=\"vc_col-sm-12 wpb_column vc_column_container\"><div class=\"vc_column-inner\"><div class=\"wpb_wrapper\"><div class=\"w-actionbox color_light controls_bottom\"><div class=\"w-actionbox-text\"><h2>Livraison gratuite aux Pays-Bas, en Belgique et en Allemagne !<\/h2><p>Commandez votre Sunday Brush aujourd&#8217;hui avec la livraison GRATUITE<\/p>\n<\/div><div class=\"w-actionbox-controls\"><a class=\"w-btn us-btn-style_1\" title=\"Sunday Brush \u2013 SPF 50\" href=\"https:\/\/www.sundaybrush.com\/fr\/produit\/sunday-brush\/\"><span class=\"w-btn-label\">Commandez votre Sunday Brush ici<\/span><\/a><\/div><\/div><\/div><\/div><\/div><\/div><\/div><\/section>\n","protected":false},"excerpt":{"rendered":"Commande et livraison Commande Nous travaillons avec un syst\u00e8me de traitement automatis\u00e9, fourni par notre partenaire logistique. Une fois votre commande pass\u00e9e, celle-ci ne peut plus \u00eatre chang\u00e9e ou modifi\u00e9e. L\u2019adresse de livraison n\u2019est plus modifiable, alors v\u00e9rifiez bien les coordonn\u00e9es que vous saisissez. Livraison Toutes les commandes pass\u00e9es en semaine avant 21 heures seront...","protected":false},"author":1,"featured_media":0,"parent":0,"menu_order":0,"comment_status":"closed","ping_status":"closed","template":"","meta":{"_acf_changed":false,"footnotes":""},"class_list":["post-36684","page","type-page","status-publish","hentry"],"acf":[],"yoast_head":"<!-- This site is optimized with the Yoast SEO Premium plugin v27.3 (Yoast SEO v27.4) - https:\/\/yoast.com\/product\/yoast-seo-premium-wordpress\/ -->\n<title>Commande et livraison | Sunday Brush<\/title>\n<meta name=\"description\" content=\"Commande et livraison: Toutes les commandes pass\u00e9es en semaine avant 21 heures seront trait\u00e9es le jour m\u00eame.\" \/>\n<meta name=\"robots\" content=\"index, follow, max-snippet:-1, max-image-preview:large, max-video-preview:-1\" \/>\n<link rel=\"canonical\" href=\"https:\/\/www.sundaybrush.com\/fr\/commande-et-livraison\/\" \/>\n<meta property=\"og:locale\" content=\"fr_FR\" \/>\n<meta property=\"og:type\" content=\"article\" \/>\n<meta property=\"og:title\" content=\"Commande et livraison\" \/>\n<meta property=\"og:description\" content=\"Commande et livraison: Toutes les commandes pass\u00e9es en semaine avant 21 heures seront trait\u00e9es le jour m\u00eame.\" \/>\n<meta property=\"og:url\" content=\"https:\/\/www.sundaybrush.com\/fr\/commande-et-livraison\/\" \/>\n<meta property=\"og:site_name\" content=\"Sunday Brush\" \/>\n<meta property=\"article:modified_time\" content=\"2025-02-20T10:31:04+00:00\" \/>\n<meta property=\"og:image\" content=\"https:\/\/www.sundaybrush.com\/wp-content\/uploads\/2025\/06\/Sunday-Brush-European-Natural-Beauty-Award.png\" \/>\n\t<meta property=\"og:image:width\" content=\"1024\" \/>\n\t<meta property=\"og:image:height\" content=\"1024\" \/>\n\t<meta property=\"og:image:type\" content=\"image\/png\" \/>\n<meta name=\"twitter:card\" content=\"summary_large_image\" \/>\n<meta name=\"twitter:label1\" content=\"Dur\u00e9e de lecture estim\u00e9e\" \/>\n\t<meta name=\"twitter:data1\" content=\"2 minutes\" \/>\n<script type=\"application\/ld+json\" class=\"yoast-schema-graph\">{\"@context\":\"https:\\\/\\\/schema.org\",\"@graph\":[{\"@type\":\"WebPage\",\"@id\":\"https:\\\/\\\/www.sundaybrush.com\\\/fr\\\/commande-et-livraison\\\/\",\"url\":\"https:\\\/\\\/www.sundaybrush.com\\\/fr\\\/commande-et-livraison\\\/\",\"name\":\"Commande et livraison | Sunday Brush\",\"isPartOf\":{\"@id\":\"https:\\\/\\\/www.sundaybrush.com\\\/fr\\\/#website\"},\"datePublished\":\"2022-11-13T08:04:13+00:00\",\"dateModified\":\"2025-02-20T10:31:04+00:00\",\"description\":\"Commande et livraison: Toutes les commandes pass\u00e9es en semaine avant 21 heures seront trait\u00e9es le jour m\u00eame.\",\"breadcrumb\":{\"@id\":\"https:\\\/\\\/www.sundaybrush.com\\\/fr\\\/commande-et-livraison\\\/#breadcrumb\"},\"inLanguage\":\"fr-FR\",\"potentialAction\":[{\"@type\":\"ReadAction\",\"target\":[\"https:\\\/\\\/www.sundaybrush.com\\\/fr\\\/commande-et-livraison\\\/\"]}]},{\"@type\":\"BreadcrumbList\",\"@id\":\"https:\\\/\\\/www.sundaybrush.com\\\/fr\\\/commande-et-livraison\\\/#breadcrumb\",\"itemListElement\":[{\"@type\":\"ListItem\",\"position\":1,\"name\":\"Home\",\"item\":\"https:\\\/\\\/www.sundaybrush.com\\\/fr\\\/\"},{\"@type\":\"ListItem\",\"position\":2,\"name\":\"Commande et livraison\"}]},{\"@type\":\"WebSite\",\"@id\":\"https:\\\/\\\/www.sundaybrush.com\\\/fr\\\/#website\",\"url\":\"https:\\\/\\\/www.sundaybrush.com\\\/fr\\\/\",\"name\":\"Sunday Brush\",\"description\":\"Jouw dagelijkse UV bescherming\",\"publisher\":{\"@id\":\"https:\\\/\\\/www.sundaybrush.com\\\/fr\\\/#organization\"},\"potentialAction\":[{\"@type\":\"SearchAction\",\"target\":{\"@type\":\"EntryPoint\",\"urlTemplate\":\"https:\\\/\\\/www.sundaybrush.com\\\/fr\\\/?s={search_term_string}\"},\"query-input\":{\"@type\":\"PropertyValueSpecification\",\"valueRequired\":true,\"valueName\":\"search_term_string\"}}],\"inLanguage\":\"fr-FR\"},{\"@type\":\"Organization\",\"@id\":\"https:\\\/\\\/www.sundaybrush.com\\\/fr\\\/#organization\",\"name\":\"Sunday Brush\",\"alternateName\":\"Sundaybrush\",\"url\":\"https:\\\/\\\/www.sundaybrush.com\\\/fr\\\/\",\"logo\":{\"@type\":\"ImageObject\",\"inLanguage\":\"fr-FR\",\"@id\":\"https:\\\/\\\/www.sundaybrush.com\\\/fr\\\/#\\\/schema\\\/logo\\\/image\\\/\",\"url\":\"https:\\\/\\\/www.sundaybrush.com\\\/wp-content\\\/uploads\\\/2021\\\/02\\\/Logo-Sunday-Brush-transparant.png\",\"contentUrl\":\"https:\\\/\\\/www.sundaybrush.com\\\/wp-content\\\/uploads\\\/2021\\\/02\\\/Logo-Sunday-Brush-transparant.png\",\"width\":1709,\"height\":227,\"caption\":\"Sunday Brush\"},\"image\":{\"@id\":\"https:\\\/\\\/www.sundaybrush.com\\\/fr\\\/#\\\/schema\\\/logo\\\/image\\\/\"},\"sameAs\":[\"https:\\\/\\\/www.instagram.com\\\/sundaybrush\\\/\",\"https:\\\/\\\/www.linkedin.com\\\/company\\\/sunday-brush\",\"https:\\\/\\\/www.youtube.com\\\/channel\\\/UCidSRkO6tDIgl3SU60b9coQ\"],\"description\":\"Sunday Brush is a registered trademark of Nxt Cosmetics BV.\",\"email\":\"info@sundaybrush.com\",\"telephone\":\"003185-0043121\",\"legalName\":\"Nxt Cosmetics BV\",\"numberOfEmployees\":{\"@type\":\"QuantitativeValue\",\"minValue\":\"1\",\"maxValue\":\"10\"}}]}<\/script>\n<!-- \/ Yoast SEO Premium plugin. -->","yoast_head_json":{"title":"Commande et livraison | Sunday Brush","description":"Commande et livraison: Toutes les commandes pass\u00e9es en semaine avant 21 heures seront trait\u00e9es le jour m\u00eame.","robots":{"index":"index","follow":"follow","max-snippet":"max-snippet:-1","max-image-preview":"max-image-preview:large","max-video-preview":"max-video-preview:-1"},"canonical":"https:\/\/www.sundaybrush.com\/fr\/commande-et-livraison\/","og_locale":"fr_FR","og_type":"article","og_title":"Commande et livraison","og_description":"Commande et livraison: Toutes les commandes pass\u00e9es en semaine avant 21 heures seront trait\u00e9es le jour m\u00eame.","og_url":"https:\/\/www.sundaybrush.com\/fr\/commande-et-livraison\/","og_site_name":"Sunday Brush","article_modified_time":"2025-02-20T10:31:04+00:00","og_image":[{"width":1024,"height":1024,"url":"https:\/\/www.sundaybrush.com\/wp-content\/uploads\/2025\/06\/Sunday-Brush-European-Natural-Beauty-Award.png","type":"image\/png"}],"twitter_card":"summary_large_image","twitter_misc":{"Dur\u00e9e de lecture estim\u00e9e":"2 minutes"},"schema":{"@context":"https:\/\/schema.org","@graph":[{"@type":"WebPage","@id":"https:\/\/www.sundaybrush.com\/fr\/commande-et-livraison\/","url":"https:\/\/www.sundaybrush.com\/fr\/commande-et-livraison\/","name":"Commande et livraison | Sunday Brush","isPartOf":{"@id":"https:\/\/www.sundaybrush.com\/fr\/#website"},"datePublished":"2022-11-13T08:04:13+00:00","dateModified":"2025-02-20T10:31:04+00:00","description":"Commande et livraison: Toutes les commandes pass\u00e9es en semaine avant 21 heures seront trait\u00e9es le jour m\u00eame.","breadcrumb":{"@id":"https:\/\/www.sundaybrush.com\/fr\/commande-et-livraison\/#breadcrumb"},"inLanguage":"fr-FR","potentialAction":[{"@type":"ReadAction","target":["https:\/\/www.sundaybrush.com\/fr\/commande-et-livraison\/"]}]},{"@type":"BreadcrumbList","@id":"https:\/\/www.sundaybrush.com\/fr\/commande-et-livraison\/#breadcrumb","itemListElement":[{"@type":"ListItem","position":1,"name":"Home","item":"https:\/\/www.sundaybrush.com\/fr\/"},{"@type":"ListItem","position":2,"name":"Commande et livraison"}]},{"@type":"WebSite","@id":"https:\/\/www.sundaybrush.com\/fr\/#website","url":"https:\/\/www.sundaybrush.com\/fr\/","name":"Sunday Brush","description":"Jouw dagelijkse UV bescherming","publisher":{"@id":"https:\/\/www.sundaybrush.com\/fr\/#organization"},"potentialAction":[{"@type":"SearchAction","target":{"@type":"EntryPoint","urlTemplate":"https:\/\/www.sundaybrush.com\/fr\/?s={search_term_string}"},"query-input":{"@type":"PropertyValueSpecification","valueRequired":true,"valueName":"search_term_string"}}],"inLanguage":"fr-FR"},{"@type":"Organization","@id":"https:\/\/www.sundaybrush.com\/fr\/#organization","name":"Sunday Brush","alternateName":"Sundaybrush","url":"https:\/\/www.sundaybrush.com\/fr\/","logo":{"@type":"ImageObject","inLanguage":"fr-FR","@id":"https:\/\/www.sundaybrush.com\/fr\/#\/schema\/logo\/image\/","url":"https:\/\/www.sundaybrush.com\/wp-content\/uploads\/2021\/02\/Logo-Sunday-Brush-transparant.png","contentUrl":"https:\/\/www.sundaybrush.com\/wp-content\/uploads\/2021\/02\/Logo-Sunday-Brush-transparant.png","width":1709,"height":227,"caption":"Sunday Brush"},"image":{"@id":"https:\/\/www.sundaybrush.com\/fr\/#\/schema\/logo\/image\/"},"sameAs":["https:\/\/www.instagram.com\/sundaybrush\/","https:\/\/www.linkedin.com\/company\/sunday-brush","https:\/\/www.youtube.com\/channel\/UCidSRkO6tDIgl3SU60b9coQ"],"description":"Sunday Brush is a registered trademark of Nxt Cosmetics BV.","email":"info@sundaybrush.com","telephone":"003185-0043121","legalName":"Nxt Cosmetics BV","numberOfEmployees":{"@type":"QuantitativeValue","minValue":"1","maxValue":"10"}}]}},"_links":{"self":[{"href":"https:\/\/www.sundaybrush.com\/fr\/wp-json\/wp\/v2\/pages\/36684","targetHints":{"allow":["GET"]}}],"collection":[{"href":"https:\/\/www.sundaybrush.com\/fr\/wp-json\/wp\/v2\/pages"}],"about":[{"href":"https:\/\/www.sundaybrush.com\/fr\/wp-json\/wp\/v2\/types\/page"}],"author":[{"embeddable":true,"href":"https:\/\/www.sundaybrush.com\/fr\/wp-json\/wp\/v2\/users\/1"}],"replies":[{"embeddable":true,"href":"https:\/\/www.sundaybrush.com\/fr\/wp-json\/wp\/v2\/comments?post=36684"}],"version-history":[{"count":6,"href":"https:\/\/www.sundaybrush.com\/fr\/wp-json\/wp\/v2\/pages\/36684\/revisions"}],"predecessor-version":[{"id":48697,"href":"https:\/\/www.sundaybrush.com\/fr\/wp-json\/wp\/v2\/pages\/36684\/revisions\/48697"}],"wp:attachment":[{"href":"https:\/\/www.sundaybrush.com\/fr\/wp-json\/wp\/v2\/media?parent=36684"}],"curies":[{"name":"wp","href":"https:\/\/api.w.org\/{rel}","templated":true}]}}