{"id":37255,"date":"2022-12-06T08:55:34","date_gmt":"2022-12-06T07:55:34","guid":{"rendered":"https:\/\/www.sundaybrush.com\/protection-solaire\/"},"modified":"2022-12-29T10:13:25","modified_gmt":"2022-12-29T09:13:25","slug":"protection-solaire","status":"publish","type":"page","link":"https:\/\/www.sundaybrush.com\/fr\/protection-solaire\/","title":{"rendered":"Protection solaire"},"content":{"rendered":"<section class=\"l-section wpb_row height_medium\"><div class=\"l-section-h i-cf\"><div class=\"g-cols vc_row type_default valign_top\"><div class=\"vc_col-sm-2 wpb_column vc_column_container\"><div class=\"vc_column-inner us_custom_bdc887fb\"><div class=\"wpb_wrapper\"><\/div><\/div><\/div><div class=\"vc_col-sm-8 wpb_column vc_column_container\"><div class=\"vc_column-inner\"><div class=\"wpb_wrapper\"><div class=\"wpb_text_column\" ><div class=\"wpb_wrapper\"><h1>L\u2019importance de la protection solaire<\/h1>\n<p>Se prot\u00e9ger du soleil devient de plus en plus important dans la vie quotidienne. Les chiffres qui relatent le nombre de cas de cancer de la peau sont alarmants. Chaque ann\u00e9e, de nouveaux patients sont recens\u00e9s et ce nombre continue d\u2019augmenter. De ce fait, le cancer de la peau est la forme de cancer \u00e0 la croissance la plus rapide.<\/p>\n<p>Dans la pratique, il semblerait que les personnes appliquent tr\u00e8s peu de cr\u00e8me solaire, sauf \u00e0 la plage ou avant de prendre un bain de soleil. Lors de leurs activit\u00e9s habituelles en plein air, elles n\u2019utilisent presque jamais de protection solaire. De nombreuses personnes n\u2019aiment pas appliquer de la cr\u00e8me sur leur visage, car la texture est collante et laisse un film gras.<\/p>\n<p>Il n\u2019en reste pas moins que la protection quotidienne du visage contre les rayons UV est importante, notamment lorsqu\u2019on se trouve en ext\u00e9rieur. Les rayons ne sont pas seulement nocifs pour nous lorsque nous passons une journ\u00e9e \u00e0 la plage ; ils ab\u00eement tout autant la peau d\u00e8s que nous franchissons notre porte.<\/p>\n<p>Pourquoi est-il si important de se prot\u00e9ger du soleil tous les jours, m\u00eame lorsque le soleil ne brille pas ?<\/p>\n<p>Ci-dessous et sur notre blog, vous trouverez des articles qui parlent de la protection contre les UV et des raisons pour lesquelles il est si important de se prot\u00e9ger du soleil tous les jours, m\u00eame lorsque le ciel est couvert.<\/p>\n<\/div><\/div><\/div><\/div><\/div><div class=\"vc_col-sm-2 wpb_column vc_column_container\"><div class=\"vc_column-inner\"><div class=\"wpb_wrapper\"><\/div><\/div><\/div><\/div><\/div><\/section><section class=\"l-section wpb_row height_medium\"><div class=\"l-section-h i-cf\"><div class=\"g-cols vc_row type_default valign_top\"><div class=\"vc_col-sm-6 wpb_column vc_column_container\"><div class=\"vc_column-inner\"><div class=\"wpb_wrapper\"><div class=\"w-ibanner animation_phorcys ratio_2x1 easing_ease\"><div class=\"w-ibanner-h\"><div class=\"w-ibanner-image\" style=\"background-image: url(https:\/\/www.sundaybrush.com\/wp-content\/uploads\/2022\/02\/SPF-wat-is-de-SPF-factor-Sunday-Brush.png)\"><\/div><div class=\"w-ibanner-content\"><div class=\"w-ibanner-content-h\"><h2 class=\"w-ibanner-title\">Que repr\u00e9sente l\u2019indice SPF ?<\/h2><div class=\"w-ibanner-desc\"><\/div><\/div><\/div><\/div><a title=\"Que repr\u00e9sente l\u2019indice SPF ?\" href=\"https:\/\/www.sundaybrush.com\/fr\/protection-solaire\/que-represente-lindice-spf\/\" aria-label=\"Que repr\u00e9sente l\u2019indice SPF ?\"><\/a><\/div><\/div><\/div><\/div><div class=\"vc_col-sm-6 wpb_column vc_column_container\"><div class=\"vc_column-inner\"><div class=\"wpb_wrapper\"><div class=\"w-ibanner animation_phorcys ratio_2x1 easing_ease\"><div class=\"w-ibanner-h\"><div class=\"w-ibanner-image\" style=\"background-image: url(https:\/\/www.sundaybrush.com\/wp-content\/uploads\/2022\/02\/Wat-is-UV-straling-Sunday-Brush.png)\"><\/div><div class=\"w-ibanner-content\"><div class=\"w-ibanner-content-h\"><h2 class=\"w-ibanner-title\">Qu\u2019est-ce qu\u2019un rayon UV ?<\/h2><div class=\"w-ibanner-desc\"><\/div><\/div><\/div><\/div><a title=\"Qu\u2019est-ce qu\u2019un rayon UV ?\" href=\"https:\/\/www.sundaybrush.com\/fr\/protection-solaire\/quest-ce-quun-rayon-uv\/\" aria-label=\"Qu\u2019est-ce qu\u2019un rayon UV ?\"><\/a><\/div><\/div><\/div><\/div><\/div><\/div><\/section><section class=\"l-section wpb_row height_medium\"><div class=\"l-section-h i-cf\"><div class=\"g-cols vc_row type_default valign_top\"><div class=\"vc_col-sm-6 wpb_column vc_column_container\"><div class=\"vc_column-inner\"><div class=\"wpb_wrapper\"><div class=\"w-ibanner animation_phorcys ratio_2x1 easing_ease\"><div class=\"w-ibanner-h\"><div class=\"w-ibanner-image\" style=\"background-image: url(https:\/\/www.sundaybrush.com\/wp-content\/uploads\/2022\/12\/FR-Solaire-minerale-vs-Solaire-chimique-1024x724.png)\"><\/div><div class=\"w-ibanner-content\"><div class=\"w-ibanner-content-h\"><h2 class=\"w-ibanner-title\">Protection solaire min\u00e9rale ou chimique ?<\/h2><div class=\"w-ibanner-desc\"><\/div><\/div><\/div><\/div><a title=\"Protection solaire min\u00e9rale ou chimique ?\" href=\"https:\/\/www.sundaybrush.com\/fr\/poudre-solaire\/protection-solaire-minerale-ou-chimique\/\" aria-label=\"Protection solaire min\u00e9rale ou chimique ?\"><\/a><\/div><\/div><\/div><\/div><div class=\"vc_col-sm-6 wpb_column vc_column_container\"><div class=\"vc_column-inner\"><div class=\"wpb_wrapper\"><div class=\"w-ibanner animation_phorcys ratio_2x1 easing_ease\"><div class=\"w-ibanner-h\"><div class=\"w-ibanner-image\" style=\"background-image: url(https:\/\/www.sundaybrush.com\/wp-content\/uploads\/2022\/02\/Bescherming-tegen-UVA-Sunday-Brush.png)\"><\/div><div class=\"w-ibanner-content\"><div class=\"w-ibanner-content-h\"><h2 class=\"w-ibanner-title\">Protection contre les rayons UVA<\/h2><div class=\"w-ibanner-desc\"><\/div><\/div><\/div><\/div><a title=\"Protection contre les rayons UVA\" href=\"https:\/\/www.sundaybrush.com\/fr\/protection-solaire\/protection-contre-les-rayons-uva\/\" aria-label=\"Protection contre les rayons UVA\"><\/a><\/div><\/div><\/div><\/div><\/div><\/div><\/section>\n","protected":false},"excerpt":{"rendered":"L\u2019importance de la protection solaire Se prot\u00e9ger du soleil devient de plus en plus important dans la vie quotidienne. Les chiffres qui relatent le nombre de cas de cancer de la peau sont alarmants. Chaque ann\u00e9e, de nouveaux patients sont recens\u00e9s et ce nombre continue d\u2019augmenter. De ce fait, le cancer de la peau est...","protected":false},"author":6,"featured_media":0,"parent":0,"menu_order":0,"comment_status":"closed","ping_status":"closed","template":"","meta":{"_acf_changed":false,"footnotes":""},"class_list":["post-37255","page","type-page","status-publish","hentry"],"acf":[],"yoast_head":"<!-- This site is optimized with the Yoast SEO Premium plugin v27.3 (Yoast SEO v27.5) - https:\/\/yoast.com\/product\/yoast-seo-premium-wordpress\/ -->\n<title>Votre protection quotidienne contre les UV | Sunday Brush SPF 50<\/title>\n<meta name=\"description\" content=\"Se prot\u00e9ger du soleil devient de plus en plus important dans la vie quotidienne. Les chiffres qui relatent le nombre de cas de cancer de la peau sont alarmants.\" \/>\n<meta name=\"robots\" content=\"index, follow, max-snippet:-1, max-image-preview:large, max-video-preview:-1\" \/>\n<link rel=\"canonical\" href=\"https:\/\/www.sundaybrush.com\/fr\/protection-solaire\/\" \/>\n<meta property=\"og:locale\" content=\"fr_FR\" \/>\n<meta property=\"og:type\" content=\"article\" \/>\n<meta property=\"og:title\" content=\"Protection solaire\" \/>\n<meta property=\"og:description\" content=\"Se prot\u00e9ger du soleil devient de plus en plus important dans la vie quotidienne. Les chiffres qui relatent le nombre de cas de cancer de la peau sont alarmants.\" \/>\n<meta property=\"og:url\" content=\"https:\/\/www.sundaybrush.com\/fr\/protection-solaire\/\" \/>\n<meta property=\"og:site_name\" content=\"Sunday Brush\" \/>\n<meta property=\"article:modified_time\" content=\"2022-12-29T09:13:25+00:00\" \/>\n<meta property=\"og:image\" content=\"https:\/\/www.sundaybrush.com\/wp-content\/uploads\/2025\/06\/Sunday-Brush-European-Natural-Beauty-Award.png\" \/>\n\t<meta property=\"og:image:width\" content=\"1024\" \/>\n\t<meta property=\"og:image:height\" content=\"1024\" \/>\n\t<meta property=\"og:image:type\" content=\"image\/png\" \/>\n<meta name=\"twitter:card\" content=\"summary_large_image\" \/>\n<meta name=\"twitter:label1\" content=\"Dur\u00e9e de lecture estim\u00e9e\" \/>\n\t<meta name=\"twitter:data1\" content=\"2 minutes\" \/>\n<script type=\"application\/ld+json\" class=\"yoast-schema-graph\">{\"@context\":\"https:\\\/\\\/schema.org\",\"@graph\":[{\"@type\":\"WebPage\",\"@id\":\"https:\\\/\\\/www.sundaybrush.com\\\/fr\\\/protection-solaire\\\/\",\"url\":\"https:\\\/\\\/www.sundaybrush.com\\\/fr\\\/protection-solaire\\\/\",\"name\":\"Votre protection quotidienne contre les UV | Sunday Brush SPF 50\",\"isPartOf\":{\"@id\":\"https:\\\/\\\/www.sundaybrush.com\\\/fr\\\/#website\"},\"datePublished\":\"2022-12-06T07:55:34+00:00\",\"dateModified\":\"2022-12-29T09:13:25+00:00\",\"description\":\"Se prot\u00e9ger du soleil devient de plus en plus important dans la vie quotidienne. Les chiffres qui relatent le nombre de cas de cancer de la peau sont alarmants.\",\"breadcrumb\":{\"@id\":\"https:\\\/\\\/www.sundaybrush.com\\\/fr\\\/protection-solaire\\\/#breadcrumb\"},\"inLanguage\":\"fr-FR\",\"potentialAction\":[{\"@type\":\"ReadAction\",\"target\":[\"https:\\\/\\\/www.sundaybrush.com\\\/fr\\\/protection-solaire\\\/\"]}]},{\"@type\":\"BreadcrumbList\",\"@id\":\"https:\\\/\\\/www.sundaybrush.com\\\/fr\\\/protection-solaire\\\/#breadcrumb\",\"itemListElement\":[{\"@type\":\"ListItem\",\"position\":1,\"name\":\"Home\",\"item\":\"https:\\\/\\\/www.sundaybrush.com\\\/fr\\\/\"},{\"@type\":\"ListItem\",\"position\":2,\"name\":\"Protection solaire\"}]},{\"@type\":\"WebSite\",\"@id\":\"https:\\\/\\\/www.sundaybrush.com\\\/fr\\\/#website\",\"url\":\"https:\\\/\\\/www.sundaybrush.com\\\/fr\\\/\",\"name\":\"Sunday Brush\",\"description\":\"Jouw dagelijkse UV bescherming\",\"publisher\":{\"@id\":\"https:\\\/\\\/www.sundaybrush.com\\\/fr\\\/#organization\"},\"potentialAction\":[{\"@type\":\"SearchAction\",\"target\":{\"@type\":\"EntryPoint\",\"urlTemplate\":\"https:\\\/\\\/www.sundaybrush.com\\\/fr\\\/?s={search_term_string}\"},\"query-input\":{\"@type\":\"PropertyValueSpecification\",\"valueRequired\":true,\"valueName\":\"search_term_string\"}}],\"inLanguage\":\"fr-FR\"},{\"@type\":\"Organization\",\"@id\":\"https:\\\/\\\/www.sundaybrush.com\\\/fr\\\/#organization\",\"name\":\"Sunday Brush\",\"alternateName\":\"Sundaybrush\",\"url\":\"https:\\\/\\\/www.sundaybrush.com\\\/fr\\\/\",\"logo\":{\"@type\":\"ImageObject\",\"inLanguage\":\"fr-FR\",\"@id\":\"https:\\\/\\\/www.sundaybrush.com\\\/fr\\\/#\\\/schema\\\/logo\\\/image\\\/\",\"url\":\"https:\\\/\\\/www.sundaybrush.com\\\/wp-content\\\/uploads\\\/2021\\\/02\\\/Logo-Sunday-Brush-transparant.png\",\"contentUrl\":\"https:\\\/\\\/www.sundaybrush.com\\\/wp-content\\\/uploads\\\/2021\\\/02\\\/Logo-Sunday-Brush-transparant.png\",\"width\":1709,\"height\":227,\"caption\":\"Sunday Brush\"},\"image\":{\"@id\":\"https:\\\/\\\/www.sundaybrush.com\\\/fr\\\/#\\\/schema\\\/logo\\\/image\\\/\"},\"sameAs\":[\"https:\\\/\\\/www.instagram.com\\\/sundaybrush\\\/\",\"https:\\\/\\\/www.linkedin.com\\\/company\\\/sunday-brush\",\"https:\\\/\\\/www.youtube.com\\\/channel\\\/UCidSRkO6tDIgl3SU60b9coQ\"],\"description\":\"Sunday Brush is a registered trademark of Nxt Cosmetics BV.\",\"email\":\"info@sundaybrush.com\",\"telephone\":\"003185-0043121\",\"legalName\":\"Nxt Cosmetics BV\",\"numberOfEmployees\":{\"@type\":\"QuantitativeValue\",\"minValue\":\"1\",\"maxValue\":\"10\"}}]}<\/script>\n<!-- \/ Yoast SEO Premium plugin. -->","yoast_head_json":{"title":"Votre protection quotidienne contre les UV | Sunday Brush SPF 50","description":"Se prot\u00e9ger du soleil devient de plus en plus important dans la vie quotidienne. Les chiffres qui relatent le nombre de cas de cancer de la peau sont alarmants.","robots":{"index":"index","follow":"follow","max-snippet":"max-snippet:-1","max-image-preview":"max-image-preview:large","max-video-preview":"max-video-preview:-1"},"canonical":"https:\/\/www.sundaybrush.com\/fr\/protection-solaire\/","og_locale":"fr_FR","og_type":"article","og_title":"Protection solaire","og_description":"Se prot\u00e9ger du soleil devient de plus en plus important dans la vie quotidienne. Les chiffres qui relatent le nombre de cas de cancer de la peau sont alarmants.","og_url":"https:\/\/www.sundaybrush.com\/fr\/protection-solaire\/","og_site_name":"Sunday Brush","article_modified_time":"2022-12-29T09:13:25+00:00","og_image":[{"width":1024,"height":1024,"url":"https:\/\/www.sundaybrush.com\/wp-content\/uploads\/2025\/06\/Sunday-Brush-European-Natural-Beauty-Award.png","type":"image\/png"}],"twitter_card":"summary_large_image","twitter_misc":{"Dur\u00e9e de lecture estim\u00e9e":"2 minutes"},"schema":{"@context":"https:\/\/schema.org","@graph":[{"@type":"WebPage","@id":"https:\/\/www.sundaybrush.com\/fr\/protection-solaire\/","url":"https:\/\/www.sundaybrush.com\/fr\/protection-solaire\/","name":"Votre protection quotidienne contre les UV | Sunday Brush SPF 50","isPartOf":{"@id":"https:\/\/www.sundaybrush.com\/fr\/#website"},"datePublished":"2022-12-06T07:55:34+00:00","dateModified":"2022-12-29T09:13:25+00:00","description":"Se prot\u00e9ger du soleil devient de plus en plus important dans la vie quotidienne. Les chiffres qui relatent le nombre de cas de cancer de la peau sont alarmants.","breadcrumb":{"@id":"https:\/\/www.sundaybrush.com\/fr\/protection-solaire\/#breadcrumb"},"inLanguage":"fr-FR","potentialAction":[{"@type":"ReadAction","target":["https:\/\/www.sundaybrush.com\/fr\/protection-solaire\/"]}]},{"@type":"BreadcrumbList","@id":"https:\/\/www.sundaybrush.com\/fr\/protection-solaire\/#breadcrumb","itemListElement":[{"@type":"ListItem","position":1,"name":"Home","item":"https:\/\/www.sundaybrush.com\/fr\/"},{"@type":"ListItem","position":2,"name":"Protection solaire"}]},{"@type":"WebSite","@id":"https:\/\/www.sundaybrush.com\/fr\/#website","url":"https:\/\/www.sundaybrush.com\/fr\/","name":"Sunday Brush","description":"Jouw dagelijkse UV bescherming","publisher":{"@id":"https:\/\/www.sundaybrush.com\/fr\/#organization"},"potentialAction":[{"@type":"SearchAction","target":{"@type":"EntryPoint","urlTemplate":"https:\/\/www.sundaybrush.com\/fr\/?s={search_term_string}"},"query-input":{"@type":"PropertyValueSpecification","valueRequired":true,"valueName":"search_term_string"}}],"inLanguage":"fr-FR"},{"@type":"Organization","@id":"https:\/\/www.sundaybrush.com\/fr\/#organization","name":"Sunday Brush","alternateName":"Sundaybrush","url":"https:\/\/www.sundaybrush.com\/fr\/","logo":{"@type":"ImageObject","inLanguage":"fr-FR","@id":"https:\/\/www.sundaybrush.com\/fr\/#\/schema\/logo\/image\/","url":"https:\/\/www.sundaybrush.com\/wp-content\/uploads\/2021\/02\/Logo-Sunday-Brush-transparant.png","contentUrl":"https:\/\/www.sundaybrush.com\/wp-content\/uploads\/2021\/02\/Logo-Sunday-Brush-transparant.png","width":1709,"height":227,"caption":"Sunday Brush"},"image":{"@id":"https:\/\/www.sundaybrush.com\/fr\/#\/schema\/logo\/image\/"},"sameAs":["https:\/\/www.instagram.com\/sundaybrush\/","https:\/\/www.linkedin.com\/company\/sunday-brush","https:\/\/www.youtube.com\/channel\/UCidSRkO6tDIgl3SU60b9coQ"],"description":"Sunday Brush is a registered trademark of Nxt Cosmetics BV.","email":"info@sundaybrush.com","telephone":"003185-0043121","legalName":"Nxt Cosmetics BV","numberOfEmployees":{"@type":"QuantitativeValue","minValue":"1","maxValue":"10"}}]}},"_links":{"self":[{"href":"https:\/\/www.sundaybrush.com\/fr\/wp-json\/wp\/v2\/pages\/37255","targetHints":{"allow":["GET"]}}],"collection":[{"href":"https:\/\/www.sundaybrush.com\/fr\/wp-json\/wp\/v2\/pages"}],"about":[{"href":"https:\/\/www.sundaybrush.com\/fr\/wp-json\/wp\/v2\/types\/page"}],"author":[{"embeddable":true,"href":"https:\/\/www.sundaybrush.com\/fr\/wp-json\/wp\/v2\/users\/6"}],"replies":[{"embeddable":true,"href":"https:\/\/www.sundaybrush.com\/fr\/wp-json\/wp\/v2\/comments?post=37255"}],"version-history":[{"count":5,"href":"https:\/\/www.sundaybrush.com\/fr\/wp-json\/wp\/v2\/pages\/37255\/revisions"}],"predecessor-version":[{"id":37531,"href":"https:\/\/www.sundaybrush.com\/fr\/wp-json\/wp\/v2\/pages\/37255\/revisions\/37531"}],"wp:attachment":[{"href":"https:\/\/www.sundaybrush.com\/fr\/wp-json\/wp\/v2\/media?parent=37255"}],"curies":[{"name":"wp","href":"https:\/\/api.w.org\/{rel}","templated":true}]}}