{"id":36655,"date":"2018-02-07T14:40:10","date_gmt":"2018-02-07T12:40:10","guid":{"rendered":"https:\/\/www.sundaybrush.com\/product\/sunday-brush\/"},"modified":"2026-04-25T18:12:05","modified_gmt":"2026-04-25T16:12:05","slug":"poudre-solaire","status":"publish","type":"product","link":"https:\/\/www.sundaybrush.com\/fr\/produit\/poudre-solaire\/","title":{"rendered":"Sunday Brush &#8211; SPF 50"},"content":{"rendered":"","protected":false},"excerpt":{"rendered":"<p class=\"p1\">Sunday Brush est une poudre min\u00e9rale qui garantit une protection efficace contre les rayons UVA et UVB qui agressent la peau au quotidien.<\/p>\n<p class=\"p1\">Le produit s\u2019applique de fa\u00e7on tr\u00e8s simple gr\u00e2ce au pinceau souple et autodose, qui d\u00e9livre la bonne quantit\u00e9 de poudre. Les min\u00e9raux naturels de Sunday Brush ne p\u00e9n\u00e8trent pas la peau et conviennent donc \u00e0 tous les types de peau, m\u00eame sensibles. L\u2019\u00e9cran solaire agit imm\u00e9diatement d\u00e8s l\u2019application.<\/p>\n<p class=\"p1\">La formule est 100\u00a0% naturelle et sans additif chimique\u00a0\u2013\u00a0une premi\u00e8re dans le monde\u00a0!<span class=\"Apple-converted-space\">\u00a0 <\/span>Bon pour la peau et la sant\u00e9.<\/p>\n<p><span style=\"text-decoration: underline;\"><a href=\"https:\/\/www.sundaybrush.com\/fr\/aidez-moi-a-choisir\/\">Besoin d\u2019aide pour choisir la bonne teinte\u00a0? Cliquez ici.<\/a><\/span><\/p>\n","protected":false},"featured_media":51875,"menu_order":0,"comment_status":"open","ping_status":"closed","template":"","meta":{"_acf_changed":false},"product_brand":[],"product_cat":[345],"product_tag":[346],"class_list":{"0":"post-36655","1":"product","2":"type-product","3":"status-publish","4":"has-post-thumbnail","6":"product_cat-product-fr","7":"product_tag-sunday-brush-fr","9":"first","10":"instock","11":"taxable","12":"shipping-taxable","13":"purchasable","14":"product-type-variable"},"acf":[],"yoast_head":"<!-- This site is optimized with the Yoast SEO Premium plugin v27.3 (Yoast SEO v27.4) - https:\/\/yoast.com\/product\/yoast-seo-premium-wordpress\/ -->\n<title>Poudre solaire - Sunday Brush - SPF 50 - 6 grammes<\/title>\n<meta name=\"description\" content=\"Sunday Brush est une poudre min\u00e9rale 100 % naturelle avec SPF 50 et prot\u00e8ge votre visage des effets n\u00e9fastes du soleil. Elle s\u2019applique facilement.\" \/>\n<meta name=\"robots\" content=\"index, follow, max-snippet:-1, max-image-preview:large, max-video-preview:-1\" \/>\n<link rel=\"canonical\" href=\"https:\/\/www.sundaybrush.com\/fr\/produit\/poudre-solaire\/\" \/>\n<meta property=\"og:locale\" content=\"fr_FR\" \/>\n<meta property=\"og:type\" content=\"article\" \/>\n<meta property=\"og:title\" content=\"Sunday Brush - SPF 50\" \/>\n<meta property=\"og:description\" content=\"Sunday Brush est une poudre min\u00e9rale 100 % naturelle avec SPF 50 et prot\u00e8ge votre visage des effets n\u00e9fastes du soleil. Elle s\u2019applique facilement.\" \/>\n<meta property=\"og:url\" content=\"https:\/\/www.sundaybrush.com\/fr\/produit\/poudre-solaire\/\" \/>\n<meta property=\"og:site_name\" content=\"Sunday Brush\" \/>\n<meta property=\"article:modified_time\" content=\"2026-04-25T16:12:05+00:00\" \/>\n<meta property=\"og:image\" content=\"https:\/\/www.sundaybrush.com\/wp-content\/uploads\/2018\/02\/Sunday-Brush-packshot.jpg\" \/>\n\t<meta property=\"og:image:width\" content=\"600\" \/>\n\t<meta property=\"og:image:height\" content=\"600\" \/>\n\t<meta property=\"og:image:type\" content=\"image\/jpeg\" \/>\n<meta name=\"twitter:card\" content=\"summary_large_image\" \/>\n<meta name=\"twitter:label1\" content=\"Dur\u00e9e de lecture estim\u00e9e\" \/>\n\t<meta name=\"twitter:data1\" content=\"1 minute\" \/>\n<script type=\"application\/ld+json\" class=\"yoast-schema-graph\">{\"@context\":\"https:\\\/\\\/schema.org\",\"@graph\":[{\"@type\":\"WebPage\",\"@id\":\"https:\\\/\\\/www.sundaybrush.com\\\/fr\\\/produit\\\/poudre-solaire\\\/\",\"url\":\"https:\\\/\\\/www.sundaybrush.com\\\/fr\\\/produit\\\/poudre-solaire\\\/\",\"name\":\"Poudre solaire - Sunday Brush - SPF 50 - 6 grammes\",\"isPartOf\":{\"@id\":\"https:\\\/\\\/www.sundaybrush.com\\\/fr\\\/#website\"},\"primaryImageOfPage\":{\"@id\":\"https:\\\/\\\/www.sundaybrush.com\\\/fr\\\/produit\\\/poudre-solaire\\\/#primaryimage\"},\"image\":{\"@id\":\"https:\\\/\\\/www.sundaybrush.com\\\/fr\\\/produit\\\/poudre-solaire\\\/#primaryimage\"},\"thumbnailUrl\":\"https:\\\/\\\/www.sundaybrush.com\\\/wp-content\\\/uploads\\\/2018\\\/02\\\/Sunday-Brush-mineraal-zonnepoeder.jpg\",\"datePublished\":\"2018-02-07T12:40:10+00:00\",\"dateModified\":\"2026-04-25T16:12:05+00:00\",\"description\":\"Sunday Brush est une poudre min\u00e9rale 100 % naturelle avec SPF 50 et prot\u00e8ge votre visage des effets n\u00e9fastes du soleil. Elle s\u2019applique facilement.\",\"breadcrumb\":{\"@id\":\"https:\\\/\\\/www.sundaybrush.com\\\/fr\\\/produit\\\/poudre-solaire\\\/#breadcrumb\"},\"inLanguage\":\"fr-FR\",\"potentialAction\":[{\"@type\":\"ReadAction\",\"target\":[\"https:\\\/\\\/www.sundaybrush.com\\\/fr\\\/produit\\\/poudre-solaire\\\/\"]}]},{\"@type\":\"ImageObject\",\"inLanguage\":\"fr-FR\",\"@id\":\"https:\\\/\\\/www.sundaybrush.com\\\/fr\\\/produit\\\/poudre-solaire\\\/#primaryimage\",\"url\":\"https:\\\/\\\/www.sundaybrush.com\\\/wp-content\\\/uploads\\\/2018\\\/02\\\/Sunday-Brush-mineraal-zonnepoeder.jpg\",\"contentUrl\":\"https:\\\/\\\/www.sundaybrush.com\\\/wp-content\\\/uploads\\\/2018\\\/02\\\/Sunday-Brush-mineraal-zonnepoeder.jpg\",\"width\":600,\"height\":600,\"caption\":\"sundaybrush-mineraal-zonnepoeder\"},{\"@type\":\"BreadcrumbList\",\"@id\":\"https:\\\/\\\/www.sundaybrush.com\\\/fr\\\/produit\\\/poudre-solaire\\\/#breadcrumb\",\"itemListElement\":[{\"@type\":\"ListItem\",\"position\":1,\"name\":\"Home\",\"item\":\"https:\\\/\\\/www.sundaybrush.com\\\/fr\\\/\"},{\"@type\":\"ListItem\",\"position\":2,\"name\":\"Boutique\",\"item\":\"https:\\\/\\\/www.sundaybrush.com\\\/fr\\\/boutique\\\/\"},{\"@type\":\"ListItem\",\"position\":3,\"name\":\"Sunday Brush &#8211; SPF 50\"}]},{\"@type\":\"WebSite\",\"@id\":\"https:\\\/\\\/www.sundaybrush.com\\\/fr\\\/#website\",\"url\":\"https:\\\/\\\/www.sundaybrush.com\\\/fr\\\/\",\"name\":\"Sunday Brush\",\"description\":\"Jouw dagelijkse UV bescherming\",\"publisher\":{\"@id\":\"https:\\\/\\\/www.sundaybrush.com\\\/fr\\\/#organization\"},\"potentialAction\":[{\"@type\":\"SearchAction\",\"target\":{\"@type\":\"EntryPoint\",\"urlTemplate\":\"https:\\\/\\\/www.sundaybrush.com\\\/fr\\\/?s={search_term_string}\"},\"query-input\":{\"@type\":\"PropertyValueSpecification\",\"valueRequired\":true,\"valueName\":\"search_term_string\"}}],\"inLanguage\":\"fr-FR\"},{\"@type\":\"Organization\",\"@id\":\"https:\\\/\\\/www.sundaybrush.com\\\/fr\\\/#organization\",\"name\":\"Sunday Brush\",\"alternateName\":\"Sundaybrush\",\"url\":\"https:\\\/\\\/www.sundaybrush.com\\\/fr\\\/\",\"logo\":{\"@type\":\"ImageObject\",\"inLanguage\":\"fr-FR\",\"@id\":\"https:\\\/\\\/www.sundaybrush.com\\\/fr\\\/#\\\/schema\\\/logo\\\/image\\\/\",\"url\":\"https:\\\/\\\/www.sundaybrush.com\\\/wp-content\\\/uploads\\\/2021\\\/02\\\/Logo-Sunday-Brush-transparant.png\",\"contentUrl\":\"https:\\\/\\\/www.sundaybrush.com\\\/wp-content\\\/uploads\\\/2021\\\/02\\\/Logo-Sunday-Brush-transparant.png\",\"width\":1709,\"height\":227,\"caption\":\"Sunday Brush\"},\"image\":{\"@id\":\"https:\\\/\\\/www.sundaybrush.com\\\/fr\\\/#\\\/schema\\\/logo\\\/image\\\/\"},\"sameAs\":[\"https:\\\/\\\/www.instagram.com\\\/sundaybrush\\\/\",\"https:\\\/\\\/www.linkedin.com\\\/company\\\/sunday-brush\",\"https:\\\/\\\/www.youtube.com\\\/channel\\\/UCidSRkO6tDIgl3SU60b9coQ\"],\"description\":\"Sunday Brush is a registered trademark of Nxt Cosmetics BV.\",\"email\":\"info@sundaybrush.com\",\"telephone\":\"003185-0043121\",\"legalName\":\"Nxt Cosmetics BV\",\"numberOfEmployees\":{\"@type\":\"QuantitativeValue\",\"minValue\":\"1\",\"maxValue\":\"10\"}}]}<\/script>\n<!-- \/ Yoast SEO Premium plugin. -->","yoast_head_json":{"title":"Poudre solaire - Sunday Brush - SPF 50 - 6 grammes","description":"Sunday Brush est une poudre min\u00e9rale 100 % naturelle avec SPF 50 et prot\u00e8ge votre visage des effets n\u00e9fastes du soleil. Elle s\u2019applique facilement.","robots":{"index":"index","follow":"follow","max-snippet":"max-snippet:-1","max-image-preview":"max-image-preview:large","max-video-preview":"max-video-preview:-1"},"canonical":"https:\/\/www.sundaybrush.com\/fr\/produit\/poudre-solaire\/","og_locale":"fr_FR","og_type":"article","og_title":"Sunday Brush - SPF 50","og_description":"Sunday Brush est une poudre min\u00e9rale 100 % naturelle avec SPF 50 et prot\u00e8ge votre visage des effets n\u00e9fastes du soleil. Elle s\u2019applique facilement.","og_url":"https:\/\/www.sundaybrush.com\/fr\/produit\/poudre-solaire\/","og_site_name":"Sunday Brush","article_modified_time":"2026-04-25T16:12:05+00:00","og_image":[{"width":600,"height":600,"url":"https:\/\/www.sundaybrush.com\/wp-content\/uploads\/2018\/02\/Sunday-Brush-packshot.jpg","type":"image\/jpeg"}],"twitter_card":"summary_large_image","twitter_misc":{"Dur\u00e9e de lecture estim\u00e9e":"1 minute"},"schema":{"@context":"https:\/\/schema.org","@graph":[{"@type":"WebPage","@id":"https:\/\/www.sundaybrush.com\/fr\/produit\/poudre-solaire\/","url":"https:\/\/www.sundaybrush.com\/fr\/produit\/poudre-solaire\/","name":"Poudre solaire - Sunday Brush - SPF 50 - 6 grammes","isPartOf":{"@id":"https:\/\/www.sundaybrush.com\/fr\/#website"},"primaryImageOfPage":{"@id":"https:\/\/www.sundaybrush.com\/fr\/produit\/poudre-solaire\/#primaryimage"},"image":{"@id":"https:\/\/www.sundaybrush.com\/fr\/produit\/poudre-solaire\/#primaryimage"},"thumbnailUrl":"https:\/\/www.sundaybrush.com\/wp-content\/uploads\/2018\/02\/Sunday-Brush-mineraal-zonnepoeder.jpg","datePublished":"2018-02-07T12:40:10+00:00","dateModified":"2026-04-25T16:12:05+00:00","description":"Sunday Brush est une poudre min\u00e9rale 100 % naturelle avec SPF 50 et prot\u00e8ge votre visage des effets n\u00e9fastes du soleil. Elle s\u2019applique facilement.","breadcrumb":{"@id":"https:\/\/www.sundaybrush.com\/fr\/produit\/poudre-solaire\/#breadcrumb"},"inLanguage":"fr-FR","potentialAction":[{"@type":"ReadAction","target":["https:\/\/www.sundaybrush.com\/fr\/produit\/poudre-solaire\/"]}]},{"@type":"ImageObject","inLanguage":"fr-FR","@id":"https:\/\/www.sundaybrush.com\/fr\/produit\/poudre-solaire\/#primaryimage","url":"https:\/\/www.sundaybrush.com\/wp-content\/uploads\/2018\/02\/Sunday-Brush-mineraal-zonnepoeder.jpg","contentUrl":"https:\/\/www.sundaybrush.com\/wp-content\/uploads\/2018\/02\/Sunday-Brush-mineraal-zonnepoeder.jpg","width":600,"height":600,"caption":"sundaybrush-mineraal-zonnepoeder"},{"@type":"BreadcrumbList","@id":"https:\/\/www.sundaybrush.com\/fr\/produit\/poudre-solaire\/#breadcrumb","itemListElement":[{"@type":"ListItem","position":1,"name":"Home","item":"https:\/\/www.sundaybrush.com\/fr\/"},{"@type":"ListItem","position":2,"name":"Boutique","item":"https:\/\/www.sundaybrush.com\/fr\/boutique\/"},{"@type":"ListItem","position":3,"name":"Sunday Brush &#8211; SPF 50"}]},{"@type":"WebSite","@id":"https:\/\/www.sundaybrush.com\/fr\/#website","url":"https:\/\/www.sundaybrush.com\/fr\/","name":"Sunday Brush","description":"Jouw dagelijkse UV bescherming","publisher":{"@id":"https:\/\/www.sundaybrush.com\/fr\/#organization"},"potentialAction":[{"@type":"SearchAction","target":{"@type":"EntryPoint","urlTemplate":"https:\/\/www.sundaybrush.com\/fr\/?s={search_term_string}"},"query-input":{"@type":"PropertyValueSpecification","valueRequired":true,"valueName":"search_term_string"}}],"inLanguage":"fr-FR"},{"@type":"Organization","@id":"https:\/\/www.sundaybrush.com\/fr\/#organization","name":"Sunday Brush","alternateName":"Sundaybrush","url":"https:\/\/www.sundaybrush.com\/fr\/","logo":{"@type":"ImageObject","inLanguage":"fr-FR","@id":"https:\/\/www.sundaybrush.com\/fr\/#\/schema\/logo\/image\/","url":"https:\/\/www.sundaybrush.com\/wp-content\/uploads\/2021\/02\/Logo-Sunday-Brush-transparant.png","contentUrl":"https:\/\/www.sundaybrush.com\/wp-content\/uploads\/2021\/02\/Logo-Sunday-Brush-transparant.png","width":1709,"height":227,"caption":"Sunday Brush"},"image":{"@id":"https:\/\/www.sundaybrush.com\/fr\/#\/schema\/logo\/image\/"},"sameAs":["https:\/\/www.instagram.com\/sundaybrush\/","https:\/\/www.linkedin.com\/company\/sunday-brush","https:\/\/www.youtube.com\/channel\/UCidSRkO6tDIgl3SU60b9coQ"],"description":"Sunday Brush is a registered trademark of Nxt Cosmetics BV.","email":"info@sundaybrush.com","telephone":"003185-0043121","legalName":"Nxt Cosmetics BV","numberOfEmployees":{"@type":"QuantitativeValue","minValue":"1","maxValue":"10"}}]}},"_links":{"self":[{"href":"https:\/\/www.sundaybrush.com\/fr\/wp-json\/wp\/v2\/product\/36655","targetHints":{"allow":["GET"]}}],"collection":[{"href":"https:\/\/www.sundaybrush.com\/fr\/wp-json\/wp\/v2\/product"}],"about":[{"href":"https:\/\/www.sundaybrush.com\/fr\/wp-json\/wp\/v2\/types\/product"}],"replies":[{"embeddable":true,"href":"https:\/\/www.sundaybrush.com\/fr\/wp-json\/wp\/v2\/comments?post=36655"}],"wp:featuredmedia":[{"embeddable":true,"href":"https:\/\/www.sundaybrush.com\/fr\/wp-json\/wp\/v2\/media\/51875"}],"wp:attachment":[{"href":"https:\/\/www.sundaybrush.com\/fr\/wp-json\/wp\/v2\/media?parent=36655"}],"wp:term":[{"taxonomy":"product_brand","embeddable":true,"href":"https:\/\/www.sundaybrush.com\/fr\/wp-json\/wp\/v2\/product_brand?post=36655"},{"taxonomy":"product_cat","embeddable":true,"href":"https:\/\/www.sundaybrush.com\/fr\/wp-json\/wp\/v2\/product_cat?post=36655"},{"taxonomy":"product_tag","embeddable":true,"href":"https:\/\/www.sundaybrush.com\/fr\/wp-json\/wp\/v2\/product_tag?post=36655"}],"curies":[{"name":"wp","href":"https:\/\/api.w.org\/{rel}","templated":true}]}}