{"id":18328,"date":"2020-05-19T12:47:28","date_gmt":"2020-05-19T10:47:28","guid":{"rendered":"https:\/\/www.sundaybrush.com\/?page_id=18328"},"modified":"2022-11-28T03:34:10","modified_gmt":"2022-11-28T02:34:10","slug":"publicatie-hln-be","status":"publish","type":"page","link":"https:\/\/www.sundaybrush.com\/nl\/in-de-media\/publicatie-hln-be\/","title":{"rendered":"Publicatie HLN.be"},"content":{"rendered":"<section class=\"l-section wpb_row height_medium\"><div class=\"l-section-h i-cf\"><div class=\"g-cols vc_row type_default valign_top\"><div class=\"vc_col-sm-12 wpb_column vc_column_container\"><div class=\"vc_column-inner\"><div class=\"wpb_wrapper\"><div class=\"wpb_text_column us_custom_c1093b29\" ><div class=\"wpb_wrapper\"><h1 class=\"MainNieuwsheader\">Publicatie HLN.be<\/h1>\n<\/div><\/div><\/div><\/div><\/div><\/div><\/div><\/section><section class=\"l-section wpb_row height_medium\"><div class=\"l-section-h i-cf\"><div class=\"g-cols vc_row type_default valign_top\"><div class=\"vc_col-sm-4 wpb_column vc_column_container\"><div class=\"vc_column-inner\"><div class=\"wpb_wrapper\"><div class=\"w-image align_none\"><div class=\"w-image-h\"><img loading=\"lazy\" decoding=\"async\" width=\"724\" height=\"1024\" src=\"https:\/\/www.sundaybrush.com\/wp-content\/uploads\/2022\/03\/87.-NL-2020-juli-online-Cover-2-HLN.nl-Sunday-Brush-724x1024.jpg\" class=\"attachment-large size-large\" alt=\"BE 2020 juli online Cover 2 HLN.nl - Sunday Brush\" srcset=\"https:\/\/www.sundaybrush.com\/wp-content\/uploads\/2022\/03\/87.-NL-2020-juli-online-Cover-2-HLN.nl-Sunday-Brush-724x1024.jpg 724w, https:\/\/www.sundaybrush.com\/wp-content\/uploads\/2022\/03\/87.-NL-2020-juli-online-Cover-2-HLN.nl-Sunday-Brush-212x300.jpg 212w, https:\/\/www.sundaybrush.com\/wp-content\/uploads\/2022\/03\/87.-NL-2020-juli-online-Cover-2-HLN.nl-Sunday-Brush-550x778.jpg 550w, https:\/\/www.sundaybrush.com\/wp-content\/uploads\/2022\/03\/87.-NL-2020-juli-online-Cover-2-HLN.nl-Sunday-Brush.jpg 1414w\" sizes=\"auto, (max-width: 724px) 100vw, 724px\" \/><\/div><\/div><\/div><\/div><\/div><div class=\"vc_col-sm-4 wpb_column vc_column_container\"><div class=\"vc_column-inner us_custom_ed698d7d\"><div class=\"wpb_wrapper\"><div class=\"w-image align_none\"><div class=\"w-image-h\"><img loading=\"lazy\" decoding=\"async\" width=\"724\" height=\"1024\" src=\"https:\/\/www.sundaybrush.com\/wp-content\/uploads\/2022\/03\/87.-NL-2020-juli-online-Cover-1-HLN.nl-Sunday-Brush-724x1024.jpg\" class=\"attachment-large size-large\" alt=\"NL 2020 juli online Cover 1 HLN.nl - Sunday Brush\" srcset=\"https:\/\/www.sundaybrush.com\/wp-content\/uploads\/2022\/03\/87.-NL-2020-juli-online-Cover-1-HLN.nl-Sunday-Brush-724x1024.jpg 724w, https:\/\/www.sundaybrush.com\/wp-content\/uploads\/2022\/03\/87.-NL-2020-juli-online-Cover-1-HLN.nl-Sunday-Brush-212x300.jpg 212w, https:\/\/www.sundaybrush.com\/wp-content\/uploads\/2022\/03\/87.-NL-2020-juli-online-Cover-1-HLN.nl-Sunday-Brush-550x778.jpg 550w, https:\/\/www.sundaybrush.com\/wp-content\/uploads\/2022\/03\/87.-NL-2020-juli-online-Cover-1-HLN.nl-Sunday-Brush.jpg 1414w\" sizes=\"auto, (max-width: 724px) 100vw, 724px\" \/><\/div><\/div><\/div><\/div><\/div><div class=\"vc_col-sm-4 wpb_column vc_column_container\"><div class=\"vc_column-inner\"><div class=\"wpb_wrapper\"><div class=\"wpb_text_column\" ><div class=\"wpb_wrapper\"><h5>Publicatie HLN.BE<\/h5>\n<div class=\"page\" title=\"Page 1\">\n<div class=\"section\">\n<div class=\"layoutArea\">\n<div class=\"column\">\n<h2>Bezint eer ge zont: de beste zonnecr\u00e8mes voor een onbezorgde zomer<\/h2>\n<\/div>\n<\/div>\n<\/div>\n<\/div>\n<div class=\"page\" title=\"Page 1\">\n<div class=\"section\">\n<div class=\"layoutArea\">\n<div class=\"column\">\n<p>We hebben al genoeg aan ons hoofd, laat die keuzestress in de zoektocht naar een geschikte zonnecr\u00e8me niet nog een zorg extra zijn. In eigen tuin, in het park of \u2013 voor\u00a0the lucky ones\u00a0\u2013 aan de kust: met deze cr\u00e8me de la zonnecr\u00e8me verloopt het zomeren gegarandeerd gesmeerd.<br \/>\nMet de weersvooruitzichten van de komende dagen krijgen we massaal de zomer in de bol. En nu we stilaan weer uit ons kot mogen, nemen we dan ook maar best de nodige voorzorgen. In de weekendkrant van vandaag kan je lezen wat je \u00e9cht moet weten over zonnecr\u00e8me, en welke fabeltjes we voorgoed mogen vergeten. Maar w\u00e1t moet je nu eigenlijk smeren? Goed nieuws: de tijden van dikke zonnecr\u00e8mes met de substantie van plamuursel liggen ver achter ons. Met een arsenaal van lichte geltexturen, olies en melkachtige zonnecr\u00e8mes is er voor iedereen wat wils.<\/p>\n<\/div>\n<\/div>\n<\/div>\n<\/div>\n<\/div><\/div><\/div><\/div><\/div><\/div><\/div><\/section><section class=\"l-section wpb_row height_medium\"><div class=\"l-section-h i-cf\"><div class=\"g-cols vc_row type_default valign_top\"><div class=\"vc_col-sm-12 wpb_column vc_column_container\"><div class=\"vc_column-inner\"><div class=\"wpb_wrapper\"><div class=\"wpb_text_column\" ><div class=\"wpb_wrapper\"><h3>Heb je echt minder zonnecr\u00e8me nodig in Belgische zon?<\/h3>\n<h4>Dermatoloog ontrafelt feiten en fabels over zonbescherming<\/h4>\n<p>Het liefst voor huid en lichaam<br \/>\nIn een ideaal scenario kies je voor een minerale filter (bijvoorbeeld: titaniumoxide of zinkoxide). In tegenstelling tot chemische filters trekken ze ni\u00e9t in de huid waardoor er geen schadelijke stoffen in het lichaam terecht komen. Wat ze dan wel doen? Ze leggen een laagje \u00f3p de huid. Zo weerkaatsen ze het licht en vormen ze een fysieke barri\u00e8re tussen je lichaam en de zonnestralen.<\/p>\n<h3>Voor de make-up junkies<\/h3>\n<p>In een ideale wereld zou je zonnecr\u00e8me elke twee uur opnieuw moeten aanbrengen. Eerlijk? De persoon die deze regel heeft opgesteld, was ongetwijfeld een man. Want als je make-up draagt, is dat onbegonnen werk. Nu ja, w\u00e1s. De nieuwe lichting sprays en poeders breng je immers probleemloos over je foundation aan. <a href=\"https:\/\/www.hln.be\/nina\/fit-gezond\/bezint-eer-ge-zont-de-beste-zonnecremes-voor-een-onbezorgde-zomer~ad5d3367\/\" target=\"_blank\" rel=\"noopener noreferrer\">Lees het originele artikel<\/a><\/p>\n<p>Nr. 1. Sunday Brush, zonnepoeder SPF 50, 49,95 euro, bij <a href=\"https:\/\/www.sundaybrush.com\/product\/sunday-brush\/\">sundaybrush.com<\/a>.<\/p>\n<\/div><\/div><\/div><\/div><\/div><\/div><\/div><\/section>\n","protected":false},"excerpt":{"rendered":"Publicatie HLN.be Publicatie HLN.BE Bezint eer ge zont: de beste zonnecr\u00e8mes voor een onbezorgde zomer We hebben al genoeg aan ons hoofd, laat die keuzestress in de zoektocht naar een geschikte zonnecr\u00e8me niet nog een zorg extra zijn. In eigen tuin, in het park of \u2013 voor\u00a0the lucky ones\u00a0\u2013 aan de kust: met deze cr\u00e8me...","protected":false},"author":11,"featured_media":0,"parent":10351,"menu_order":0,"comment_status":"closed","ping_status":"closed","template":"","meta":{"_acf_changed":false,"footnotes":""},"class_list":["post-18328","page","type-page","status-publish","hentry"],"acf":[],"yoast_head":"<!-- This site is optimized with the Yoast SEO Premium plugin v27.3 (Yoast SEO v27.4) - https:\/\/yoast.com\/product\/yoast-seo-premium-wordpress\/ -->\n<title>Publicatie HLN.be | Sunday Brush<\/title>\n<meta name=\"description\" content=\"Publicatie HLN.be: De nieuwe lichting zonnepoeders breng je immers probleemloos over je foundation aan; Sunday Brush zonnepoeder SPF 50.\" \/>\n<meta name=\"robots\" content=\"index, follow, max-snippet:-1, max-image-preview:large, max-video-preview:-1\" \/>\n<link rel=\"canonical\" href=\"https:\/\/www.sundaybrush.com\/nl\/in-de-media\/publicatie-hln-be\/\" \/>\n<meta property=\"og:locale\" content=\"nl_NL\" \/>\n<meta property=\"og:type\" content=\"article\" \/>\n<meta property=\"og:title\" content=\"Publicatie HLN.be\" \/>\n<meta property=\"og:description\" content=\"Publicatie HLN.be: De nieuwe lichting zonnepoeders breng je immers probleemloos over je foundation aan; Sunday Brush zonnepoeder SPF 50.\" \/>\n<meta property=\"og:url\" content=\"https:\/\/www.sundaybrush.com\/nl\/in-de-media\/publicatie-hln-be\/\" \/>\n<meta property=\"og:site_name\" content=\"Sunday Brush\" \/>\n<meta property=\"article:modified_time\" content=\"2022-11-28T02:34:10+00:00\" \/>\n<meta property=\"og:image\" content=\"https:\/\/www.sundaybrush.com\/wp-content\/uploads\/2025\/06\/Sunday-Brush-European-Natural-Beauty-Award.png\" \/>\n\t<meta property=\"og:image:width\" content=\"1024\" \/>\n\t<meta property=\"og:image:height\" content=\"1024\" \/>\n\t<meta property=\"og:image:type\" content=\"image\/png\" \/>\n<meta name=\"twitter:card\" content=\"summary_large_image\" \/>\n<meta name=\"twitter:label1\" content=\"Geschatte leestijd\" \/>\n\t<meta name=\"twitter:data1\" content=\"2 minuten\" \/>\n<script type=\"application\/ld+json\" class=\"yoast-schema-graph\">{\"@context\":\"https:\\\/\\\/schema.org\",\"@graph\":[{\"@type\":\"WebPage\",\"@id\":\"https:\\\/\\\/www.sundaybrush.com\\\/nl\\\/in-de-media\\\/publicatie-hln-be\\\/\",\"url\":\"https:\\\/\\\/www.sundaybrush.com\\\/nl\\\/in-de-media\\\/publicatie-hln-be\\\/\",\"name\":\"Publicatie HLN.be | Sunday Brush\",\"isPartOf\":{\"@id\":\"https:\\\/\\\/www.sundaybrush.com\\\/nl\\\/#website\"},\"datePublished\":\"2020-05-19T10:47:28+00:00\",\"dateModified\":\"2022-11-28T02:34:10+00:00\",\"description\":\"Publicatie HLN.be: De nieuwe lichting zonnepoeders breng je immers probleemloos over je foundation aan; Sunday Brush zonnepoeder SPF 50.\",\"breadcrumb\":{\"@id\":\"https:\\\/\\\/www.sundaybrush.com\\\/nl\\\/in-de-media\\\/publicatie-hln-be\\\/#breadcrumb\"},\"inLanguage\":\"nl-NL\",\"potentialAction\":[{\"@type\":\"ReadAction\",\"target\":[\"https:\\\/\\\/www.sundaybrush.com\\\/nl\\\/in-de-media\\\/publicatie-hln-be\\\/\"]}]},{\"@type\":\"BreadcrumbList\",\"@id\":\"https:\\\/\\\/www.sundaybrush.com\\\/nl\\\/in-de-media\\\/publicatie-hln-be\\\/#breadcrumb\",\"itemListElement\":[{\"@type\":\"ListItem\",\"position\":1,\"name\":\"Home\",\"item\":\"https:\\\/\\\/www.sundaybrush.com\\\/nl\\\/\"},{\"@type\":\"ListItem\",\"position\":2,\"name\":\"In de media\",\"item\":\"https:\\\/\\\/www.sundaybrush.com\\\/nl\\\/in-de-media\\\/\"},{\"@type\":\"ListItem\",\"position\":3,\"name\":\"Publicatie HLN.be\"}]},{\"@type\":\"WebSite\",\"@id\":\"https:\\\/\\\/www.sundaybrush.com\\\/nl\\\/#website\",\"url\":\"https:\\\/\\\/www.sundaybrush.com\\\/nl\\\/\",\"name\":\"Sunday Brush\",\"description\":\"Jouw dagelijkse UV bescherming\",\"publisher\":{\"@id\":\"https:\\\/\\\/www.sundaybrush.com\\\/nl\\\/#organization\"},\"potentialAction\":[{\"@type\":\"SearchAction\",\"target\":{\"@type\":\"EntryPoint\",\"urlTemplate\":\"https:\\\/\\\/www.sundaybrush.com\\\/nl\\\/?s={search_term_string}\"},\"query-input\":{\"@type\":\"PropertyValueSpecification\",\"valueRequired\":true,\"valueName\":\"search_term_string\"}}],\"inLanguage\":\"nl-NL\"},{\"@type\":\"Organization\",\"@id\":\"https:\\\/\\\/www.sundaybrush.com\\\/nl\\\/#organization\",\"name\":\"Sunday Brush\",\"alternateName\":\"Sundaybrush\",\"url\":\"https:\\\/\\\/www.sundaybrush.com\\\/nl\\\/\",\"logo\":{\"@type\":\"ImageObject\",\"inLanguage\":\"nl-NL\",\"@id\":\"https:\\\/\\\/www.sundaybrush.com\\\/nl\\\/#\\\/schema\\\/logo\\\/image\\\/\",\"url\":\"https:\\\/\\\/www.sundaybrush.com\\\/wp-content\\\/uploads\\\/2021\\\/02\\\/Logo-Sunday-Brush-transparant.png\",\"contentUrl\":\"https:\\\/\\\/www.sundaybrush.com\\\/wp-content\\\/uploads\\\/2021\\\/02\\\/Logo-Sunday-Brush-transparant.png\",\"width\":1709,\"height\":227,\"caption\":\"Sunday Brush\"},\"image\":{\"@id\":\"https:\\\/\\\/www.sundaybrush.com\\\/nl\\\/#\\\/schema\\\/logo\\\/image\\\/\"},\"sameAs\":[\"https:\\\/\\\/www.instagram.com\\\/sundaybrush\\\/\",\"https:\\\/\\\/www.linkedin.com\\\/company\\\/sunday-brush\",\"https:\\\/\\\/www.youtube.com\\\/channel\\\/UCidSRkO6tDIgl3SU60b9coQ\"],\"description\":\"Sunday Brush is a registered trademark of Nxt Cosmetics BV.\",\"email\":\"info@sundaybrush.com\",\"telephone\":\"003185-0043121\",\"legalName\":\"Nxt Cosmetics BV\",\"numberOfEmployees\":{\"@type\":\"QuantitativeValue\",\"minValue\":\"1\",\"maxValue\":\"10\"}}]}<\/script>\n<!-- \/ Yoast SEO Premium plugin. -->","yoast_head_json":{"title":"Publicatie HLN.be | Sunday Brush","description":"Publicatie HLN.be: De nieuwe lichting zonnepoeders breng je immers probleemloos over je foundation aan; Sunday Brush zonnepoeder SPF 50.","robots":{"index":"index","follow":"follow","max-snippet":"max-snippet:-1","max-image-preview":"max-image-preview:large","max-video-preview":"max-video-preview:-1"},"canonical":"https:\/\/www.sundaybrush.com\/nl\/in-de-media\/publicatie-hln-be\/","og_locale":"nl_NL","og_type":"article","og_title":"Publicatie HLN.be","og_description":"Publicatie HLN.be: De nieuwe lichting zonnepoeders breng je immers probleemloos over je foundation aan; Sunday Brush zonnepoeder SPF 50.","og_url":"https:\/\/www.sundaybrush.com\/nl\/in-de-media\/publicatie-hln-be\/","og_site_name":"Sunday Brush","article_modified_time":"2022-11-28T02:34:10+00:00","og_image":[{"width":1024,"height":1024,"url":"https:\/\/www.sundaybrush.com\/wp-content\/uploads\/2025\/06\/Sunday-Brush-European-Natural-Beauty-Award.png","type":"image\/png"}],"twitter_card":"summary_large_image","twitter_misc":{"Geschatte leestijd":"2 minuten"},"schema":{"@context":"https:\/\/schema.org","@graph":[{"@type":"WebPage","@id":"https:\/\/www.sundaybrush.com\/nl\/in-de-media\/publicatie-hln-be\/","url":"https:\/\/www.sundaybrush.com\/nl\/in-de-media\/publicatie-hln-be\/","name":"Publicatie HLN.be | Sunday Brush","isPartOf":{"@id":"https:\/\/www.sundaybrush.com\/nl\/#website"},"datePublished":"2020-05-19T10:47:28+00:00","dateModified":"2022-11-28T02:34:10+00:00","description":"Publicatie HLN.be: De nieuwe lichting zonnepoeders breng je immers probleemloos over je foundation aan; Sunday Brush zonnepoeder SPF 50.","breadcrumb":{"@id":"https:\/\/www.sundaybrush.com\/nl\/in-de-media\/publicatie-hln-be\/#breadcrumb"},"inLanguage":"nl-NL","potentialAction":[{"@type":"ReadAction","target":["https:\/\/www.sundaybrush.com\/nl\/in-de-media\/publicatie-hln-be\/"]}]},{"@type":"BreadcrumbList","@id":"https:\/\/www.sundaybrush.com\/nl\/in-de-media\/publicatie-hln-be\/#breadcrumb","itemListElement":[{"@type":"ListItem","position":1,"name":"Home","item":"https:\/\/www.sundaybrush.com\/nl\/"},{"@type":"ListItem","position":2,"name":"In de media","item":"https:\/\/www.sundaybrush.com\/nl\/in-de-media\/"},{"@type":"ListItem","position":3,"name":"Publicatie HLN.be"}]},{"@type":"WebSite","@id":"https:\/\/www.sundaybrush.com\/nl\/#website","url":"https:\/\/www.sundaybrush.com\/nl\/","name":"Sunday Brush","description":"Jouw dagelijkse UV bescherming","publisher":{"@id":"https:\/\/www.sundaybrush.com\/nl\/#organization"},"potentialAction":[{"@type":"SearchAction","target":{"@type":"EntryPoint","urlTemplate":"https:\/\/www.sundaybrush.com\/nl\/?s={search_term_string}"},"query-input":{"@type":"PropertyValueSpecification","valueRequired":true,"valueName":"search_term_string"}}],"inLanguage":"nl-NL"},{"@type":"Organization","@id":"https:\/\/www.sundaybrush.com\/nl\/#organization","name":"Sunday Brush","alternateName":"Sundaybrush","url":"https:\/\/www.sundaybrush.com\/nl\/","logo":{"@type":"ImageObject","inLanguage":"nl-NL","@id":"https:\/\/www.sundaybrush.com\/nl\/#\/schema\/logo\/image\/","url":"https:\/\/www.sundaybrush.com\/wp-content\/uploads\/2021\/02\/Logo-Sunday-Brush-transparant.png","contentUrl":"https:\/\/www.sundaybrush.com\/wp-content\/uploads\/2021\/02\/Logo-Sunday-Brush-transparant.png","width":1709,"height":227,"caption":"Sunday Brush"},"image":{"@id":"https:\/\/www.sundaybrush.com\/nl\/#\/schema\/logo\/image\/"},"sameAs":["https:\/\/www.instagram.com\/sundaybrush\/","https:\/\/www.linkedin.com\/company\/sunday-brush","https:\/\/www.youtube.com\/channel\/UCidSRkO6tDIgl3SU60b9coQ"],"description":"Sunday Brush is a registered trademark of Nxt Cosmetics BV.","email":"info@sundaybrush.com","telephone":"003185-0043121","legalName":"Nxt Cosmetics BV","numberOfEmployees":{"@type":"QuantitativeValue","minValue":"1","maxValue":"10"}}]}},"_links":{"self":[{"href":"https:\/\/www.sundaybrush.com\/nl\/wp-json\/wp\/v2\/pages\/18328","targetHints":{"allow":["GET"]}}],"collection":[{"href":"https:\/\/www.sundaybrush.com\/nl\/wp-json\/wp\/v2\/pages"}],"about":[{"href":"https:\/\/www.sundaybrush.com\/nl\/wp-json\/wp\/v2\/types\/page"}],"author":[{"embeddable":true,"href":"https:\/\/www.sundaybrush.com\/nl\/wp-json\/wp\/v2\/users\/11"}],"replies":[{"embeddable":true,"href":"https:\/\/www.sundaybrush.com\/nl\/wp-json\/wp\/v2\/comments?post=18328"}],"version-history":[{"count":1,"href":"https:\/\/www.sundaybrush.com\/nl\/wp-json\/wp\/v2\/pages\/18328\/revisions"}],"predecessor-version":[{"id":34103,"href":"https:\/\/www.sundaybrush.com\/nl\/wp-json\/wp\/v2\/pages\/18328\/revisions\/34103"}],"up":[{"embeddable":true,"href":"https:\/\/www.sundaybrush.com\/nl\/wp-json\/wp\/v2\/pages\/10351"}],"wp:attachment":[{"href":"https:\/\/www.sundaybrush.com\/nl\/wp-json\/wp\/v2\/media?parent=18328"}],"curies":[{"name":"wp","href":"https:\/\/api.w.org\/{rel}","templated":true}]}}