{"id":19723,"date":"2020-07-30T21:52:07","date_gmt":"2020-07-30T19:52:07","guid":{"rendered":"https:\/\/www.sundaybrush.com\/?page_id=19723"},"modified":"2022-07-18T18:35:04","modified_gmt":"2022-07-18T16:35:04","slug":"online-publicatie-elle-be-getest-goedgekeurd","status":"publish","type":"page","link":"https:\/\/www.sundaybrush.com\/nl\/in-de-media\/online-publicatie-elle-be-getest-goedgekeurd\/","title":{"rendered":"Online publicatie Elle.be: Getest &#038; goedgekeurd"},"content":{"rendered":"<section class=\"l-section wpb_row height_medium\"><div class=\"l-section-h i-cf\"><div class=\"g-cols vc_row type_default valign_top\"><div class=\"vc_col-sm-12 wpb_column vc_column_container\"><div class=\"vc_column-inner\"><div class=\"wpb_wrapper\"><div class=\"wpb_text_column us_custom_3097bd2f\" ><div class=\"wpb_wrapper\"><h2 class=\"MainNieuwsheader\">Online publicatie Elle.be<\/h2>\n<h3>Getest &amp; goedgekeurd<\/h3>\n<\/div><\/div><\/div><\/div><\/div><\/div><\/div><\/section><section class=\"l-section wpb_row height_medium\"><div class=\"l-section-h i-cf\"><div class=\"g-cols vc_row type_default valign_top\"><div class=\"vc_col-sm-4 wpb_column vc_column_container\"><div class=\"vc_column-inner\"><div class=\"wpb_wrapper\"><div class=\"w-image align_none\"><div class=\"w-image-h\"><img loading=\"lazy\" decoding=\"async\" width=\"724\" height=\"1024\" src=\"https:\/\/www.sundaybrush.com\/wp-content\/uploads\/2022\/03\/86.-NL-2020-juni-online-Cover-Elle-Sunday-Brush-724x1024.jpg\" class=\"attachment-large size-large\" alt=\"NL 2020 juni online Cover Elle - Sunday Brush\" srcset=\"https:\/\/www.sundaybrush.com\/wp-content\/uploads\/2022\/03\/86.-NL-2020-juni-online-Cover-Elle-Sunday-Brush-724x1024.jpg 724w, https:\/\/www.sundaybrush.com\/wp-content\/uploads\/2022\/03\/86.-NL-2020-juni-online-Cover-Elle-Sunday-Brush-212x300.jpg 212w, https:\/\/www.sundaybrush.com\/wp-content\/uploads\/2022\/03\/86.-NL-2020-juni-online-Cover-Elle-Sunday-Brush-550x778.jpg 550w, https:\/\/www.sundaybrush.com\/wp-content\/uploads\/2022\/03\/86.-NL-2020-juni-online-Cover-Elle-Sunday-Brush.jpg 1414w\" sizes=\"auto, (max-width: 724px) 100vw, 724px\" \/><\/div><\/div><div class=\"w-image align_none\"><div class=\"w-image-h\"><img loading=\"lazy\" decoding=\"async\" width=\"724\" height=\"1024\" src=\"https:\/\/www.sundaybrush.com\/wp-content\/uploads\/2022\/03\/86.-NL-2020-juni-online-Pub-3-Elle-Sunday-Brush-724x1024.jpg\" class=\"attachment-large size-large\" alt=\"NL 2020 juni online Pub 3 Elle - Sunday Brush\" srcset=\"https:\/\/www.sundaybrush.com\/wp-content\/uploads\/2022\/03\/86.-NL-2020-juni-online-Pub-3-Elle-Sunday-Brush-724x1024.jpg 724w, https:\/\/www.sundaybrush.com\/wp-content\/uploads\/2022\/03\/86.-NL-2020-juni-online-Pub-3-Elle-Sunday-Brush-212x300.jpg 212w, https:\/\/www.sundaybrush.com\/wp-content\/uploads\/2022\/03\/86.-NL-2020-juni-online-Pub-3-Elle-Sunday-Brush-550x778.jpg 550w, https:\/\/www.sundaybrush.com\/wp-content\/uploads\/2022\/03\/86.-NL-2020-juni-online-Pub-3-Elle-Sunday-Brush.jpg 1414w\" sizes=\"auto, (max-width: 724px) 100vw, 724px\" \/><\/div><\/div><div class=\"w-image align_none\"><div class=\"w-image-h\"><img loading=\"lazy\" decoding=\"async\" width=\"724\" height=\"1024\" src=\"https:\/\/www.sundaybrush.com\/wp-content\/uploads\/2020\/07\/Website-Magazines-Cover-Elle-Belgie\u0308-Sunday-Brush-5.png\" class=\"attachment-large size-large\" alt=\"Elle.be getest en goedgekeurd Sunday Brush 5\" srcset=\"https:\/\/www.sundaybrush.com\/wp-content\/uploads\/2020\/07\/Website-Magazines-Cover-Elle-Belgie\u0308-Sunday-Brush-5.png 1414w, https:\/\/www.sundaybrush.com\/wp-content\/uploads\/2020\/07\/Website-Magazines-Cover-Elle-Belgie\u0308-Sunday-Brush-5-550x778.png 550w\" sizes=\"auto, (max-width: 724px) 100vw, 724px\" \/><\/div><\/div><\/div><\/div><\/div><div class=\"vc_col-sm-4 wpb_column vc_column_container\"><div class=\"vc_column-inner us_custom_ed698d7d\"><div class=\"wpb_wrapper\"><div class=\"w-image align_none\"><div class=\"w-image-h\"><img loading=\"lazy\" decoding=\"async\" width=\"724\" height=\"1024\" src=\"https:\/\/www.sundaybrush.com\/wp-content\/uploads\/2022\/03\/86.-NL-2020-juni-online-Pub-2-Elle-Sunday-Brush-724x1024.jpg\" class=\"attachment-large size-large\" alt=\"NL 2020 juni online Pub 2 Elle - Sunday Brush\" srcset=\"https:\/\/www.sundaybrush.com\/wp-content\/uploads\/2022\/03\/86.-NL-2020-juni-online-Pub-2-Elle-Sunday-Brush-724x1024.jpg 724w, https:\/\/www.sundaybrush.com\/wp-content\/uploads\/2022\/03\/86.-NL-2020-juni-online-Pub-2-Elle-Sunday-Brush-212x300.jpg 212w, https:\/\/www.sundaybrush.com\/wp-content\/uploads\/2022\/03\/86.-NL-2020-juni-online-Pub-2-Elle-Sunday-Brush-550x778.jpg 550w, https:\/\/www.sundaybrush.com\/wp-content\/uploads\/2022\/03\/86.-NL-2020-juni-online-Pub-2-Elle-Sunday-Brush.jpg 1414w\" sizes=\"auto, (max-width: 724px) 100vw, 724px\" \/><\/div><\/div><div class=\"w-image align_none\"><div class=\"w-image-h\"><img loading=\"lazy\" decoding=\"async\" width=\"724\" height=\"1024\" src=\"https:\/\/www.sundaybrush.com\/wp-content\/uploads\/2022\/03\/86.-NL-2020-juni-online-Pub-4-Elle-Sunday-Brush-724x1024.jpg\" class=\"attachment-large size-large\" alt=\"NL 2020 juni online Pub 4 Elle - Sunday Brush\" srcset=\"https:\/\/www.sundaybrush.com\/wp-content\/uploads\/2022\/03\/86.-NL-2020-juni-online-Pub-4-Elle-Sunday-Brush-724x1024.jpg 724w, https:\/\/www.sundaybrush.com\/wp-content\/uploads\/2022\/03\/86.-NL-2020-juni-online-Pub-4-Elle-Sunday-Brush-212x300.jpg 212w, https:\/\/www.sundaybrush.com\/wp-content\/uploads\/2022\/03\/86.-NL-2020-juni-online-Pub-4-Elle-Sunday-Brush-550x778.jpg 550w, https:\/\/www.sundaybrush.com\/wp-content\/uploads\/2022\/03\/86.-NL-2020-juni-online-Pub-4-Elle-Sunday-Brush.jpg 1414w\" sizes=\"auto, (max-width: 724px) 100vw, 724px\" \/><\/div><\/div><\/div><\/div><\/div><div class=\"vc_col-sm-4 wpb_column vc_column_container\"><div class=\"vc_column-inner\"><div class=\"wpb_wrapper\"><div class=\"wpb_text_column\" ><div class=\"wpb_wrapper\"><h4>Online publicatie Elle.be<\/h4>\n<div class=\"page\" title=\"Page 1\">\n<div class=\"section\">\n<div class=\"layoutArea\">\n<div class=\"column\">\n<h2 class=\"article__title\">GETEST &amp; GOEDGEKEURD: ONZICHTBARE, VEDERLICHTE ZONNEBESCHERMING<\/h2>\n<\/div>\n<\/div>\n<\/div>\n<\/div>\n<div class=\"page\" title=\"Page 1\">\n<div class=\"section\">\n<div class=\"layoutArea\">\n<div class=\"column\">\n<p>We kunnen het niet vaak genoeg herhalen: een goede bescherming tegen de negatieve effecten van UV-stralen afkomstig van de zon is key. Ook wanneer je in \u2013 het niet altijd even zonnige &#8211; Belgi\u00eb woont, een stadsmens bent of je enkel je lunchpauze in het zonnetje doorbrengt. Daarom gingen wij op zoek naar de ideale zonnebescherming. En die vonden we ook: met SPF 50, 100% natuurlijke ingredi\u00ebnten, die gemakkelijk aan te brengen is zonder spiegel, geen witte sporen achterlaat op de huid, niet kleeft, zorgt voor een matte teint \u00e9n geschikt is voor de hele familie.<\/p>\n<p>Om een zonnesteek en alle (zware) gevolgen van dien te vermijden, is een verantwoordelijke houding tegenover UV-stralen essentieel En laten we eerlijk zijn: daar blinken wij Belgen niet altijd in uit. Zo geeft slecht\u00a06% van de bevolking\u00a0aan dat ze zich voldoende beschermt tegen de zon. En dat terwijl het bewezen is dat UV-stralen de boosdoener zijn voor maar liefst\u00a080% van de zichtbare huidveroudering. Vergeet niet dat de super krachtige stralen van de zon je huid ook kunnen beschadigen wanneer het bewolkt is, of wanneer je in de schaduw schuilt. Idealiter ga je het huis dus niet uit zonder eerst een laag zonneproduct \u00f3f make-up met SPF te smeren.<\/p>\n<p>Cr\u00e8me, olie, melk, water,\u2026 er bestaan honderd-en-\u00e9\u00e9n verschillende texturen van zonnebescherming op de markt. Nochtans staan heel wat mensen niet te popelen om zonnebescherming te smeren uit angst dat deze hun huid doet blinken, kleeft of sporen achterlaat op het gezicht of de kleren.<\/p>\n<h2>De oplossing?<\/h2>\n<p>De oplossing? Die hebben wij voor je ontdekt. We testten een\u00a0mineraal zonnebeschermingspoeder met een hoge UV beschermingsfactor, dat onzichtbaar is\u00a0voor het blote oog,\u00a0geen sporen\u00a0nalaat op de huid en\u00a0een matte teint\u00a0garandeert. H\u00e9t nieuwe geheime wapen tegen een zonneslag heet\u00a0Sunday Brush\u00a0en is niet groter dan een make-up borstel.<\/p>\n<h2>De ideale zonnebescherming<\/h2>\n<p>Wij testten Sunday Brush gedurende \u00e9\u00e9n maand lang. Het verdict? We kunnen niet meer zonder en hebben hem nu altijd bij de hand, veilig opgeborgen in onze handtas, of we nu aan het strand of in \u2019t stad van de zon genieten. Zijn gebruiksvriendelijkheid heeft ervoor gezorgd dat we het product veel vaker aanbrachten dan we gewoonlijk met zonnebescherming doen. Misschien wel het grootste pluspunt van de Sunday Brush, want experts zijn het erover eens: wanneer de huid beschadigd wordt door de zon, ligt dat doorgaans niet aan de kwaliteit van de zonneproducten, maar w\u00e9l aan gebrekkig smeren.<\/p>\n<\/div>\n<\/div>\n<\/div>\n<\/div>\n<\/div><\/div><\/div><\/div><\/div><\/div><\/div><\/section><section class=\"l-section wpb_row height_medium\"><div class=\"l-section-h i-cf\"><div class=\"g-cols vc_row type_default valign_top\"><div class=\"vc_col-sm-12 wpb_column vc_column_container\"><div class=\"vc_column-inner\"><div class=\"wpb_wrapper\"><div class=\"wpb_text_column\" ><div class=\"wpb_wrapper\"><div class=\"column\">\n<h2>De voordelen van Sunday Brush:<\/h2>\n<p>Het borstel-formaat,\u00a0kleiner\u00a0dan je hand, is\u00a0super licht. Je neemt de Sunday Brush dus probleemloos mee in je reiskoffer, je hand-of toilettas of simpelweg je jaszak.<br \/>\nDaarbij is hij enorm\u00a0gemakkelijk in gebruik: even stevig schudden met de borstel zodat het poeder tot aan de borstelharen zakt om het product vervolgens egaal aan te brengen op je\u00a0gelaat, hals, decollet\u00e9 of schouders\u00a0in cirkelvormige bewegingen. Persoonlijk brengen we hem ook graag aan op de\u00a0rug van onze handen, een zeer fragiele zone met dunne huid, die fel wordt blootgesteld zowel in de zomer als in de winter. Je herhaalt deze handeling\u00a0elke twee uur.<br \/>\nGedaan met plakkerige handen na het aanbrengen.<\/p>\n<p>Het mineraal poeder bestaat voor\u00a0100% uit natuurlijke ingredi\u00ebnten. De minerale zonnefilters vormen een soort schild rond de huid, dat zich gedraagt als een spiegel die de reflectie van Uv verzekert. Minerale bescherming betekent bovendien minder risico op allergie\u00ebn (het product is dus ook geschikt voor de meest gevoelige huid), \u00e9n een beperkte impact op de ecosystemen.<br \/>\nGeschikt voor de hele familie. Eenmaal je het poeder hebt aangebracht, wordt het onzichtbaar voor het blote oog. En dat bekoort ook mannen en kinderen. De Sunday Brush is beschikbaar in 3 tinten (neutraal, gemiddeld en gebruind).<br \/>\nHij heeft een hoge UV beschermingsfactor van\u00a0SPF 50\u00a0en beschermt enerzijds tegen\u00a0UVB, verantwoordelijk voor brandwonden als gevolg van een te lange blootstelling aan de zon. Anderzijds beschermt hij tegen UVA, n\u00f3g schadelijker en \u00e9\u00e9n van de veroorzakers van vroegtijdige huidveroudering. Goed om te weten: natuurlijk zonlicht bestaat voor 95% uit UVA en voor 5% uit UVB.<br \/>\nHet poeder kan je aanbrengen op een naakte, voorheen gereinigde huid of over je foundation heen als finishing touch voor een matte teint, van \u2019s ochtends vroeg tot \u2019s avonds laat.<\/p>\n<h3><a href=\"https:\/\/www.sundaybrush.com\/product\/sunday-brush\/\" target=\"_blank\" rel=\"noopener noreferrer\"><span style=\"text-decoration: underline;\"><strong>Wil je dit product graag testen?<\/strong><\/span><\/a><\/h3>\n<p>Kortom: Sunday Brush is een doeltreffende, moderne en doordachte zonnebescherming. Ideaal voor dagdagelijks gebruik. Een echte must have!<\/p>\n<\/div>\n<h4>Zie gehele publicatie van elle.be: Getest &amp; goedgekeurd op <a href=\"https:\/\/www.elle.be\/nl\/302103-getest-goedgekeurd-onzichtbare-vederlichte-zonnebescherming.html\" target=\"_blank\" rel=\"noopener noreferrer\">elle.be<\/a><\/h4>\n<\/div><\/div><\/div><\/div><\/div><\/div><\/div><\/section>\n","protected":false},"excerpt":{"rendered":"Online publicatie Elle.be Getest &amp; goedgekeurd Online publicatie Elle.be GETEST &amp; GOEDGEKEURD: ONZICHTBARE, VEDERLICHTE ZONNEBESCHERMING We kunnen het niet vaak genoeg herhalen: een goede bescherming tegen de negatieve effecten van UV-stralen afkomstig van de zon is key. Ook wanneer je in \u2013 het niet altijd even zonnige &#8211; Belgi\u00eb woont, een stadsmens bent of je...","protected":false},"author":11,"featured_media":0,"parent":10351,"menu_order":0,"comment_status":"closed","ping_status":"closed","template":"","meta":{"_acf_changed":false,"footnotes":""},"class_list":["post-19723","page","type-page","status-publish","hentry"],"acf":[],"yoast_head":"<!-- This site is optimized with the Yoast SEO Premium plugin v27.3 (Yoast SEO v27.4) - https:\/\/yoast.com\/product\/yoast-seo-premium-wordpress\/ -->\n<title>Online publicatie Elle.be: Getest &amp; goedgekeurd | Sunday Brush<\/title>\n<meta name=\"description\" content=\"Elle.be - Getest &amp; Goedgekeurd door Elle Belgi\u00eb: onzichtbare, vederlichte zonnebescheming. Sunday Brush is een goede zonnebescherming.\" \/>\n<meta name=\"robots\" content=\"index, follow, max-snippet:-1, max-image-preview:large, max-video-preview:-1\" \/>\n<link rel=\"canonical\" href=\"https:\/\/www.sundaybrush.com\/nl\/in-de-media\/online-publicatie-elle-be-getest-goedgekeurd\/\" \/>\n<meta property=\"og:locale\" content=\"nl_NL\" \/>\n<meta property=\"og:type\" content=\"article\" \/>\n<meta property=\"og:title\" content=\"Online publicatie Elle.be: Getest &amp; goedgekeurd\" \/>\n<meta property=\"og:description\" content=\"Elle.be - Getest &amp; Goedgekeurd door Elle Belgi\u00eb: onzichtbare, vederlichte zonnebescheming. Sunday Brush is een goede zonnebescherming.\" \/>\n<meta property=\"og:url\" content=\"https:\/\/www.sundaybrush.com\/nl\/in-de-media\/online-publicatie-elle-be-getest-goedgekeurd\/\" \/>\n<meta property=\"og:site_name\" content=\"Sunday Brush\" \/>\n<meta property=\"article:modified_time\" content=\"2022-07-18T16:35:04+00:00\" \/>\n<meta property=\"og:image\" content=\"https:\/\/www.sundaybrush.com\/wp-content\/uploads\/2025\/06\/Sunday-Brush-European-Natural-Beauty-Award.png\" \/>\n\t<meta property=\"og:image:width\" content=\"1024\" \/>\n\t<meta property=\"og:image:height\" content=\"1024\" \/>\n\t<meta property=\"og:image:type\" content=\"image\/png\" \/>\n<meta name=\"twitter:card\" content=\"summary_large_image\" \/>\n<meta name=\"twitter:label1\" content=\"Geschatte leestijd\" \/>\n\t<meta name=\"twitter:data1\" content=\"4 minuten\" \/>\n<script type=\"application\/ld+json\" class=\"yoast-schema-graph\">{\"@context\":\"https:\\\/\\\/schema.org\",\"@graph\":[{\"@type\":\"WebPage\",\"@id\":\"https:\\\/\\\/www.sundaybrush.com\\\/nl\\\/in-de-media\\\/online-publicatie-elle-be-getest-goedgekeurd\\\/\",\"url\":\"https:\\\/\\\/www.sundaybrush.com\\\/nl\\\/in-de-media\\\/online-publicatie-elle-be-getest-goedgekeurd\\\/\",\"name\":\"Online publicatie Elle.be: Getest & goedgekeurd | Sunday Brush\",\"isPartOf\":{\"@id\":\"https:\\\/\\\/www.sundaybrush.com\\\/nl\\\/#website\"},\"datePublished\":\"2020-07-30T19:52:07+00:00\",\"dateModified\":\"2022-07-18T16:35:04+00:00\",\"description\":\"Elle.be - Getest & Goedgekeurd door Elle Belgi\u00eb: onzichtbare, vederlichte zonnebescheming. Sunday Brush is een goede zonnebescherming.\",\"breadcrumb\":{\"@id\":\"https:\\\/\\\/www.sundaybrush.com\\\/nl\\\/in-de-media\\\/online-publicatie-elle-be-getest-goedgekeurd\\\/#breadcrumb\"},\"inLanguage\":\"nl-NL\",\"potentialAction\":[{\"@type\":\"ReadAction\",\"target\":[\"https:\\\/\\\/www.sundaybrush.com\\\/nl\\\/in-de-media\\\/online-publicatie-elle-be-getest-goedgekeurd\\\/\"]}]},{\"@type\":\"BreadcrumbList\",\"@id\":\"https:\\\/\\\/www.sundaybrush.com\\\/nl\\\/in-de-media\\\/online-publicatie-elle-be-getest-goedgekeurd\\\/#breadcrumb\",\"itemListElement\":[{\"@type\":\"ListItem\",\"position\":1,\"name\":\"Home\",\"item\":\"https:\\\/\\\/www.sundaybrush.com\\\/nl\\\/\"},{\"@type\":\"ListItem\",\"position\":2,\"name\":\"In de media\",\"item\":\"https:\\\/\\\/www.sundaybrush.com\\\/nl\\\/in-de-media\\\/\"},{\"@type\":\"ListItem\",\"position\":3,\"name\":\"Online publicatie Elle.be: Getest &#038; goedgekeurd\"}]},{\"@type\":\"WebSite\",\"@id\":\"https:\\\/\\\/www.sundaybrush.com\\\/nl\\\/#website\",\"url\":\"https:\\\/\\\/www.sundaybrush.com\\\/nl\\\/\",\"name\":\"Sunday Brush\",\"description\":\"Jouw dagelijkse UV bescherming\",\"publisher\":{\"@id\":\"https:\\\/\\\/www.sundaybrush.com\\\/nl\\\/#organization\"},\"potentialAction\":[{\"@type\":\"SearchAction\",\"target\":{\"@type\":\"EntryPoint\",\"urlTemplate\":\"https:\\\/\\\/www.sundaybrush.com\\\/nl\\\/?s={search_term_string}\"},\"query-input\":{\"@type\":\"PropertyValueSpecification\",\"valueRequired\":true,\"valueName\":\"search_term_string\"}}],\"inLanguage\":\"nl-NL\"},{\"@type\":\"Organization\",\"@id\":\"https:\\\/\\\/www.sundaybrush.com\\\/nl\\\/#organization\",\"name\":\"Sunday Brush\",\"alternateName\":\"Sundaybrush\",\"url\":\"https:\\\/\\\/www.sundaybrush.com\\\/nl\\\/\",\"logo\":{\"@type\":\"ImageObject\",\"inLanguage\":\"nl-NL\",\"@id\":\"https:\\\/\\\/www.sundaybrush.com\\\/nl\\\/#\\\/schema\\\/logo\\\/image\\\/\",\"url\":\"https:\\\/\\\/www.sundaybrush.com\\\/wp-content\\\/uploads\\\/2021\\\/02\\\/Logo-Sunday-Brush-transparant.png\",\"contentUrl\":\"https:\\\/\\\/www.sundaybrush.com\\\/wp-content\\\/uploads\\\/2021\\\/02\\\/Logo-Sunday-Brush-transparant.png\",\"width\":1709,\"height\":227,\"caption\":\"Sunday Brush\"},\"image\":{\"@id\":\"https:\\\/\\\/www.sundaybrush.com\\\/nl\\\/#\\\/schema\\\/logo\\\/image\\\/\"},\"sameAs\":[\"https:\\\/\\\/www.instagram.com\\\/sundaybrush\\\/\",\"https:\\\/\\\/www.linkedin.com\\\/company\\\/sunday-brush\",\"https:\\\/\\\/www.youtube.com\\\/channel\\\/UCidSRkO6tDIgl3SU60b9coQ\"],\"description\":\"Sunday Brush is a registered trademark of Nxt Cosmetics BV.\",\"email\":\"info@sundaybrush.com\",\"telephone\":\"003185-0043121\",\"legalName\":\"Nxt Cosmetics BV\",\"numberOfEmployees\":{\"@type\":\"QuantitativeValue\",\"minValue\":\"1\",\"maxValue\":\"10\"}}]}<\/script>\n<!-- \/ Yoast SEO Premium plugin. -->","yoast_head_json":{"title":"Online publicatie Elle.be: Getest & goedgekeurd | Sunday Brush","description":"Elle.be - Getest & Goedgekeurd door Elle Belgi\u00eb: onzichtbare, vederlichte zonnebescheming. Sunday Brush is een goede zonnebescherming.","robots":{"index":"index","follow":"follow","max-snippet":"max-snippet:-1","max-image-preview":"max-image-preview:large","max-video-preview":"max-video-preview:-1"},"canonical":"https:\/\/www.sundaybrush.com\/nl\/in-de-media\/online-publicatie-elle-be-getest-goedgekeurd\/","og_locale":"nl_NL","og_type":"article","og_title":"Online publicatie Elle.be: Getest & goedgekeurd","og_description":"Elle.be - Getest & Goedgekeurd door Elle Belgi\u00eb: onzichtbare, vederlichte zonnebescheming. Sunday Brush is een goede zonnebescherming.","og_url":"https:\/\/www.sundaybrush.com\/nl\/in-de-media\/online-publicatie-elle-be-getest-goedgekeurd\/","og_site_name":"Sunday Brush","article_modified_time":"2022-07-18T16:35:04+00:00","og_image":[{"width":1024,"height":1024,"url":"https:\/\/www.sundaybrush.com\/wp-content\/uploads\/2025\/06\/Sunday-Brush-European-Natural-Beauty-Award.png","type":"image\/png"}],"twitter_card":"summary_large_image","twitter_misc":{"Geschatte leestijd":"4 minuten"},"schema":{"@context":"https:\/\/schema.org","@graph":[{"@type":"WebPage","@id":"https:\/\/www.sundaybrush.com\/nl\/in-de-media\/online-publicatie-elle-be-getest-goedgekeurd\/","url":"https:\/\/www.sundaybrush.com\/nl\/in-de-media\/online-publicatie-elle-be-getest-goedgekeurd\/","name":"Online publicatie Elle.be: Getest & goedgekeurd | Sunday Brush","isPartOf":{"@id":"https:\/\/www.sundaybrush.com\/nl\/#website"},"datePublished":"2020-07-30T19:52:07+00:00","dateModified":"2022-07-18T16:35:04+00:00","description":"Elle.be - Getest & Goedgekeurd door Elle Belgi\u00eb: onzichtbare, vederlichte zonnebescheming. Sunday Brush is een goede zonnebescherming.","breadcrumb":{"@id":"https:\/\/www.sundaybrush.com\/nl\/in-de-media\/online-publicatie-elle-be-getest-goedgekeurd\/#breadcrumb"},"inLanguage":"nl-NL","potentialAction":[{"@type":"ReadAction","target":["https:\/\/www.sundaybrush.com\/nl\/in-de-media\/online-publicatie-elle-be-getest-goedgekeurd\/"]}]},{"@type":"BreadcrumbList","@id":"https:\/\/www.sundaybrush.com\/nl\/in-de-media\/online-publicatie-elle-be-getest-goedgekeurd\/#breadcrumb","itemListElement":[{"@type":"ListItem","position":1,"name":"Home","item":"https:\/\/www.sundaybrush.com\/nl\/"},{"@type":"ListItem","position":2,"name":"In de media","item":"https:\/\/www.sundaybrush.com\/nl\/in-de-media\/"},{"@type":"ListItem","position":3,"name":"Online publicatie Elle.be: Getest &#038; goedgekeurd"}]},{"@type":"WebSite","@id":"https:\/\/www.sundaybrush.com\/nl\/#website","url":"https:\/\/www.sundaybrush.com\/nl\/","name":"Sunday Brush","description":"Jouw dagelijkse UV bescherming","publisher":{"@id":"https:\/\/www.sundaybrush.com\/nl\/#organization"},"potentialAction":[{"@type":"SearchAction","target":{"@type":"EntryPoint","urlTemplate":"https:\/\/www.sundaybrush.com\/nl\/?s={search_term_string}"},"query-input":{"@type":"PropertyValueSpecification","valueRequired":true,"valueName":"search_term_string"}}],"inLanguage":"nl-NL"},{"@type":"Organization","@id":"https:\/\/www.sundaybrush.com\/nl\/#organization","name":"Sunday Brush","alternateName":"Sundaybrush","url":"https:\/\/www.sundaybrush.com\/nl\/","logo":{"@type":"ImageObject","inLanguage":"nl-NL","@id":"https:\/\/www.sundaybrush.com\/nl\/#\/schema\/logo\/image\/","url":"https:\/\/www.sundaybrush.com\/wp-content\/uploads\/2021\/02\/Logo-Sunday-Brush-transparant.png","contentUrl":"https:\/\/www.sundaybrush.com\/wp-content\/uploads\/2021\/02\/Logo-Sunday-Brush-transparant.png","width":1709,"height":227,"caption":"Sunday Brush"},"image":{"@id":"https:\/\/www.sundaybrush.com\/nl\/#\/schema\/logo\/image\/"},"sameAs":["https:\/\/www.instagram.com\/sundaybrush\/","https:\/\/www.linkedin.com\/company\/sunday-brush","https:\/\/www.youtube.com\/channel\/UCidSRkO6tDIgl3SU60b9coQ"],"description":"Sunday Brush is a registered trademark of Nxt Cosmetics BV.","email":"info@sundaybrush.com","telephone":"003185-0043121","legalName":"Nxt Cosmetics BV","numberOfEmployees":{"@type":"QuantitativeValue","minValue":"1","maxValue":"10"}}]}},"_links":{"self":[{"href":"https:\/\/www.sundaybrush.com\/nl\/wp-json\/wp\/v2\/pages\/19723","targetHints":{"allow":["GET"]}}],"collection":[{"href":"https:\/\/www.sundaybrush.com\/nl\/wp-json\/wp\/v2\/pages"}],"about":[{"href":"https:\/\/www.sundaybrush.com\/nl\/wp-json\/wp\/v2\/types\/page"}],"author":[{"embeddable":true,"href":"https:\/\/www.sundaybrush.com\/nl\/wp-json\/wp\/v2\/users\/11"}],"replies":[{"embeddable":true,"href":"https:\/\/www.sundaybrush.com\/nl\/wp-json\/wp\/v2\/comments?post=19723"}],"version-history":[{"count":4,"href":"https:\/\/www.sundaybrush.com\/nl\/wp-json\/wp\/v2\/pages\/19723\/revisions"}],"predecessor-version":[{"id":34119,"href":"https:\/\/www.sundaybrush.com\/nl\/wp-json\/wp\/v2\/pages\/19723\/revisions\/34119"}],"up":[{"embeddable":true,"href":"https:\/\/www.sundaybrush.com\/nl\/wp-json\/wp\/v2\/pages\/10351"}],"wp:attachment":[{"href":"https:\/\/www.sundaybrush.com\/nl\/wp-json\/wp\/v2\/media?parent=19723"}],"curies":[{"name":"wp","href":"https:\/\/api.w.org\/{rel}","templated":true}]}}