{"id":34415,"date":"2022-07-21T19:33:50","date_gmt":"2022-07-21T17:33:50","guid":{"rendered":"https:\/\/www.sundaybrush.com\/?page_id=34415"},"modified":"2022-07-25T14:02:28","modified_gmt":"2022-07-25T12:02:28","slug":"sante-trend-spf-poeder","status":"publish","type":"page","link":"https:\/\/www.sundaybrush.com\/nl\/in-de-media\/sante-trend-spf-poeder\/","title":{"rendered":"Sant\u00e9 Trend SPF poeder"},"content":{"rendered":"<section class=\"l-section wpb_row height_medium\"><div class=\"l-section-h i-cf\"><div class=\"g-cols vc_row type_default valign_top\"><div class=\"vc_col-sm-12 wpb_column vc_column_container\"><div class=\"vc_column-inner\"><div class=\"wpb_wrapper\"><div class=\"wpb_text_column us_custom_fd195a0a\" ><div class=\"wpb_wrapper\"><h2>Sant\u00e9 Trend SPF poeder<\/h2>\n<p>Sant\u00e9 benoemd Sunday Brush als een zonnebrandpoeder of zonnepoeder, de omschrijving is soms verschillend, het product niet. Het zonnepoeder beschermd je huid tegen de schadelijke UV stralen, zowel tegen de UVA als UVB stralen met SPF 50.<\/p>\n<\/div><\/div><\/div><\/div><\/div><\/div><\/div><\/section><section class=\"l-section wpb_row height_medium\"><div class=\"l-section-h i-cf\"><div class=\"g-cols vc_row type_default valign_top\"><div class=\"vc_col-sm-4 wpb_column vc_column_container\"><div class=\"vc_column-inner\"><div class=\"wpb_wrapper\"><div class=\"w-image align_none\"><div class=\"w-image-h\"><img loading=\"lazy\" decoding=\"async\" width=\"1414\" height=\"2000\" src=\"https:\/\/www.sundaybrush.com\/wp-content\/uploads\/2022\/02\/98.-NL-2021-juni-print-Sante-Cover-R-Sunday-Brush.jpg\" class=\"attachment-full size-full\" alt=\"Sante cover Trend SPF poeder - Sunday Brush\" srcset=\"https:\/\/www.sundaybrush.com\/wp-content\/uploads\/2022\/02\/98.-NL-2021-juni-print-Sante-Cover-R-Sunday-Brush.jpg 1414w, https:\/\/www.sundaybrush.com\/wp-content\/uploads\/2022\/02\/98.-NL-2021-juni-print-Sante-Cover-R-Sunday-Brush-212x300.jpg 212w, https:\/\/www.sundaybrush.com\/wp-content\/uploads\/2022\/02\/98.-NL-2021-juni-print-Sante-Cover-R-Sunday-Brush-724x1024.jpg 724w, https:\/\/www.sundaybrush.com\/wp-content\/uploads\/2022\/02\/98.-NL-2021-juni-print-Sante-Cover-R-Sunday-Brush-550x778.jpg 550w\" sizes=\"auto, (max-width: 1414px) 100vw, 1414px\" \/><\/div><\/div><\/div><\/div><\/div><div class=\"vc_col-sm-4 wpb_column vc_column_container\"><div class=\"vc_column-inner us_custom_ed698d7d\"><div class=\"wpb_wrapper\"><div class=\"w-image align_none\"><div class=\"w-image-h\"><img loading=\"lazy\" decoding=\"async\" width=\"1414\" height=\"2000\" src=\"https:\/\/www.sundaybrush.com\/wp-content\/uploads\/2022\/02\/98.-NL-2021-juni-print-Sante-Pub-Sunday-Brush.jpg\" class=\"attachment-full size-full\" alt=\"Sante Trend SPF poeder - Sunday Brush\" srcset=\"https:\/\/www.sundaybrush.com\/wp-content\/uploads\/2022\/02\/98.-NL-2021-juni-print-Sante-Pub-Sunday-Brush.jpg 1414w, https:\/\/www.sundaybrush.com\/wp-content\/uploads\/2022\/02\/98.-NL-2021-juni-print-Sante-Pub-Sunday-Brush-212x300.jpg 212w, https:\/\/www.sundaybrush.com\/wp-content\/uploads\/2022\/02\/98.-NL-2021-juni-print-Sante-Pub-Sunday-Brush-724x1024.jpg 724w, https:\/\/www.sundaybrush.com\/wp-content\/uploads\/2022\/02\/98.-NL-2021-juni-print-Sante-Pub-Sunday-Brush-550x778.jpg 550w\" sizes=\"auto, (max-width: 1414px) 100vw, 1414px\" \/><\/div><\/div><\/div><\/div><\/div><div class=\"vc_col-sm-4 wpb_column vc_column_container\"><div class=\"vc_column-inner\"><div class=\"wpb_wrapper\"><div class=\"wpb_text_column\" ><div class=\"wpb_wrapper\"><h2>Publicatie in Sant\u00e9<\/h2>\n<p><em>tekst Sant\u00e9<\/em><\/p>\n<h2><b>Sant\u00e9 Trend: SPF-poeder<\/b><\/h2>\n<p>tekst <a href=\"https:\/\/www.sante.nl\/\" target=\"_blank\" rel=\"noopener\">Sant\u00e9<\/a><\/p>\n<p><span style=\"font-weight: 400;\">Zonnepoeder op basis van minerale poeders is h\u00e9t trendproduct van deze zomer. SPF poeder bevat zinkoxide en titaandioxide, betrouwbare minerale zonnefilters. In de meeste varianten poederfoundation zitten alleen natuurlijke ingredi\u00ebnten en geen chemische toevoegingen die gewone zonnebrandcr\u00e8me wel bevat. Zonnebrandpoeder past zich aan je huidskleur aan en kan ook over make-up worden aangebracht. Minerale poeders met zinkoxide in vier tinten.\u00a0<\/span><\/p>\n<p><a href=\"https:\/\/www.sundaybrush.com\/product\/sunday-brush\/\"><span style=\"font-weight: 400;\">Sunday Brush<\/span><\/a> <span style=\"font-weight: 400;\">\u20ac 49,95<\/span><\/p>\n<\/div><\/div><\/div><\/div><\/div><\/div><\/div><\/section>\n","protected":false},"excerpt":{"rendered":"Sant\u00e9 Trend SPF poeder Sant\u00e9 benoemd Sunday Brush als een zonnebrandpoeder of zonnepoeder, de omschrijving is soms verschillend, het product niet. Het zonnepoeder beschermd je huid tegen de schadelijke UV stralen, zowel tegen de UVA als UVB stralen met SPF 50. Publicatie in Sant\u00e9 tekst Sant\u00e9 Sant\u00e9 Trend: SPF-poeder tekst Sant\u00e9 Zonnepoeder op basis van...","protected":false},"author":11,"featured_media":0,"parent":10351,"menu_order":0,"comment_status":"closed","ping_status":"closed","template":"","meta":{"_acf_changed":false,"footnotes":""},"class_list":["post-34415","page","type-page","status-publish","hentry"],"acf":[],"yoast_head":"<!-- This site is optimized with the Yoast SEO Premium plugin v27.3 (Yoast SEO v27.4) - https:\/\/yoast.com\/product\/yoast-seo-premium-wordpress\/ -->\n<title>Sant\u00e9 Trend SPF poeder | Sunday Brush<\/title>\n<meta name=\"description\" content=\"Trend SPF poeder: Zonnebrandpoeder past zich aan je huidskleur aan en kan ook over make-up worden aangebracht, in vier tinten, aldus Sant\u00e9.\" \/>\n<meta name=\"robots\" content=\"index, follow, max-snippet:-1, max-image-preview:large, max-video-preview:-1\" \/>\n<link rel=\"canonical\" href=\"https:\/\/www.sundaybrush.com\/nl\/in-de-media\/sante-trend-spf-poeder\/\" \/>\n<meta property=\"og:locale\" content=\"nl_NL\" \/>\n<meta property=\"og:type\" content=\"article\" \/>\n<meta property=\"og:title\" content=\"Sant\u00e9 Trend SPF poeder\" \/>\n<meta property=\"og:description\" content=\"Trend SPF poeder: Zonnebrandpoeder past zich aan je huidskleur aan en kan ook over make-up worden aangebracht, in vier tinten, aldus Sant\u00e9.\" \/>\n<meta property=\"og:url\" content=\"https:\/\/www.sundaybrush.com\/nl\/in-de-media\/sante-trend-spf-poeder\/\" \/>\n<meta property=\"og:site_name\" content=\"Sunday Brush\" \/>\n<meta property=\"article:modified_time\" content=\"2022-07-25T12:02:28+00:00\" \/>\n<meta property=\"og:image\" content=\"https:\/\/www.sundaybrush.com\/wp-content\/uploads\/2025\/06\/Sunday-Brush-European-Natural-Beauty-Award.png\" \/>\n\t<meta property=\"og:image:width\" content=\"1024\" \/>\n\t<meta property=\"og:image:height\" content=\"1024\" \/>\n\t<meta property=\"og:image:type\" content=\"image\/png\" \/>\n<meta name=\"twitter:card\" content=\"summary_large_image\" \/>\n<meta name=\"twitter:label1\" content=\"Geschatte leestijd\" \/>\n\t<meta name=\"twitter:data1\" content=\"1 minuut\" \/>\n<script type=\"application\/ld+json\" class=\"yoast-schema-graph\">{\"@context\":\"https:\\\/\\\/schema.org\",\"@graph\":[{\"@type\":\"WebPage\",\"@id\":\"https:\\\/\\\/www.sundaybrush.com\\\/nl\\\/in-de-media\\\/sante-trend-spf-poeder\\\/\",\"url\":\"https:\\\/\\\/www.sundaybrush.com\\\/nl\\\/in-de-media\\\/sante-trend-spf-poeder\\\/\",\"name\":\"Sant\u00e9 Trend SPF poeder | Sunday Brush\",\"isPartOf\":{\"@id\":\"https:\\\/\\\/www.sundaybrush.com\\\/nl\\\/#website\"},\"datePublished\":\"2022-07-21T17:33:50+00:00\",\"dateModified\":\"2022-07-25T12:02:28+00:00\",\"description\":\"Trend SPF poeder: Zonnebrandpoeder past zich aan je huidskleur aan en kan ook over make-up worden aangebracht, in vier tinten, aldus Sant\u00e9.\",\"breadcrumb\":{\"@id\":\"https:\\\/\\\/www.sundaybrush.com\\\/nl\\\/in-de-media\\\/sante-trend-spf-poeder\\\/#breadcrumb\"},\"inLanguage\":\"nl-NL\",\"potentialAction\":[{\"@type\":\"ReadAction\",\"target\":[\"https:\\\/\\\/www.sundaybrush.com\\\/nl\\\/in-de-media\\\/sante-trend-spf-poeder\\\/\"]}]},{\"@type\":\"BreadcrumbList\",\"@id\":\"https:\\\/\\\/www.sundaybrush.com\\\/nl\\\/in-de-media\\\/sante-trend-spf-poeder\\\/#breadcrumb\",\"itemListElement\":[{\"@type\":\"ListItem\",\"position\":1,\"name\":\"Home\",\"item\":\"https:\\\/\\\/www.sundaybrush.com\\\/nl\\\/\"},{\"@type\":\"ListItem\",\"position\":2,\"name\":\"In de media\",\"item\":\"https:\\\/\\\/www.sundaybrush.com\\\/nl\\\/in-de-media\\\/\"},{\"@type\":\"ListItem\",\"position\":3,\"name\":\"Sant\u00e9 Trend SPF poeder\"}]},{\"@type\":\"WebSite\",\"@id\":\"https:\\\/\\\/www.sundaybrush.com\\\/nl\\\/#website\",\"url\":\"https:\\\/\\\/www.sundaybrush.com\\\/nl\\\/\",\"name\":\"Sunday Brush\",\"description\":\"Jouw dagelijkse UV bescherming\",\"publisher\":{\"@id\":\"https:\\\/\\\/www.sundaybrush.com\\\/nl\\\/#organization\"},\"potentialAction\":[{\"@type\":\"SearchAction\",\"target\":{\"@type\":\"EntryPoint\",\"urlTemplate\":\"https:\\\/\\\/www.sundaybrush.com\\\/nl\\\/?s={search_term_string}\"},\"query-input\":{\"@type\":\"PropertyValueSpecification\",\"valueRequired\":true,\"valueName\":\"search_term_string\"}}],\"inLanguage\":\"nl-NL\"},{\"@type\":\"Organization\",\"@id\":\"https:\\\/\\\/www.sundaybrush.com\\\/nl\\\/#organization\",\"name\":\"Sunday Brush\",\"alternateName\":\"Sundaybrush\",\"url\":\"https:\\\/\\\/www.sundaybrush.com\\\/nl\\\/\",\"logo\":{\"@type\":\"ImageObject\",\"inLanguage\":\"nl-NL\",\"@id\":\"https:\\\/\\\/www.sundaybrush.com\\\/nl\\\/#\\\/schema\\\/logo\\\/image\\\/\",\"url\":\"https:\\\/\\\/www.sundaybrush.com\\\/wp-content\\\/uploads\\\/2021\\\/02\\\/Logo-Sunday-Brush-transparant.png\",\"contentUrl\":\"https:\\\/\\\/www.sundaybrush.com\\\/wp-content\\\/uploads\\\/2021\\\/02\\\/Logo-Sunday-Brush-transparant.png\",\"width\":1709,\"height\":227,\"caption\":\"Sunday Brush\"},\"image\":{\"@id\":\"https:\\\/\\\/www.sundaybrush.com\\\/nl\\\/#\\\/schema\\\/logo\\\/image\\\/\"},\"sameAs\":[\"https:\\\/\\\/www.instagram.com\\\/sundaybrush\\\/\",\"https:\\\/\\\/www.linkedin.com\\\/company\\\/sunday-brush\",\"https:\\\/\\\/www.youtube.com\\\/channel\\\/UCidSRkO6tDIgl3SU60b9coQ\"],\"description\":\"Sunday Brush is a registered trademark of Nxt Cosmetics BV.\",\"email\":\"info@sundaybrush.com\",\"telephone\":\"003185-0043121\",\"legalName\":\"Nxt Cosmetics BV\",\"numberOfEmployees\":{\"@type\":\"QuantitativeValue\",\"minValue\":\"1\",\"maxValue\":\"10\"}}]}<\/script>\n<!-- \/ Yoast SEO Premium plugin. -->","yoast_head_json":{"title":"Sant\u00e9 Trend SPF poeder | Sunday Brush","description":"Trend SPF poeder: Zonnebrandpoeder past zich aan je huidskleur aan en kan ook over make-up worden aangebracht, in vier tinten, aldus Sant\u00e9.","robots":{"index":"index","follow":"follow","max-snippet":"max-snippet:-1","max-image-preview":"max-image-preview:large","max-video-preview":"max-video-preview:-1"},"canonical":"https:\/\/www.sundaybrush.com\/nl\/in-de-media\/sante-trend-spf-poeder\/","og_locale":"nl_NL","og_type":"article","og_title":"Sant\u00e9 Trend SPF poeder","og_description":"Trend SPF poeder: Zonnebrandpoeder past zich aan je huidskleur aan en kan ook over make-up worden aangebracht, in vier tinten, aldus Sant\u00e9.","og_url":"https:\/\/www.sundaybrush.com\/nl\/in-de-media\/sante-trend-spf-poeder\/","og_site_name":"Sunday Brush","article_modified_time":"2022-07-25T12:02:28+00:00","og_image":[{"width":1024,"height":1024,"url":"https:\/\/www.sundaybrush.com\/wp-content\/uploads\/2025\/06\/Sunday-Brush-European-Natural-Beauty-Award.png","type":"image\/png"}],"twitter_card":"summary_large_image","twitter_misc":{"Geschatte leestijd":"1 minuut"},"schema":{"@context":"https:\/\/schema.org","@graph":[{"@type":"WebPage","@id":"https:\/\/www.sundaybrush.com\/nl\/in-de-media\/sante-trend-spf-poeder\/","url":"https:\/\/www.sundaybrush.com\/nl\/in-de-media\/sante-trend-spf-poeder\/","name":"Sant\u00e9 Trend SPF poeder | Sunday Brush","isPartOf":{"@id":"https:\/\/www.sundaybrush.com\/nl\/#website"},"datePublished":"2022-07-21T17:33:50+00:00","dateModified":"2022-07-25T12:02:28+00:00","description":"Trend SPF poeder: Zonnebrandpoeder past zich aan je huidskleur aan en kan ook over make-up worden aangebracht, in vier tinten, aldus Sant\u00e9.","breadcrumb":{"@id":"https:\/\/www.sundaybrush.com\/nl\/in-de-media\/sante-trend-spf-poeder\/#breadcrumb"},"inLanguage":"nl-NL","potentialAction":[{"@type":"ReadAction","target":["https:\/\/www.sundaybrush.com\/nl\/in-de-media\/sante-trend-spf-poeder\/"]}]},{"@type":"BreadcrumbList","@id":"https:\/\/www.sundaybrush.com\/nl\/in-de-media\/sante-trend-spf-poeder\/#breadcrumb","itemListElement":[{"@type":"ListItem","position":1,"name":"Home","item":"https:\/\/www.sundaybrush.com\/nl\/"},{"@type":"ListItem","position":2,"name":"In de media","item":"https:\/\/www.sundaybrush.com\/nl\/in-de-media\/"},{"@type":"ListItem","position":3,"name":"Sant\u00e9 Trend SPF poeder"}]},{"@type":"WebSite","@id":"https:\/\/www.sundaybrush.com\/nl\/#website","url":"https:\/\/www.sundaybrush.com\/nl\/","name":"Sunday Brush","description":"Jouw dagelijkse UV bescherming","publisher":{"@id":"https:\/\/www.sundaybrush.com\/nl\/#organization"},"potentialAction":[{"@type":"SearchAction","target":{"@type":"EntryPoint","urlTemplate":"https:\/\/www.sundaybrush.com\/nl\/?s={search_term_string}"},"query-input":{"@type":"PropertyValueSpecification","valueRequired":true,"valueName":"search_term_string"}}],"inLanguage":"nl-NL"},{"@type":"Organization","@id":"https:\/\/www.sundaybrush.com\/nl\/#organization","name":"Sunday Brush","alternateName":"Sundaybrush","url":"https:\/\/www.sundaybrush.com\/nl\/","logo":{"@type":"ImageObject","inLanguage":"nl-NL","@id":"https:\/\/www.sundaybrush.com\/nl\/#\/schema\/logo\/image\/","url":"https:\/\/www.sundaybrush.com\/wp-content\/uploads\/2021\/02\/Logo-Sunday-Brush-transparant.png","contentUrl":"https:\/\/www.sundaybrush.com\/wp-content\/uploads\/2021\/02\/Logo-Sunday-Brush-transparant.png","width":1709,"height":227,"caption":"Sunday Brush"},"image":{"@id":"https:\/\/www.sundaybrush.com\/nl\/#\/schema\/logo\/image\/"},"sameAs":["https:\/\/www.instagram.com\/sundaybrush\/","https:\/\/www.linkedin.com\/company\/sunday-brush","https:\/\/www.youtube.com\/channel\/UCidSRkO6tDIgl3SU60b9coQ"],"description":"Sunday Brush is a registered trademark of Nxt Cosmetics BV.","email":"info@sundaybrush.com","telephone":"003185-0043121","legalName":"Nxt Cosmetics BV","numberOfEmployees":{"@type":"QuantitativeValue","minValue":"1","maxValue":"10"}}]}},"_links":{"self":[{"href":"https:\/\/www.sundaybrush.com\/nl\/wp-json\/wp\/v2\/pages\/34415","targetHints":{"allow":["GET"]}}],"collection":[{"href":"https:\/\/www.sundaybrush.com\/nl\/wp-json\/wp\/v2\/pages"}],"about":[{"href":"https:\/\/www.sundaybrush.com\/nl\/wp-json\/wp\/v2\/types\/page"}],"author":[{"embeddable":true,"href":"https:\/\/www.sundaybrush.com\/nl\/wp-json\/wp\/v2\/users\/11"}],"replies":[{"embeddable":true,"href":"https:\/\/www.sundaybrush.com\/nl\/wp-json\/wp\/v2\/comments?post=34415"}],"version-history":[{"count":5,"href":"https:\/\/www.sundaybrush.com\/nl\/wp-json\/wp\/v2\/pages\/34415\/revisions"}],"predecessor-version":[{"id":34477,"href":"https:\/\/www.sundaybrush.com\/nl\/wp-json\/wp\/v2\/pages\/34415\/revisions\/34477"}],"up":[{"embeddable":true,"href":"https:\/\/www.sundaybrush.com\/nl\/wp-json\/wp\/v2\/pages\/10351"}],"wp:attachment":[{"href":"https:\/\/www.sundaybrush.com\/nl\/wp-json\/wp\/v2\/media?parent=34415"}],"curies":[{"name":"wp","href":"https:\/\/api.w.org\/{rel}","templated":true}]}}