{"id":34481,"date":"2022-07-21T20:21:53","date_gmt":"2022-07-21T18:21:53","guid":{"rendered":"https:\/\/www.sundaybrush.com\/?page_id=34481"},"modified":"2025-09-09T13:28:26","modified_gmt":"2025-09-09T11:28:26","slug":"publicatie-sante","status":"publish","type":"page","link":"https:\/\/www.sundaybrush.com\/nl\/in-de-media\/publicatie-sante\/","title":{"rendered":"Publicatie Sant\u00e9"},"content":{"rendered":"<section class=\"l-section wpb_row height_medium\"><div class=\"l-section-h i-cf\"><div class=\"g-cols vc_row type_default valign_top\"><div class=\"vc_col-sm-12 wpb_column vc_column_container\"><div class=\"vc_column-inner\"><div class=\"wpb_wrapper\"><div class=\"wpb_text_column us_custom_fd195a0a\" ><div class=\"wpb_wrapper\"><h2>Publicatie Sant\u00e9<\/h2>\n<p>Een publicatie in de Sant\u00e9 vermeld Sunday Brush als zonnepoeder voor de gevoelige huid met de hoogste beschermingsfactor \u00e9n extreem waterbestendig.<\/p>\n<\/div><\/div><\/div><\/div><\/div><\/div><\/div><\/section><section class=\"l-section wpb_row height_medium\"><div class=\"l-section-h i-cf\"><div class=\"g-cols vc_row type_default valign_top\"><div class=\"vc_col-sm-4 wpb_column vc_column_container\"><div class=\"vc_column-inner\"><div class=\"wpb_wrapper\"><div class=\"w-image align_none\"><div class=\"w-image-h\"><img loading=\"lazy\" decoding=\"async\" width=\"1414\" height=\"2000\" src=\"https:\/\/www.sundaybrush.com\/wp-content\/uploads\/2022\/02\/101.-NL-2021-sept-print-Sante-Cover-R-Sunday-Brush.jpg\" class=\"attachment-full size-full\" alt=\"Publicatie Sant\u00e9 Cover - Sunday Brush\" srcset=\"https:\/\/www.sundaybrush.com\/wp-content\/uploads\/2022\/02\/101.-NL-2021-sept-print-Sante-Cover-R-Sunday-Brush.jpg 1414w, https:\/\/www.sundaybrush.com\/wp-content\/uploads\/2022\/02\/101.-NL-2021-sept-print-Sante-Cover-R-Sunday-Brush-212x300.jpg 212w, https:\/\/www.sundaybrush.com\/wp-content\/uploads\/2022\/02\/101.-NL-2021-sept-print-Sante-Cover-R-Sunday-Brush-724x1024.jpg 724w, https:\/\/www.sundaybrush.com\/wp-content\/uploads\/2022\/02\/101.-NL-2021-sept-print-Sante-Cover-R-Sunday-Brush-550x778.jpg 550w\" sizes=\"auto, (max-width: 1414px) 100vw, 1414px\" \/><\/div><\/div><\/div><\/div><\/div><div class=\"vc_col-sm-4 wpb_column vc_column_container\"><div class=\"vc_column-inner us_custom_ed698d7d\"><div class=\"wpb_wrapper\"><div class=\"w-image align_none\"><div class=\"w-image-h\"><img loading=\"lazy\" decoding=\"async\" width=\"1414\" height=\"2000\" src=\"https:\/\/www.sundaybrush.com\/wp-content\/uploads\/2022\/02\/101.-NL-2021-sept-print-Sante-Pub-Sunday-Brush.jpg\" class=\"attachment-full size-full\" alt=\"Publicatie Sant\u00e9 - Sunday Brush\" srcset=\"https:\/\/www.sundaybrush.com\/wp-content\/uploads\/2022\/02\/101.-NL-2021-sept-print-Sante-Pub-Sunday-Brush.jpg 1414w, https:\/\/www.sundaybrush.com\/wp-content\/uploads\/2022\/02\/101.-NL-2021-sept-print-Sante-Pub-Sunday-Brush-212x300.jpg 212w, https:\/\/www.sundaybrush.com\/wp-content\/uploads\/2022\/02\/101.-NL-2021-sept-print-Sante-Pub-Sunday-Brush-724x1024.jpg 724w, https:\/\/www.sundaybrush.com\/wp-content\/uploads\/2022\/02\/101.-NL-2021-sept-print-Sante-Pub-Sunday-Brush-550x778.jpg 550w\" sizes=\"auto, (max-width: 1414px) 100vw, 1414px\" \/><\/div><\/div><\/div><\/div><\/div><div class=\"vc_col-sm-4 wpb_column vc_column_container\"><div class=\"vc_column-inner\"><div class=\"wpb_wrapper\"><div class=\"wpb_text_column\" ><div class=\"wpb_wrapper\"><h4>Publicatie in <a href=\"https:\/\/www.sante.nl\/\" target=\"_blank\" rel=\"noopener\">Sant\u00e9<\/a><\/h4>\n<p><em>tekst Sant\u00e9<\/em><\/p>\n<p><a href=\"https:\/\/www.sundaybrush.com\/product\/sunday-brush\/\"><strong>Sunday Brush<\/strong><\/a><\/p>\n<p><span style=\"font-weight: 400;\">Dit zonnepoeder is geschikt voor de gevoelige huid, extreem waterbestendig met de hoogste beschermingsfactor. Je kunt \u2018t ook over je make-up heen gebruiken.<\/span><\/p>\n<\/div><\/div><\/div><\/div><\/div><\/div><\/div><\/section>\n","protected":false},"excerpt":{"rendered":"Publicatie Sant\u00e9 Een publicatie in de Sant\u00e9 vermeld Sunday Brush als zonnepoeder voor de gevoelige huid met de hoogste beschermingsfactor \u00e9n extreem waterbestendig. Publicatie in Sant\u00e9 tekst Sant\u00e9 Sunday Brush Dit zonnepoeder is geschikt voor de gevoelige huid, extreem waterbestendig met de hoogste beschermingsfactor. Je kunt \u2018t ook over je make-up heen gebruiken.","protected":false},"author":11,"featured_media":0,"parent":10351,"menu_order":0,"comment_status":"closed","ping_status":"closed","template":"","meta":{"_acf_changed":false,"footnotes":""},"class_list":["post-34481","page","type-page","status-publish","hentry"],"acf":[],"yoast_head":"<!-- This site is optimized with the Yoast SEO Premium plugin v27.3 (Yoast SEO v27.4) - https:\/\/yoast.com\/product\/yoast-seo-premium-wordpress\/ -->\n<title>Publicatie Sant\u00e9 | Sunday Brush<\/title>\n<meta name=\"description\" content=\"Publicatie Sant\u00e9: Dit zonnepoeder is geschikt voor de gevoelige huid, waterbestendig met de hoogste beschermingsfactor, ook over make-up.\" \/>\n<meta name=\"robots\" content=\"index, follow, max-snippet:-1, max-image-preview:large, max-video-preview:-1\" \/>\n<link rel=\"canonical\" href=\"https:\/\/www.sundaybrush.com\/nl\/in-de-media\/publicatie-sante\/\" \/>\n<meta property=\"og:locale\" content=\"nl_NL\" \/>\n<meta property=\"og:type\" content=\"article\" \/>\n<meta property=\"og:title\" content=\"Publicatie Sant\u00e9\" \/>\n<meta property=\"og:description\" content=\"Publicatie Sant\u00e9: Dit zonnepoeder is geschikt voor de gevoelige huid, waterbestendig met de hoogste beschermingsfactor, ook over make-up.\" \/>\n<meta property=\"og:url\" content=\"https:\/\/www.sundaybrush.com\/nl\/in-de-media\/publicatie-sante\/\" \/>\n<meta property=\"og:site_name\" content=\"Sunday Brush\" \/>\n<meta property=\"article:modified_time\" content=\"2025-09-09T11:28:26+00:00\" \/>\n<meta property=\"og:image\" content=\"https:\/\/www.sundaybrush.com\/wp-content\/uploads\/2025\/06\/Sunday-Brush-European-Natural-Beauty-Award.png\" \/>\n\t<meta property=\"og:image:width\" content=\"1024\" \/>\n\t<meta property=\"og:image:height\" content=\"1024\" \/>\n\t<meta property=\"og:image:type\" content=\"image\/png\" \/>\n<meta name=\"twitter:card\" content=\"summary_large_image\" \/>\n<meta name=\"twitter:label1\" content=\"Geschatte leestijd\" \/>\n\t<meta name=\"twitter:data1\" content=\"1 minuut\" \/>\n<script type=\"application\/ld+json\" class=\"yoast-schema-graph\">{\"@context\":\"https:\\\/\\\/schema.org\",\"@graph\":[{\"@type\":\"WebPage\",\"@id\":\"https:\\\/\\\/www.sundaybrush.com\\\/nl\\\/in-de-media\\\/publicatie-sante\\\/\",\"url\":\"https:\\\/\\\/www.sundaybrush.com\\\/nl\\\/in-de-media\\\/publicatie-sante\\\/\",\"name\":\"Publicatie Sant\u00e9 | Sunday Brush\",\"isPartOf\":{\"@id\":\"https:\\\/\\\/www.sundaybrush.com\\\/nl\\\/#website\"},\"datePublished\":\"2022-07-21T18:21:53+00:00\",\"dateModified\":\"2025-09-09T11:28:26+00:00\",\"description\":\"Publicatie Sant\u00e9: Dit zonnepoeder is geschikt voor de gevoelige huid, waterbestendig met de hoogste beschermingsfactor, ook over make-up.\",\"breadcrumb\":{\"@id\":\"https:\\\/\\\/www.sundaybrush.com\\\/nl\\\/in-de-media\\\/publicatie-sante\\\/#breadcrumb\"},\"inLanguage\":\"nl-NL\",\"potentialAction\":[{\"@type\":\"ReadAction\",\"target\":[\"https:\\\/\\\/www.sundaybrush.com\\\/nl\\\/in-de-media\\\/publicatie-sante\\\/\"]}]},{\"@type\":\"BreadcrumbList\",\"@id\":\"https:\\\/\\\/www.sundaybrush.com\\\/nl\\\/in-de-media\\\/publicatie-sante\\\/#breadcrumb\",\"itemListElement\":[{\"@type\":\"ListItem\",\"position\":1,\"name\":\"Home\",\"item\":\"https:\\\/\\\/www.sundaybrush.com\\\/nl\\\/\"},{\"@type\":\"ListItem\",\"position\":2,\"name\":\"In de media\",\"item\":\"https:\\\/\\\/www.sundaybrush.com\\\/nl\\\/in-de-media\\\/\"},{\"@type\":\"ListItem\",\"position\":3,\"name\":\"Publicatie Sant\u00e9\"}]},{\"@type\":\"WebSite\",\"@id\":\"https:\\\/\\\/www.sundaybrush.com\\\/nl\\\/#website\",\"url\":\"https:\\\/\\\/www.sundaybrush.com\\\/nl\\\/\",\"name\":\"Sunday Brush\",\"description\":\"Jouw dagelijkse UV bescherming\",\"publisher\":{\"@id\":\"https:\\\/\\\/www.sundaybrush.com\\\/nl\\\/#organization\"},\"potentialAction\":[{\"@type\":\"SearchAction\",\"target\":{\"@type\":\"EntryPoint\",\"urlTemplate\":\"https:\\\/\\\/www.sundaybrush.com\\\/nl\\\/?s={search_term_string}\"},\"query-input\":{\"@type\":\"PropertyValueSpecification\",\"valueRequired\":true,\"valueName\":\"search_term_string\"}}],\"inLanguage\":\"nl-NL\"},{\"@type\":\"Organization\",\"@id\":\"https:\\\/\\\/www.sundaybrush.com\\\/nl\\\/#organization\",\"name\":\"Sunday Brush\",\"alternateName\":\"Sundaybrush\",\"url\":\"https:\\\/\\\/www.sundaybrush.com\\\/nl\\\/\",\"logo\":{\"@type\":\"ImageObject\",\"inLanguage\":\"nl-NL\",\"@id\":\"https:\\\/\\\/www.sundaybrush.com\\\/nl\\\/#\\\/schema\\\/logo\\\/image\\\/\",\"url\":\"https:\\\/\\\/www.sundaybrush.com\\\/wp-content\\\/uploads\\\/2021\\\/02\\\/Logo-Sunday-Brush-transparant.png\",\"contentUrl\":\"https:\\\/\\\/www.sundaybrush.com\\\/wp-content\\\/uploads\\\/2021\\\/02\\\/Logo-Sunday-Brush-transparant.png\",\"width\":1709,\"height\":227,\"caption\":\"Sunday Brush\"},\"image\":{\"@id\":\"https:\\\/\\\/www.sundaybrush.com\\\/nl\\\/#\\\/schema\\\/logo\\\/image\\\/\"},\"sameAs\":[\"https:\\\/\\\/www.instagram.com\\\/sundaybrush\\\/\",\"https:\\\/\\\/www.linkedin.com\\\/company\\\/sunday-brush\",\"https:\\\/\\\/www.youtube.com\\\/channel\\\/UCidSRkO6tDIgl3SU60b9coQ\"],\"description\":\"Sunday Brush is a registered trademark of Nxt Cosmetics BV.\",\"email\":\"info@sundaybrush.com\",\"telephone\":\"003185-0043121\",\"legalName\":\"Nxt Cosmetics BV\",\"numberOfEmployees\":{\"@type\":\"QuantitativeValue\",\"minValue\":\"1\",\"maxValue\":\"10\"}}]}<\/script>\n<!-- \/ Yoast SEO Premium plugin. -->","yoast_head_json":{"title":"Publicatie Sant\u00e9 | Sunday Brush","description":"Publicatie Sant\u00e9: Dit zonnepoeder is geschikt voor de gevoelige huid, waterbestendig met de hoogste beschermingsfactor, ook over make-up.","robots":{"index":"index","follow":"follow","max-snippet":"max-snippet:-1","max-image-preview":"max-image-preview:large","max-video-preview":"max-video-preview:-1"},"canonical":"https:\/\/www.sundaybrush.com\/nl\/in-de-media\/publicatie-sante\/","og_locale":"nl_NL","og_type":"article","og_title":"Publicatie Sant\u00e9","og_description":"Publicatie Sant\u00e9: Dit zonnepoeder is geschikt voor de gevoelige huid, waterbestendig met de hoogste beschermingsfactor, ook over make-up.","og_url":"https:\/\/www.sundaybrush.com\/nl\/in-de-media\/publicatie-sante\/","og_site_name":"Sunday Brush","article_modified_time":"2025-09-09T11:28:26+00:00","og_image":[{"width":1024,"height":1024,"url":"https:\/\/www.sundaybrush.com\/wp-content\/uploads\/2025\/06\/Sunday-Brush-European-Natural-Beauty-Award.png","type":"image\/png"}],"twitter_card":"summary_large_image","twitter_misc":{"Geschatte leestijd":"1 minuut"},"schema":{"@context":"https:\/\/schema.org","@graph":[{"@type":"WebPage","@id":"https:\/\/www.sundaybrush.com\/nl\/in-de-media\/publicatie-sante\/","url":"https:\/\/www.sundaybrush.com\/nl\/in-de-media\/publicatie-sante\/","name":"Publicatie Sant\u00e9 | Sunday Brush","isPartOf":{"@id":"https:\/\/www.sundaybrush.com\/nl\/#website"},"datePublished":"2022-07-21T18:21:53+00:00","dateModified":"2025-09-09T11:28:26+00:00","description":"Publicatie Sant\u00e9: Dit zonnepoeder is geschikt voor de gevoelige huid, waterbestendig met de hoogste beschermingsfactor, ook over make-up.","breadcrumb":{"@id":"https:\/\/www.sundaybrush.com\/nl\/in-de-media\/publicatie-sante\/#breadcrumb"},"inLanguage":"nl-NL","potentialAction":[{"@type":"ReadAction","target":["https:\/\/www.sundaybrush.com\/nl\/in-de-media\/publicatie-sante\/"]}]},{"@type":"BreadcrumbList","@id":"https:\/\/www.sundaybrush.com\/nl\/in-de-media\/publicatie-sante\/#breadcrumb","itemListElement":[{"@type":"ListItem","position":1,"name":"Home","item":"https:\/\/www.sundaybrush.com\/nl\/"},{"@type":"ListItem","position":2,"name":"In de media","item":"https:\/\/www.sundaybrush.com\/nl\/in-de-media\/"},{"@type":"ListItem","position":3,"name":"Publicatie Sant\u00e9"}]},{"@type":"WebSite","@id":"https:\/\/www.sundaybrush.com\/nl\/#website","url":"https:\/\/www.sundaybrush.com\/nl\/","name":"Sunday Brush","description":"Jouw dagelijkse UV bescherming","publisher":{"@id":"https:\/\/www.sundaybrush.com\/nl\/#organization"},"potentialAction":[{"@type":"SearchAction","target":{"@type":"EntryPoint","urlTemplate":"https:\/\/www.sundaybrush.com\/nl\/?s={search_term_string}"},"query-input":{"@type":"PropertyValueSpecification","valueRequired":true,"valueName":"search_term_string"}}],"inLanguage":"nl-NL"},{"@type":"Organization","@id":"https:\/\/www.sundaybrush.com\/nl\/#organization","name":"Sunday Brush","alternateName":"Sundaybrush","url":"https:\/\/www.sundaybrush.com\/nl\/","logo":{"@type":"ImageObject","inLanguage":"nl-NL","@id":"https:\/\/www.sundaybrush.com\/nl\/#\/schema\/logo\/image\/","url":"https:\/\/www.sundaybrush.com\/wp-content\/uploads\/2021\/02\/Logo-Sunday-Brush-transparant.png","contentUrl":"https:\/\/www.sundaybrush.com\/wp-content\/uploads\/2021\/02\/Logo-Sunday-Brush-transparant.png","width":1709,"height":227,"caption":"Sunday Brush"},"image":{"@id":"https:\/\/www.sundaybrush.com\/nl\/#\/schema\/logo\/image\/"},"sameAs":["https:\/\/www.instagram.com\/sundaybrush\/","https:\/\/www.linkedin.com\/company\/sunday-brush","https:\/\/www.youtube.com\/channel\/UCidSRkO6tDIgl3SU60b9coQ"],"description":"Sunday Brush is a registered trademark of Nxt Cosmetics BV.","email":"info@sundaybrush.com","telephone":"003185-0043121","legalName":"Nxt Cosmetics BV","numberOfEmployees":{"@type":"QuantitativeValue","minValue":"1","maxValue":"10"}}]}},"_links":{"self":[{"href":"https:\/\/www.sundaybrush.com\/nl\/wp-json\/wp\/v2\/pages\/34481","targetHints":{"allow":["GET"]}}],"collection":[{"href":"https:\/\/www.sundaybrush.com\/nl\/wp-json\/wp\/v2\/pages"}],"about":[{"href":"https:\/\/www.sundaybrush.com\/nl\/wp-json\/wp\/v2\/types\/page"}],"author":[{"embeddable":true,"href":"https:\/\/www.sundaybrush.com\/nl\/wp-json\/wp\/v2\/users\/11"}],"replies":[{"embeddable":true,"href":"https:\/\/www.sundaybrush.com\/nl\/wp-json\/wp\/v2\/comments?post=34481"}],"version-history":[{"count":5,"href":"https:\/\/www.sundaybrush.com\/nl\/wp-json\/wp\/v2\/pages\/34481\/revisions"}],"predecessor-version":[{"id":51093,"href":"https:\/\/www.sundaybrush.com\/nl\/wp-json\/wp\/v2\/pages\/34481\/revisions\/51093"}],"up":[{"embeddable":true,"href":"https:\/\/www.sundaybrush.com\/nl\/wp-json\/wp\/v2\/pages\/10351"}],"wp:attachment":[{"href":"https:\/\/www.sundaybrush.com\/nl\/wp-json\/wp\/v2\/media?parent=34481"}],"curies":[{"name":"wp","href":"https:\/\/api.w.org\/{rel}","templated":true}]}}